{"id":1635659,"date":"2026-04-15T13:06:04","date_gmt":"2026-04-15T11:06:04","guid":{"rendered":"https:\/\/lexpress-franchise.com\/pl\/powolywanie-sie-na-franczyze\/"},"modified":"2026-04-15T12:55:10","modified_gmt":"2026-04-15T10:55:10","slug":"powolywanie-sie-na-franczyze","status":"publish","type":"page","link":"https:\/\/lexpress-franchise.com\/pl\/powolywanie-sie-na-franczyze\/","title":{"rendered":"Powo\u0142ywanie si\u0119 na franczyz\u0119"},"content":{"rendered":"","protected":false},"excerpt":{"rendered":"","protected":false},"author":1,"featured_media":0,"parent":0,"menu_order":0,"comment_status":"closed","ping_status":"closed","template":"","meta":{"_acf_changed":false,"_seopress_robots_primary_cat":"","_seopress_titles_title":"Powo\u0142ywanie si\u0119 na franczyz\u0119 z L'Express Franchise","_seopress_titles_desc":"Wymie\u0144 swoj\u0105 franczyz\u0119 z L'Express Franchise: przyci\u0105gnij wykwalifikowanych kandydat\u00f3w dzi\u0119ki naszej widoczno\u015bci w mediach i skutecznym narz\u0119dziom marketingowym.","_seopress_robots_index":"","content-type":"","_relevanssi_hide_post":"","_relevanssi_hide_content":"","_relevanssi_pin_for_all":"","_relevanssi_pin_keywords":"","_relevanssi_unpin_keywords":"","_relevanssi_related_keywords":"","_relevanssi_related_include_ids":"","_relevanssi_related_exclude_ids":"","_relevanssi_related_no_append":"","_relevanssi_related_not_related":"","_relevanssi_related_posts":"1614710,1614633,1612945,1627348,1627389,1612789","_relevanssi_noindex_reason":"","footnotes":""},"category_page":[],"class_list":["post-1635659","page","type-page","status-publish"],"acf":[],"_links":{"self":[{"href":"https:\/\/lexpress-franchise.com\/pl\/wp-json\/wp\/v2\/pages\/1635659","targetHints":{"allow":["GET"]}}],"collection":[{"href":"https:\/\/lexpress-franchise.com\/pl\/wp-json\/wp\/v2\/pages"}],"about":[{"href":"https:\/\/lexpress-franchise.com\/pl\/wp-json\/wp\/v2\/types\/page"}],"author":[{"embeddable":true,"href":"https:\/\/lexpress-franchise.com\/pl\/wp-json\/wp\/v2\/users\/1"}],"replies":[{"embeddable":true,"href":"https:\/\/lexpress-franchise.com\/pl\/wp-json\/wp\/v2\/comments?post=1635659"}],"version-history":[{"count":1,"href":"https:\/\/lexpress-franchise.com\/pl\/wp-json\/wp\/v2\/pages\/1635659\/revisions"}],"predecessor-version":[{"id":1635732,"href":"https:\/\/lexpress-franchise.com\/pl\/wp-json\/wp\/v2\/pages\/1635659\/revisions\/1635732"}],"wp:attachment":[{"href":"https:\/\/lexpress-franchise.com\/pl\/wp-json\/wp\/v2\/media?parent=1635659"}],"wp:term":[{"taxonomy":"category_page","embeddable":true,"href":"https:\/\/lexpress-franchise.com\/pl\/wp-json\/wp\/v2\/category_page?post=1635659"}],"curies":[{"name":"wp","href":"https:\/\/api.w.org\/{rel}","templated":true}]}}