{"id":1597443,"date":"2026-03-16T15:46:05","date_gmt":"2026-03-16T14:46:05","guid":{"rendered":"https:\/\/lexpress-franchise.com\/pl\/aktualnosci\/"},"modified":"2026-03-16T14:37:32","modified_gmt":"2026-03-16T12:37:32","slug":"aktualnosci","status":"publish","type":"page","link":"https:\/\/lexpress-franchise.com\/pl\/aktualnosci\/","title":{"rendered":"Aktualno\u015bci"},"content":{"rendered":"","protected":false},"excerpt":{"rendered":"","protected":false},"author":1,"featured_media":0,"parent":0,"menu_order":0,"comment_status":"closed","ping_status":"closed","template":"","meta":{"_acf_changed":false,"_seopress_robots_primary_cat":"","_seopress_titles_title":"Najnowsze wiadomo\u015bci dotycz\u0105ce franczyzy - L'Express Franchise","_seopress_titles_desc":"Wiadomo\u015bci, trendy, rozw\u00f3j osobisty, zestawy narz\u0119dzi... Jest tak wiele do nauczenia si\u0119 o \u015bwiecie franczyzy. Zainspiruj si\u0119 naszymi artyku\u0142ami.","_seopress_robots_index":"","content-type":"","_relevanssi_hide_post":"","_relevanssi_hide_content":"","_relevanssi_pin_for_all":"","_relevanssi_pin_keywords":"","_relevanssi_unpin_keywords":"","_relevanssi_related_keywords":"","_relevanssi_related_include_ids":"","_relevanssi_related_exclude_ids":"","_relevanssi_related_no_append":"","_relevanssi_related_not_related":"","_relevanssi_related_posts":"179454,225940,39263,225911,1488538,131114","_relevanssi_noindex_reason":"","footnotes":""},"category_page":[],"class_list":["post-1597443","page","type-page","status-publish"],"acf":[],"_links":{"self":[{"href":"https:\/\/lexpress-franchise.com\/pl\/wp-json\/wp\/v2\/pages\/1597443","targetHints":{"allow":["GET"]}}],"collection":[{"href":"https:\/\/lexpress-franchise.com\/pl\/wp-json\/wp\/v2\/pages"}],"about":[{"href":"https:\/\/lexpress-franchise.com\/pl\/wp-json\/wp\/v2\/types\/page"}],"author":[{"embeddable":true,"href":"https:\/\/lexpress-franchise.com\/pl\/wp-json\/wp\/v2\/users\/1"}],"replies":[{"embeddable":true,"href":"https:\/\/lexpress-franchise.com\/pl\/wp-json\/wp\/v2\/comments?post=1597443"}],"version-history":[{"count":1,"href":"https:\/\/lexpress-franchise.com\/pl\/wp-json\/wp\/v2\/pages\/1597443\/revisions"}],"predecessor-version":[{"id":1597449,"href":"https:\/\/lexpress-franchise.com\/pl\/wp-json\/wp\/v2\/pages\/1597443\/revisions\/1597449"}],"wp:attachment":[{"href":"https:\/\/lexpress-franchise.com\/pl\/wp-json\/wp\/v2\/media?parent=1597443"}],"wp:term":[{"taxonomy":"category_page","embeddable":true,"href":"https:\/\/lexpress-franchise.com\/pl\/wp-json\/wp\/v2\/category_page?post=1597443"}],"curies":[{"name":"wp","href":"https:\/\/api.w.org\/{rel}","templated":true}]}}