{"id":1522377,"date":"2026-01-08T19:59:01","date_gmt":"2026-01-08T18:59:01","guid":{"rendered":"https:\/\/lexpress-franchise.com\/pl\/"},"modified":"2026-01-08T19:58:10","modified_gmt":"2026-01-08T17:58:10","slug":"lexpress-franchise-pl","status":"publish","type":"page","link":"https:\/\/lexpress-franchise.com\/pl\/","title":{"rendered":"L&#8217;Express Franchise PL"},"content":{"rendered":"","protected":false},"excerpt":{"rendered":"","protected":false},"author":1,"featured_media":0,"parent":0,"menu_order":0,"comment_status":"closed","ping_status":"closed","template":"","meta":{"_acf_changed":false,"_seopress_robots_primary_cat":"","_seopress_titles_title":"Franczyza %%currentyear%% : Znajd\u017a najlepsz\u0105 sie\u0107 i zosta\u0144 franczyzobiorc\u0105!","_seopress_titles_desc":"Odkryj najlepsze obecnie franczyzy. Znajd\u017a mark\u0119, kt\u00f3ra odpowiada Twoim celom dzi\u0119ki naszym sieciom partnerskim.","_seopress_robots_index":"","content-type":"","_relevanssi_hide_post":"","_relevanssi_hide_content":"","_relevanssi_pin_for_all":"","_relevanssi_pin_keywords":"","_relevanssi_unpin_keywords":"","_relevanssi_related_keywords":"","_relevanssi_related_include_ids":"","_relevanssi_related_exclude_ids":"","_relevanssi_related_no_append":"","_relevanssi_related_not_related":"","_relevanssi_related_posts":"1612789,1612945,1614710,1614633","_relevanssi_noindex_reason":"","footnotes":""},"category_page":[],"class_list":["post-1522377","page","type-page","status-publish"],"acf":[],"_links":{"self":[{"href":"https:\/\/lexpress-franchise.com\/pl\/wp-json\/wp\/v2\/pages\/1522377","targetHints":{"allow":["GET"]}}],"collection":[{"href":"https:\/\/lexpress-franchise.com\/pl\/wp-json\/wp\/v2\/pages"}],"about":[{"href":"https:\/\/lexpress-franchise.com\/pl\/wp-json\/wp\/v2\/types\/page"}],"author":[{"embeddable":true,"href":"https:\/\/lexpress-franchise.com\/pl\/wp-json\/wp\/v2\/users\/1"}],"replies":[{"embeddable":true,"href":"https:\/\/lexpress-franchise.com\/pl\/wp-json\/wp\/v2\/comments?post=1522377"}],"version-history":[{"count":2,"href":"https:\/\/lexpress-franchise.com\/pl\/wp-json\/wp\/v2\/pages\/1522377\/revisions"}],"predecessor-version":[{"id":1522381,"href":"https:\/\/lexpress-franchise.com\/pl\/wp-json\/wp\/v2\/pages\/1522377\/revisions\/1522381"}],"wp:attachment":[{"href":"https:\/\/lexpress-franchise.com\/pl\/wp-json\/wp\/v2\/media?parent=1522377"}],"wp:term":[{"taxonomy":"category_page","embeddable":true,"href":"https:\/\/lexpress-franchise.com\/pl\/wp-json\/wp\/v2\/category_page?post=1522377"}],"curies":[{"name":"wp","href":"https:\/\/api.w.org\/{rel}","templated":true}]}}