{"id":1491132,"date":"2025-12-08T09:00:27","date_gmt":"2025-12-08T08:00:27","guid":{"rendered":"https:\/\/lexpress-franchise.com\/pl\/informacje-prawne\/"},"modified":"2025-12-08T08:55:19","modified_gmt":"2025-12-08T06:55:19","slug":"informacje-prawne","status":"publish","type":"page","link":"https:\/\/lexpress-franchise.com\/pl\/informacje-prawne\/","title":{"rendered":"Informacje prawne"},"content":{"rendered":"\n<p>Wydawca strony internetowej:<\/p>\n\n\n\n<p>L\u2019EXPRESS CONNECT<\/p>\n\n\n\n<p>SAS z kapita\u0142em zak\u0142adowym w wysoko\u015bci 21 755 EUR<\/p>\n\n\n\n<p>Rejestr Handlowy i Sp\u00f3\u0142ek w Lyonie (RCS) 909 027 526<\/p>\n\n\n\n<p>Siedziba:<\/p>\n\n\n\n<p>3 rue Gabriel Rivi\u00e8re<\/p>\n\n\n\n<p>69002 Lyon, Francja<\/p>\n\n\n\n<p>Dyrektor ds. publikacji:<\/p>\n\n\n\n<p>Alain Weill<\/p>\n\n\n\n<p><a href=\"mailto:contact@lexpress-connect.com\">contact@lexpress-connect.com<\/a><\/p>\n\n\n\n<p>Dostawca hostingu:<\/p>\n\n\n\n<p>Netcup GmbH<\/p>\n\n\n\n<p>Daimlerstra\u00dfe 25<\/p>\n\n\n\n<p>76185 Karlsruhe, Niemcy<\/p>\n\n\n\n<p>Tel.: +49 721 \/ 7540755 \u2013 0<\/p>\n\n\n\n<p>Faks: +49 721 \/ 7540755 \u2013 9<\/p>\n\n\n\n<p>Strona internetowa: www.netcup.de<\/p>\n\n\n\n<p>E-mail: mail@netcup.de<\/p>\n\n\n\n<p>RCS: HRB 705547<\/p>\n\n\n\n<p>Prawa autorskie \u2013 Linki do zewn\u0119trznych stron internetowych<\/p>\n\n\n\n<p>Tre\u015b\u0107 strony internetowej www.lexpress-franchise.com (w tym jej struktura, projekt, interfejsy, bazy danych, teksty, tre\u015bci cyfrowe, znaki towarowe, obrazy, filmy, muzyka, wszystkie elementy graficzne, kt\u00f3re j\u0105 tworz\u0105, a tak\u017ce znaczniki HTML (meta tagi), z wy\u0142\u0105czeniem tre\u015bci nale\u017c\u0105cych do os\u00f3b trzecich) jest w\u0142asno\u015bci\u0105 Sp\u00f3\u0142ki i jest chroniona francuskim i mi\u0119dzynarodowym prawem w\u0142asno\u015bci intelektualnej.<\/p>\n\n\n\n<p>Jakiekolwiek powielanie tej tre\u015bci, w ca\u0142o\u015bci lub w cz\u0119\u015bci, jest surowo zabronione i mo\u017ce stanowi\u0107 naruszenie, bez uprzedniej pisemnej zgody Sp\u00f3\u0142ki.<\/p>\n\n\n\n<p>Sp\u00f3\u0142ka nie ponosi odpowiedzialno\u015bci za tre\u015b\u0107 jakichkolwiek link\u00f3w umieszczonych na Stronie, kt\u00f3re przekierowuj\u0105 do stron zewn\u0119trznych.<\/p>\n\n\n\n<p>Tworzenie link\u00f3w do Platformy przez osoby trzecie<\/p>\n\n\n\n<p>Strona zezwala na tworzenie hiper\u0142\u0105czy prowadz\u0105cych do jej tre\u015bci, z zastrze\u017ceniem nast\u0119puj\u0105cych warunk\u00f3w:<\/p>\n\n\n\n<p>Sp\u00f3\u0142ka zostanie o tym uprzednio wyra\u017anie poinformowana poczt\u0105 elektroniczn\u0105 na adres: contact@lexpress-connect.com; oraz<br>podane zostanie \u017ar\u00f3d\u0142o. b\u0119dzie bezpo\u015brednio kierowa\u0107 do zamierzonej tre\u015bci za po\u015brednictwem hiper\u0142\u0105cza.<\/p>\n\n\n\n<p>Niniejsze upowa\u017cnienie nie ma jednak zastosowania do stron internetowych rozpowszechniaj\u0105cych informacje o charakterze kontrowersyjnym, pornograficznym lub ksenofobicznym lub, szerzej rzecz bior\u0105c, szkodliwym dla porz\u0105dku publicznego i moralno\u015bci.<\/p>\n\n\n\n<p>W ka\u017cdym przypadku Sp\u00f3\u0142ka zastrzega sobie prawo do \u017c\u0105dania natychmiastowego usuni\u0119cia ka\u017cdego linku utworzonego do swojej strony internetowej bez konieczno\u015bci podawania konkretnej przyczyny. Zaznacza si\u0119, \u017ce niniejsze upowa\u017cnienie nie obejmuje zgody na reprodukcj\u0119 ca\u0142o\u015bci lub cz\u0119\u015bci zawarto\u015bci Witryny, w tym tytu\u0142u lub akapitu wprowadzaj\u0105cego do nazwy hiper\u0142\u0105cza.<\/p>\n\n\n\n<p>Ochrona danych osobowych<\/p>\n\n\n\n<p>Wszelkie dane osobowe zebrane powy\u017cej przez Sp\u00f3\u0142k\u0119, zgodnie z powy\u017cszymi informacjami, podlegaj\u0105 przetwarzaniu komputerowemu na warunkach okre\u015blonych w obowi\u0105zuj\u0105cych przepisach prawa.<\/p>\n\n\n\n<p>Informacje te s\u0105 niezb\u0119dne do przetworzenia przez Sp\u00f3\u0142k\u0119 Pa\u0144stwa wniosku. Dane te mog\u0105 by\u0107 udost\u0119pniane franczyzodawcom w celu umo\u017cliwienia im ewentualnego wysy\u0142ania kandydatom na franczyzobiorc\u00f3w odpowiednich ofert. Wniosek zosta\u0142 z\u0142o\u017cony. Dane Lider\u00f3w Sieci i\/lub Kandydat\u00f3w mog\u0105 by\u0107 r\u00f3wnie\u017c wykorzystywane przez Sp\u00f3\u0142k\u0119 do kontaktowania si\u0119 z wymienionymi osobami w celu ulepszania Us\u0142ugi.<\/p>\n\n\n\n<p>Zgodnie z francusk\u0105 ustaw\u0105 nr 78-17 z dnia 6 stycznia 1978 r. z p\u00f3\u017aniejszymi zmianami, dotycz\u0105c\u0105 technologii informatycznych, zbior\u00f3w danych i swob\u00f3d obywatelskich, znan\u0105 r\u00f3wnie\u017c jako ustawa o ochronie danych, oraz og\u00f3lnym rozporz\u0105dzeniem o ochronie danych (RODO) nr 2016\/679 z dnia 27 kwietnia 2016 r., osoby, kt\u00f3rych dane osobowe zosta\u0142y zebrane, maj\u0105 prawo dost\u0119pu do danych, ich sprostowania, modyfikacji i usuni\u0119cia.<\/p>\n\n\n\n<p>Aby skorzysta\u0107 z tych praw, osoby te mog\u0105 wys\u0142a\u0107 wniosek poczt\u0105 elektroniczn\u0105 na adres: contact@lexpress-connect.com.<\/p>\n\n\n\n<p>Ostatnia aktualizacja: 1 sierpnia 2024 r.<\/p>\n","protected":false},"excerpt":{"rendered":"<p>Wydawca strony internetowej: L\u2019EXPRESS CONNECT SAS z kapita\u0142em zak\u0142adowym w wysoko\u015bci 21 755 EUR Rejestr Handlowy i Sp\u00f3\u0142ek w Lyonie (RCS) 909 027 526 Siedziba: 3 rue Gabriel Rivi\u00e8re 69002 Lyon, Francja Dyrektor ds. publikacji: Alain Weill contact@lexpress-connect.com Dostawca hostingu: Netcup GmbH Daimlerstra\u00dfe 25 76185 Karlsruhe, Niemcy Tel.: +49 721 \/ 7540755 \u2013 0 Faks: [&hellip;]<\/p>\n","protected":false},"author":1,"featured_media":0,"parent":0,"menu_order":0,"comment_status":"closed","ping_status":"closed","template":"","meta":{"_acf_changed":false,"_seopress_robots_primary_cat":"","_seopress_titles_title":"","_seopress_titles_desc":"","_seopress_robots_index":"","content-type":"","_relevanssi_hide_post":"","_relevanssi_hide_content":"","_relevanssi_pin_for_all":"","_relevanssi_pin_keywords":"","_relevanssi_unpin_keywords":"","_relevanssi_related_keywords":"","_relevanssi_related_include_ids":"","_relevanssi_related_exclude_ids":"","_relevanssi_related_no_append":"","_relevanssi_related_not_related":"","_relevanssi_related_posts":"","_relevanssi_noindex_reason":"","footnotes":""},"category_page":[],"class_list":["post-1491132","page","type-page","status-publish"],"acf":[],"_links":{"self":[{"href":"https:\/\/lexpress-franchise.com\/pl\/wp-json\/wp\/v2\/pages\/1491132","targetHints":{"allow":["GET"]}}],"collection":[{"href":"https:\/\/lexpress-franchise.com\/pl\/wp-json\/wp\/v2\/pages"}],"about":[{"href":"https:\/\/lexpress-franchise.com\/pl\/wp-json\/wp\/v2\/types\/page"}],"author":[{"embeddable":true,"href":"https:\/\/lexpress-franchise.com\/pl\/wp-json\/wp\/v2\/users\/1"}],"replies":[{"embeddable":true,"href":"https:\/\/lexpress-franchise.com\/pl\/wp-json\/wp\/v2\/comments?post=1491132"}],"version-history":[{"count":0,"href":"https:\/\/lexpress-franchise.com\/pl\/wp-json\/wp\/v2\/pages\/1491132\/revisions"}],"wp:attachment":[{"href":"https:\/\/lexpress-franchise.com\/pl\/wp-json\/wp\/v2\/media?parent=1491132"}],"wp:term":[{"taxonomy":"category_page","embeddable":true,"href":"https:\/\/lexpress-franchise.com\/pl\/wp-json\/wp\/v2\/category_page?post=1491132"}],"curies":[{"name":"wp","href":"https:\/\/api.w.org\/{rel}","templated":true}]}}