{"id":1491119,"date":"2025-12-08T08:35:27","date_gmt":"2025-12-08T07:35:27","guid":{"rendered":"https:\/\/lexpress-franchise.com\/pl\/polityka-prywatnosci\/"},"modified":"2025-12-08T08:32:44","modified_gmt":"2025-12-08T06:32:44","slug":"polityka-prywatnosci","status":"publish","type":"page","link":"https:\/\/lexpress-franchise.com\/pl\/polityka-prywatnosci\/","title":{"rendered":"Polityka prywatno\u015bci"},"content":{"rendered":"\n<p>Dost\u0119p do Us\u0142ugi kojarzenia Kandydat\u00f3w na franczyzobiorc\u00f3w z Franczyzodawcami wymaga zbierania danych osobowych dotycz\u0105cych zar\u00f3wno Kandydat\u00f3w, jak i Franczyzodawc\u00f3w. W szczeg\u00f3lno\u015bci podczas wype\u0142niania kwestionariusza Kandydaci przekazuj\u0105 informacje o sobie. To samo dotyczy Franczyzodawc\u00f3w przy przesy\u0142aniu karty informacyjnej. W przypadku braku zgody na przetwarzanie danych osobowych, osoba zainteresowana nie b\u0119dzie mog\u0142a korzysta\u0107 z Us\u0142ugi.<\/p>\n\n\n\n<p>Sp\u00f3\u0142ka, jako Administrator Danych, przywi\u0105zuje du\u017c\u0105 wag\u0119 do ochrony danych osobowych. W zwi\u0105zku z tym celem niniejszej polityki poufno\u015bci jest poinformowanie Wnioskodawc\u00f3w Franczyzowych i Szef\u00f3w Sieci o sposobie przetwarzania ich danych oraz zapewnienie ich zgodno\u015bci z przepisami ustanowionymi w szczeg\u00f3lno\u015bci przez europejskie rozporz\u0105dzenie UE 2016\/679 z dnia 27 kwietnia 2016 r., a tak\u017ce ustaw\u0119 78-17 o przetwarzaniu danych, zbiorach danych i wolno\u015bciach os\u00f3b fizycznych z dnia 6 stycznia 1978 r., z p\u00f3\u017aniejszymi zmianami. <\/p>\n\n\n\n<h2 class=\"wp-block-heading\">1. Jakie dane osobowe s\u0105 zbierane?<\/h2>\n\n\n\n<p>Na stronie i w innych rozwi\u0105zaniach cyfrowych mog\u0105 by\u0107 zbierane nast\u0119puj\u0105ce dane:<\/p>\n\n\n\n<ul class=\"wp-block-list\">\n<li>imi\u0119 i nazwisko oraz dane kontaktowe (e-mail, adres pocztowy),<\/li>\n\n\n\n<li>stanowisko zawodowe,<\/li>\n\n\n\n<li>numery telefonu i faksu.<\/li>\n<\/ul>\n\n\n\n<h2 class=\"wp-block-heading\">2. Dlaczego zbieramy Twoje dane?<\/h2>\n\n\n\n<p>Dane osobowe pozwalaj\u0105 na realizacj\u0119 wniosk\u00f3w o kojarzenie Kandydat\u00f3w z Franczyzodawcami.<\/p>\n\n\n\n<h2 class=\"wp-block-heading\">3. Jak d\u0142ugo przechowujemy dane?<\/h2>\n\n\n\n<p>Dane s\u0105 przetwarzane i przechowywane przez okres niezb\u0119dny do realizacji cel\u00f3w przetwarzania, zgodnie z obowi\u0105zuj\u0105cymi przepisami.<\/p>\n\n\n\n<p>Zgodnie z art. 5 RODO, niekt\u00f3re dane mog\u0105 by\u0107 przechowywane d\u0142u\u017cej wy\u0142\u0105cznie w celach archiwalnych w interesie publicznym, badawczych, historycznych lub statystycznych.<\/p>\n\n\n\n<h2 class=\"wp-block-heading\">4. Cookies \u2013 polityka plik\u00f3w cookie<\/h2>\n\n\n\n<p>Cookie to plik informatyczny przechowywany na dysku twardym u\u017cytkownika, zawieraj\u0105cy informacje o jego wizycie.Rodzaje cookies:<\/p>\n\n\n\n<ul class=\"wp-block-list\">\n<li>Techniczne i niezb\u0119dne: umo\u017cliwiaj\u0105 zapisywanie danych, \u015bledzenie nawigacji, zapewnienie bezpiecze\u0144stwa i dost\u0119p do konta osobistego. Bez nich strona nie dzia\u0142a prawid\u0142owo.<\/li>\n\n\n\n<li>Analityczne i statystyczne: s\u0142u\u017c\u0105 analizie ruchu i poprawie ergonomii. Nie u\u017cywamy takich cookies.<\/li>\n\n\n\n<li>Reklamowe: personalizuj\u0105 reklamy i \u015bledz\u0105 ich wy\u015bwietlenia. Mog\u0105 by\u0107 instalowane przez partner\u00f3w.<\/li>\n\n\n\n<li>Sieci spo\u0142eczno\u015bciowe: umo\u017cliwiaj\u0105 udost\u0119pnianie tre\u015bci. Poprawiaj\u0105 interaktywno\u015b\u0107 strony.Okres przechowywania cookies: maksymalnie 13 miesi\u0119cy. Po tym okresie wymagana jest ponowna zgoda.<\/li>\n<\/ul>\n\n\n\n<p>Cookies techniczne nie wymagaj\u0105 zgody. Inne \u2013 tak. U\u017cytkownik mo\u017ce wycofa\u0107 zgod\u0119 w dowolnym momencie.<\/p>\n\n\n\n<p>Mo\u017cesz usun\u0105\u0107 cookies w ustawieniach przegl\u0105darki lub w banerze zgody na cookies.<\/p>\n\n\n\n<p><\/p>\n\n\n\n<h2 class=\"wp-block-heading\">5. Zarz\u0105dzanie cookies Cze\u015b\u0107, to my \u2013 Cookies!<\/h2>\n\n\n\n<p>Nie gryziemy, ale chcieliby\u015bmy Ci\u0119 lepiej pozna\u0107, by oferowa\u0107 lepsze tre\u015bci. Zgoda?<\/p>\n\n\n\n<p>Cookies to ma\u0142e pliki tekstowe poprawiaj\u0105ce do\u015bwiadczenie u\u017cytkownika. Ustawa pozwala na ich przechowywanie tylko je\u015bli s\u0105 niezb\u0119dne. Do innych potrzebujemy Twojej zgody.<\/p>\n\n\n\n<p>Strona u\u017cywa cookies w\u0142asnych i stron trzecich.<\/p>\n\n\n\n<p>Wycofaj zgod\u0119 w Deklaracji cookies na stronie.<\/p>\n\n\n\n<p>Dowiedz si\u0119 wi\u0119cej w Polityce prywatno\u015bci.<\/p>\n\n\n\n<p>ID zgody: [ID]<br>Data zgody: [data]<br>Domeny: lexpress-franchise.com<br>Aktualny status: Odmowa<\/p>\n\n\n<script\n\t\ttype=\"text\/javascript\"\n\t\tid=\"CookieDeclaration\"\n\t\tsrc=\"https:\/\/consent.cookiebot.com\/a117ca0c-f6b9-4821-a945-0462d6f4cae4\/cd.js\"\n\t\t\tdata-culture=\"PL\"\n\t\tasync><\/script>\n\n\n\n\n<h2 class=\"wp-block-heading\">6. Podstawa prawna przetwarzania<\/h2>\n\n\n\n<p>Przetwarzanie opiera si\u0119 na prawie w\u0142asnym interesie administratora zgodnie z RODO.<\/p>\n\n\n\n<h2 class=\"wp-block-heading\">7. Odbiorcy danych<\/h2>\n\n\n\n<p>Dane s\u0105 przetwarzane wy\u0142\u0105cznie przez upowa\u017cniony personel Sp\u00f3\u0142ki L&#8217;EXPRESS CONNECT.<\/p>\n\n\n\n<p>Mog\u0105 by\u0107 przekazywane Franczyzodawcom z aktywnym abonamentem w celu realizacji kojarzenia z Kandydatami, kt\u00f3rzy wype\u0142nili formularz.<\/p>\n\n\n\n<h2 class=\"wp-block-heading\">8. Transfer danych poza UE<\/h2>\n\n\n\n<p>Dane mog\u0105 by\u0107 przekazywane podmiotom spoza UE przy odpowiednich gwarancjach RODO (poziom adekwatno\u015bci ochrony, art. 44 i nast. RODO).<\/p>\n\n\n\n<h2 class=\"wp-block-heading\">9. Bezpiecze\u0144stwo danych<\/h2>\n\n\n\n<p>Osoby maj\u0105ce dost\u0119p do danych s\u0105 zobowi\u0105zane do zachowania poufno\u015bci. Zgodnie z art. 32 RODO, Platforma i partnerzy stosuj\u0105 odpowiednie \u015brodki techniczne i organizacyjne.<\/p>\n\n\n\n<p>Twoje prawa<br>Administrator danych: Sp\u00f3\u0142ka L&#8217;EXPRESS CONNECT, 3 quai de la P\u00eacherie, 69001 Lyon<br>Telefon: 07 56 93 17 73<br>Inspektor Ochrony Danych (DPO): Arthur de Choulot, franchise@lexpress-connect.com<\/p>\n\n\n\n<p>Masz prawo do: dost\u0119pu, sprostowania, usuni\u0119cia (art. 17 RODO), przenoszenia, ograniczenia przetwarzania i sprzeciwu.<\/p>\n\n\n\n<p>Wnioski: franchise@lexpress-connect.com<\/p>\n\n\n\n<p>W razie narusze\u0144 zg\u0142o\u015b do francuskiej CNIL: https:\/\/www.cnil.fr\/plaintes<\/p>\n\n\n\n<p>Ostatnia aktualizacja: 02\/02\/2023<\/p>\n","protected":false},"excerpt":{"rendered":"<p>Dost\u0119p do Us\u0142ugi kojarzenia Kandydat\u00f3w na franczyzobiorc\u00f3w z Franczyzodawcami wymaga zbierania danych osobowych dotycz\u0105cych zar\u00f3wno Kandydat\u00f3w, jak i Franczyzodawc\u00f3w. W szczeg\u00f3lno\u015bci podczas wype\u0142niania kwestionariusza Kandydaci przekazuj\u0105 informacje o sobie. To samo dotyczy Franczyzodawc\u00f3w przy przesy\u0142aniu karty informacyjnej. W przypadku braku zgody na przetwarzanie danych osobowych, osoba zainteresowana nie b\u0119dzie mog\u0142a korzysta\u0107 z Us\u0142ugi. Sp\u00f3\u0142ka, jako [&hellip;]<\/p>\n","protected":false},"author":1,"featured_media":0,"parent":0,"menu_order":0,"comment_status":"closed","ping_status":"closed","template":"","meta":{"_acf_changed":false,"_seopress_robots_primary_cat":"","_seopress_titles_title":"","_seopress_titles_desc":"","_seopress_robots_index":"","content-type":"","_relevanssi_hide_post":"","_relevanssi_hide_content":"","_relevanssi_pin_for_all":"","_relevanssi_pin_keywords":"","_relevanssi_unpin_keywords":"","_relevanssi_related_keywords":"","_relevanssi_related_include_ids":"","_relevanssi_related_exclude_ids":"","_relevanssi_related_no_append":"","_relevanssi_related_not_related":"","_relevanssi_related_posts":"","_relevanssi_noindex_reason":"","footnotes":""},"category_page":[],"class_list":["post-1491119","page","type-page","status-publish"],"acf":[],"_links":{"self":[{"href":"https:\/\/lexpress-franchise.com\/pl\/wp-json\/wp\/v2\/pages\/1491119","targetHints":{"allow":["GET"]}}],"collection":[{"href":"https:\/\/lexpress-franchise.com\/pl\/wp-json\/wp\/v2\/pages"}],"about":[{"href":"https:\/\/lexpress-franchise.com\/pl\/wp-json\/wp\/v2\/types\/page"}],"author":[{"embeddable":true,"href":"https:\/\/lexpress-franchise.com\/pl\/wp-json\/wp\/v2\/users\/1"}],"replies":[{"embeddable":true,"href":"https:\/\/lexpress-franchise.com\/pl\/wp-json\/wp\/v2\/comments?post=1491119"}],"version-history":[{"count":0,"href":"https:\/\/lexpress-franchise.com\/pl\/wp-json\/wp\/v2\/pages\/1491119\/revisions"}],"wp:attachment":[{"href":"https:\/\/lexpress-franchise.com\/pl\/wp-json\/wp\/v2\/media?parent=1491119"}],"wp:term":[{"taxonomy":"category_page","embeddable":true,"href":"https:\/\/lexpress-franchise.com\/pl\/wp-json\/wp\/v2\/category_page?post=1491119"}],"curies":[{"name":"wp","href":"https:\/\/api.w.org\/{rel}","templated":true}]}}