{"id":1489096,"date":"2025-12-03T18:33:36","date_gmt":"2025-12-03T17:33:36","guid":{"rendered":"https:\/\/lexpress-franchise.com\/pl\/nasze-franczyzy\/"},"modified":"2026-01-09T09:18:18","modified_gmt":"2026-01-09T08:18:18","slug":"nasze-franczyzy","status":"publish","type":"page","link":"https:\/\/lexpress-franchise.com\/pl\/nasze-franczyzy\/","title":{"rendered":"Nos franchises"},"content":{"rendered":"","protected":false},"excerpt":{"rendered":"","protected":false},"author":1,"featured_media":0,"parent":0,"menu_order":0,"comment_status":"closed","ping_status":"closed","template":"","meta":{"_acf_changed":false,"_seopress_robots_primary_cat":"","_seopress_titles_title":"Lista najbardziej dochodowych franczyz %%currentyear%% - Katalog Polska","_seopress_titles_desc":"Odkryj najbardziej dochodowe franczyzy na rynku. Do\u0142\u0105cz do odnosz\u0105cej sukcesy sieci i korzystaj z kompleksowego wsparcia. Poznaj nasze mo\u017cliwo\u015bci!","_seopress_robots_index":"","content-type":"","_relevanssi_hide_post":"","_relevanssi_hide_content":"","_relevanssi_pin_for_all":"","_relevanssi_pin_keywords":"","_relevanssi_unpin_keywords":"","_relevanssi_related_keywords":"","_relevanssi_related_include_ids":"","_relevanssi_related_exclude_ids":"","_relevanssi_related_no_append":"","_relevanssi_related_not_related":"","_relevanssi_related_posts":"","_relevanssi_noindex_reason":"","footnotes":""},"category_page":[],"class_list":["post-1489096","page","type-page","status-publish"],"acf":[],"_links":{"self":[{"href":"https:\/\/lexpress-franchise.com\/pl\/wp-json\/wp\/v2\/pages\/1489096","targetHints":{"allow":["GET"]}}],"collection":[{"href":"https:\/\/lexpress-franchise.com\/pl\/wp-json\/wp\/v2\/pages"}],"about":[{"href":"https:\/\/lexpress-franchise.com\/pl\/wp-json\/wp\/v2\/types\/page"}],"author":[{"embeddable":true,"href":"https:\/\/lexpress-franchise.com\/pl\/wp-json\/wp\/v2\/users\/1"}],"replies":[{"embeddable":true,"href":"https:\/\/lexpress-franchise.com\/pl\/wp-json\/wp\/v2\/comments?post=1489096"}],"version-history":[{"count":8,"href":"https:\/\/lexpress-franchise.com\/pl\/wp-json\/wp\/v2\/pages\/1489096\/revisions"}],"predecessor-version":[{"id":1549222,"href":"https:\/\/lexpress-franchise.com\/pl\/wp-json\/wp\/v2\/pages\/1489096\/revisions\/1549222"}],"wp:attachment":[{"href":"https:\/\/lexpress-franchise.com\/pl\/wp-json\/wp\/v2\/media?parent=1489096"}],"wp:term":[{"taxonomy":"category_page","embeddable":true,"href":"https:\/\/lexpress-franchise.com\/pl\/wp-json\/wp\/v2\/category_page?post=1489096"}],"curies":[{"name":"wp","href":"https:\/\/api.w.org\/{rel}","templated":true}]}}