{"id":81950,"date":"2022-02-10T15:51:04","date_gmt":"2022-02-10T14:51:04","guid":{"rendered":"https:\/\/lexpress-franchise.com\/it\/informativa-sulla-privacy\/"},"modified":"2024-09-20T11:32:38","modified_gmt":"2024-09-20T09:32:38","slug":"informativa-sulla-privacy","status":"publish","type":"page","link":"https:\/\/lexpress-franchise.com\/it\/informativa-sulla-privacy\/","title":{"rendered":"Informativa sulla privacy"},"content":{"rendered":"\n<p>L&#8217;accesso e l&#8217;utilizzo del Servizio di abbinamento Candidato\/Capo rete in franchising comporta la raccolta di dati personali relativi al potenziale Candidato\/Capo rete. In particolare, quando compilano il questionario, i Candidati trasmettono informazioni su di loro. Lo stesso vale per i Responsabili di Rete quando inviano il Foglio Informativo. Se l&#8217;interessato non acconsente a fornire i propri dati personali, non potr\u00e0 accedere e utilizzare il servizio.<\/p>\n\n<p>La Societ\u00e0, in qualit\u00e0 di Titolare del trattamento, \u00e8 sensibile alla protezione dei tuoi dati personali.\nPertanto, lo scopo di questa politica di riservatezza \u00e8 quello di informare i Richiedenti Franchising e i Responsabili di Rete sulle modalit\u00e0 di trattamento dei loro dati e di assicurare loro il rispetto delle norme stabilite in particolare dal Regolamento Europeo EU2016\/679 del 27 aprile 2016 e dalla Legge 78-17 sul trattamento dei dati, sugli archivi e sulle libert\u00e0 individuali del 6 gennaio 1978, e successive modifiche. <\/p>\n\n<p>La presente politica di riservatezza si applica all&#8217;intera Piattaforma.\nPoich\u00e9 questa politica \u00e8 destinata ad essere aggiornata in base alle disposizioni di legge e ai servizi offerti dall&#8217;Azienda, i Richiedenti di Franchising e i Responsabili di Rete sono invitati a consultarla il pi\u00f9 frequentemente possibile. <\/p>\n\n<h2 class=\"wp-block-heading\">1. Quali dati personali vengono raccolti?<\/h2>\n\n<p>Sul sito e su altre soluzioni digitali possono essere raccolti diversi tipi di dati personali, in particolare :<\/p>\n\n<ul class=\"wp-block-list\">\n<li>il tuo nome e i tuoi dati di contatto, compresi gli indirizzi e-mail e postali,<\/li>\n\n\n\n<li>la tua funzione,<\/li>\n\n\n\n<li>i tuoi numeri di telefono e di fax.<\/li>\n<\/ul>\n\n<h2 class=\"wp-block-heading\">2. Perch\u00e9 vengono raccolti alcuni dei miei dati?<\/h2>\n\n<p>Utilizziamo i tuoi dati personali per elaborare le tue richieste di metterti in contatto con un candidato\/una responsabile di rete.<\/p>\n\n<h2 class=\"wp-block-heading\">3. Per quanto tempo saranno conservati i miei dati?<\/h2>\n\n<p>I dati raccolti saranno trattati e conservati per il tempo necessario alle finalit\u00e0 per cui sono trattati, in conformit\u00e0 alle norme, ai regolamenti e ai testi in vigore.<\/p>\n\n<p>Tuttavia, ai sensi dell&#8217;articolo 5 del RGPD, alcuni dati personali possono essere &#8220;conservati per periodi pi\u00f9 lunghi nella misura in cui sono trattati esclusivamente a fini di archiviazione nel pubblico interesse, a fini di ricerca scientifica o storica o a fini statistici&#8221;.  <strong><br\/><\/strong><\/p>\n\n<h2 class=\"wp-block-heading\">4. E l&#8217;uso dei cookie?<\/h2>\n\n<p>Un cookie \u00e8 una stringa di informazioni inviata da un server a un visitatore.\nSotto forma di file informatico, viene collocato sul disco rigido tramite il browser del visitatore al fine di raccogliere informazioni. <\/p>\n\n<p>Esistono diversi tipi di cookie:<\/p>\n\n<ul class=\"wp-block-list\">\n<li>Cookie tecnici e strettamente necessari: questi cookie sono utilizzati per registrare le informazioni inserite dal visitatore, per tracciare la navigazione del visitatore al fine di garantire la qualit\u00e0 delle pagine visitate, per implementare alcune misure di sicurezza e per accedere al tuo spazio personale.\nIl sito non pu\u00f2 funzionare correttamente senza questi cookie. <\/li>\n\n\n\n<li>Cookie per la misurazione del pubblico e per le statistiche: questi cookie ci permettono di ottenere dati sull&#8217;utilizzo delle nostre pagine web e di migliorare alcuni aspetti tecnici ed ergonomici.\nNon utilizziamo cookie per la misurazione del pubblico o per scopi statistici. <\/li>\n\n\n\n<li>Cookie pubblicitari: questi cookie vengono utilizzati per visualizzare pubblicit\u00e0 personalizzata negli spazi riservati sulla nostra Piattaforma, per contare il numero di volte in cui vengono visualizzati gli annunci pubblicitari e per riconoscere il tuo browser nelle visite future alla nostra Piattaforma.\nQuesti cookie possono essere installati da noi o dai nostri partner pubblicitari.\nEssi consentono di stabilire un profilo unico del visitatore.  <\/li>\n\n\n\n<li>Cookie dei social network: i cookie dei social network ti permettono di condividere i contenuti del nostro sito con altre persone o di condividere con terzi la tua opinione sui contenuti del sito.\nQuesti cookie di terze parti hanno lo scopo di migliorare l&#8217;interattivit\u00e0 del sito e dei suoi contenuti multimediali. <\/li>\n<\/ul>\n\n<p>Periodo di conservazione dei cookie :<\/p>\n\n<p>I cookie vengono conservati per un periodo non superiore a 13 mesi dal momento in cui vengono inseriti per la prima volta nei terminali dei visitatori.\nAl termine di questo periodo verr\u00e0 richiesto un nuovo consenso. <\/p>\n\n<p>Alcuni cookie tecnici e funzionali sono essenziali e non richiedono il consenso dell&#8217;utente.\nAltri cookie richiedono il consenso dell&#8217;utente, che pu\u00f2 essere revocato in qualsiasi momento. <\/p>\n\n<p>Puoi eliminare i cookie in qualsiasi momento impostando le preferenze del tuo browser nelle opzioni dello stesso.\nPuoi anche opporti a tutti o ad alcuni cookie impostando le preferenze del tuo browser nel modulo di consenso ai cookie. <\/p>\n\n<h2 class=\"wp-block-heading\">5. Gestione dei cookie<\/h2>\n<script\n\t\ttype=\"text\/javascript\"\n\t\tid=\"CookieDeclaration\"\n\t\tsrc=\"https:\/\/consent.cookiebot.com\/a117ca0c-f6b9-4821-a945-0462d6f4cae4\/cd.js\"\n\t\t\tdata-culture=\"IT\"\n\t\tasync><\/script>\n\n\n<h2 class=\"wp-block-heading\">6. Quali sono i motivi legali che giustificano il trattamento dei miei dati?<\/h2>\n\n<p>La base giuridica del trattamento dei dati raccolti da te \u00e8 il legittimo interesse legato alle nostre attivit\u00e0, in conformit\u00e0 alle disposizioni del RGPD.<strong><br\/><\/strong><\/p>\n\n<h2 class=\"wp-block-heading\">7. Chi ricever\u00e0 i miei dati?<\/h2>\n\n<p><br\/><br\/><br\/>I tuoi dati personali saranno utilizzati esclusivamente dai dipartimenti e dalle persone di L&#8217;EXPRESS CONNECT autorizzate al trattamento, in conformit\u00e0 alle finalit\u00e0 specificate. Tali dati potranno inoltre essere comunicati alle persone elencate per il raggiungimento delle finalit\u00e0 del trattamento.\n<br\/><br\/><br\/>Saranno inoltre inviati ai Responsabili di Rete che hanno sottoscritto un abbonamento con L&#8217;EXPRESS CONNECT, nell&#8217;ambito del rapporto con i Candidati che hanno compilato un modulo informativo al momento della creazione dell&#8217;account.  <\/p>\n\n<h2 class=\"wp-block-heading\">8. I miei dati lasceranno l&#8217;Unione Europea?<\/h2>\n\n<p>Alcuni dati potranno essere trasferiti a Teste di Rete o a persone di riferimento stabilite al di fuori dell&#8217;Unione Europea a condizione che presentino garanzie sufficienti rispetto ai requisiti del GDPR, in particolare se i Paesi presentano un livello di protezione adeguato, ai sensi degli articoli 44 e seguenti del Regolamento Europeo UE2016\/679 del 27 aprile 2016.<\/p>\n\n<h2 class=\"wp-block-heading\">9. I miei dati sono sicuri quando vengono elaborati?<\/h2>\n\n<p>Tutte le persone che hanno accesso ai tuoi dati sono autorizzate e vincolate da un obbligo di riservatezza.<br\/>A questo proposito, e in conformit\u00e0 con l&#8217;articolo 32 del RGPD, la Piattaforma e tutte le persone elencate si impegnano a mettere in atto tutte le misure tecniche e organizzative necessarie per garantire la sicurezza e la riservatezza dei dati trattati.<\/p>\n\n<h2 class=\"wp-block-heading\">10. Ho diversi diritti: come posso esercitarli?<\/h2>\n\n<p>Le responsable du traitement est\u00a0la Soci\u00e9t\u00e9 L&#8217;EXPRESS CONNECT \u2013 3 quai de la P\u00eacherie, 69001 LYON<br\/>T\u00e9l\u00e9phone : <a style=\"font-size: 1.3rem\" href=\"tel:+33756931773\">07 56 93 17 73<\/a><br\/>Le d\u00e9l\u00e9gu\u00e9 \u00e0 la protection des donn\u00e9es est Monsieur Arthur de Choulot que vous pouvez contacter \u00e0 l\u2019adresse mail : \u00ab\u00a0franchise@lexpress-connect.com\u00a0\u00bb<\/p>\n\n<p>Ai sensi della legge francese sulla protezione dei dati personali del 6 gennaio 1978, e successive modifiche, e del Regolamento generale sulla protezione dei dati 2016\/679 del 27 aprile 2016, hai il diritto di accedere, rettificare, cancellare (previa dimostrazione di uno dei motivi elencati nell&#8217;articolo 17 del GDPR) e portare i tuoi dati personali.\nPuoi anche ottenere una limitazione del trattamento dei tuoi dati o opporti al loro trattamento per un motivo legittimo. <\/p>\n\n<p>Vous pouvez exercer vos droits par email \u00e0 l\u2019adresse suivante\u00a0: <a href=\"mailto:franchise@lexpress-connect.com\">franchise@lexpress-connect.com<\/a>.<\/p>\n\n<p>Se ritieni che i tuoi diritti non siano stati rispettati, puoi anche presentare un reclamo all&#8217;autorit\u00e0 di vigilanza competente all&#8217;indirizzo <a href=\"https:\/\/www.cnil.fr\/plaintes\">https:\/\/www.cnil.fr\/plaintes.<\/a><\/p>\n\n<p>Ultimo aggiornamento: <span style=\"text-decoration: underline\">02\/02\/2023<\/span>.<\/p>\n","protected":false},"excerpt":{"rendered":"<p>L&#8217;accesso e l&#8217;utilizzo del Servizio di abbinamento Candidato\/Capo rete in franchising comporta la raccolta di dati personali relativi al potenziale Candidato\/Capo rete. In particolare, quando compilano il questionario, i Candidati trasmettono informazioni su di loro. Lo stesso vale per i Responsabili di Rete quando inviano il Foglio Informativo. Se l&#8217;interessato non acconsente a fornire i [&hellip;]<\/p>\n","protected":false},"author":1,"featured_media":0,"parent":0,"menu_order":0,"comment_status":"closed","ping_status":"closed","template":"","meta":{"_acf_changed":false,"_seopress_robots_primary_cat":"","_seopress_titles_title":"","_seopress_titles_desc":"","_seopress_robots_index":"","content-type":"","_relevanssi_hide_post":"","_relevanssi_hide_content":"","_relevanssi_pin_for_all":"","_relevanssi_pin_keywords":"","_relevanssi_unpin_keywords":"","_relevanssi_related_keywords":"","_relevanssi_related_include_ids":"","_relevanssi_related_exclude_ids":"","_relevanssi_related_no_append":"","_relevanssi_related_not_related":"","_relevanssi_related_posts":"78517,78408,78318","_relevanssi_noindex_reason":"","footnotes":""},"category_page":[],"class_list":["post-81950","page","type-page","status-publish"],"acf":[],"_links":{"self":[{"href":"https:\/\/lexpress-franchise.com\/it\/wp-json\/wp\/v2\/pages\/81950","targetHints":{"allow":["GET"]}}],"collection":[{"href":"https:\/\/lexpress-franchise.com\/it\/wp-json\/wp\/v2\/pages"}],"about":[{"href":"https:\/\/lexpress-franchise.com\/it\/wp-json\/wp\/v2\/types\/page"}],"author":[{"embeddable":true,"href":"https:\/\/lexpress-franchise.com\/it\/wp-json\/wp\/v2\/users\/1"}],"replies":[{"embeddable":true,"href":"https:\/\/lexpress-franchise.com\/it\/wp-json\/wp\/v2\/comments?post=81950"}],"version-history":[{"count":2,"href":"https:\/\/lexpress-franchise.com\/it\/wp-json\/wp\/v2\/pages\/81950\/revisions"}],"predecessor-version":[{"id":1484847,"href":"https:\/\/lexpress-franchise.com\/it\/wp-json\/wp\/v2\/pages\/81950\/revisions\/1484847"}],"wp:attachment":[{"href":"https:\/\/lexpress-franchise.com\/it\/wp-json\/wp\/v2\/media?parent=81950"}],"wp:term":[{"taxonomy":"category_page","embeddable":true,"href":"https:\/\/lexpress-franchise.com\/it\/wp-json\/wp\/v2\/category_page?post=81950"}],"curies":[{"name":"wp","href":"https:\/\/api.w.org\/{rel}","templated":true}]}}