{"id":80602,"date":"2022-02-10T16:13:49","date_gmt":"2022-02-10T15:13:49","guid":{"rendered":"https:\/\/lexpress-franchise.com\/it\/informazioni-legali\/"},"modified":"2024-09-20T11:32:30","modified_gmt":"2024-09-20T09:32:30","slug":"informazioni-legali","status":"publish","type":"page","link":"https:\/\/lexpress-franchise.com\/it\/informazioni-legali\/","title":{"rendered":"Informazioni legali"},"content":{"rendered":"\n<p><strong>Editore del sito<\/strong>:<\/p>\n\n<p><strong>L&#8217;EXPRESS CONNECT<\/strong><\/p>\n\n<p>SAS con un capitale di 21.755 euro  <\/p>\n\n<p>RCS Lyon 909 027 526<\/p>\n\n<p>Sede legale:  <\/p>\n\n<p>3 quai de la P\u00eacherie<\/p>\n\n<p>69001 Lione<\/p>\n\n<div style=\"height:30px\" aria-hidden=\"true\" class=\"wp-block-spacer\"><\/div>\n\n<p><strong>Direttore della pubblicazione<\/strong>:<\/p>\n\n<p>Alain Weill<\/p>\n\n<p><a href=\"mailto:franchise@lexpress-connect.com\"><\/a><a href=\"mailto:franchise@lexpress-connect.com\">contact@lexpress-connect.com<\/a><\/p>\n\n<div style=\"height:30px\" aria-hidden=\"true\" class=\"wp-block-spacer\"><\/div>\n\n<p><strong>Ospite del sito<\/strong>:<\/p>\n\n<p>Netcup GmbH<\/p>\n\n<p>Daimlerstra\u00dfe 25<\/p>\n\n<p>76185 Karlsruhe, Germania<\/p>\n\n<p>Tel: +49 721 \/ 7540755 &#8211; 0<\/p>\n\n<p>Fax: +49 721 \/ 7540755 &#8211; 9<\/p>\n\n<p>Sito web: www.netcup.de<\/p>\n\n<p>Mail: mail@netcup.de<\/p>\n\n<p>RCS : HRB 705547<\/p>\n\n<div style=\"height:30px\" aria-hidden=\"true\" class=\"wp-block-spacer\"><\/div>\n\n<p><strong>Copyright &#8211; Link a siti esterni<\/strong><\/p>\n\n<p>Il contenuto del sito web www.lexpress-franchise.com (in particolare la struttura, il design, le interfacce, i database, i testi, i contenuti digitali, i marchi, le immagini, i video, la musica e tutti gli elementi grafici che lo compongono, nonch\u00e9 i tag di riferimento HTML (meta-tag)), ad esclusione dei contenuti appartenenti a terzi, \u00e8 di propriet\u00e0 della Societ\u00e0 ed \u00e8 protetto dalle leggi francesi e internazionali in materia di propriet\u00e0 intellettuale.<\/p>\n\n<p>La riproduzione totale o parziale di questi contenuti \u00e8 severamente vietata e pu\u00f2 costituire una violazione del diritto d&#8217;autore, a meno che non sia stata ottenuta un&#8217;autorizzazione scritta da parte della Societ\u00e0.<\/p>\n\n<p>La Societ\u00e0 non pu\u00f2 essere ritenuta responsabile del contenuto di eventuali link presenti sul Sito a siti esterni.<\/p>\n\n<div style=\"height:30px\" aria-hidden=\"true\" class=\"wp-block-spacer\"><\/div>\n\n<p><strong>La creazione da parte di terzi di link alla Piattaforma<\/strong><\/p>\n\n<p>Il Sito autorizza la creazione di un collegamento ipertestuale al suo contenuto, nel rispetto delle seguenti condizioni:  <\/p>\n\n<ul class=\"wp-block-list\">\n<li><a href=\"mailto:franchise@lexpress-connect.com\"><\/a>informare espressamente la Societ\u00e0 in anticipo inviando un&#8217;e-mail a<a href=\"mailto:franchise@lexpress-connect.com\">contact@lexpress-connect.com;<\/a> e<\/li>\n\n\n\n<li>cita la fonte, che punta direttamente al contenuto di destinazione tramite il link ipertestuale.  <\/li>\n<\/ul>\n\n<p>Tuttavia, questa autorizzazione non si applica ai siti web che diffondono informazioni di natura polemica, pornografica o xenofoba o che possono, in misura maggiore, minare l&#8217;ordine pubblico e la moralit\u00e0.<\/p>\n\n<p>In ogni caso, la Societ\u00e0 si riserva il diritto di richiedere l&#8217;immediata rimozione del link creato al proprio sito senza dover fornire alcuna motivazione particolare. Si noti che questa autorizzazione non implica l&#8217;autorizzazione a riprodurre tutto o parte del contenuto del Sito, in particolare un titolo o un&#8217;intestazione per la denominazione del collegamento ipertestuale.<\/p>\n\n<div style=\"height:30px\" aria-hidden=\"true\" class=\"wp-block-spacer\"><\/div>\n\n<p><strong>Protezione dei dati personali<\/strong><\/p>\n\n<p>Tutte le informazioni personali raccolte in precedenza dalla Societ\u00e0, come sopra identificate, sono trattate elettronicamente secondo le condizioni definite dalle disposizioni di legge applicabili.<\/p>\n\n<p>Queste informazioni sono necessarie alla Societ\u00e0 per elaborare la tua richiesta. Questi dati possono essere comunicati alle Teste di Rete per consentire loro di inviare ai Richiedenti in Franchising le sollecitazioni corrispondenti alla richiesta fatta. I dati delle Teste di Rete e\/o dei Candidati possono anche essere utilizzati dalla Societ\u00e0 per contattare le persone elencate al fine di migliorare il Servizio.<\/p>\n\n<p>Ai sensi della legge 78-17 del 6 gennaio 1978 sul trattamento dei dati, degli archivi e delle libert\u00e0 individuali, meglio nota come legge sulla protezione dei dati, e del Regolamento generale sulla protezione dei dati 2016\/679 del 27 aprile 2016, gli individui i cui dati personali sono stati raccolti hanno il diritto di accedere, rettificare, modificare e cancellare tutti i dati che li riguardano.  <\/p>\n\n<p>Per esercitare tali diritti, possono inviare la loro richiesta via e-mail al seguente indirizzo <a href=\"mailto:franchise@lexpress-connect.com\">contact@lexpress-connect.com.<\/a><br\/><\/p>\n\n<p>Ultimo aggiornamento: <span style=\"text-decoration: underline\">01\/08\/2024<\/span>.<\/p>\n","protected":false},"excerpt":{"rendered":"<p>Editore del sito: L&#8217;EXPRESS CONNECT SAS con un capitale di 21.755 euro RCS Lyon 909 027 526 Sede legale: 3 quai de la P\u00eacherie 69001 Lione Direttore della pubblicazione: Alain Weill contact@lexpress-connect.com Ospite del sito: Netcup GmbH Daimlerstra\u00dfe 25 76185 Karlsruhe, Germania Tel: +49 721 \/ 7540755 &#8211; 0 Fax: +49 721 \/ 7540755 &#8211; [&hellip;]<\/p>\n","protected":false},"author":1,"featured_media":0,"parent":0,"menu_order":0,"comment_status":"closed","ping_status":"closed","template":"","meta":{"_acf_changed":false,"_seopress_robots_primary_cat":"","_seopress_titles_title":"","_seopress_titles_desc":"","_seopress_robots_index":"","content-type":"","_relevanssi_hide_post":"","_relevanssi_hide_content":"","_relevanssi_pin_for_all":"","_relevanssi_pin_keywords":"","_relevanssi_unpin_keywords":"","_relevanssi_related_keywords":"","_relevanssi_related_include_ids":"","_relevanssi_related_exclude_ids":"","_relevanssi_related_no_append":"","_relevanssi_related_not_related":"","_relevanssi_related_posts":"78885,78517,78318,78408","_relevanssi_noindex_reason":"","footnotes":""},"category_page":[],"class_list":["post-80602","page","type-page","status-publish"],"acf":[],"_links":{"self":[{"href":"https:\/\/lexpress-franchise.com\/it\/wp-json\/wp\/v2\/pages\/80602","targetHints":{"allow":["GET"]}}],"collection":[{"href":"https:\/\/lexpress-franchise.com\/it\/wp-json\/wp\/v2\/pages"}],"about":[{"href":"https:\/\/lexpress-franchise.com\/it\/wp-json\/wp\/v2\/types\/page"}],"author":[{"embeddable":true,"href":"https:\/\/lexpress-franchise.com\/it\/wp-json\/wp\/v2\/users\/1"}],"replies":[{"embeddable":true,"href":"https:\/\/lexpress-franchise.com\/it\/wp-json\/wp\/v2\/comments?post=80602"}],"version-history":[{"count":2,"href":"https:\/\/lexpress-franchise.com\/it\/wp-json\/wp\/v2\/pages\/80602\/revisions"}],"predecessor-version":[{"id":1498660,"href":"https:\/\/lexpress-franchise.com\/it\/wp-json\/wp\/v2\/pages\/80602\/revisions\/1498660"}],"wp:attachment":[{"href":"https:\/\/lexpress-franchise.com\/it\/wp-json\/wp\/v2\/media?parent=80602"}],"wp:term":[{"taxonomy":"category_page","embeddable":true,"href":"https:\/\/lexpress-franchise.com\/it\/wp-json\/wp\/v2\/category_page?post=80602"}],"curies":[{"name":"wp","href":"https:\/\/api.w.org\/{rel}","templated":true}]}}