{"id":80556,"date":"2022-01-31T14:29:55","date_gmt":"2022-01-31T13:29:55","guid":{"rendered":"https:\/\/lexpress-franchise.com\/it\/il-team-di-lexpress-franchise\/"},"modified":"2024-06-24T11:28:10","modified_gmt":"2024-06-24T09:28:10","slug":"il-team-di-lexpress-franchise","status":"publish","type":"page","link":"https:\/\/lexpress-franchise.com\/it\/il-team-di-lexpress-franchise\/","title":{"rendered":"Il team di L&#8217;Express Franchise"},"content":{"rendered":"\n<div class=\"wp-block-columns gap--m is-layout-flex wp-container-core-columns-is-layout-9d6595d7 wp-block-columns-is-layout-flex\">\n<div class=\"wp-block-column is-layout-flow wp-block-column-is-layout-flow\"><div class=\"wp-block-image\">\n<figure class=\"aligncenter size-square-450\"><img loading=\"lazy\" decoding=\"async\" width=\"450\" height=\"450\" src=\"https:\/\/lexpress-franchise.com\/wp-content\/uploads\/2023\/02\/Capture-decran-2023-02-01-105458-450x450.jpg\" alt=\"\" class=\"wp-image-11365\" srcset=\"https:\/\/lexpress-franchise.com\/wp-content\/uploads\/2023\/02\/Capture-decran-2023-02-01-105458-450x450.jpg 450w, https:\/\/lexpress-franchise.com\/wp-content\/uploads\/2023\/02\/Capture-decran-2023-02-01-105458-150x150.jpg 150w, https:\/\/lexpress-franchise.com\/wp-content\/uploads\/2023\/02\/Capture-decran-2023-02-01-105458-300x300.jpg 300w, https:\/\/lexpress-franchise.com\/wp-content\/uploads\/2023\/02\/Capture-decran-2023-02-01-105458-600x600.jpg 600w\" sizes=\"auto, (max-width: 450px) 100vw, 450px\" \/><\/figure>\n<\/div>\n\n\n<h3 class=\"wp-block-heading has-text-align-center has-black-color has-text-color\"><strong>Alain Weill<\/strong><\/h3>\n\n\n\n<p class=\"has-text-align-center has-black-color has-text-color\">AMMINISTRATORE DELEGATO<\/p>\n\n\n\n<div style=\"height:1px\" aria-hidden=\"true\" class=\"wp-block-spacer\"><\/div>\n\n\n\n<p>Uomo dei media, Alain Weill ha iniziato la sua carriera nelle radio libere. Nel 2000, dopo 8 anni come CEO di NRJ Group, ha acquistato RMC, allora in declino, e ha creato NextRadio. In pochi anni, il gruppo \u00e8 diventato uno dei protagonisti del panorama radiotelevisivo francese, con canali televisivi diventati indispensabili: BFM TV, BFM Business, RMC D\u00e9couverte, RMC Sport, RMC Story e canali regionali. Nel corso degli anni, il gruppo ha ampliato e diversificato le sue attivit\u00e0 digitali. Allo stesso tempo, Alain Weill diventa l&#8217;azionista di maggioranza della rivista <em>L&#8217;Express<\/em> attraverso la sua societ\u00e0 News Participation. \u00c8 stato nominato presidente e direttore editoriale e ha avviato un&#8217;importante trasformazione della testata per renderla il marchio di media per gli opinionisti.<br>Nel 2021 lascer\u00e0 la sua posizione presso NextRadioTV, che nel frattempo \u00e8 diventata Altice M\u00e9dia, per dedicarsi a nuovi progetti nel campo dei media e del digitale.<\/p>\n<\/div>\n\n\n\n<div class=\"wp-block-column is-layout-flow wp-block-column-is-layout-flow\"><div class=\"wp-block-image\">\n<figure class=\"aligncenter size-square-450\"><img loading=\"lazy\" decoding=\"async\" width=\"450\" height=\"450\" src=\"https:\/\/lexpress-franchise.com\/wp-content\/uploads\/2023\/02\/1588058177305-450x450.jpg\" alt=\"\" class=\"wp-image-11493\" srcset=\"https:\/\/lexpress-franchise.com\/wp-content\/uploads\/2023\/02\/1588058177305-450x450.jpg 450w, https:\/\/lexpress-franchise.com\/wp-content\/uploads\/2023\/02\/1588058177305-150x150.jpg 150w, https:\/\/lexpress-franchise.com\/wp-content\/uploads\/2023\/02\/1588058177305-768x768.jpg 768w, https:\/\/lexpress-franchise.com\/wp-content\/uploads\/2023\/02\/1588058177305-300x300.jpg 300w, https:\/\/lexpress-franchise.com\/wp-content\/uploads\/2023\/02\/1588058177305-600x600.jpg 600w, https:\/\/lexpress-franchise.com\/wp-content\/uploads\/2023\/02\/1588058177305-360x360.jpg 360w, https:\/\/lexpress-franchise.com\/wp-content\/uploads\/2023\/02\/1588058177305-480x480.jpg 480w, https:\/\/lexpress-franchise.com\/wp-content\/uploads\/2023\/02\/1588058177305-640x640.jpg 640w, https:\/\/lexpress-franchise.com\/wp-content\/uploads\/2023\/02\/1588058177305.jpg 800w\" sizes=\"auto, (max-width: 450px) 100vw, 450px\" \/><\/figure>\n<\/div>\n\n\n<h3 class=\"wp-block-heading has-text-align-center has-black-color has-text-color\"><strong>Arthur de Choulot<\/strong><\/h3>\n\n\n\n<p class=\"has-text-align-center has-black-color has-text-color\">Direttore operativo<\/p>\n\n\n\n<div style=\"height:1px\" aria-hidden=\"true\" class=\"wp-block-spacer\"><\/div>\n\n\n\n<p>Multi-imprenditore nei settori della realt\u00e0 virtuale, dell&#8217;energia, delle assicurazioni e degli immobili.<\/p>\n\n\n\n<p>Nel 2018 ha creato il leader francese delle stanze VR DreamAway. In precedenza, \u00e8 stato responsabile delle attivit\u00e0 commerciali di Voltalis, un&#8217;azienda che ha raccolto diverse centinaia di milioni di euro per introdurre una scatola a risparmio energetico nelle case.<\/p>\n\n\n\n<p>Supervisiona lo sviluppo di Express Franchise.<\/p>\n\n\n\n<p>Si \u00e8 laureato nel 2006 presso l&#8217;Arts et M\u00e9tiers (ENSAM).<\/p>\n<\/div>\n\n\n\n<div class=\"wp-block-column is-layout-flow wp-block-column-is-layout-flow\"><div class=\"wp-block-image\">\n<figure class=\"aligncenter size-square-450\"><img loading=\"lazy\" decoding=\"async\" width=\"450\" height=\"450\" src=\"https:\/\/lexpress-franchise.com\/wp-content\/uploads\/2023\/04\/Portrait-Nicolas-Guillemot-450x450.jpeg\" alt=\"\" class=\"wp-image-15542\" srcset=\"https:\/\/lexpress-franchise.com\/wp-content\/uploads\/2023\/04\/Portrait-Nicolas-Guillemot-450x450.jpeg 450w, https:\/\/lexpress-franchise.com\/wp-content\/uploads\/2023\/04\/Portrait-Nicolas-Guillemot-150x150.jpeg 150w, https:\/\/lexpress-franchise.com\/wp-content\/uploads\/2023\/04\/Portrait-Nicolas-Guillemot-300x300.jpeg 300w, https:\/\/lexpress-franchise.com\/wp-content\/uploads\/2023\/04\/Portrait-Nicolas-Guillemot-600x600.jpeg 600w\" sizes=\"auto, (max-width: 450px) 100vw, 450px\" \/><\/figure>\n<\/div>\n\n\n<h3 class=\"wp-block-heading has-text-align-center has-black-color has-text-color\"><strong>Nicolas Guillemot<\/strong><\/h3>\n\n\n\n<p class=\"has-text-align-center has-black-color has-text-color\">Direttore operativo<\/p>\n\n\n\n<div style=\"height:1px\" aria-hidden=\"true\" class=\"wp-block-spacer\"><\/div>\n\n\n\n<p>Multi-imprenditore nei settori dei media, delle comunicazioni e della stampa.<\/p>\n\n\n\n<p>Nel 2018: ha co-fondato l&#8217;agenzia di comunicazione digitale White Mirror, specializzata in Social Media, Media Relations e acquisizione. 40 dipendenti in 4 anni e una crescita a 3 cifre ogni anno dal lancio. In precedenza \u00e8 stato il fondatore di Papier fait de la R\u00e9sistance, un eccellente marchio di cancelleria che ha venduto al Gruppo Albin Michel nel 2020 dopo 8 anni di attivit\u00e0.<\/p>\n\n\n\n<p>In particolare, \u00e8 responsabile del settore digitale, marketing e comunicazione di L&#8217;Express Franchise.<\/p>\n<\/div>\n<\/div>\n","protected":false},"excerpt":{"rendered":"<p>Alain Weill AMMINISTRATORE DELEGATO Uomo dei media, Alain Weill ha iniziato la sua carriera nelle radio libere. Nel 2000, dopo 8 anni come CEO di NRJ Group, ha acquistato RMC, allora in declino, e ha creato NextRadio. In pochi anni, il gruppo \u00e8 diventato uno dei protagonisti del panorama radiotelevisivo francese, con canali televisivi diventati [&hellip;]<\/p>\n","protected":false},"author":7,"featured_media":0,"parent":0,"menu_order":0,"comment_status":"closed","ping_status":"closed","template":"","meta":{"_acf_changed":false,"_seopress_robots_primary_cat":"","_seopress_titles_title":"Il team di L'Express Franchise","_seopress_titles_desc":"Chi c'\u00e8 dietro Express Franchise? Incontra il team che sta dietro a questo grande concetto.","_seopress_robots_index":"","content-type":"","_relevanssi_hide_post":"","_relevanssi_hide_content":"","_relevanssi_pin_for_all":"","_relevanssi_pin_keywords":"","_relevanssi_unpin_keywords":"","_relevanssi_related_keywords":"","_relevanssi_related_include_ids":"","_relevanssi_related_exclude_ids":"","_relevanssi_related_no_append":"","_relevanssi_related_not_related":"","_relevanssi_related_posts":"78885,78517,78408,78318","_relevanssi_noindex_reason":"","footnotes":""},"category_page":[],"class_list":["post-80556","page","type-page","status-publish"],"acf":[],"_links":{"self":[{"href":"https:\/\/lexpress-franchise.com\/it\/wp-json\/wp\/v2\/pages\/80556","targetHints":{"allow":["GET"]}}],"collection":[{"href":"https:\/\/lexpress-franchise.com\/it\/wp-json\/wp\/v2\/pages"}],"about":[{"href":"https:\/\/lexpress-franchise.com\/it\/wp-json\/wp\/v2\/types\/page"}],"author":[{"embeddable":true,"href":"https:\/\/lexpress-franchise.com\/it\/wp-json\/wp\/v2\/users\/7"}],"replies":[{"embeddable":true,"href":"https:\/\/lexpress-franchise.com\/it\/wp-json\/wp\/v2\/comments?post=80556"}],"version-history":[{"count":0,"href":"https:\/\/lexpress-franchise.com\/it\/wp-json\/wp\/v2\/pages\/80556\/revisions"}],"wp:attachment":[{"href":"https:\/\/lexpress-franchise.com\/it\/wp-json\/wp\/v2\/media?parent=80556"}],"wp:term":[{"taxonomy":"category_page","embeddable":true,"href":"https:\/\/lexpress-franchise.com\/it\/wp-json\/wp\/v2\/category_page?post=80556"}],"curies":[{"name":"wp","href":"https:\/\/api.w.org\/{rel}","templated":true}]}}