{"id":1566983,"date":"2026-02-25T21:20:02","date_gmt":"2026-02-25T20:20:02","guid":{"rendered":"https:\/\/lexpress-franchise.com\/it\/annunci-commerciali\/update\/"},"modified":"2026-02-25T21:18:23","modified_gmt":"2026-02-25T19:18:23","slug":"aggiorna-lassegnazione-degli-scambi","status":"publish","type":"page","link":"https:\/\/lexpress-franchise.com\/it\/annunci-commerciali\/update\/","title":{"rendered":"Aggiorna l&#8217;assegnazione degli scambi"},"content":{"rendered":"<h2>Accesso non autorizzato<\/h2>\r\n<p>Il link utilizzato non \u00e8 valido. Ci\u00f2 pu\u00f2 essere dovuto a:<\/p>\r\n<ul>\r\n<li>Un link scaduto,<\/li>\r\n<li>Un link gi\u00e0 utilizzato,<\/li>\r\n<li>Un errore nell\u2019URL,<\/li>\r\n<\/ul>\r\n<p>Per gestire i suoi annunci di cessione, acceda alla sua dashboard franchisor.<\/p>\n","protected":false},"excerpt":{"rendered":"","protected":false},"author":493,"featured_media":0,"parent":0,"menu_order":0,"comment_status":"closed","ping_status":"closed","template":"","meta":{"_acf_changed":false,"_seopress_robots_primary_cat":"","_seopress_titles_title":"","_seopress_titles_desc":"","_seopress_robots_index":"","content-type":"","_relevanssi_hide_post":"","_relevanssi_hide_content":"","_relevanssi_pin_for_all":"","_relevanssi_pin_keywords":"","_relevanssi_unpin_keywords":"","_relevanssi_related_keywords":"","_relevanssi_related_include_ids":"","_relevanssi_related_exclude_ids":"","_relevanssi_related_no_append":"","_relevanssi_related_not_related":"","_relevanssi_related_posts":"1545518,1138131,139524,176047,158926,1545520","_relevanssi_noindex_reason":"","footnotes":""},"category_page":[3672],"class_list":{"0":"post-1566983","1":"page","2":"type-page","3":"status-publish","5":"category_page-cession-franchise-update"},"acf":[],"_links":{"self":[{"href":"https:\/\/lexpress-franchise.com\/it\/wp-json\/wp\/v2\/pages\/1566983","targetHints":{"allow":["GET"]}}],"collection":[{"href":"https:\/\/lexpress-franchise.com\/it\/wp-json\/wp\/v2\/pages"}],"about":[{"href":"https:\/\/lexpress-franchise.com\/it\/wp-json\/wp\/v2\/types\/page"}],"author":[{"embeddable":true,"href":"https:\/\/lexpress-franchise.com\/it\/wp-json\/wp\/v2\/users\/493"}],"replies":[{"embeddable":true,"href":"https:\/\/lexpress-franchise.com\/it\/wp-json\/wp\/v2\/comments?post=1566983"}],"version-history":[{"count":1,"href":"https:\/\/lexpress-franchise.com\/it\/wp-json\/wp\/v2\/pages\/1566983\/revisions"}],"predecessor-version":[{"id":1566984,"href":"https:\/\/lexpress-franchise.com\/it\/wp-json\/wp\/v2\/pages\/1566983\/revisions\/1566984"}],"wp:attachment":[{"href":"https:\/\/lexpress-franchise.com\/it\/wp-json\/wp\/v2\/media?parent=1566983"}],"wp:term":[{"taxonomy":"category_page","embeddable":true,"href":"https:\/\/lexpress-franchise.com\/it\/wp-json\/wp\/v2\/category_page?post=1566983"}],"curies":[{"name":"wp","href":"https:\/\/api.w.org\/{rel}","templated":true}]}}