{"id":149129,"date":"2022-04-27T15:43:09","date_gmt":"2022-04-27T13:43:09","guid":{"rendered":"https:\/\/lexpress-franchise.com\/it\/selectionner-une-liste-denseignes-correspondant-a-son-projet\/"},"modified":"2024-08-02T11:29:48","modified_gmt":"2024-08-02T09:29:48","slug":"selectionner-une-liste-denseignes-correspondant-a-son-projet","status":"publish","type":"page","link":"https:\/\/lexpress-franchise.com\/it\/selectionner-une-liste-denseignes-correspondant-a-son-projet\/","title":{"rendered":"Selezionare una lista di brand\u2026 adatti al proprio progetto"},"content":{"rendered":"\n<p>Data la vasta gamma di possibilit\u00e0 e la posta in gioco (professionale, familiare e anche personale) per i prossimi 5-7 anni, scegliere un franchising significa innanzitutto determinare i criteri di scelta, proprio come faresti per l\u2019acquisto di un immobile.<\/p>\n\n\n\n<p>Alcuni di questi criteri sono soggettivi, altri oggettivi.<\/p>\n\n\n\n<p>Alcune opzioni sotto forma di (piacevoli) sorprese ti aiuteranno a prendere la decisione giusta.<br>Altri elementi, che scoprirai nel corso della tua ricerca, ti aiuteranno a capire perch\u00e9 la selezione dei marchi \u00e8 una delle fasi essenziali della creazione di un franchising, da non trascurare.<\/p>\n\n\n\n<hr class=\"wp-block-separator has-text-color has-css-opacity has-background is-style-dots\" style=\"background-color:#E53B12;color:#E53B12\"\/>\n\n\n\n<h2 class=\"wp-block-heading has-text-color\" style=\"color:#E53B12\"><br><strong>Fare una scelta di vita (professionale)<\/strong><\/h2>\n\n\n\n<h3 class=\"wp-block-heading\">Paragone con l\u2019acquisto di un immobile<\/h3>\n\n\n\n<p>Esistono quasi 2.000 concept nel franchising, in circa 80 settori commerciali principali.<\/p>\n\n\n\n<p>Data la vasta gamma di possibilit\u00e0 e la posta in gioco (professionale, familiare e anche personale) per i prossimi 5-7 anni, dovrai determinare i criteri della tua scelta, come faresti per l\u2019acquisto di un immobile.<\/p>\n\n\n\n<p>Quando si tratta di acquistare una casa, alcuni criteri sono soggettivi: la presenza di un balcone, un alloggio all\u2019ultimo piano (perch\u00e9 non vuoi sentire i vicini al piano superiore), un giardino ben riparato da sguardi indiscreti, un\u2019ampia zona giorno e cos\u00ec via.<\/p>\n\n\n\n<p>Altri elementi sono oggettivi: budget disponibile, tempo di percorrenza casa\/lavoro (tempo stabilito da non superare), necessit\u00e0 di avere 3 camere da letto (di cui 2 per i bambini), ecc.<\/p>\n\n\n\n<p>Alcune opzioni, sotto forma di (piacevoli) sorprese, saranno fattori favorevoli per prendere una decisione. Ad esempio, una stanza in pi\u00f9 che un lavoratore autonomo pu\u00f2 utilizzare come ufficio, senza superare il budget.<\/p>\n\n\n\n<p>Infine, man mano che andrai avanti nella ricerca della tua prima casa da acquistare, scoprirai altri fattori importanti, a seconda delle tue aspettative, come l\u2019orientamento dell\u2019immobile per garantire la massima luminosit\u00e0.<\/p>\n\n\n\n<h3 class=\"wp-block-heading\"><strong>Complesso all\u2019inizio, poi semplice quando bisogna prendere una<\/strong> <strong>decisione cruciale.<\/strong><\/h3>\n\n\n\n<p>In modo molto simile, dovrai fare delle scelte a monte, optando per un concept\u2026 senza alcuna certezza di essere accettato dal franchisor, che sceglie i suoi futuri affiliati in base a criteri di coerenza e performance.<\/p>\n\n\n\n<p>Alcuni criteri saranno oggettivi e inevitabilmente indiscutibili, come l\u2019investimento monetario effettivamente disponibile. Altri saranno soggettivi, non necessariamente espressi in modo positivo, come la necessit\u00e0 di non avere personale da gestire.<\/p>\n\n\n\n<p>Alcune opzioni saranno fattori favorevoli nella decisione, come il piacere di praticare un\u2019attivit\u00e0 professionale.<\/p>\n\n\n\n<p>Infine, scoprirai altri elementi che saranno importanti per il tuo futuro successo, come la solidariet\u00e0 tra affiliati.<\/p>\n\n\n\n<p>Questa riflessione preliminare \u00e8 importante per:<\/p>\n\n\n\n<ul class=\"wp-block-list\">\n<li>Agevolare la tua ricerca,<\/li>\n\n\n\n<li>Evitare i contrattempi che potrebbero ritardare l\u2019inizio della tua nuova vita professionale (da finanziare con le tue risorse, per forza di cose limitate),<\/li>\n\n\n\n<li>Aiutarti a fare il passo verso l\u2019imprenditoria con la minor esitazione possibile, senza farti troppe domande.<\/li>\n<\/ul>\n\n\n\n<p>Se ti stai chiedendo come scegliere tra i 2.000 concept esistenti\u2026 \u00e8 perch\u00e9 hai gi\u00e0 preso una decisione imprenditoriale fondamentale! (Vedi capitolo precedente)<\/p>\n\n\n\n<h2 class=\"wp-block-heading has-text-color\" style=\"color:#E53B12\"><strong>Criteri soggettivi\/oggettivi<\/strong><\/h2>\n\n\n\n<h3 class=\"wp-block-heading\"><strong>A volte bisogna essere soggettivi<\/strong><\/h3>\n\n\n\n<p>Per determinare quali reti contattare, iniziamo con alcuni criteri soggettivi:<\/p>\n\n\n\n<ul class=\"wp-block-list\">\n<li><strong>Lavorare da soli o in \u00e9quipe&#8230;<\/strong> Ovvero, acquisire competenze altamente tecniche o assumere\/gestire (a volte da remoto).<\/li>\n\n\n\n<li><strong>Prodotti o servizi\u2026<\/strong> In altre parole, gestione di uno stock o creazione permanente.<\/li>\n\n\n\n<li><strong>Rete giovane o esperta<\/strong> \u2026 Ovvero maggiore libert\u00e0 (e immaginazione) nell\u2019applicazione del concept, oppure maggiore certezza (e quindi minor raggio d\u2019azione) del successo del tuo progetto.<\/li>\n<\/ul>\n\n\n\n<p>Questi fattori soggettivi possono cambiare una volta che il\/la nuovo\/a imprenditore\/trice si \u00e8 ambientato\/a nel franchising.<br>Ad esempio, riscoprire il gusto per lo sviluppo, cos\u00ec da poter investire di pi\u00f9 nella propria area commerciale quando non si ha pi\u00f9 voglia di sentir parlare di personale\u2026<\/p>\n\n\n\n<h3 class=\"wp-block-heading\"><strong>Ma ricordiamoci sempre l\u2019oggettivit\u00e0 (anche finanziaria)<\/strong><\/h3>\n\n\n\n<p>Ci sono poi una serie di fattori oggettivi da considerare:<\/p>\n\n\n\n<ul class=\"wp-block-list\">\n<li><strong>La tua capacit\u00e0 di investimento\u2026 <\/strong>ovvero di quanto disponi, escludendo aiuti finanziari, prestiti di amici o familiari (da restituire un giorno o l\u2019altro) o la vendita di un immobile.<\/li>\n\n\n\n<li><strong>La disponibilit\u00e0 del bacino d\u2019utenza, se immediata o da rilevare a breve:<\/strong> solo il franchisor pu\u00f2 darti informazioni al proposito, in quanto possiede una mappa aggiornata dei suoi punti vendita e sa quali settori geografici si renderanno disponibili.<\/li>\n\n\n\n<li><strong>Corrispondere al profilo tipico ricercato dal franchisor:<\/strong> ad esempio, avere reali capacit\u00e0 gestionali nel caso di servizi alla persona.<\/li>\n<\/ul>\n\n\n\n<p>Questi fattori oggettivi possono essere aggirati. Ad esempio, per quanto riguarda l\u2019investimento iniziale, puoi unire le forze con qualcuno che sia complementare a te (manager\/persona di vendita, disponibilit\u00e0 economica\/contatti nel settore, ecc.)<\/p>\n\n\n\n<h3 class=\"wp-block-heading\"><strong>Criteri da adattare<\/strong><\/h3>\n\n\n\n<p>Questi fattori soggettivi e oggettivi citati non sono esaustivi. Possono, ad esempio, esserci criteri intrinseci a un settore.<\/p>\n\n\n\n<p>Esempio classico: non scegliere il fast food (attivit\u00e0 serale e nel weekend) se la tua vita personale \u00e8 incentrata sul tempo da trascorrere in famiglia! Se vuoi rimanere in sintonia con i tuoi ritmi e le tue esigenze, prova un settore in cui sei sicuro di avere i weekend liberi, anche se magari le serate saranno un po\u2019 pi\u00f9 cariche.<\/p>\n\n\n\n<h2 class=\"wp-block-heading has-text-color\" style=\"color:#E53B12\"><strong>Sorprese e scoperte tardive da gustare<\/strong><\/h2>\n\n\n\n<h3 class=\"wp-block-heading\"><strong>La ciliegina sulla torta<\/strong><\/h3>\n\n\n\n<p>Alcune opzioni ti aiuteranno a prendere la decisione giusta:<\/p>\n\n\n\n<ul class=\"wp-block-list\">\n<li><strong>Lavorare in famiglia<\/strong>, in particolare con i tuoi figli, a volte con l\u2019idea di cedere loro l\u2019attivit\u00e0 in un secondo momento,<\/li>\n\n\n\n<li><strong>Fare un sacco di soldi<\/strong>, come alcune delle principali aziende di hamburger o di pollo, ma dover gestire un team di giovani e tornare a casa ogni sera con l\u2019odore delle patatine addosso\u2026<\/li>\n\n\n\n<li><strong>Essere in grado di sviluppare altri punti vendita<\/strong> (multi-franchising o multi-franchising), passare da tuttofare a\u2026 far fare tutto agli altri.<\/li>\n\n\n\n<li><strong>Incrementare il fatturato con il sito web aziendale<\/strong>, ad esempio vendendo kit per piscine ma fornendo assistenza post-vendita a livello locale,<\/li>\n\n\n\n<li><strong>Acquisire uno status in citt\u00e0<\/strong>, ad esempio aprendo un supermercato.<\/li>\n<\/ul>\n\n\n\n<h3 class=\"wp-block-heading\">E quel finale persistente inaspettato<\/h3>\n\n\n\n<p>Scoprirai, infine, altri elementi importanti, a seconda delle tue aspettative, man mano che avanzi nella tua ricerca:<\/p>\n\n\n\n<ul class=\"wp-block-list\">\n<li><strong>Il piacere di praticare un\u2019attivit\u00e0 professionale:<\/strong> il lavoro non \u00e8 un concetto globale, ma una somma di piccoli compiti da svolgere, di cui non pi\u00f9 del 30% dovrebbe risultare faticoso per l\u2019imprenditore, mentre il resto deve soprattutto mobilitare i suoi talenti naturali.<\/li>\n\n\n\n<li><strong>Relazioni umane con il team del franchisor:<\/strong> che si tratti di metodi di vendita, di supporto informatico o di input tecnici, la potenza di questi supporti \u00e8 nulla senza il valore umano per fornire le soluzioni.<\/li>\n\n\n\n<li><strong>Solidariet\u00e0 tra franchisee:<\/strong> che si tratti di un vicino geografico, di un compagno di formazione iniziale o di una persona incontrata ad un evento, alcuni franchisee diventano sostenitori indefettibili, fondamentali per il tuo successo. La forza del network non va assolutamente sottovalutata, anche indipendentemente dal franchisor.<\/li>\n<\/ul>\n\n\n\n<h2 class=\"wp-block-heading\">Punti chiave da ricordare<\/h2>\n\n\n\n<p>\u2022 Trovare il franchising dei tuoi sogni \u00e8 come cercare casa. Devi prima di tutto definire alcuni criteri di selezione.<br>\u2022 Questi criteri dipenderanno in particolare dal tuo budget e dal contributo personale che sei in grado di dare al progetto.<br>\u2022 Alcune piacevoli sorprese ti faranno scegliere un franchisor piuttosto che un altro.<\/p>\n","protected":false},"excerpt":{"rendered":"<p>Data la vasta gamma di possibilit\u00e0 e la posta in gioco (professionale, familiare e anche personale) per i prossimi 5-7 anni, scegliere un franchising significa innanzitutto determinare i criteri di scelta, proprio come faresti per l\u2019acquisto di un immobile. Alcuni di questi criteri sono soggettivi, altri oggettivi. Alcune opzioni sotto forma di (piacevoli) sorprese ti [&hellip;]<\/p>\n","protected":false},"author":24,"featured_media":97945,"parent":0,"menu_order":1,"comment_status":"closed","ping_status":"closed","template":"","meta":{"_acf_changed":false,"_seopress_robots_primary_cat":"","_seopress_titles_title":"Seleziona un elenco di segni adatti al tuo progetto","_seopress_titles_desc":"Di fronte a tante possibilit\u00e0, per scegliere il tuo franchising devi definire i tuoi criteri.\r\n%%sitetitle%% pu\u00f2 aiutarti a fare questa lista.","_seopress_robots_index":"","content-type":"","_relevanssi_hide_post":"","_relevanssi_hide_content":"","_relevanssi_pin_for_all":"","_relevanssi_pin_keywords":"","_relevanssi_unpin_keywords":"","_relevanssi_related_keywords":"","_relevanssi_related_include_ids":"","_relevanssi_related_exclude_ids":"","_relevanssi_related_no_append":"","_relevanssi_related_not_related":"","_relevanssi_related_posts":"90755,146697,78517,84480,83941,82499","_relevanssi_noindex_reason":"","footnotes":""},"category_page":[170],"class_list":{"0":"post-149129","1":"page","2":"type-page","3":"status-publish","4":"has-post-thumbnail","6":"category_page-livre-blanc"},"acf":[],"_links":{"self":[{"href":"https:\/\/lexpress-franchise.com\/it\/wp-json\/wp\/v2\/pages\/149129","targetHints":{"allow":["GET"]}}],"collection":[{"href":"https:\/\/lexpress-franchise.com\/it\/wp-json\/wp\/v2\/pages"}],"about":[{"href":"https:\/\/lexpress-franchise.com\/it\/wp-json\/wp\/v2\/types\/page"}],"author":[{"embeddable":true,"href":"https:\/\/lexpress-franchise.com\/it\/wp-json\/wp\/v2\/users\/24"}],"replies":[{"embeddable":true,"href":"https:\/\/lexpress-franchise.com\/it\/wp-json\/wp\/v2\/comments?post=149129"}],"version-history":[{"count":3,"href":"https:\/\/lexpress-franchise.com\/it\/wp-json\/wp\/v2\/pages\/149129\/revisions"}],"predecessor-version":[{"id":1201302,"href":"https:\/\/lexpress-franchise.com\/it\/wp-json\/wp\/v2\/pages\/149129\/revisions\/1201302"}],"wp:featuredmedia":[{"embeddable":true,"href":"https:\/\/lexpress-franchise.com\/it\/wp-json\/wp\/v2\/media\/97945"}],"wp:attachment":[{"href":"https:\/\/lexpress-franchise.com\/it\/wp-json\/wp\/v2\/media?parent=149129"}],"wp:term":[{"taxonomy":"category_page","embeddable":true,"href":"https:\/\/lexpress-franchise.com\/it\/wp-json\/wp\/v2\/category_page?post=149129"}],"curies":[{"name":"wp","href":"https:\/\/api.w.org\/{rel}","templated":true}]}}