{"id":149110,"date":"2022-04-29T12:49:36","date_gmt":"2022-04-29T10:49:36","guid":{"rendered":"https:\/\/lexpress-franchise.com\/it\/decider-de-se-lancer-en-franchise\/"},"modified":"2024-07-26T10:07:10","modified_gmt":"2024-07-26T08:07:10","slug":"decider-de-se-lancer-en-franchise","status":"publish","type":"page","link":"https:\/\/lexpress-franchise.com\/it\/decider-de-se-lancer-en-franchise\/","title":{"rendered":"Decidere di avviare un\u2019attivit\u00e0 in franchising"},"content":{"rendered":"\n<p>Metterti in proprio pu\u00f2 cambiarti la vita, sul piano professionale, certo, ma anche, di conseguenza, a livello personale e familiare. Bisogna quindi capire bene cosa comporta diventare il capo di se stessi.<\/p>\n\n\n\n<p><strong>Dovrai prima stabilire se altre strade potrebbero essere pi\u00f9 adatte (come aprire un\u2019attivit\u00e0 completamente indipendente) e scegliere poi il sistema del franchising, impegnativo e codificato, solo nella piena consapevolezza dei <\/strong>suoi<strong> vantaggi e dei suoi vincoli.<\/strong><\/p>\n\n\n\n<hr class=\"wp-block-separator has-text-color has-css-opacity has-background is-style-dots\" style=\"background-color:#E53B12;color:#E53B12\"\/>\n\n\n\n<h2 class=\"wp-block-heading has-text-color\" style=\"color:#E53B12\">Avviare un&#8217;attivit\u00e0 in proprio&#8230; oppure no<\/h2>\n\n\n\n<h3 class=\"wp-block-heading\">Dilemma: vale la pena mettersi in gioco?<\/h3>\n\n\n\n<p>Comodamente seduto\/a sul divano, in cerca di un altro futuro davanti al pc, ti poni la domanda, brutale o salvavita, a seconda della situazione: accetterai di correre sempre dei rischi, per guadagnarti da vivere con una nuova logica finanziaria (benefit in natura, capitalizzazione dell\u2019attivit\u00e0\u2026)?<\/p>\n\n\n\n<p>Oppure preferisci sfruttare al meglio il comfort della tua vita lavorativa da dipendente, tornando a ricoprire una posizione pi\u00f9 vicina alle cose che ti piace fare?<\/p>\n\n\n\n<p>Le tue responsabilit\u00e0 manageriali potrebbero ad esempio allontanarti dalle tue abilit\u00e0 tecnologiche.<\/p>\n\n\n\n<h3 class=\"wp-block-heading\">Ripartire da zero\u2026 ma proprio zero!<\/h3>\n\n\n\n<p>Risolvere questo dilemma, a volte innescato da un licenziamento o dalla consapevolezza che trascorrerai i tuoi prossimi vent\u2019anni di vita lavorativa in una gabbia dorata, \u00e8 il primo passo da compiere.<\/p>\n\n\n\n<p>A tal fine pu\u00f2 essere utile una valutazione delle competenze o il supporto di un coach.<\/p>\n\n\n\n<p>Se ti senti in grado di ripartire da zero senza remore, come ogni imprenditore che crea un\u2019impresa, dovresti gi\u00e0 mettere in conto di rimanere per 6 mesi, o addirittura un anno, senza poterti pagare attraverso l\u2019attivit\u00e0 (quindi prevedere indennit\u00e0 o altre risorse compensative), per il tempo necessario ad affermare la tua attivit\u00e0 nella mente dei potenziali consumatori.<\/p>\n\n\n\n<h3 class=\"wp-block-heading\">Supporto della famiglia, come minimo (o comunque non opposizione)<\/h3>\n\n\n\n<p>La famiglia dev\u2019essere d\u2019accordo, o comunque non opporsi, altrimenti diventa complicato.<\/p>\n\n\n\n<p>Avviare una nuova attivit\u00e0 significa fare dei sacrifici a casa, il che si traduce in un tenore di vita decisamente pi\u00f9 basso all\u2019inizio, in una minore presenza fisica e in una minore disponibilit\u00e0.<\/p>\n\n\n\n<p>Questa situazione di disagio non deve assolutamente durare per anni.<\/p>\n\n\n\n<h2 class=\"wp-block-heading has-text-color\" style=\"color:#E53B12\"><br>Scegli tra diversi tipi di imprenditorialit\u00e0\u2026 con una libert\u00e0 modulata<\/h2>\n\n\n\n<h3 class=\"wp-block-heading\"><strong>Veramente da zero: indipendenza totale\u2026 ma partendo dal nulla<\/strong><\/h3>\n\n\n\n<p>L\u2019azienda viene costituita sulla base delle proprie competenze in un settore particolare \u2013 ristorazione, comunicazione, ecc\u2026 \u2013 oppure lanciando un prodotto o un servizio inesistente (idea scoperta all\u2019estero\u2026). Considerando tutti i tipi di attivit\u00e0 (artigianato, ecc.), nel 2021 in Francia sono state create quasi un milione di imprese.<\/p>\n\n\n\n<p>In questo caso, per dare vita alla tua idea e trasformarla in business, devi costruire tutto, dalla ricerca del prezzo giusto alle tecniche di vendita. Eh gi\u00e0. Ma rischio massimo significa massimo ritorno sull\u2019investimento.<\/p>\n\n\n\n<h3 class=\"wp-block-heading\">Rilevare un\u2019azienda: cercare di fare (molto) meglio<\/h3>\n\n\n\n<p>Il rilevamento di un\u2019impresa pu\u00f2 avvenire in maniera indipendente, ma anche nel contesto dell\u2019artigianato o del franchising.<br>Ogni anno, in Francia, pi\u00f9 di 185.000 imprese potrebbero essere cedute, ma solo 51.000 passano effettivamente di mano (fonte: BPCE L\u2019Observatoire).<\/p>\n\n\n\n<p>Rilevare un\u2019azienda \u00e8 pi\u00f9 costoso che avviarla, richiede 12-18 mesi per trovare l\u2019attivit\u00e0 giusta e comporta una gestione pi\u00f9 complessa delle risorse umane (e non c\u2019\u00e8 tempo per adattarsi!).<br>Ciononostante, offre un certo grado di comodit\u00e0 al manager: reputazione e know-how esistenti, team gi\u00e0 in loco, base di clienti esistente, ecc.<\/p>\n\n\n\n<h2 class=\"wp-block-heading has-text-color\" style=\"color:#E53B12\">Decidere se affiliarsi o meno al franchising, considerando vantaggi e vincoli<\/h2>\n\n\n\n<h3 class=\"wp-block-heading\">3 pilastri (per costruire il successo)<\/h3>\n\n\n\n<p>Il sistema di franchising, sviluppato in Francia a partire dagli anni \u201970 e che oggi conta 80.000 punti vendita in franchising, si basa su tre pilastri:<\/p>\n\n\n\n<p><strong>Il brand:<\/strong> la reputazione del marchio genera traffico di clienti nel punto vendita, conferisce credibilit\u00e0 alla ricerca di finanziamenti per i locali commerciali e ti permette di beneficiare delle partnership nazionali create dal franchisor (commercialisti, ecc.). Offre al\/la candidato\/a imprenditore\/trice competente l\u2019opportunit\u00e0 di essere considerato\/a fin dall\u2019inizio come uno\/a specialista del suo settore.<\/p>\n\n\n\n<p><strong>\u00a0Know-how differenziato:<\/strong> il ventaglio di competenze necessario \u00e8 stato sperimentato e testato in una configurazione identica a quella offerta all\u2019affiliato per un periodo di tempo significativo.<\/p>\n\n\n\n<p>Questo bagaglio di conoscenze \u00e8 specifico del marchio e viene trasmesso attraverso una formazione iniziale e continua.<\/p>\n\n\n\n<p>All\u2019affiliato deve essere garantito di guadagnare molto di pi\u00f9 rispetto a un lavoratore autonomo che svolge la stessa attivit\u00e0 e di poter migliorare costantemente grazie alle innovazioni che sono state convalidate nelle unit\u00e0 pilota.<\/p>\n\n\n\n<p>\u00a0<strong>Assistenza tecnica e commerciale continua:<\/strong> Il pacchetto di servizi comprende l\u2019assistenza per il lancio del punto vendita, il supporto del team del franchisor tramite una hotline o in loco per tutta la durata del contratto e una centrale di acquisto o di riferimento per beneficiare di condizioni di fornitura preferenziali. L\u2019assistenza permette di eliminare tre pregiudizi che hanno le persone sull\u2019imprenditoria: il senso di isolamento, la paura dell\u2019ignoto e la solitudine dell\u2019imprenditore.<\/p>\n\n\n\n<p>L\u2019attrattiva del sistema rimane invariata: mentre il 28% dei francesi sta pensando di avviare un\u2019attivit\u00e0 in proprio, il 43% vuole farlo in franchising.<\/p>\n\n\n\n<p>Inoltre, secondo l\u2019indagine annuale di Banque Populaire, l\u201989% dei franchisee raccomanderebbe il modello del franchising a un imprenditore.<\/p>\n\n\n\n<h3 class=\"wp-block-heading\">Una (buona) idea imprenditoriale\u2026 n\u00e9 gratuita n\u00e9 priva di doveri<\/h3>\n\n\n\n<p>Oltre a questi vantaggi, ci sono due aspetti negativi in qualsiasi contratto di franchising:<\/p>\n\n\n\n<p>L\u2019affiliato deve applicare rigorosamente il concept, identificato e codificato in manuali operativi accessibili online. <\/p>\n\n\n\n<p>Gli affiliati sono responsabili dei propri rischi e investimenti, e in particolare sono:<\/p>\n\n\n\n<ul class=\"wp-block-list\">\n<li>Proprietari dell\u2019attivit\u00e0,<\/li>\n\n\n\n<li>Responsabili della ricerca di clienti e della vendita dei prodotti e dei servizi dell\u2019azienda,<\/li>\n\n\n\n<li>Responsabili della comunicazione locale nell\u2019area di prospezione assegnata al proprio punto vendita.<\/li>\n<\/ul>\n\n\n\n<p>\u00a0\u00a0\u00a0 L\u2019affiliato paga questi servizi attraverso una serie di fees:<\/p>\n\n\n\n<ul class=\"wp-block-list\">\n<li>La quota iniziale, che corrisponde all\u2019investimento e ai costi del franchisor, in particolare quelli relativi allo sviluppo e all\u2019assistenza,<\/li>\n\n\n\n<li>Le royalties, destinate a coprire i costi di sfruttamento del concept e i servizi offerti dal franchisor,<\/li>\n\n\n\n<li>E infine le spese di comunicazione (o pubblicit\u00e0), ovvero le campagne pubblicitarie volte a generare traffico di clienti in tutti o alcuni dei punti vendita della rete.<\/li>\n<\/ul>\n\n\n\n<p><strong>&gt;&gt; <\/strong><a rel=\"noreferrer noopener\" href=\"https:\/\/lexpress-franchise.com\/it\/selectionner-une-liste-denseignes-correspondant-a-son-projet\/\" target=\"_blank\"><strong>Come si crea un franchising?<\/strong> <strong>Fase 2: seleziona un elenco di segni&#8230; che corrispondono al tuo progetto.<\/strong><\/a><\/p>\n","protected":false},"excerpt":{"rendered":"<p>Metterti in proprio pu\u00f2 cambiarti la vita, sul piano professionale, certo, ma anche, di conseguenza, a livello personale e familiare. Bisogna quindi capire bene cosa comporta diventare il capo di se stessi. Dovrai prima stabilire se altre strade potrebbero essere pi\u00f9 adatte (come aprire un\u2019attivit\u00e0 completamente indipendente) e scegliere poi il sistema del franchising, impegnativo [&hellip;]<\/p>\n","protected":false},"author":24,"featured_media":97941,"parent":0,"menu_order":0,"comment_status":"closed","ping_status":"closed","template":"","meta":{"_acf_changed":false,"_seopress_robots_primary_cat":"","_seopress_titles_title":"%%post_title%% %%sep%% %%sitetitle%%","_seopress_titles_desc":"Per cambiare la tua vita professionale, devi capire cosa significa diventare amministratore di una societ\u00e0.\r\n%%sitetitle%% ti dice di pi\u00f9.","_seopress_robots_index":"","content-type":"","_relevanssi_hide_post":"","_relevanssi_hide_content":"","_relevanssi_pin_for_all":"","_relevanssi_pin_keywords":"","_relevanssi_unpin_keywords":"","_relevanssi_related_keywords":"","_relevanssi_related_include_ids":"","_relevanssi_related_exclude_ids":"","_relevanssi_related_no_append":"","_relevanssi_related_not_related":"","_relevanssi_related_posts":"90547,83927,84029,83357,84480,84496","_relevanssi_noindex_reason":"","footnotes":""},"category_page":[170],"class_list":{"0":"post-149110","1":"page","2":"type-page","3":"status-publish","4":"has-post-thumbnail","6":"category_page-livre-blanc"},"acf":[],"_links":{"self":[{"href":"https:\/\/lexpress-franchise.com\/it\/wp-json\/wp\/v2\/pages\/149110","targetHints":{"allow":["GET"]}}],"collection":[{"href":"https:\/\/lexpress-franchise.com\/it\/wp-json\/wp\/v2\/pages"}],"about":[{"href":"https:\/\/lexpress-franchise.com\/it\/wp-json\/wp\/v2\/types\/page"}],"author":[{"embeddable":true,"href":"https:\/\/lexpress-franchise.com\/it\/wp-json\/wp\/v2\/users\/24"}],"replies":[{"embeddable":true,"href":"https:\/\/lexpress-franchise.com\/it\/wp-json\/wp\/v2\/comments?post=149110"}],"version-history":[{"count":1,"href":"https:\/\/lexpress-franchise.com\/it\/wp-json\/wp\/v2\/pages\/149110\/revisions"}],"predecessor-version":[{"id":1138292,"href":"https:\/\/lexpress-franchise.com\/it\/wp-json\/wp\/v2\/pages\/149110\/revisions\/1138292"}],"wp:featuredmedia":[{"embeddable":true,"href":"https:\/\/lexpress-franchise.com\/it\/wp-json\/wp\/v2\/media\/97941"}],"wp:attachment":[{"href":"https:\/\/lexpress-franchise.com\/it\/wp-json\/wp\/v2\/media?parent=149110"}],"wp:term":[{"taxonomy":"category_page","embeddable":true,"href":"https:\/\/lexpress-franchise.com\/it\/wp-json\/wp\/v2\/category_page?post=149110"}],"curies":[{"name":"wp","href":"https:\/\/api.w.org\/{rel}","templated":true}]}}