{"id":148627,"date":"2022-05-02T11:57:50","date_gmt":"2022-05-02T09:57:50","guid":{"rendered":"https:\/\/lexpress-franchise.com\/it\/deux-difficultes-majeures-a-anticiper-au-demarrage\/"},"modified":"2024-07-26T10:37:07","modified_gmt":"2024-07-26T08:37:07","slug":"deux-difficultes-majeures-a-anticiper-au-demarrage","status":"publish","type":"page","link":"https:\/\/lexpress-franchise.com\/it\/deux-difficultes-majeures-a-anticiper-au-demarrage\/","title":{"rendered":"Le due principali difficolt\u00e0 da mettere in conto all\u2019avvio dell\u2019attivit\u00e0"},"content":{"rendered":"\n<p><strong>Posso aprire un franchising senza investire soldi miei? Sicuramente \u00e8 possibile, ma i servizi del marchio saranno proporzionali a questo investimento iniziale per la creazione del franchising\u2026<\/strong><\/p>\n\n\n\n<hr class=\"wp-block-separator has-text-color has-css-opacity has-background is-style-dots\" style=\"background-color:#E53B12;color:#E53B12\"\/>\n\n\n\n<p>Quindi \u00e8 meglio correre un rischio finanziario, a volte anche notevole, per avviare un franchising, nella speranza di un pi\u00f9 rapido ritorno sull\u2019investimento.<\/p>\n\n\n\n<p>Anche dopo che il franchisor ha accettato di inserirti nella rete, ci sono ancora due fattori che possono rendere difficile il lancio della tua attivit\u00e0: ottenere i finanziamenti per il tuo progetto e trovare locali che soddisfino i requisiti del franchisor e che siano ben situati. Ecco come anticipare al meglio queste due fasi cruciali per il successo commerciale del tuo progetto.<\/p>\n\n\n\n<h2 class=\"wp-block-heading has-text-color\" style=\"color:#E53B12\">Finanziamenti: Ma quanto mi costi?<\/h2>\n\n\n\n<h3 class=\"wp-block-heading\">Conta su di te\u2026 per far tornare i conti<\/h3>\n\n\n\n<p>Business plan non ottimizzati, fasi della ricerca di mercato e della strategia di vendita trascurate\u2026 Le difficolt\u00e0 nell\u2019ottenere un prestito professionale sono generalmente dovute a una mancanza di preparazione da parte dell\u2019aspirante imprenditore, che deve invece semplicemente dimostrare di essere credibile nel portare avanti il progetto.<\/p>\n\n\n\n<p>Altri motivi di rifiuto sono legati ai criteri di selezione della banca. Alcuni settori, ad esempio, sono pi\u00f9 incerti oppure la normativa che li inquadra risulta a volte instabile. \u00c8 sempre meglio scegliere un\u2019attivit\u00e0 in linea con le aspettative dei consumatori, preferibilmente in un mercato in espansione.<\/p>\n\n\n\n<h3 class=\"wp-block-heading\">Non fare i conti senza l\u2019oste<\/h3>\n\n\n\n<p>Indipendentemente dal loro curriculum, gli aspiranti imprenditori devono \u201cguardarsi intorno\u201d.<\/p>\n\n\n\n<p>Innanzitutto, <strong>per confrontare<\/strong> i diversi istituti di credito, che possono avere approcci diversi e diversi criteri di selezione<\/p>\n\n\n\n<p>In secondo luogo, <strong>perch\u00e9 il coinvolgimento e la pertinenza del consulente professionale o del responsabile commerciale della filiale bancaria<\/strong> dipendono dalla persona con cui hai a che fare per difendere il tuo futuro. Questa persona dev\u2019essere un uomo (o una donna) del settore, capace come minimo di interpretare i conti e i bilanci di un\u2019azienda e in grado di prendere una decisione, e in caso contrario, di portare il tuo caso all\u2019attenzione dei suoi superiori.<\/p>\n\n\n\n<h3 class=\"wp-block-heading\">E a conti fatti\u2026 niente trucchetti<\/h3>\n\n\n\n<p>Al momento della presentazione della domanda di finanziamento, tre parametri saranno determinanti:<\/p>\n\n\n\n<ul class=\"wp-block-list\">\n<li><strong>Il profilo del candidato:<\/strong> Mai (mai, mai) fare una scelta imprenditoriale di default, le qualit\u00e0 intrinseche del candidato devono essere coerenti con l\u2019attivit\u00e0 prevista\u2026<\/li>\n\n\n\n<li><strong>La coerenza della domanda presentata:<\/strong> business plan (parte redatta e tabelle), concept che si adatta bene al bacino di utenza in relazione alla concorrenza (studio di mercato), ecc.<\/li>\n\n\n\n<li><strong>La credibilit\u00e0 delle cifre previste per il progetto:<\/strong> location di qualit\u00e0 in grado di generare un flusso di clienti in linea con le vendite attese, crescita del fatturato ben calcolata piuttosto che proiezioni pompate.<\/li>\n<\/ul>\n\n\n\n<p>Se stai acquistando un immobile, non c\u2019\u00e8 bisogno di ricordarti quanto sia difficile trovare il mutuo giusto: ti rivolgerai naturalmente al tuo banchiere, ad altri istituti o addirittura a un broker.<br>Fai lo stesso per diventare un franchisee: sfrutta la concorrenza per ottenere finanziamenti mensili ragionevoli e adatti al tuo stile di vita.<\/p>\n\n\n\n<h2 class=\"wp-block-heading has-text-color\" style=\"color:#E53B12\">Locale: chi cerca trova<\/h2>\n\n\n\n<h3 class=\"wp-block-heading\">Location e dimensioni contano<\/h3>\n\n\n\n<p>Nel commercio, la posizione rimane la virt\u00f9 cardinale e il flusso di clienti \u00e8 la chiave per scegliere i locali migliori. <\/p>\n\n\n\n<p>Tuttavia, il reperimento di locali commerciali rimane la principale difficolt\u00e0 (insieme al finanziamento del progetto) che i franchisee devono affrontare prima del lancio dell\u2019attivit\u00e0. Tutte le catene sono in forte competizione per aggiudicarsi i migliori siti, spesso con superfici simili.<\/p>\n\n\n\n<p>Inoltre, il locale deve essere conforme ai requisiti specifici del marchio, ad esempio in termini di spazio per le finestre o di dimensioni del magazzino. Deve essere, in ogni caso, approvato dal franchisor.<\/p>\n\n\n\n<h3 class=\"wp-block-heading\">Ricerca rigorosa e strategica<\/h3>\n\n\n\n<p>Per questo motivo \u00e8 bene pianificare in anticipo la ricerca del tuo futuro locale commerciale, adottando un\u2019organizzazione rigorosa:<\/p>\n\n\n\n<ul class=\"wp-block-list\">\n<li>Il primo passo \u00e8 <strong>informarsi<\/strong> sul locale, a partire dalle clausole di un contratto di locazione (oneri, attivit\u00e0, trasferimento, risoluzione, ecc.).<\/li>\n\n\n\n<li>Quindi, <strong>esplora<\/strong> tutte le vie pubblicitarie disponibili, senza dimenticare le persone a te vicine e il passaparola.<\/li>\n\n\n\n<li>Infine, <strong>adotta<\/strong> una tabella di marcia che preveda visite in loco e discussioni con i residenti e i negozianti della zona.<\/li>\n<\/ul>\n\n\n\n<p>Devi <strong>candidarti per pi\u00f9 locali contemporaneamente<\/strong>, per gestire meglio lo stress e la delusione in caso uno non vada in porto e per rendere pi\u00f9 facile la negoziazione con il proprietario.<\/p>\n\n\n\n<p>Infine, prendi in considerazione la possibilit\u00e0 di collaborare con un city manager. Questo esperto conosce gli attori pubblici e privati della zona, i progetti urbanistici e commerciali, i costi dei siti e, naturalmente, i locali disponibili o in procinto di esserlo, nonch\u00e9 le nuove unit\u00e0 commerciali.<\/p>\n\n\n\n<p>Devi pensare come quando acquisti un immobile: come posso sentirmi bene in casa mia se l\u2019ambiente circostante non contribuisce al mio piacere di trasferirmi in un nuovo posto?<br>Pi\u00f9 \u00e8 difficile raggiungere i servizi (pi\u00f9 i clienti avranno difficolt\u00e0 a raggiungerti), meno mi piacer\u00e0 la mia nuova situazione.<\/p>\n\n\n\n<h3 class=\"wp-block-heading\">Punti chiave da ricordare<\/h3>\n\n\n\n<p>Business plan, studio di mercato, strategia commerciale\u2026 Per trovare finanziamenti, l\u2019aspirante imprenditore deve dimostrare di essere credibile.<\/p>\n\n\n\n<p>Nel settore del commercio, la posizione rimane la virt\u00f9 cardinale e il flusso di clienti \u00e8 la chiave per scegliere i locali migliori, quindi \u00e8 importante pianificare in anticipo la ricerca dei tuoi futuri locali, adottando una tabella di marcia rigorosa.<\/p>\n\n\n\n<p>Devi pianificare in anticipo la ricerca del tuo futuro locale commerciale, imponendoti un\u2019organizzazione rigorosa.<\/p>\n\n\n\n<p><strong>&lt;&lt; <a href=\"https:\/\/lexpress-franchise.com\/it\/reussir-le-parcours-de-selection-reciproque-et-contractualiser\/\">Come si crea un franchising?\nFase 4: Completa con successo il processo di selezione reciproca&#8230; e firma il contratto! <\/a><\/strong><\/p>\n","protected":false},"excerpt":{"rendered":"<p>Posso aprire un franchising senza investire soldi miei? Sicuramente \u00e8 possibile, ma i servizi del marchio saranno proporzionali a questo investimento iniziale per la creazione del franchising\u2026 Quindi \u00e8 meglio correre un rischio finanziario, a volte anche notevole, per avviare un franchising, nella speranza di un pi\u00f9 rapido ritorno sull\u2019investimento. Anche dopo che il franchisor [&hellip;]<\/p>\n","protected":false},"author":24,"featured_media":98049,"parent":0,"menu_order":4,"comment_status":"closed","ping_status":"closed","template":"","meta":{"_acf_changed":false,"_seopress_robots_primary_cat":"","_seopress_titles_title":"Due sono le principali difficolt\u00e0 da prevedere quando si avvia un %%sitetitle%%","_seopress_titles_desc":"Ci sono ancora due cose che rendono difficile l'avvio di un'attivit\u00e0: ottenere finanziamenti e trovare locali.\r\n %%sitetitle%% spiega.","_seopress_robots_index":"","content-type":"","_relevanssi_hide_post":"","_relevanssi_hide_content":"","_relevanssi_pin_for_all":"","_relevanssi_pin_keywords":"","_relevanssi_unpin_keywords":"","_relevanssi_related_keywords":"","_relevanssi_related_include_ids":"","_relevanssi_related_exclude_ids":"","_relevanssi_related_no_append":"","_relevanssi_related_not_related":"","_relevanssi_related_posts":"90303,90672,83927,83666,84458,90773","_relevanssi_noindex_reason":"","footnotes":""},"category_page":[170],"class_list":{"0":"post-148627","1":"page","2":"type-page","3":"status-publish","4":"has-post-thumbnail","6":"category_page-livre-blanc"},"acf":[],"_links":{"self":[{"href":"https:\/\/lexpress-franchise.com\/it\/wp-json\/wp\/v2\/pages\/148627","targetHints":{"allow":["GET"]}}],"collection":[{"href":"https:\/\/lexpress-franchise.com\/it\/wp-json\/wp\/v2\/pages"}],"about":[{"href":"https:\/\/lexpress-franchise.com\/it\/wp-json\/wp\/v2\/types\/page"}],"author":[{"embeddable":true,"href":"https:\/\/lexpress-franchise.com\/it\/wp-json\/wp\/v2\/users\/24"}],"replies":[{"embeddable":true,"href":"https:\/\/lexpress-franchise.com\/it\/wp-json\/wp\/v2\/comments?post=148627"}],"version-history":[{"count":1,"href":"https:\/\/lexpress-franchise.com\/it\/wp-json\/wp\/v2\/pages\/148627\/revisions"}],"predecessor-version":[{"id":1382079,"href":"https:\/\/lexpress-franchise.com\/it\/wp-json\/wp\/v2\/pages\/148627\/revisions\/1382079"}],"wp:featuredmedia":[{"embeddable":true,"href":"https:\/\/lexpress-franchise.com\/it\/wp-json\/wp\/v2\/media\/98049"}],"wp:attachment":[{"href":"https:\/\/lexpress-franchise.com\/it\/wp-json\/wp\/v2\/media?parent=148627"}],"wp:term":[{"taxonomy":"category_page","embeddable":true,"href":"https:\/\/lexpress-franchise.com\/it\/wp-json\/wp\/v2\/category_page?post=148627"}],"curies":[{"name":"wp","href":"https:\/\/api.w.org\/{rel}","templated":true}]}}