{"id":1490950,"date":"2025-12-07T10:18:51","date_gmt":"2025-12-07T09:18:51","guid":{"rendered":"https:\/\/lexpress-franchise.com\/fr-ma\/referencer-sa-franchise\/"},"modified":"2026-04-07T12:30:09","modified_gmt":"2026-04-07T10:30:09","slug":"referencer-sa-franchise","status":"publish","type":"page","link":"https:\/\/lexpress-franchise.com\/fr-ma\/referencer-sa-franchise\/","title":{"rendered":"R\u00e9f\u00e9rencer sa franchise"},"content":{"rendered":"","protected":false},"excerpt":{"rendered":"","protected":false},"author":1,"featured_media":0,"parent":0,"menu_order":0,"comment_status":"closed","ping_status":"closed","template":"","meta":{"_acf_changed":false,"_seopress_robots_primary_cat":"","_seopress_titles_title":"R\u00e9f\u00e9rencer sa franchise gr\u00e2ce \u00e0 L'Express Franchise","_seopress_titles_desc":"R\u00e9f\u00e9rencer sa franchise avec L'Express Franchise : attirez des candidats qualifi\u00e9s avec notre visibilit\u00e9 m\u00e9diatique et nos outils marketing performants.","_seopress_robots_index":"","content-type":"","_relevanssi_hide_post":"","_relevanssi_hide_content":"","_relevanssi_pin_for_all":"","_relevanssi_pin_keywords":"","_relevanssi_unpin_keywords":"","_relevanssi_related_keywords":"","_relevanssi_related_include_ids":"","_relevanssi_related_exclude_ids":"","_relevanssi_related_no_append":"","_relevanssi_related_not_related":"","_relevanssi_related_posts":"","_relevanssi_noindex_reason":"","footnotes":""},"category_page":[],"class_list":["post-1490950","page","type-page","status-publish"],"acf":[],"_links":{"self":[{"href":"https:\/\/lexpress-franchise.com\/fr-ma\/wp-json\/wp\/v2\/pages\/1490950","targetHints":{"allow":["GET"]}}],"collection":[{"href":"https:\/\/lexpress-franchise.com\/fr-ma\/wp-json\/wp\/v2\/pages"}],"about":[{"href":"https:\/\/lexpress-franchise.com\/fr-ma\/wp-json\/wp\/v2\/types\/page"}],"author":[{"embeddable":true,"href":"https:\/\/lexpress-franchise.com\/fr-ma\/wp-json\/wp\/v2\/users\/1"}],"replies":[{"embeddable":true,"href":"https:\/\/lexpress-franchise.com\/fr-ma\/wp-json\/wp\/v2\/comments?post=1490950"}],"version-history":[{"count":1,"href":"https:\/\/lexpress-franchise.com\/fr-ma\/wp-json\/wp\/v2\/pages\/1490950\/revisions"}],"predecessor-version":[{"id":1537676,"href":"https:\/\/lexpress-franchise.com\/fr-ma\/wp-json\/wp\/v2\/pages\/1490950\/revisions\/1537676"}],"wp:attachment":[{"href":"https:\/\/lexpress-franchise.com\/fr-ma\/wp-json\/wp\/v2\/media?parent=1490950"}],"wp:term":[{"taxonomy":"category_page","embeddable":true,"href":"https:\/\/lexpress-franchise.com\/fr-ma\/wp-json\/wp\/v2\/category_page?post=1490950"}],"curies":[{"name":"wp","href":"https:\/\/api.w.org\/{rel}","templated":true}]}}