{"id":1484843,"date":"2022-02-10T15:51:04","date_gmt":"2022-02-10T14:51:04","guid":{"rendered":"https:\/\/lexpress-franchise.com\/fr-ma\/politique-de-confidentialite\/"},"modified":"2022-02-10T15:51:04","modified_gmt":"2022-02-10T14:51:04","slug":"politique-de-confidentialite","status":"publish","type":"page","link":"https:\/\/lexpress-franchise.com\/fr-ma\/politique-de-confidentialite\/","title":{"rendered":"Politique de confidentialit\u00e9"},"content":{"rendered":"\n<p>L\u2019acc\u00e8s et l\u2019utilisation du Service de mise en relation entre le Candidat \u00e0 la franchise et la T\u00eate de r\u00e9seau impliquent le recueil de donn\u00e9es personnelles concernant le prospect Candidat et T\u00eate de r\u00e9seau. Au cas particulier, lors du remplissage du questionnaire, les Candidats transmettent des informations les concernant. Il en est de m\u00eame pour les T\u00eates de r\u00e9seau lors de la transmission de la fiche d\u2019informations. En cas de non-consentement de la personne concern\u00e9e \u00e0 fournir ses donn\u00e9es personnelles, celle-ci ne pourra pas acc\u00e9der et utiliser le service.&nbsp;\u00bb<\/p>\n\n\n\n<p>La Soci\u00e9t\u00e9, en tant que Responsable de traitement, est sensible \u00e0 la protection de vos donn\u00e9es \u00e0 caract\u00e8re personnel. \u00c0 ce titre, la pr\u00e9sente politique de confidentialit\u00e9 a pour objet d\u2019informer les Candidats \u00e0 la franchise et les T\u00eates de r\u00e9seau de la mani\u00e8re dont leurs donn\u00e9es sont trait\u00e9es et de leur assurer du respect de la r\u00e9glementation \u00e9tablie notamment par le R\u00e8glement europ\u00e9en UE2016\/679 du 27 avril 2016 ainsi que de la loi 78-17 Informatique et Libert\u00e9s modifi\u00e9e du 6 janvier 1978.<\/p>\n\n\n\n<p>Cette politique de confidentialit\u00e9 est applicable \u00e0 l&#8217;ensemble de la Plateforme. Cette politique \u00e9tant vou\u00e9e \u00e0 \u00eatre mise \u00e0 jour selon les dispositions l\u00e9gales et les services propos\u00e9s par la Soci\u00e9t\u00e9, les Candidats \u00e0 la franchise et les T\u00eates de r\u00e9seau sont invit\u00e9s \u00e0 la consulter le plus fr\u00e9quemment possible.<\/p>\n\n\n\n<h2 class=\"wp-block-heading\">1. Quelles donn\u00e9es personnelles sont collect\u00e9es ?<\/h2>\n\n\n\n<p>Plusieurs types de donn\u00e9es \u00e0 caract\u00e8re personnel peuvent \u00eatre collect\u00e9s sur le site et autres solutions digitales, notamment :<\/p>\n\n\n\n<ul class=\"wp-block-list\">\n<li>votre nom et vos coordonn\u00e9es, y compris vos adresses \u00e9lectronique et postale,<\/li>\n\n\n\n<li>votre fonction,<\/li>\n\n\n\n<li>vos num\u00e9ros de t\u00e9l\u00e9phone et de t\u00e9l\u00e9copie.<\/li>\n<\/ul>\n\n\n\n<h2 class=\"wp-block-heading\">2. Pourquoi certaines de mes donn\u00e9es sont-elles collect\u00e9es ?<\/h2>\n\n\n\n<p>Vos donn\u00e9es personnelles nous permettent de traiter vos demandes de mise en relation Candidat\/T\u00eate de r\u00e9seau.<\/p>\n\n\n\n<h2 class=\"wp-block-heading\">3. Combien de temps mes donn\u00e9es sont-elles conserv\u00e9es ?<\/h2>\n\n\n\n<p>Les donn\u00e9es collect\u00e9es seront trait\u00e9es et conserv\u00e9es pendant la dur\u00e9e n\u00e9cessaire au regard des finalit\u00e9s pour lesquelles elles sont trait\u00e9es, dans le respect des normes, r\u00e8glements et textes en vigueur.<\/p>\n\n\n\n<p>N\u00e9anmoins et conform\u00e9ment \u00e0 l&#8217;article 5 du RGPD, certaines donn\u00e9es \u00e0 caract\u00e8re personnel pourront \u00eatre \u00ab&nbsp;conserv\u00e9es pour des dur\u00e9es plus longues dans la mesure o\u00f9 elles seront trait\u00e9es exclusivement \u00e0 des fins archivistiques dans l&#8217;int\u00e9r\u00eat public, \u00e0 des fins de recherche scientifique ou historique ou \u00e0 des fins statistiques&nbsp;\u00bb. <strong><br><\/strong><\/p>\n\n\n\n<h2 class=\"wp-block-heading\">4. Qu&#8217;en est-il de l&#8217;utilisation des cookies ?<\/h2>\n\n\n\n<p>Un cookie est une suite d&#8217;information envoy\u00e9e par un serveur \u00e0 un visiteur. Sous forme de fichier informatique, il est d\u00e9pos\u00e9 sur le disque dur via le navigateur du visiteur afin d&#8217;y collecter des informations.<\/p>\n\n\n\n<p>Il existe plusieurs types de cookies :<\/p>\n\n\n\n<ul class=\"wp-block-list\">\n<li>Les cookies techniques et strictement n\u00e9cessaires : Ces cookies permettent d&#8217;enregistrer les informations saisies par le visiteur, de suivre la navigation d&#8217;un visiteur afin d&#8217;assurer une qualit\u00e9 de navigation sur les pages visit\u00e9es, de mettre en \u0153uvre certaines mesures de s\u00e9curit\u00e9 et d&#8217;acc\u00e9der \u00e0 votre espace personnel. Le site ne peut pas fonctionner correctement sans ces cookies.<\/li>\n\n\n\n<li>Les cookies de mesure d&#8217;audience et de statistique : Ces cookies permettent d\u2019obtenir des donn\u00e9es concernant l\u2019utilisation de nos pages web et d&#8217;en am\u00e9liorer certains aspects techniques et ergonomiques. Nous n\u2019utilisons pas de cookies pour mesurer l&#8217;audience et effectuer des statistiques.<\/li>\n\n\n\n<li>Les cookies publicitaires : Ces cookies permettent de diffuser de la publicit\u00e9 personnalis\u00e9e dans les espaces r\u00e9serv\u00e9s sur notre Plateforme, de comptabiliser les affichages des publicit\u00e9s ainsi que de reconna\u00eetre votre navigateur lors de prochaines visites sur notre Plateforme. Ces cookies peuvent \u00eatre install\u00e9s par nous ou nos partenaires publicitaires. Ils permettront d&#8217;\u00e9tablir un profil unique de visiteur.<\/li>\n\n\n\n<li>Les cookies des r\u00e9seaux sociaux : Les cookies des r\u00e9seaux sociaux vous permettent de partager les contenus de notre site avec d\u2019autres personnes ou de faire conna\u00eetre votre opinion sur un contenu du site \u00e0 des tiers. Ces cookies tiers sont destin\u00e9s \u00e0 am\u00e9liorer l\u2019interactivit\u00e9 du site et son contenu multim\u00e9dia.<\/li>\n<\/ul>\n\n\n\n<p>Dur\u00e9e de conservation des cookies :<\/p>\n\n\n\n<p>Les dur\u00e9es de conservation des cookies n\u2019exc\u00e9deront pas 13 mois apr\u00e8s leur premier d\u00e9p\u00f4t dans le terminal des visiteurs. Un nouveau consentement sera demand\u00e9 \u00e0 l&#8217;issue de ce d\u00e9lai.<\/p>\n\n\n\n<p>Certains cookies techniques et fonctionnels sont essentiels et ne n\u00e9cessitent pas le consentement de l&#8217;utilisateur. Les autres cookies n\u00e9cessitent le consentement de l&#8217;utilisateur qui peut le retirer \u00e0 tout moment.<\/p>\n\n\n\n<p>Vous pouvez supprimer les cookies, et ce \u00e0 tout moment, en param\u00e9trant les pr\u00e9f\u00e9rences de votre navigateur \u00e0 partir des options de celui-ci. Vous pouvez \u00e9galement vous opposer \u00e0 l&#8217;ensemble ou \u00e0 certains cookies en param\u00e9trant vos pr\u00e9f\u00e9rences de navigation dans le bandeau de recueil de consentement des cookies.<\/p>\n\n\n\n<h2 class=\"wp-block-heading\">5. G\u00e9rer vos cookies<\/h2>\n\n\n<script\n\t\ttype=\"text\/javascript\"\n\t\tid=\"CookieDeclaration\"\n\t\tsrc=\"https:\/\/consent.cookiebot.com\/a117ca0c-f6b9-4821-a945-0462d6f4cae4\/cd.js\"\n\t\t\tdata-culture=\"FR\"\n\t\tasync><\/script>\n\n\n\n\n<h2 class=\"wp-block-heading\">6. Sur quels fondements juridiques reposent les traitements de mes donn\u00e9es ?<\/h2>\n\n\n\n<p>Les traitements de vos donn\u00e9es collect\u00e9es ont pour base l\u00e9gale l\u2019int\u00e9r\u00eat l\u00e9gitime li\u00e9 \u00e0 nos activit\u00e9s, conform\u00e9ment aux dispositions du RGPD.<strong><br><\/strong><\/p>\n\n\n\n<h2 class=\"wp-block-heading\">7. Quels sont les destinataires de mes donn\u00e9es ?<\/h2>\n\n\n\n<p>Les donn\u00e9es personnelles vous concernant ne seront destin\u00e9es qu&#8217;aux services et personnes de<br>la Soci\u00e9t\u00e9 L&#8217;EXPRESS CONNECT habilit\u00e9s \u00e0 les traiter, conform\u00e9ment aux finalit\u00e9s d\u00e9termin\u00e9es.<br>Ces donn\u00e9es peuvent \u00e9galement \u00eatre communiqu\u00e9es aux personnes r\u00e9f\u00e9renc\u00e9es pour la<br>r\u00e9alisation des finalit\u00e9s du traitement. Aussi, elles seront transmises aux T\u00eates de r\u00e9seau ayant<br>souscrit un abonnement aupr\u00e8s de la soci\u00e9t\u00e9 L&#8217;EXPRESS CONNECT, dans le cadre de leur mise en<br>relation avec les Candidats ayant rempli une fiche information au moment de la cr\u00e9ation de leur<br>compte.\u00a0<\/p>\n\n\n\n<h2 class=\"wp-block-heading\">8. Mes donn\u00e9es sortiront-elles de l\u2019Union europ\u00e9enne ?<\/h2>\n\n\n\n<p>Certaines donn\u00e9es peuvent \u00eatre transf\u00e9r\u00e9es aupr\u00e8s de T\u00eates de r\u00e9seau ou de personnes r\u00e9f\u00e9renc\u00e9es \u00e9tablis en dehors de l&#8217;Union europ\u00e9enne \u00e0 la condition qu\u2019ils pr\u00e9sentent les garanties suffisantes au regard des exigences du RGPD, notamment si les pays pr\u00e9sentent un niveau ad\u00e9quat de protection, conform\u00e9ment aux articles 44 et suivants du R\u00e8glement europ\u00e9en UE2016\/679 du 27 avril 2016.<\/p>\n\n\n\n<h2 class=\"wp-block-heading\">9. Mes donn\u00e9es sont-elles s\u00e9curis\u00e9es lors de leurs traitements ?<\/h2>\n\n\n\n<p>Toutes les personnes ayant acc\u00e8s \u00e0 vos donn\u00e9es sont habilit\u00e9es et tenues par une obligation de confidentialit\u00e9.<br>\u00c0 ce titre et conform\u00e9ment \u00e0 l\u2019article 32 du RGPD, la Plateforme ainsi que l\u2019ensemble des personnes r\u00e9f\u00e9renc\u00e9es s\u2019engagent \u00e0 mettre en \u0153uvre toutes les mesures techniques et organisationnelles n\u00e9cessaires en vue de garantir la s\u00e9curit\u00e9 ainsi que la confidentialit\u00e9 des donn\u00e9es trait\u00e9es.<\/p>\n\n\n\n<h2 class=\"wp-block-heading\">10. Je poss\u00e8de diff\u00e9rents droits, comment puis-je les exercer ?<\/h2>\n\n\n\n<p>Le responsable du traitement est\u00a0la Soci\u00e9t\u00e9 L&#8217;EXPRESS CONNECT \u2013 3 quai de la P\u00eacherie, 69001 LYON<br>T\u00e9l\u00e9phone : <a style=\"font-size: 1.3rem\" href=\"tel:+33756931773\">07 56 93 17 73<\/a><br>Le d\u00e9l\u00e9gu\u00e9 \u00e0 la protection des donn\u00e9es est Monsieur Arthur de Choulot que vous pouvez contacter \u00e0 l\u2019adresse mail : \u00ab\u00a0franchise@lexpress-connect.com\u00a0\u00bb<\/p>\n\n\n\n<p>Conform\u00e9ment \u00e0 la loi Informatique et Libert\u00e9s du 6 janvier 1978 modifi\u00e9e, et au R\u00e8glement G\u00e9n\u00e9ral sur la Protection des Donn\u00e9es 2016\/679 du 27 avril 2016, vous disposez des droits d\u2019acc\u00e8s, de rectification, d\u2019effacement (sous r\u00e9serve de justifier d\u2019un des motifs \u00e9num\u00e9r\u00e9s \u00e0 l\u2019article 17 du RGPD) et de portabilit\u00e9, des donn\u00e9es personnelles vous concernant. Vous pouvez \u00e9galement obtenir la limitation du traitement de vos donn\u00e9es ou vous opposer \u00e0 leurs traitements pour un motif l\u00e9gitime.<\/p>\n\n\n\n<p>Vous pouvez exercer vos droits par email \u00e0 l\u2019adresse suivante&nbsp;: <a href=\"mailto:franchise@lexpress-connect.com\">franchise@lexpress-connect.com<\/a>.<\/p>\n\n\n\n<p>Si vous estimez que vos droits ne sont pas respect\u00e9s, vous pouvez \u00e9galement introduire une r\u00e9clamation aupr\u00e8s de l\u2019autorit\u00e9 de contr\u00f4le comp\u00e9tente \u00e0 l&#8217;adresse <a href=\"https:\/\/www.cnil.fr\/plaintes\">https:\/\/www.cnil.fr\/plaintes<\/a><\/p>\n\n\n\n<p>Derni\u00e8re mise \u00e0 jour le <span style=\"text-decoration: underline\">02\/02\/2023<\/span>.<\/p>\n","protected":false},"excerpt":{"rendered":"<p>L\u2019acc\u00e8s et l\u2019utilisation du Service de mise en relation entre le Candidat \u00e0 la franchise et la T\u00eate de r\u00e9seau impliquent le recueil de donn\u00e9es personnelles concernant le prospect Candidat et T\u00eate de r\u00e9seau. Au cas particulier, lors du remplissage du questionnaire, les Candidats transmettent des informations les concernant. Il en est de m\u00eame pour [&hellip;]<\/p>\n","protected":false},"author":1,"featured_media":0,"parent":0,"menu_order":0,"comment_status":"closed","ping_status":"closed","template":"","meta":{"_acf_changed":false,"_seopress_robots_primary_cat":"","_seopress_titles_title":"","_seopress_titles_desc":"","_seopress_robots_index":"","content-type":"","_relevanssi_hide_post":"","_relevanssi_hide_content":"","_relevanssi_pin_for_all":"","_relevanssi_pin_keywords":"","_relevanssi_unpin_keywords":"","_relevanssi_related_keywords":"","_relevanssi_related_include_ids":"","_relevanssi_related_exclude_ids":"","_relevanssi_related_no_append":"","_relevanssi_related_not_related":"","_relevanssi_related_posts":"8614,6140,50048,16771,10093,4323","_relevanssi_noindex_reason":"","footnotes":""},"category_page":[],"class_list":["post-1484843","page","type-page","status-publish"],"acf":[],"_links":{"self":[{"href":"https:\/\/lexpress-franchise.com\/fr-ma\/wp-json\/wp\/v2\/pages\/1484843","targetHints":{"allow":["GET"]}}],"collection":[{"href":"https:\/\/lexpress-franchise.com\/fr-ma\/wp-json\/wp\/v2\/pages"}],"about":[{"href":"https:\/\/lexpress-franchise.com\/fr-ma\/wp-json\/wp\/v2\/types\/page"}],"author":[{"embeddable":true,"href":"https:\/\/lexpress-franchise.com\/fr-ma\/wp-json\/wp\/v2\/users\/1"}],"replies":[{"embeddable":true,"href":"https:\/\/lexpress-franchise.com\/fr-ma\/wp-json\/wp\/v2\/comments?post=1484843"}],"version-history":[{"count":0,"href":"https:\/\/lexpress-franchise.com\/fr-ma\/wp-json\/wp\/v2\/pages\/1484843\/revisions"}],"wp:attachment":[{"href":"https:\/\/lexpress-franchise.com\/fr-ma\/wp-json\/wp\/v2\/media?parent=1484843"}],"wp:term":[{"taxonomy":"category_page","embeddable":true,"href":"https:\/\/lexpress-franchise.com\/fr-ma\/wp-json\/wp\/v2\/category_page?post=1484843"}],"curies":[{"name":"wp","href":"https:\/\/api.w.org\/{rel}","templated":true}]}}