{"id":1484836,"date":"2022-02-10T16:02:14","date_gmt":"2022-02-10T15:02:14","guid":{"rendered":"https:\/\/lexpress-franchise.com\/fr-ma\/cgu\/"},"modified":"2022-02-10T16:02:14","modified_gmt":"2022-02-10T15:02:14","slug":"cgu","status":"publish","type":"page","link":"https:\/\/lexpress-franchise.com\/fr-ma\/cgu\/","title":{"rendered":"Conditions G\u00e9n\u00e9rales d&#8217;Utilisation du Service fourni par L&#8217;Express Franchise"},"content":{"rendered":"\n<p><strong>ENTRE<\/strong><br>La Soci\u00e9t\u00e9 L&#8217;EXPRESS CONNECT, soci\u00e9t\u00e9 par actions simplifi\u00e9e au capital de 21 755 \u20ac, immatricul\u00e9e au registre du commerce et des soci\u00e9t\u00e9s de Lyon sous le num\u00e9ro 909 027 526, dont le si\u00e8ge social est situ\u00e9 au 3 quai de la P\u00eacherie 69001 Lyon,<\/p>\n\n\n\n<p>D\u00e9nomm\u00e9e ci-apr\u00e8s, la \u00ab <strong>Soci\u00e9t\u00e9 <\/strong>\u00bb.<\/p>\n\n\n\n<p><strong>ET, CONJOINTEMENT&nbsp;:<\/strong><\/p>\n\n\n\n<p>Les \u00ab&nbsp;<strong>T\u00eates de r\u00e9seau<\/strong>&nbsp;\u00bb et les \u00ab&nbsp;<strong>Candidats<\/strong>&nbsp;\u00bb, d\u00e9sign\u00e9s comme suivant&nbsp;:<\/p>\n\n\n\n<ul class=\"wp-block-list\">\n<li>Tout Professionnel ayant souscrit un abonnement aupr\u00e8s de la Soci\u00e9t\u00e9 L&#8217;EXPRESS CONNECT lui permettant ainsi de diffuser des informations sur le Site internet de la Soci\u00e9t\u00e9 L&#8217;EXPRESS CONNECT en vue de d\u00e9velopper son r\u00e9seau et \u00e0 ce titre, susceptible de recevoir des demandes de mise en relation de la part des Candidats dans les conditions ci-apr\u00e8s pr\u00e9cis\u00e9es\u00a0;<\/li>\n<\/ul>\n\n\n\n<p>&nbsp;&nbsp;&nbsp;&nbsp;&nbsp;&nbsp;&nbsp;&nbsp;&nbsp;&nbsp;&nbsp;&nbsp;&nbsp;&nbsp; D\u00e9nomm\u00e9 ci-apr\u00e8s \u00ab&nbsp;<strong>T\u00eate de r\u00e9seau<\/strong>&nbsp;\u00bb,<\/p>\n\n\n\n<ul class=\"wp-block-list\">\n<li>Toute personne visitant le Site internet de la Soci\u00e9t\u00e9 L&#8217;EXPRESS CONNECT quel que soit son profil (particulier, professionnel, Franchis\u00e9, Franchiseur, Licenci\u00e9, Conc\u00e9dant, \u2026), qu\u2019elle ait ou non l\u2019intention de consulter les informations concernant les T\u00eates de r\u00e9seau dans le but \u00e9ventuel de proposer sa candidature.<\/li>\n<\/ul>\n\n\n\n<p>&nbsp;&nbsp;&nbsp;&nbsp;&nbsp;&nbsp;&nbsp;&nbsp;&nbsp;&nbsp;&nbsp;&nbsp;&nbsp;&nbsp; D\u00e9nomm\u00e9e ci-apr\u00e8s \u00ab&nbsp;<strong>Candidat<\/strong>&nbsp;\u00bb,<\/p>\n\n\n\n<p>Les T\u00eates de r\u00e9seau et les Candidats \u00e9tant collectivement d\u00e9sign\u00e9s les \u00ab <strong>Utilisateurs<\/strong> \u00bb.<\/p>\n\n\n\n<p>La Soci\u00e9t\u00e9 L&#8217;EXPRESS CONNECT et les Utilisateurs seront collectivement d\u00e9nomm\u00e9s ci-apr\u00e8s les \u00ab\u00a0<strong>Parties<\/strong>\u00a0\u00bb.<\/p>\n\n\n\n<p class=\"has-text-align-center\"><strong>******<\/strong><\/p>\n\n\n\n<p>Il a \u00e9t\u00e9 pr\u00e9alablement rappel\u00e9 ce qui suit&nbsp;;<\/p>\n\n\n\n<h2 class=\"wp-block-heading\"><strong>PREAMBULE<\/strong><\/h2>\n\n\n\n<p>1. Les pr\u00e9sentes Conditions G\u00e9n\u00e9rales d&#8217;Utilisation (ci-apr\u00e8s, les \u00ab<strong>&nbsp;CGU<\/strong>&nbsp;\u00bb) d\u00e9terminent les conditions d\u2019utilisation du site internet&nbsp;www.lexpress-franchise.com&nbsp;(la&nbsp;<strong>\u00ab&nbsp;Plateforme&nbsp;\u00bb<\/strong>), \u00e9dit\u00e9 par la Soci\u00e9t\u00e9. Elles sont r\u00e9put\u00e9es accept\u00e9es pour toute utilisation du site par toute personne, par sa seule navigation.<\/p>\n\n\n\n<p>Les Utilisateurs consentent pleinement, sans restriction ni r\u00e9serve, \u00e0 respecter les pr\u00e9sentes CGU et \u00e0 se soumettre aux sanctions pr\u00e9vues en cas de violation de leurs dispositions.<\/p>\n\n\n\n<p>2. La Soci\u00e9t\u00e9 se r\u00e9serve le droit de modifier les pr\u00e9sentes CGU \u00e0 tout moment. Les conditions g\u00e9n\u00e9rales d\u2019utilisations modifi\u00e9es sont publi\u00e9es sur le site.<\/p>\n\n\n\n<p>Les Utilisateurs d\u00e9clarent accepter toutes modifications ult\u00e9rieures, qui prendront effet \u00e0 compter de leur signalement sur une fen\u00eatre pop-up qui appara\u00eetra lors de la connexion \u00e0 la Plateforme.<\/p>\n\n\n\n<div style=\"height:30px\" aria-hidden=\"true\" class=\"wp-block-spacer\"><\/div>\n\n\n\n<p><strong>ARTICLE 1 \u2013 Objet<\/strong><\/p>\n\n\n\n<p>La Soci\u00e9t\u00e9 fournit un service de rapprochement en ligne entre des T\u00eates de r\u00e9seau et des Candidats ayant cr\u00e9\u00e9 un compte, \u00e0 la conclusion d\u2019un contrat, leur permettant ainsi d\u2019acc\u00e9der audit r\u00e9seau (le \u00ab<strong> Service <\/strong>\u00bb).<\/p>\n\n\n\n<p>Cette mise en relation est op\u00e9r\u00e9e par la mise \u00e0 disposition d\u2019une interface interactive et d\u2019un moteur de recherche, par l\u2019acc\u00e8s des Candidats aux vitrines et aux offres post\u00e9es par les T\u00eates de r\u00e9seaux, ainsi que par l\u2019acc\u00e8s des T\u00eates de r\u00e9seaux aux profils des Candidats ayant cr\u00e9\u00e9 un compte sur la Plateforme.<\/p>\n\n\n\n<p>Les pr\u00e9sentes Conditions G\u00e9n\u00e9rales d\u2019Utilisation ont pour objet de d\u00e9finir les conditions d\u2019utilisation du Service.<\/p>\n\n\n\n<p><strong>ARTICLE 2 \u2013 Conditions d\u2019acc\u00e8s au service par les Utilisateurs<\/strong><\/p>\n\n\n\n<p>Le Service, accessible via la Plateforme, offre la possibilit\u00e9 aux Candidats d\u2019acc\u00e9der aux vitrines d\u00e9di\u00e9es aux enseignes des T\u00eates de r\u00e9seau et de postuler directement aupr\u00e8s de ces derni\u00e8res. Les T\u00eates de r\u00e9seau peuvent ensuite adresser leur r\u00e9ponse.<\/p>\n\n\n\n<p>Afin de b\u00e9n\u00e9ficier du Service et \u00eatre mis en relation gratuitement avec les T\u00eates de r\u00e9seau, les Candidats doivent cr\u00e9er un compte sur la Plateforme, en remplissant un questionnaire relatif \u00e0 leurs coordonn\u00e9es et leurs besoins.<\/p>\n\n\n\n<p>Contrairement aux Candidats pour lesquels le Service est gratuit, la T\u00eate de r\u00e9seau a acc\u00e8s au Service moyennant la souscription \u00e0 un abonnement annuel, tel que pr\u00e9vu dans les CGV. La souscription d\u2019un abonnement par la T\u00eate de r\u00e9seau comprend&nbsp;la cr\u00e9ation de vid\u00e9os et de photos prises par la Soci\u00e9t\u00e9 lors d\u2019un tournage, et l\u2019int\u00e9gration de ce contenu dans une vitrine de pr\u00e9sentation personnalis\u00e9e, qui est mise en ligne sur la Plateforme. Cette vitrine est d\u00e8s lors accessible aux Candidats, qui peuvent adresser directement leurs candidatures aux T\u00eates de r\u00e9seau apr\u00e8s avoir cr\u00e9\u00e9 leur compte.<\/p>\n\n\n\n<p>La Soci\u00e9t\u00e9 se r\u00e9serve le droit de modifier et d\u2019optimiser constamment le Service.<\/p>\n\n\n\n<p><strong>ARTICLE 3 \u2013 Conditions d\u2019utilisation du Service<\/strong><\/p>\n\n\n\n<p><strong>ARTICLE 3.1 &#8211; Utilisation du Service par la T\u00eate de r\u00e9seau<\/strong><\/p>\n\n\n\n<p>La cr\u00e9ation et la mise en ligne d\u2019une vitrine de la T\u00eate de r\u00e9seau, dont le contenu sera accessible par les Candidats, permet de pr\u00e9senter la T\u00eate de r\u00e9seau, les offres qu\u2019elle propose et le public cibl\u00e9. Les T\u00eates de r\u00e9seaux peuvent acc\u00e9der aux profils des Candidats ayant cr\u00e9\u00e9 un compte via le formulaire en ligne et r\u00e9pondre directement aux Candidatures qui lui sont adress\u00e9es.<\/p>\n\n\n\n<p><strong>ARTICLE 3.2 \u2013 Utilisation du Service par le Candidat<\/strong><\/p>\n\n\n\n<p>Tout Candidat ayant renseign\u00e9 et transmis le questionnaire propos\u00e9 \u00e0 la Soci\u00e9t\u00e9, lui permettant de cr\u00e9er son compte utilisateur, a la possibilit\u00e9 de postuler aux offres mises en ligne par les T\u00eates de r\u00e9seau. Ces derni\u00e8res peuvent alors lui adresser une r\u00e9ponse directe, ou engager une discussion sur les modalit\u00e9s de la postulation et de l\u2019offre. Le Candidat est ensuite libre de donner suite ou non aux r\u00e9ponses re\u00e7ues de la part des T\u00eates de r\u00e9seau.<\/p>\n\n\n\n<p>Le Candidat reconna\u00eet que les candidatures qu\u2019il adresse aux T\u00eates de r\u00e9seau par l\u2019interm\u00e9diaire de la Plateforme sont soumises \u00e0 mod\u00e9ration avant transmission. Il accepte que sa demande puisse ne pas \u00eatre transmise \u00e0 la T\u00eate de r\u00e9seau si la Soci\u00e9t\u00e9 relevait un quelconque manquement \u00e0 ses obligations en vertu du pr\u00e9sent contrat.<\/p>\n\n\n\n<p>Le Candidat dispose de la possibilit\u00e9 de supprimer son compte utilisateur \u00e0 tout moment. Ses donn\u00e9es peuvent n\u00e9anmoins \u00eatre conserv\u00e9es, conform\u00e9ment \u00e0 la Politique de confidentialit\u00e9 de la Plateforme.<\/p>\n\n\n\n<p><strong>ARTICLE 4 \u2013 Obligations des Utilisateurs<\/strong><\/p>\n\n\n\n<p>L\u2019Utilisateur s&#8217;engage \u00e0 fournir des informations exactes, \u00e0 jour et compl\u00e8tes sur son identit\u00e9 ainsi que sur ses besoins. Il atteste que les documents qu\u2019il soumet \u00e0 l\u2019appui de sa candidature sont authentiques et font \u00e9tat de sa situation, en toute sinc\u00e9rit\u00e9 et v\u00e9racit\u00e9.<\/p>\n\n\n\n<p>Il s\u2019engage \u00e0 ne pas d\u00e9naturer des donn\u00e9es ou informations, ni usurper aucune qualit\u00e9, attribut ou identifiant de nature \u00e0 induire en erreur ou \u00e0 cr\u00e9er une confusion quelconque quant \u00e0 son identit\u00e9 ou ses qualifications.<\/p>\n\n\n\n<p>L\u2019Utilisateur s&#8217;engage \u00e0 ne pas entraver ou perturber l&#8217;acc\u00e8s et le fonctionnement du Service.<\/p>\n\n\n\n<p>Il s\u2019engage \u00e0 ne pas utiliser la Plateforme pour divulguer des informations sur des tiers sans leur consentement, diffuser des contenus interdits par la loi (propos diffamatoires, injurieux, obsc\u00e8nes, immoraux, violents, racistes, sexistes, incitant \u00e0 la haine, \u2026) ou par les codes de d\u00e9ontologie professionnels, ou diffuser des liens hypertextes renvoyant \u00e0 des sites webs illicites, offensant, ou faisant \u00e9tat d\u2019autres activit\u00e9s dont il souhaite faire la promotion. Il lui est \u00e9galement interdit d\u2019envoyer massivement des messages non sollicit\u00e9s. De mani\u00e8re g\u00e9n\u00e9rale, cette liste n\u2019\u00e9tant pas exhaustive, l\u2019Utilisateur s\u2019engage \u00e0 ne pas diffuser de contenu contraire \u00e0 la finalit\u00e9 du service et \u00e0 s\u2019exprimer dans des termes convenables.<\/p>\n\n\n\n<p>L\u2019Utilisateur s\u2019engage \u00e0 ne pas pr\u00e9lever et utiliser les donn\u00e9es et informations du site \u00e0 des fins illicites ou contraire \u00e0 la finalit\u00e9 du service, ni user d\u2019aucune information ou d\u2019employer des proc\u00e9d\u00e9s \u00e0 des fins de d\u00e9tournement de la client\u00e8le des T\u00eates de r\u00e9seau.<\/p>\n\n\n\n<p><strong>ARTICLE 5 \u2013 Sanction des manquements aux obligations<\/strong><\/p>\n\n\n\n<p>L\u2019Utilisateur est seul responsable de l&#8217;utilisation qu\u2019il fait des informations et des donn\u00e9es de toute nature, rendues disponibles par l&#8217;interm\u00e9diaire du Service. Il s&#8217;oblige \u00e0 employer ces donn\u00e9es sans contrevenir aux droits des tiers et dans des conditions compatibles avec le Service.<\/p>\n\n\n\n<p>Dans l&#8217;hypoth\u00e8se o\u00f9 l\u2019Utilisateur contreviendrait aux dispositions des pr\u00e9sentes CGU, la Soci\u00e9t\u00e9 se r\u00e9serve le droit de mettre en \u0153uvre tous moyens pour faire cesser l\u2019atteinte (suppression du contenu publi\u00e9, suppression du compte, \u2026), ainsi que de lui couper imm\u00e9diatement l\u2019acc\u00e8s \u00e0 la Plateforme et de lui en interdire l\u2019acc\u00e8s pour l\u2019avenir.<\/p>\n\n\n\n<p><strong>ARTICLE 6 \u2013 R\u00e9mun\u00e9ration du Service de la Plateforme<\/strong><\/p>\n\n\n\n<p>L\u2019acc\u00e8s \u00e0 la Plateforme et le Service de mise en relation fourni par la Soci\u00e9t\u00e9 est gratuit pour les Candidats. Il est soumis \u00e0 la souscription d\u2019un abonnement annuel pour les T\u00eates de r\u00e9seau, dans les conditions stipul\u00e9es dans les CGV.<\/p>\n\n\n\n<p><strong>ARTICLE 7 &#8211; Limitation de responsabilit\u00e9<\/strong><\/p>\n\n\n\n<p>1. La Soci\u00e9t\u00e9 ne garantit pas l\u2019exhaustivit\u00e9 et l\u2019exactitude des informations transmises par les Utilisateurs et n\u2019en est en aucun cas responsable. La responsabilit\u00e9 de la Soci\u00e9t\u00e9 ne peut \u00eatre engag\u00e9e en suite de la modification des informations ou des bases de donn\u00e9es des Utilisateurs. Elle ne saurait \u00eatre tenue pour responsable des messages, informations, liens hypertextes ou contenus qu\u2019elle n&#8217;a pas directement cr\u00e9\u00e9s ou produits, ni \u00eatre garante de leur exactitude, pertinence, et d&#8217;une mani\u00e8re g\u00e9n\u00e9rale de toute erreur ou omission qu&#8217;ils pourraient comporter. Elle n\u2019op\u00e8re aucun contr\u00f4le sur la capacit\u00e9 ou la qualit\u00e9 des T\u00eates de r\u00e9seau ou des Candidats.<\/p>\n\n\n\n<p>2. La Soci\u00e9t\u00e9 n\u2019est pas responsable des \u00e9changes entre les Candidats et les T\u00eates de r\u00e9seau, ni de leur caract\u00e8re et conformit\u00e9 aux prescriptions l\u00e9gales.<\/p>\n\n\n\n<p>3. La Soci\u00e9t\u00e9 n\u2019est aucunement responsable du contenu des sites webs, m\u00eame licites, auxquels il est fait renvoi par des liens hypertextes \u00e9dit\u00e9s sur la Plateforme, par elle-m\u00eame ou par les Utilisateurs.<\/p>\n\n\n\n<p>4. La responsabilit\u00e9 de la Soci\u00e9t\u00e9 ne peut \u00eatre engag\u00e9e en suite d&#8217;une quelconque panne ou interruption de la Plateforme, perte de donn\u00e9es, d\u00e9t\u00e9rioration d\u2019ordinateur ou de ses composants, et plus g\u00e9n\u00e9ralement de tout dommage subi par les Utilisateurs cons\u00e9cutivement \u00e0 son acc\u00e8s \u00e0 la Plateforme. La Soci\u00e9t\u00e9 n\u2019est pas responsable de l&#8217;impossibilit\u00e9 pour l\u2019Utilisateur d\u2019acc\u00e9der \u00e0 la Plateforme, de toute coupure du r\u00e9seau Internet ou de toute intervention tierce malveillante (cyberattaque, virus informatique, \u2026). La Soci\u00e9t\u00e9 n\u2019est pas responsable de l&#8217;acquisition, la r\u00e9ception ou le t\u00e9l\u00e9chargement d&#8217;informations lors de l&#8217;utilisation du Service par l\u2019Utilisateur.<\/p>\n\n\n\n<p>5. Elle ne supporte aucune responsabilit\u00e9 r\u00e9sultant de la fermeture volontaire et justifi\u00e9e de l\u2019acc\u00e8s \u00e0 la Plateforme \u00e0 un Utilisateur. &nbsp;<\/p>\n\n\n\n<p>6. La Soci\u00e9t\u00e9 n\u2019intervient qu\u2019au stade de la mise en relation entre la T\u00eate de r\u00e9seau et le Candidat. Elle ne saurait \u00eatre responsable de tout litige portant sur les n\u00e9gociations entre la T\u00eate de r\u00e9seau et le Candidat, ni sur le contrat conclu entre eux.<\/p>\n\n\n\n<p><strong>ARTICLE 8 &#8211; Donn\u00e9es Personnelles<\/strong><\/p>\n\n\n\n<p>En application de la loi n\u00b0 78-17 du 6 janvier 1978 modifi\u00e9e et du R\u00e8glement G\u00e9n\u00e9ral sur la Protection des Donn\u00e9es n\u00b0 2016\/679 du 27 avril 2016, il est rappel\u00e9 que la collecte des donn\u00e9es des Utilisateurs par la Plateforme sont n\u00e9cessaires pour leur garantir l\u2019acc\u00e8s au Service.<\/p>\n\n\n\n<p>Les donn\u00e9es du Candidat ayant rempli le formulaire sont accessibles par l\u2019ensemble des T\u00eates de r\u00e9seau, et les vitrines des T\u00eates de r\u00e9seaux sont visibles par les visiteurs de la Plateforme.&nbsp;<\/p>\n\n\n\n<p>Les informations fournies par les T\u00eates de r\u00e9seau pourront \u00eatre utilis\u00e9es par la Soci\u00e9t\u00e9 pour contacter les personnes r\u00e9f\u00e9renc\u00e9es dans un but d\u2019am\u00e9lioration du Service. La Soci\u00e9t\u00e9 est autoris\u00e9e \u00e0 adresser des communications et des campagnes de marketing \u00e0 la T\u00eate de r\u00e9seau. Cependant, la T\u00eate de r\u00e9seau peut se d\u00e9sabonner de toutes communications en envoyant un email \u00e0 l\u2019adresse suivante&nbsp;:&nbsp;<a href=\"mailto:franchise@lexpress-connect.com\">franchise@lexpress-connect.com<\/a>.<\/p>\n\n\n\n<p>La Soci\u00e9t\u00e9 s\u2019engage \u00e0 assurer la s\u00e9curit\u00e9 des donn\u00e9es \u00e0 caract\u00e8re personnel qu\u2019elle conserve pour les besoins de la r\u00e9alisation et du suivi de la mise en relation, et \u00e0 respecter la r\u00e9glementation en vigueur en mati\u00e8re de protection des donn\u00e9es personnelles, selon sa Politique de confidentialit\u00e9.<\/p>\n\n\n\n<p>Les Utilisateurs disposent, conform\u00e9ment aux r\u00e9glementations nationales et europ\u00e9ennes en vigueur, d\u2019un droit d\u2019acc\u00e8s permanent, d\u2019un droit de modification, de rectification, d\u2019effacement, d\u2019opposition, de portabilit\u00e9 et de limitation du traitement de leurs donn\u00e9es personnelles. Ils peuvent exercer ce droit en envoyant un email \u00e0 l\u2019adresse suivante&nbsp;:&nbsp;<a href=\"mailto:franchise@lexpress-connect.com\">franchise@lexpress-connect.com<\/a>.<\/p>\n\n\n\n<p><strong>ARTICLE 9 &#8211; Droit de propri\u00e9t\u00e9 intellectuelle<\/strong><\/p>\n\n\n\n<p>Le contenu de la Plateforme&nbsp;www.lexpress-franchise.com,&nbsp;notamment sa structure, son design, ses interfaces, les bases de donn\u00e9es, les textes, les contenus num\u00e9riques, les marques, les images, les vid\u00e9os, les musiques, tous \u00e9l\u00e9ments graphiques qui le composent, ainsi que les balises HTML de r\u00e9f\u00e9rencement (m\u00e9ta-tags) \u00e0 l\u2019exclusion du contenu appartenant aux tiers, sont la propri\u00e9t\u00e9 exclusive de la Soci\u00e9t\u00e9, cette liste n\u2019\u00e9tant pas exhaustive.<\/p>\n\n\n\n<p>Les vid\u00e9os et photos prises par la soci\u00e9t\u00e9 L&#8217;EXPRESS CONNECT dans le cadre du contenu de l\u2019abonnement restent sa propri\u00e9t\u00e9 exclusive et ne peuvent \u00eatre exploit\u00e9es que sur la Plateforme, sauf rachat des droits par la T\u00eate de r\u00e9seau conform\u00e9ment aux CGV.<\/p>\n\n\n\n<p>Ce contenu est prot\u00e9g\u00e9 par les lois fran\u00e7aises et internationales relatives \u00e0 la propri\u00e9t\u00e9 intellectuelle.<\/p>\n\n\n\n<p>Toute reproduction totale ou partielle non autoris\u00e9e de ce contenu est strictement interdite et est susceptible de constituer un d\u00e9lit de violation des droits d\u2019auteur et de contrefa\u00e7on, sanctionn\u00e9s par le Code de la propri\u00e9t\u00e9 intellectuelle.<\/p>\n\n\n\n<p><strong>ARTICLE 10 &#8211; Accord de licence&nbsp;<\/strong><\/p>\n\n\n\n<p>L\u2019Utilisateur reste titulaire des droits sur les contenus qu\u2019il diffuse (texte, images, vid\u00e9os, lettres de motivations, \u2026). Il accorde cependant \u00e0 la Soci\u00e9t\u00e9 une licence d\u2019utilisation non-exclusive et gratuite des contenus qu\u2019il publie.<\/p>\n\n\n\n<p>Cette licence permet \u00e0 la Soci\u00e9t\u00e9 d\u2019utiliser les contenus et de conc\u00e9der des sous-licences d\u2019utilisation pour les besoins de l\u2019ex\u00e9cution du contrat. La licence d\u2019utilisation prend effet \u00e0 la publication du contenu et reste en vigueur pendant toute la dur\u00e9e du contrat.<\/p>\n\n\n\n<p><strong>ARTICLE 11 \u2013 Divisibilit\u00e9 des clauses<\/strong><\/p>\n\n\n\n<p>Si une ou plusieurs stipulations des pr\u00e9sentes \u00e9taient tenues pour nulles ou d\u00e9clar\u00e9es telles en application d\u2019une disposition l\u00e9gislative ou r\u00e9glementaire ou \u00e0 la suite d\u2019une d\u00e9cision judiciaire d\u00e9finitive, les autres stipulations des pr\u00e9sentes CGU garderaient toute leur force et leur port\u00e9e, et les CGU seraient interpr\u00e9t\u00e9es et ex\u00e9cut\u00e9es de fa\u00e7on \u00e0 donner effet \u00e0 l&#8217;intention des Parties telle qu&#8217;exprim\u00e9e \u00e0 l&#8217;origine.<\/p>\n\n\n\n<p><strong>ARTICLE 12 \u2013 Droit applicable, prescription et comp\u00e9tence juridictionnelle<\/strong><\/p>\n\n\n\n<p>1. Tout litige impliquant les pr\u00e9sentes CGU et, de mani\u00e8re g\u00e9n\u00e9rale, la soci\u00e9t\u00e9 L&#8217;EXPRESS CONNECT, est r\u00e9gi par le droit fran\u00e7ais.<\/p>\n\n\n\n<p>2. En cas de litige, les parties tenteront, avant toute autre proc\u00e9dure, de r\u00e9soudre le diff\u00e9rend de fa\u00e7on amiable. Elles enverront un courrier recommand\u00e9 avec accus\u00e9 de r\u00e9ception faisant \u00e9tat de leurs contestations. Toute action introduite devant les juridictions dans un d\u00e9lai de trente (30) jours suivant la r\u00e9ception par l\u2019autre partie du courrier recommand\u00e9 sera irrecevable.<\/p>\n\n\n\n<p>3. Conform\u00e9ment \u00e0 l\u2019article 2254 du Code civil, les parties fixent le d\u00e9lai de prescription des droits et actions en responsabilit\u00e9 \u00e0 l\u2019encontre de la soci\u00e9t\u00e9 L&#8217;EXPRESS CONNECT \u00e0 un (1) an, \u00e0 compter de la r\u00e9ception de la lettre \u00e9voqu\u00e9e \u00e0 l\u2019alin\u00e9a pr\u00e9c\u00e9dent.<\/p>\n\n\n\n<p>4. En cas d\u2019\u00e9chec de r\u00e9solution amiable du conflit, tout litige impliquant le pr\u00e9sent contrat de quelle mani\u00e8re que ce soit, qu\u2019il s\u2019agisse de son applicabilit\u00e9, son ex\u00e9cution, sa r\u00e9siliation, cette liste n\u2019\u00e9tant pas exhaustive, sera port\u00e9 devant le Tribunal de Commerce de LYON, et ce m\u00eame en cas de pluralit\u00e9 de d\u00e9fendeurs.<\/p>\n","protected":false},"excerpt":{"rendered":"<p>ENTRELa Soci\u00e9t\u00e9 L&#8217;EXPRESS CONNECT, soci\u00e9t\u00e9 par actions simplifi\u00e9e au capital de 21 755 \u20ac, immatricul\u00e9e au registre du commerce et des soci\u00e9t\u00e9s de Lyon sous le num\u00e9ro 909 027 526, dont le si\u00e8ge social est situ\u00e9 au 3 quai de la P\u00eacherie 69001 Lyon, D\u00e9nomm\u00e9e ci-apr\u00e8s, la \u00ab Soci\u00e9t\u00e9 \u00bb. ET, CONJOINTEMENT&nbsp;: Les \u00ab&nbsp;T\u00eates de [&hellip;]<\/p>\n","protected":false},"author":1,"featured_media":0,"parent":0,"menu_order":0,"comment_status":"closed","ping_status":"closed","template":"","meta":{"_acf_changed":false,"_seopress_robots_primary_cat":"","_seopress_titles_title":"Conditions G\u00e9n\u00e9rales d'Utilisation","_seopress_titles_desc":"","_seopress_robots_index":"","content-type":"","_relevanssi_hide_post":"","_relevanssi_hide_content":"","_relevanssi_pin_for_all":"","_relevanssi_pin_keywords":"","_relevanssi_unpin_keywords":"","_relevanssi_related_keywords":"","_relevanssi_related_include_ids":"","_relevanssi_related_exclude_ids":"","_relevanssi_related_no_append":"","_relevanssi_related_not_related":"","_relevanssi_related_posts":"56708,6775,1142,1476,19529,1280","_relevanssi_noindex_reason":"","footnotes":""},"category_page":[],"class_list":["post-1484836","page","type-page","status-publish"],"acf":[],"_links":{"self":[{"href":"https:\/\/lexpress-franchise.com\/fr-ma\/wp-json\/wp\/v2\/pages\/1484836","targetHints":{"allow":["GET"]}}],"collection":[{"href":"https:\/\/lexpress-franchise.com\/fr-ma\/wp-json\/wp\/v2\/pages"}],"about":[{"href":"https:\/\/lexpress-franchise.com\/fr-ma\/wp-json\/wp\/v2\/types\/page"}],"author":[{"embeddable":true,"href":"https:\/\/lexpress-franchise.com\/fr-ma\/wp-json\/wp\/v2\/users\/1"}],"replies":[{"embeddable":true,"href":"https:\/\/lexpress-franchise.com\/fr-ma\/wp-json\/wp\/v2\/comments?post=1484836"}],"version-history":[{"count":0,"href":"https:\/\/lexpress-franchise.com\/fr-ma\/wp-json\/wp\/v2\/pages\/1484836\/revisions"}],"wp:attachment":[{"href":"https:\/\/lexpress-franchise.com\/fr-ma\/wp-json\/wp\/v2\/media?parent=1484836"}],"wp:term":[{"taxonomy":"category_page","embeddable":true,"href":"https:\/\/lexpress-franchise.com\/fr-ma\/wp-json\/wp\/v2\/category_page?post=1484836"}],"curies":[{"name":"wp","href":"https:\/\/api.w.org\/{rel}","templated":true}]}}