{"id":1461423,"date":"2025-10-25T20:18:31","date_gmt":"2025-10-25T18:18:31","guid":{"rendered":"https:\/\/lexpress-franchise.com\/fr-ma\/nos-franchises\/"},"modified":"2025-10-25T20:15:59","modified_gmt":"2025-10-25T18:15:59","slug":"nos-franchises","status":"publish","type":"page","link":"https:\/\/lexpress-franchise.com\/fr-ma\/nos-franchises\/","title":{"rendered":"Nos franchises"},"content":{"rendered":"","protected":false},"excerpt":{"rendered":"","protected":false},"author":1,"featured_media":0,"parent":0,"menu_order":0,"comment_status":"closed","ping_status":"closed","template":"","meta":{"_acf_changed":false,"_seopress_robots_primary_cat":"","_seopress_titles_title":"Liste des meilleures franchises rentables en %%currentyear%% - Annuaire Maroc","_seopress_titles_desc":"D\u00e9couvrez les franchises les plus rentables du march\u00e9 belge. Rejoignez un r\u00e9seau \u00e0 succ\u00e8s et b\u00e9n\u00e9ficiez d\u2019un accompagnement complet. Explorez nos opportunit\u00e9s en Belgique !","_seopress_robots_index":"","content-type":"","_relevanssi_hide_post":"","_relevanssi_hide_content":"","_relevanssi_pin_for_all":"","_relevanssi_pin_keywords":"","_relevanssi_unpin_keywords":"","_relevanssi_related_keywords":"","_relevanssi_related_include_ids":"","_relevanssi_related_exclude_ids":"","_relevanssi_related_no_append":"","_relevanssi_related_not_related":"","_relevanssi_related_posts":"","_relevanssi_noindex_reason":"","footnotes":""},"category_page":[],"class_list":["post-1461423","page","type-page","status-publish"],"acf":[],"_links":{"self":[{"href":"https:\/\/lexpress-franchise.com\/fr-ma\/wp-json\/wp\/v2\/pages\/1461423","targetHints":{"allow":["GET"]}}],"collection":[{"href":"https:\/\/lexpress-franchise.com\/fr-ma\/wp-json\/wp\/v2\/pages"}],"about":[{"href":"https:\/\/lexpress-franchise.com\/fr-ma\/wp-json\/wp\/v2\/types\/page"}],"author":[{"embeddable":true,"href":"https:\/\/lexpress-franchise.com\/fr-ma\/wp-json\/wp\/v2\/users\/1"}],"replies":[{"embeddable":true,"href":"https:\/\/lexpress-franchise.com\/fr-ma\/wp-json\/wp\/v2\/comments?post=1461423"}],"version-history":[{"count":3,"href":"https:\/\/lexpress-franchise.com\/fr-ma\/wp-json\/wp\/v2\/pages\/1461423\/revisions"}],"predecessor-version":[{"id":1537980,"href":"https:\/\/lexpress-franchise.com\/fr-ma\/wp-json\/wp\/v2\/pages\/1461423\/revisions\/1537980"}],"wp:attachment":[{"href":"https:\/\/lexpress-franchise.com\/fr-ma\/wp-json\/wp\/v2\/media?parent=1461423"}],"wp:term":[{"taxonomy":"category_page","embeddable":true,"href":"https:\/\/lexpress-franchise.com\/fr-ma\/wp-json\/wp\/v2\/category_page?post=1461423"}],"curies":[{"name":"wp","href":"https:\/\/api.w.org\/{rel}","templated":true}]}}