{"id":156235,"date":"2023-03-28T10:52:08","date_gmt":"2023-03-28T08:52:08","guid":{"rendered":"https:\/\/lexpress-franchise.com\/fr-ca\/abonnement-a-la-newsletter\/"},"modified":"2025-01-22T18:04:39","modified_gmt":"2025-01-22T17:04:39","slug":"abonnement-a-la-newsletter","status":"publish","type":"page","link":"https:\/\/lexpress-franchise.com\/fr-ca\/abonnement-a-la-newsletter\/","title":{"rendered":"Abonnement \u00e0 l&#8217;infolettre"},"content":{"rendered":"\n<div class=\"wp-block-group form--light\"><div class=\"wp-block-group__inner-container is-layout-constrained wp-block-group-is-layout-constrained\"><form action=\"https:\/\/lexpress-franchise.com\/fr-ca\/wp-json\/ws-form\/v1\/submit\" class=\"wsf-form wsf-form-canvas\" id=\"ws-form-1\" data-id=\"646\" method=\"POST\" data-instance-id=\"1\" data-wsf-style-id=\"1\"><\/form><\/div><\/div>\n","protected":false},"excerpt":{"rendered":"","protected":false},"author":1,"featured_media":0,"parent":0,"menu_order":0,"comment_status":"closed","ping_status":"closed","template":"","meta":{"_acf_changed":false,"_seopress_robots_primary_cat":"","_seopress_titles_title":"Abonnement \u00e0 l'infolettre - L'Express Franchise","_seopress_titles_desc":"Abonnez-vous d\u00e8s maintenant \u00e0 l'infolettre de L'Express Franchise et d\u00e9couvrez en avant premi\u00e8re les nouveaut\u00e9s des franchises au Quebec !","_seopress_robots_index":"","content-type":"","_relevanssi_hide_post":"","_relevanssi_hide_content":"","_relevanssi_pin_for_all":"","_relevanssi_pin_keywords":"","_relevanssi_unpin_keywords":"","_relevanssi_related_keywords":"","_relevanssi_related_include_ids":"","_relevanssi_related_exclude_ids":"","_relevanssi_related_no_append":"","_relevanssi_related_not_related":"","_relevanssi_related_posts":"146560,151411,146754,149550,146644,81675","_relevanssi_noindex_reason":"","footnotes":""},"category_page":[],"class_list":["post-156235","page","type-page","status-publish"],"acf":[],"_links":{"self":[{"href":"https:\/\/lexpress-franchise.com\/fr-ca\/wp-json\/wp\/v2\/pages\/156235","targetHints":{"allow":["GET"]}}],"collection":[{"href":"https:\/\/lexpress-franchise.com\/fr-ca\/wp-json\/wp\/v2\/pages"}],"about":[{"href":"https:\/\/lexpress-franchise.com\/fr-ca\/wp-json\/wp\/v2\/types\/page"}],"author":[{"embeddable":true,"href":"https:\/\/lexpress-franchise.com\/fr-ca\/wp-json\/wp\/v2\/users\/1"}],"replies":[{"embeddable":true,"href":"https:\/\/lexpress-franchise.com\/fr-ca\/wp-json\/wp\/v2\/comments?post=156235"}],"version-history":[{"count":1,"href":"https:\/\/lexpress-franchise.com\/fr-ca\/wp-json\/wp\/v2\/pages\/156235\/revisions"}],"predecessor-version":[{"id":218183,"href":"https:\/\/lexpress-franchise.com\/fr-ca\/wp-json\/wp\/v2\/pages\/156235\/revisions\/218183"}],"wp:attachment":[{"href":"https:\/\/lexpress-franchise.com\/fr-ca\/wp-json\/wp\/v2\/media?parent=156235"}],"wp:term":[{"taxonomy":"category_page","embeddable":true,"href":"https:\/\/lexpress-franchise.com\/fr-ca\/wp-json\/wp\/v2\/category_page?post=156235"}],"curies":[{"name":"wp","href":"https:\/\/api.w.org\/{rel}","templated":true}]}}