{"id":153867,"date":"2022-02-10T15:51:04","date_gmt":"2022-02-10T14:51:04","guid":{"rendered":"https:\/\/lexpress-franchise.com\/fr-ca\/politique-de-confidentialite\/"},"modified":"2024-09-20T11:31:51","modified_gmt":"2024-09-20T09:31:51","slug":"politique-de-confidentialite","status":"publish","type":"page","link":"https:\/\/lexpress-franchise.com\/fr-ca\/politique-de-confidentialite\/","title":{"rendered":"Politique de confidentialit\u00e9"},"content":{"rendered":"\n<p>L\u2019acc\u00e8s et l\u2019utilisation du service de connexion entre le candidat \u00e0 la franchise et le chef du r\u00e9seau impliquent la collecte de donn\u00e9es personnelles concernant le prospect, le candidat et le chef du r\u00e9seau. Dans ce cas particulier, lorsqu\u2019ils remplissent le questionnaire, les Candidats transmettent des informations sur eux-m\u00eames. Il en va de m\u00eame pour les chefs de r\u00e9seau lorsque la fiche d\u2019information est transmise. En cas de non-consentement de la personne concern\u00e9e \u00e0 fournir ses donn\u00e9es personnelles, elle ne pourra pas acc\u00e9der et utiliser le service. \u00bb<\/p>\n\n<p>La Soci\u00e9t\u00e9, en tant que contr\u00f4leur de donn\u00e9es, est sensible \u00e0 la protection de vos donn\u00e9es personnelles.\nEn tant que tel, le but de cette politique de confidentialit\u00e9 est d\u2019informer les candidats franchis\u00e9s et les responsables de r\u00e9seau de la mani\u00e8re dont leurs donn\u00e9es sont trait\u00e9es et de s\u2019assurer qu\u2019ils sont conformes aux r\u00e9glementations \u00e9tablies en particulier par le r\u00e8glement europ\u00e9en EU2016\/679 du 27 avril 2016 ainsi que la loi 78-17 protection des donn\u00e9es modifi\u00e9e par le 6 janvier 1978. <\/p>\n\n<p>Cette politique de confidentialit\u00e9 est applicable \u00e0 l\u2019ensemble de la plate-forme.\nComme cette politique est destin\u00e9e \u00e0 \u00eatre mise \u00e0 jour conform\u00e9ment aux dispositions l\u00e9gales et aux services offerts par la Soci\u00e9t\u00e9, les candidats franchis\u00e9s et les chefs de r\u00e9seau sont invit\u00e9s \u00e0 la consulter aussi fr\u00e9quemment que possible. <\/p>\n\n<h2 class=\"wp-block-heading\">1. Quelles sont les donn\u00e9es personnelles collect\u00e9es\u00a0?<\/h2>\n\n<p>Plusieurs types de donn\u00e9es personnelles peuvent \u00eatre collect\u00e9s sur le site et d\u2019autres solutions num\u00e9riques, notamment\u00a0:<\/p>\n\n<ul class=\"wp-block-list\">\n<li>votre nom et vos coordonn\u00e9es, y compris les adresses e-mail et postales,<\/li>\n\n\n\n<li>votre position,<\/li>\n\n\n\n<li>vos num\u00e9ros de t\u00e9l\u00e9phone et de t\u00e9l\u00e9copieur.<\/li>\n<\/ul>\n\n<h2 class=\"wp-block-heading\">2. Pourquoi certaines de mes donn\u00e9es sont-elles collect\u00e9es ?<\/h2>\n\n<p>Vos donn\u00e9es personnelles nous permettent de traiter vos demandes pour mettre le candidat et le chef de r\u00e9seau en contact.<\/p>\n\n<h2 class=\"wp-block-heading\">3. Combien de temps mes donn\u00e9es sont-elles conserv\u00e9es ?<\/h2>\n\n<p>Les donn\u00e9es collect\u00e9es seront trait\u00e9es et stock\u00e9es pendant le temps n\u00e9cessaire aux fins pour lesquelles elles sont trait\u00e9es, conform\u00e9ment aux normes, r\u00e9glementations et textes en vigueur.<\/p>\n\n<p>N\u00e9anmoins, et conform\u00e9ment \u00e0 l\u2019article 5 du RGPD, certaines donn\u00e9es personnelles peuvent \u00eatre \u00ab\u00a0conserv\u00e9es pendant des p\u00e9riodes plus longues dans la mesure o\u00f9 elles sont trait\u00e9es exclusivement \u00e0 des fins d\u2019archivage dans l\u2019int\u00e9r\u00eat public, \u00e0 des fins de recherche scientifique ou historique ou \u00e0 des fins statistiques\u00a0\u00bb.  <strong><br\/><\/strong><\/p>\n\n<h2 class=\"wp-block-heading\">4. Qu\u2019en est-il de l\u2019utilisation des cookies\u00a0?<\/h2>\n\n<p>Un cookie est une s\u00e9rie d\u2019informations envoy\u00e9es par un serveur \u00e0 un visiteur.\nSous la forme d\u2019un fichier informatique, il est d\u00e9pos\u00e9 sur le disque dur via le navigateur du visiteur afin de collecter des informations. <\/p>\n\n<p>Il existe plusieurs types de cookies :<\/p>\n\n<ul class=\"wp-block-list\">\n<li>Cookies techniques et strictement n\u00e9cessaires : Ces cookies permettent d\u2019enregistrer les informations saisies par le visiteur, de suivre la navigation d\u2019un visiteur afin d\u2019assurer une qualit\u00e9 de navigation sur les pages visit\u00e9es, de mettre en \u0153uvre certaines mesures de s\u00e9curit\u00e9 et d\u2019acc\u00e9der \u00e0 votre espace personnel.\nLe site ne peut pas fonctionner correctement sans ces cookies. <\/li>\n\n\n\n<li>Mesure d\u2019audience et cookies statistiques : Ces cookies permettent d\u2019obtenir des donn\u00e9es sur l\u2019utilisation de nos pages web et d\u2019am\u00e9liorer certains aspects techniques et ergonomiques.\nNous n\u2019utilisons pas de cookies pour mesurer l\u2019audience et effectuer des statistiques. <\/li>\n\n\n\n<li>Cookies publicitaires : Ces cookies permettent d\u2019afficher des publicit\u00e9s personnalis\u00e9es dans les zones r\u00e9serv\u00e9es de notre Plateforme, de compter l\u2019affichage des publicit\u00e9s ainsi que de reconna\u00eetre votre navigateur lors de futures visites sur notre Plateforme.\nCes cookies peuvent \u00eatre d\u00e9finis par nous ou nos partenaires publicitaires.\nIls permettront d\u2019\u00e9tablir un profil de visiteur unique.  <\/li>\n\n\n\n<li>Cookies de m\u00e9dias sociaux\u00a0: Les cookies de m\u00e9dias sociaux vous permettent de partager du contenu de notre site avec d\u2019autres ou de faire conna\u00eetre votre opinion sur le contenu du site \u00e0 des tiers.\nCes cookies tiers sont destin\u00e9s \u00e0 am\u00e9liorer l\u2019interactivit\u00e9 du site et de son contenu multim\u00e9dia. <\/li>\n<\/ul>\n\n<p>Dur\u00e9e de stockage des cookies\u00a0:<\/p>\n\n<p>Les p\u00e9riodes de stockage des cookies ne d\u00e9passeront pas 13 mois apr\u00e8s leur premier d\u00e9p\u00f4t dans le terminal des visiteurs.\nUn nouveau consentement sera demand\u00e9 \u00e0 la fin de cette p\u00e9riode. <\/p>\n\n<p>Certains cookies techniques et fonctionnels sont essentiels et ne n\u00e9cessitent pas le consentement de l\u2019utilisateur.\nD\u2019autres cookies n\u00e9cessitent le consentement de l\u2019utilisateur, qui peut le retirer \u00e0 tout moment. <\/p>\n\n<p>Vous pouvez supprimer les cookies \u00e0 tout moment en d\u00e9finissant les pr\u00e9f\u00e9rences de votre navigateur \u00e0 partir des options de votre navigateur.\nVous pouvez \u00e9galement vous opposer \u00e0 tout ou partie des cookies en d\u00e9finissant vos pr\u00e9f\u00e9rences de navigation dans la banni\u00e8re de collecte de consentement aux cookies. <\/p>\n\n<h2 class=\"wp-block-heading\">5. Gestion de vos cookies<\/h2>\n<script\n\t\ttype=\"text\/javascript\"\n\t\tid=\"CookieDeclaration\"\n\t\tsrc=\"https:\/\/consent.cookiebot.com\/a117ca0c-f6b9-4821-a945-0462d6f4cae4\/cd.js\"\n\t\t\tdata-culture=\"FR\"\n\t\tasync><\/script>\n\n\n<h2 class=\"wp-block-heading\">6. Quelles sont les bases l\u00e9gales du traitement de mes donn\u00e9es ?<\/h2>\n\n<p>La base juridique du traitement de vos donn\u00e9es collect\u00e9es est l\u2019int\u00e9r\u00eat l\u00e9gitime li\u00e9 \u00e0 nos activit\u00e9s, conform\u00e9ment aux dispositions du RGPD.<strong><br\/><\/strong><\/p>\n\n<h2 class=\"wp-block-heading\">7. Qui sont les destinataires de mes donn\u00e9es ?<\/h2>\n\n<p>Vos donn\u00e9es personnelles ne seront utilis\u00e9es que par les services et les personnes de<br\/>L\u2019EXPRESS CONNECT est autoris\u00e9 \u00e0 les traiter, conform\u00e9ment aux finalit\u00e9s d\u00e9termin\u00e9es.<br\/>Ces donn\u00e9es peuvent \u00e9galement \u00eatre communiqu\u00e9es aux personnes r\u00e9f\u00e9r\u00e9es pour le<br\/>R\u00e9alisation des objectifs du traitement.\nEn outre, ils seront transmis aux chefs de r\u00e9seau ayant<br\/>prend un abonnement avec la soci\u00e9t\u00e9 L\u2019EXPRESS CONNECT, dans le cadre de leur<br\/>relation avec les candidats qui ont rempli une fiche d\u2019information au moment de la cr\u00e9ation de leur<br\/>compte.   <\/p>\n\n<h2 class=\"wp-block-heading\">8. Mes donn\u00e9es quitteront-elles l\u2019Union europ\u00e9enne ?<\/h2>\n\n<p>Certaines donn\u00e9es peuvent \u00eatre transf\u00e9r\u00e9es \u00e0 des responsables de r\u00e9seau ou \u00e0 des personnes r\u00e9f\u00e9r\u00e9es \u00e9tablies en dehors de l\u2019Union europ\u00e9enne \u00e0 condition qu\u2019elles fournissent des garanties suffisantes en ce qui concerne les exigences du RGPD, en particulier si les pays offrent un niveau de protection ad\u00e9quat, conform\u00e9ment aux articles 44 et suivants du r\u00e8glement europ\u00e9en EU2016\/679 du 27 avril 2016.<\/p>\n\n<h2 class=\"wp-block-heading\">9. Mes donn\u00e9es sont-elles s\u00e9curis\u00e9es lorsqu\u2019elles sont trait\u00e9es ?<\/h2>\n\n<p>Toutes les personnes ayant acc\u00e8s \u00e0 vos donn\u00e9es sont autoris\u00e9es et li\u00e9es par une obligation de confidentialit\u00e9.<br\/>A ce titre, et conform\u00e9ment \u00e0 l\u2019article 32 du RGPD, la Plateforme et toutes les personnes r\u00e9f\u00e9renc\u00e9es s\u2019engagent \u00e0 mettre en \u0153uvre toutes les mesures techniques et organisationnelles n\u00e9cessaires pour garantir la s\u00e9curit\u00e9 et la confidentialit\u00e9 des donn\u00e9es trait\u00e9es.<\/p>\n\n<h2 class=\"wp-block-heading\">10. J\u2019ai des droits diff\u00e9rents, comment puis-je les exercer\u00a0?<\/h2>\n\n<p>Le responsable du traitement est\u00a0la Soci\u00e9t\u00e9 L&#8217;EXPRESS CONNECT \u2013 3 quai de la P\u00eacherie, 69001 LYON<br\/>T\u00e9l\u00e9phone : <a style=\"font-size: 1.3rem\" href=\"tel:+33756931773\">07 56 93 17 73<\/a><br\/>Le d\u00e9l\u00e9gu\u00e9 \u00e0 la protection des donn\u00e9es est Monsieur Arthur de Choulot que vous pouvez contacter \u00e0 l\u2019adresse mail : \u00ab\u00a0franchise@lexpress-connect.com\u00a0\u00bb<\/p>\n\n<p>Conform\u00e9ment \u00e0 la loi sur la protection des donn\u00e9es du 6 janvier 1978, telle que modifi\u00e9e, et au r\u00e8glement g\u00e9n\u00e9ral sur la protection des donn\u00e9es 2016\/679 du 27 avril 2016, vous disposez d\u2019un droit d\u2019acc\u00e8s, de rectification, de suppression (sous r\u00e9serve de justifier l\u2019un des motifs \u00e9num\u00e9r\u00e9s \u00e0 l\u2019article 17 du RGPD) et de portabilit\u00e9 des donn\u00e9es personnelles vous concernant.\nVous pouvez \u00e9galement obtenir la restriction du traitement de vos donn\u00e9es ou vous opposer \u00e0 leur traitement pour une raison l\u00e9gitime. <\/p>\n\n<p>Vous pouvez exercer vos droits par email \u00e0 l\u2019adresse suivante\u00a0: <a href=\"mailto:franchise@lexpress-connect.com\">franchise@lexpress-connect.com<\/a>.<\/p>\n\n<p>Si vous pensez que vos droits ne sont pas respect\u00e9s, vous pouvez \u00e9galement d\u00e9poser une plainte aupr\u00e8s de l\u2019autorit\u00e9 de surveillance comp\u00e9tente de <a href=\"https:\/\/www.cnil.fr\/plaintes\">https:\/\/www.cnil.fr\/plaintes<\/a><\/p>\n\n<p>Derni\u00e8re r\u00e9vision le <span style=\"text-decoration: underline\">02\/02\/2023<\/span>.<\/p>\n","protected":false},"excerpt":{"rendered":"<p>L\u2019acc\u00e8s et l\u2019utilisation du service de connexion entre le candidat \u00e0 la franchise et le chef du r\u00e9seau impliquent la collecte de donn\u00e9es personnelles concernant le prospect, le candidat et le chef du r\u00e9seau. Dans ce cas particulier, lorsqu\u2019ils remplissent le questionnaire, les Candidats transmettent des informations sur eux-m\u00eames. Il en va de m\u00eame pour [&hellip;]<\/p>\n","protected":false},"author":1,"featured_media":0,"parent":0,"menu_order":0,"comment_status":"closed","ping_status":"closed","template":"","meta":{"_acf_changed":false,"_seopress_robots_primary_cat":"","_seopress_titles_title":"","_seopress_titles_desc":"","_seopress_robots_index":"","content-type":"","_relevanssi_hide_post":"","_relevanssi_hide_content":"","_relevanssi_pin_for_all":"","_relevanssi_pin_keywords":"","_relevanssi_unpin_keywords":"","_relevanssi_related_keywords":"","_relevanssi_related_include_ids":"","_relevanssi_related_exclude_ids":"","_relevanssi_related_no_append":"","_relevanssi_related_not_related":"","_relevanssi_related_posts":"149554,149532,146619,78702,94158,149585","_relevanssi_noindex_reason":"","footnotes":""},"category_page":[],"class_list":["post-153867","page","type-page","status-publish"],"acf":[],"_links":{"self":[{"href":"https:\/\/lexpress-franchise.com\/fr-ca\/wp-json\/wp\/v2\/pages\/153867","targetHints":{"allow":["GET"]}}],"collection":[{"href":"https:\/\/lexpress-franchise.com\/fr-ca\/wp-json\/wp\/v2\/pages"}],"about":[{"href":"https:\/\/lexpress-franchise.com\/fr-ca\/wp-json\/wp\/v2\/types\/page"}],"author":[{"embeddable":true,"href":"https:\/\/lexpress-franchise.com\/fr-ca\/wp-json\/wp\/v2\/users\/1"}],"replies":[{"embeddable":true,"href":"https:\/\/lexpress-franchise.com\/fr-ca\/wp-json\/wp\/v2\/comments?post=153867"}],"version-history":[{"count":2,"href":"https:\/\/lexpress-franchise.com\/fr-ca\/wp-json\/wp\/v2\/pages\/153867\/revisions"}],"predecessor-version":[{"id":1484849,"href":"https:\/\/lexpress-franchise.com\/fr-ca\/wp-json\/wp\/v2\/pages\/153867\/revisions\/1484849"}],"wp:attachment":[{"href":"https:\/\/lexpress-franchise.com\/fr-ca\/wp-json\/wp\/v2\/media?parent=153867"}],"wp:term":[{"taxonomy":"category_page","embeddable":true,"href":"https:\/\/lexpress-franchise.com\/fr-ca\/wp-json\/wp\/v2\/category_page?post=153867"}],"curies":[{"name":"wp","href":"https:\/\/api.w.org\/{rel}","templated":true}]}}