{"id":151855,"date":"2024-05-13T13:00:55","date_gmt":"2024-05-13T11:00:55","guid":{"rendered":"https:\/\/lexpress-franchise.com\/fr-ca\/express-franchise-pro\/"},"modified":"2026-04-07T12:33:23","modified_gmt":"2026-04-07T10:33:23","slug":"express-franchise-pro","status":"publish","type":"page","link":"https:\/\/lexpress-franchise.com\/fr-ca\/express-franchise-pro\/","title":{"rendered":"R\u00e9f\u00e9rencer sa franchise"},"content":{"rendered":"","protected":false},"excerpt":{"rendered":"","protected":false},"author":1,"featured_media":0,"parent":0,"menu_order":0,"comment_status":"closed","ping_status":"closed","template":"","meta":{"_acf_changed":false,"_seopress_robots_primary_cat":"","_seopress_titles_title":"Inscrivez votre franchise gr\u00e2ce \u00e0 franchise L\u2019Express","_seopress_titles_desc":"Inscrivez votre franchise avec franchise L\u2019Express : attirez des candidats qualifi\u00e9s gr\u00e2ce \u00e0 notre visibilit\u00e9 m\u00e9diatique et \u00e0 nos puissants outils marketing.","_seopress_robots_index":"yes","content-type":"","_relevanssi_hide_post":"","_relevanssi_hide_content":"","_relevanssi_pin_for_all":"","_relevanssi_pin_keywords":"","_relevanssi_unpin_keywords":"","_relevanssi_related_keywords":"","_relevanssi_related_include_ids":"","_relevanssi_related_exclude_ids":"","_relevanssi_related_no_append":"","_relevanssi_related_not_related":"","_relevanssi_related_posts":"146579,149708,149776,149572,146772,139507","_relevanssi_noindex_reason":"","footnotes":""},"category_page":[],"class_list":["post-151855","page","type-page","status-publish"],"acf":[],"_links":{"self":[{"href":"https:\/\/lexpress-franchise.com\/fr-ca\/wp-json\/wp\/v2\/pages\/151855","targetHints":{"allow":["GET"]}}],"collection":[{"href":"https:\/\/lexpress-franchise.com\/fr-ca\/wp-json\/wp\/v2\/pages"}],"about":[{"href":"https:\/\/lexpress-franchise.com\/fr-ca\/wp-json\/wp\/v2\/types\/page"}],"author":[{"embeddable":true,"href":"https:\/\/lexpress-franchise.com\/fr-ca\/wp-json\/wp\/v2\/users\/1"}],"replies":[{"embeddable":true,"href":"https:\/\/lexpress-franchise.com\/fr-ca\/wp-json\/wp\/v2\/comments?post=151855"}],"version-history":[{"count":2,"href":"https:\/\/lexpress-franchise.com\/fr-ca\/wp-json\/wp\/v2\/pages\/151855\/revisions"}],"predecessor-version":[{"id":1626133,"href":"https:\/\/lexpress-franchise.com\/fr-ca\/wp-json\/wp\/v2\/pages\/151855\/revisions\/1626133"}],"wp:attachment":[{"href":"https:\/\/lexpress-franchise.com\/fr-ca\/wp-json\/wp\/v2\/media?parent=151855"}],"wp:term":[{"taxonomy":"category_page","embeddable":true,"href":"https:\/\/lexpress-franchise.com\/fr-ca\/wp-json\/wp\/v2\/category_page?post=151855"}],"curies":[{"name":"wp","href":"https:\/\/api.w.org\/{rel}","templated":true}]}}