{"id":148595,"date":"2022-04-27T15:43:09","date_gmt":"2022-04-27T13:43:09","guid":{"rendered":"https:\/\/lexpress-franchise.com\/fr-ca\/selectionner-une-liste-denseignes-correspondant-a-son-projet\/"},"modified":"2024-07-26T10:20:39","modified_gmt":"2024-07-26T08:20:39","slug":"selectionner-une-liste-denseignes-correspondant-a-son-projet","status":"publish","type":"page","link":"https:\/\/lexpress-franchise.com\/fr-ca\/selectionner-une-liste-denseignes-correspondant-a-son-projet\/","title":{"rendered":"S\u00e9lectionnez une liste de marques&#8230; correspondant \u00e0 son projet"},"content":{"rendered":"\n<p><strong>Face \u00e0 l\u2019immensit\u00e9 des possibilit\u00e9s et des enjeux (professionnels, familiaux, voire personnels) s\u2019engageant pour 5 \u00e0 7 ans, choisir votre franchise, c\u2019est d\u2019abord d\u00e9terminer les crit\u00e8res de s\u00e9lection, comme dans le cas d\u2019un achat immobilier.<\/strong><\/p>\n\n\n\n<p><strong>Certains de ces crit\u00e8res sont subjectifs, d\u2019autres objectifs.<\/strong><\/p>\n\n\n\n<p><strong>Les options sous forme de (bonnes) surprises seront des \u00e9l\u00e9ments favorables \u00e0 la prise de d\u00e9cision.\nD\u2019autres \u00e9l\u00e9ments, d\u00e9couverts au cours de vos recherches, vous feront comprendre pourquoi ce travail de s\u00e9lection des marques est l\u2019une des \u00e9tapes essentielles, et surtout \u00e0 ne pas n\u00e9gliger, pour cr\u00e9er une franchise. <\/strong><\/p>\n\n\n\n<hr class=\"wp-block-separator has-text-color has-css-opacity has-background is-style-dots\" style=\"background-color:#E53B12;color:#E53B12\" \/>\n\n\n\n<h2 class=\"wp-block-heading has-text-color\" style=\"color:#E53B12\">Savoir faire un choix<br>pour la vie (professionnel)<\/h2>\n\n\n\n<h3 class=\"wp-block-heading\">Parall\u00e8lement \u00e0 l\u2019acquisition d\u2019une propri\u00e9t\u00e9<\/h3>\n\n\n\n<p>Dans le domaine du franchisage, il existe pr\u00e8s de 2 000 concepts dans quelque 80 grands secteurs d\u2019activit\u00e9.<\/p>\n\n\n\n<p>Face \u00e0 l\u2019immensit\u00e9 des possibilit\u00e9s et des enjeux (professionnels, familiaux, voire personnels) de s\u2019engager pendant 5 \u00e0 7 ans, vous devrez d\u00e9terminer les crit\u00e8res de choix, comme dans le cas d\u2019un achat immobilier.<\/p>\n\n\n\n<p>Pour acqu\u00e9rir un appartement ou une maison, certains crit\u00e8res sont subjectifs : pr\u00e9sence d\u2019un balcon, h\u00e9bergement au dernier \u00e9tage (parce que vous ne voulez pas entendre les voisins \u00e0 l\u2019\u00e9tage), jardin hors de vue, grand salon principal, etc.<\/p>\n\n\n\n<p>D\u2019autres sont objectifs : budget disponible, temps de d\u00e9placement (temps d\u00e9fini \u00e0 ne pas d\u00e9passer), d\u00e9sir de 3 chambres \u00e0 coucher (dont 2 pour les enfants)&#8230;<\/p>\n\n\n\n<p>Certaines options, sous forme de (bonnes) surprises, seront des \u00e9l\u00e9ments favorables \u00e0 la prise de d\u00e9cision.\nExemples : la pr\u00e9sence d\u2019une salle suppl\u00e9mentaire utilis\u00e9e comme bureau pour un travailleur ind\u00e9pendant, sans d\u00e9passer le budget. <\/p>\n\n\n\n<p>Enfin, au fur et \u00e0 mesure que vous progresserez en tant que premier acheteur, vous d\u00e9couvrirez d\u2019autres \u00e9l\u00e9ments importants, selon vos attentes, tels que l\u2019orientation de la maison pour b\u00e9n\u00e9ficier d\u2019un ensoleillement maximal.<\/p>\n\n\n\n<h3 class=\"wp-block-heading\">Complexe au d\u00e9but pour devenir simple quand il s\u2019agit d\u2019une d\u00e9cision cruciale<\/h3>\n\n\n\n<p>De la m\u00eame mani\u00e8re, vous devrez faire des choix \u00e0 l\u2019avance, opter pour un concept&#8230; sans la certitude d\u2019\u00eatre accept\u00e9 par le franchiseur, qui par souci de coh\u00e9rence et de performance, choisit ses futurs franchis\u00e9s.<\/p>\n\n\n\n<p>Certains de vos crit\u00e8res seront objectifs, in\u00e9vitablement incontestables, comme votre contribution personnelle qui est r\u00e9ellement disponible.\nD\u2019autres resteront subjectives, pas n\u00e9cessairement \u00e9nonc\u00e9es de mani\u00e8re positive, comme la n\u00e9cessit\u00e9 de ne plus avoir de personnel \u00e0 g\u00e9rer. <\/p>\n\n\n\n<p>Certaines options seront des \u00e9l\u00e9ments favorables \u00e0 la prise de d\u00e9cision, comme le plaisir d\u2019exercer une activit\u00e9 professionnelle.<\/p>\n\n\n\n<p>Enfin, vous d\u00e9couvrirez d\u2019autres \u00e9l\u00e9ments importants pour votre succ\u00e8s futur en tant que franchis\u00e9, selon vos attentes, tels que la solidarit\u00e9 entre franchis\u00e9s.<\/p>\n\n\n\n<p>Cette r\u00e9flexion pr\u00e9liminaire porte \u00e9galement sur :<\/p>\n\n\n\n<ul class=\"wp-block-list\">\n<li>Pour faciliter la recherche,<\/li>\n\n\n\n<li>Pour \u00e9viter les d\u00e9ceptions, qui sont une source de retard dans le d\u00e9but de votre nouvelle vie professionnelle (\u00e0 financer par vos propres moyens, qui sont n\u00e9cessairement limit\u00e9s),<\/li>\n\n\n\n<li>Pour vous aider \u00e0 faire le pas vers l\u2019entrepreneuriat avec le moins d\u2019h\u00e9sitation possible, sans vous poser trop de questions.<\/li>\n<\/ul>\n\n\n\n<p>Si vous vous interrogez aussi sur le choix parmi les 2 000 concepts existants&#8230; Vous en avez d\u00e9j\u00e0 fait une cruciale concernant le mode d\u2019entrepreneuriat !  <em>(Voir le chapitre pr\u00e9c\u00e9dent)<\/em><\/p>\n\n\n\n<h2 class=\"wp-block-heading has-text-color\" style=\"color:#E53B12\">Crit\u00e8res subjectifs\/objectifs<\/h2>\n\n\n\n<h3 class=\"wp-block-heading\">L\u2019imparfait du subjectif<\/h3>\n\n\n\n<p>Pour d\u00e9terminer votre s\u00e9lection de r\u00e9seaux \u00e0 contacter, commen\u00e7ons par quelques crit\u00e8res subjectifs&nbsp;:<\/p>\n\n\n\n<ul class=\"wp-block-list\">\n<li><strong>Travailler seul ou en \u00e9quipe&#8230;<\/strong> C\u2019est-\u00e0-dire l\u2019acquisition d\u2019un haut niveau de technicit\u00e9 ou de recrutement\/gestion (parfois \u00e0 distance).<\/li>\n\n\n\n<li><strong>Produits ou services&#8230;<\/strong> C\u2019est-\u00e0-dire la gestion des stocks ou la cr\u00e9ation permanente.<\/li>\n\n\n\n<li><strong>R\u00e9seau jeune ou exp\u00e9riment\u00e9&#8230; <\/strong>C\u2019est-\u00e0-dire plus de libert\u00e9 (et d\u2019imagination) dans l\u2019application du concept, ou plus de certitude (et donc moins de latitude) dans la r\u00e9ussite de votre projet.<\/li>\n<\/ul>\n\n\n\n<p>Ces facteurs subjectifs peuvent changer une fois que le nouvel entrepreneur s\u2019est install\u00e9 dans la franchise.\nPar exemple, red\u00e9couvrir le go\u00fbt du d\u00e9veloppement afin de mieux investir dans son bassin versant quand on ne voulait plus entendre parler de personnel&#8230; <\/p>\n\n\n\n<h3 class=\"wp-block-heading\">Objectif (jamais) Z\u00e9ro, gagner \u00e0 la h\u00e2te<\/h3>\n\n\n\n<p>Ensuite, certains facteurs objectifs entrent en ligne de compte&nbsp;:<\/p>\n\n\n\n<ul class=\"wp-block-list\">\n<li><strong>Votre contribution personnelle&#8230; Effectivement disponible :<\/strong> C\u2019est-\u00e0-dire \u00e0 l\u2019exclusion de l\u2019aide financi\u00e8re, des pr\u00eats honorifiques ou familiaux (\u00e0 rembourser, un jour ou l\u2019autre) ou de la vente d\u2019un bien.<\/li>\n\n\n\n<li><strong>La disponibilit\u00e9 du bassin versant, imm\u00e9diat ou \u00e0 prendre en charge sous peu :<\/strong> Seul le franchiseur peut vous informer sur cette question, en ma\u00eetrisant une carte \u00e0 jour de ses points de vente et en connaissant les zones g\u00e9ographiques qui seront disponibles.<\/li>\n\n\n\n<li><strong>Correspondance avec le profil standard recherch\u00e9 par le franchiseur : <\/strong>Un exemple est les comp\u00e9tences r\u00e9elles en gestion dans le cas des services personnels.<\/li>\n<\/ul>\n\n\n\n<p>Ces facteurs objectifs peuvent \u00eatre contourn\u00e9s.\nExemple pour la contribution personnelle : en s\u2019associant \u00e0 une personne avec laquelle vous \u00eates compl\u00e9mentaire (gestionnaire\/vendeur, argent disponible\/contacts dans le secteur, etc.). <\/p>\n\n\n\n<h3 class=\"wp-block-heading\">AC-DC&nbsp;: Courants AC, courants de continuit\u00e9<\/h3>\n\n\n\n<p>Ces facteurs subjectifs et objectifs ne sont pas donn\u00e9s dans l\u2019exhaustivit\u00e9 ici.\nIls peuvent, par exemple, \u00eatre inh\u00e9rents \u00e0 un secteur. <\/p>\n\n\n\n<p>Typique&nbsp;: ne choisissez pas la restauration rapide (activit\u00e9 de soir\u00e9e et de week-end) si votre vie personnelle est centr\u00e9e sur le temps pass\u00e9 en famille&nbsp;!\nPour rester \u00e0 l\u2019\u00e9coute de vos sensibilit\u00e9s, essayez plut\u00f4t le secteur du travail temporaire : des week-ends garantis \u00e0 long terme&#8230; avec des soir\u00e9es des premi\u00e8res ann\u00e9es cependant alt\u00e9r\u00e9es&nbsp;! <\/p>\n\n\n\n<h2 class=\"wp-block-heading has-text-color\" style=\"color:#E53B12\">Surprises et (souvent) d\u00e9couvertes tardives<\/h2>\n\n\n\n<h3 class=\"wp-block-heading\">La surprise du gestionnaire (de l\u2019entreprise)<\/h3>\n\n\n\n<p>Certaines options seront des \u00e9l\u00e9ments favorables \u00e0 la prise de d\u00e9cisions :<\/p>\n\n\n\n<ul class=\"wp-block-list\">\n<li><strong>Travaillez en famille<\/strong>, et surtout avec vos enfants, en pensant parfois \u00e0 leur transmettre l\u2019entreprise plus tard,<\/li>\n\n\n\n<li><strong>Pour gagner beaucoup d\u2019argent<\/strong>, comme avec certains majors de hamburgers ou de poulets, mais avoir \u00e0 savoir g\u00e9rer une \u00e9quipe de jeunes et accepter de rentrer \u00e0 la maison tous les soirs en sentant les frites&#8230;<\/li>\n\n\n\n<li><strong>Pour pouvoir d\u00e9velopper d\u2019autres points de vente <\/strong>(multi-franchises ou multi-franchises), passer d\u2019un groupe d\u2019un seul homme (bricoleur) \u00e0 un chef d\u2019orchestre (homme \u00e0 tout faire&#8230; do).<\/li>\n\n\n\n<li><strong>Compl\u00e9tez votre chiffre d\u2019affaires via le site Web de la marque, <\/strong>par exemple dans la vente de pools de kits mais en fournissant un service apr\u00e8s-vente local,<\/li>\n\n\n\n<li><strong>Gagnez du statut dans la ville<\/strong>, par exemple en ouvrant un supermarch\u00e9.<\/li>\n<\/ul>\n\n\n\n<h3 class=\"wp-block-heading\">R\u00e9colte tardive<\/h3>\n\n\n\n<p>Enfin, vous d\u00e9couvrirez d\u2019autres \u00e9l\u00e9ments importants, selon vos attentes, en enqu\u00eatant sur le r\u00e9seau :<\/p>\n\n\n\n<ul class=\"wp-block-list\">\n<li><strong>Le plaisir de pratiquer une activit\u00e9 professionnelle :<\/strong> tout travail n\u2019est pas un concept global, mais une somme de petites t\u00e2ches \u00e0 accomplir, dont pas plus de 30% ne doivent \u00eatre co\u00fbteuses pour le chef d\u2019entreprise, le reste doit avant tout mobiliser ses talents naturels.<\/li>\n\n\n\n<li><strong>Une qualit\u00e9 humaine dans les \u00e9changes avec l\u2019\u00e9quipe du franchiseur :<\/strong> que ce soit pour des m\u00e9thodes commerciales, un support informatique ou des apports techniques, la puissance de ces supports n\u2019est rien sans que l\u2019\u00eatre humain transmette ses solutions.<\/li>\n\n\n\n<li><strong>Solidarit\u00e9 entre franchis\u00e9s :<\/strong> qu\u2019il s\u2019agisse d\u2019un voisin g\u00e9ographique, d\u2019un compagnon en formation initiale ou d\u2019une personne que vous avez longuement rencontr\u00e9e au Congr\u00e8s national, certains franchis\u00e9s deviennent des soutiens infaillibles, fondamentaux pour votre succ\u00e8s.\nCette naissance de connivence est souvent favoris\u00e9e par l\u2019\u00e9tat d\u2019esprit du r\u00e9seau, et m\u00eame&#8230; ind\u00e9pendamment du franchiseur&nbsp;! <\/li>\n<\/ul>\n\n\n\n<p><strong>&lt;&lt; <a rel=\"noreferrer noopener\" href=\"https:\/\/lexpress-franchise.com\/fr-ca\/decider-de-se-lancer-en-franchise\/\" target=\"_blank\">Comment cr\u00e9er une franchise&nbsp;: \u00c9tape 1&nbsp;: D\u00e9cidez de d\u00e9marrer une franchise<\/a><br>&gt;&gt;<a rel=\"noreferrer noopener\" href=\"https:\/\/lexpress-franchise.com\/fr-ca\/choisir-lenseigne-par-la-rencontre\/\" target=\"_blank\"> Comment cr\u00e9er une franchise&nbsp;: \u00c9tape 3&nbsp;: Choisissez la marque par&#8230; La r\u00e9union<\/a><\/strong><\/p>\n","protected":false},"excerpt":{"rendered":"<p>Face \u00e0 l\u2019immensit\u00e9 des possibilit\u00e9s et des enjeux (professionnels, familiaux, voire personnels) s\u2019engageant pour 5 \u00e0 7 ans, choisir votre franchise, c\u2019est d\u2019abord d\u00e9terminer les crit\u00e8res de s\u00e9lection, comme dans le cas d\u2019un achat immobilier. Certains de ces crit\u00e8res sont subjectifs, d\u2019autres objectifs. Les options sous forme de (bonnes) surprises seront des \u00e9l\u00e9ments favorables \u00e0 [&hellip;]<\/p>\n","protected":false},"author":24,"featured_media":97944,"parent":0,"menu_order":1,"comment_status":"closed","ping_status":"closed","template":"","meta":{"_acf_changed":false,"_seopress_robots_primary_cat":"","_seopress_titles_title":"S\u00e9lectionnez des marques qui correspondent \u00e0 votre projet","_seopress_titles_desc":"Face \u00e0 l\u2019immensit\u00e9 des possibilit\u00e9s, le choix de votre franchise n\u00e9cessite de d\u00e9finir des crit\u00e8res de s\u00e9lection.\r\n%%sitetitle%% vous aide \u00e0 faire cette liste.","_seopress_robots_index":"yes","content-type":"","_relevanssi_hide_post":"","_relevanssi_hide_content":"","_relevanssi_pin_for_all":"","_relevanssi_pin_keywords":"","_relevanssi_unpin_keywords":"","_relevanssi_related_keywords":"","_relevanssi_related_include_ids":"","_relevanssi_related_exclude_ids":"","_relevanssi_related_no_append":"","_relevanssi_related_not_related":"","_relevanssi_related_posts":"146619,146772,149550,146644,140319,149585","_relevanssi_noindex_reason":"","footnotes":""},"category_page":[170],"class_list":{"0":"post-148595","1":"page","2":"type-page","3":"status-publish","4":"has-post-thumbnail","6":"category_page-livre-blanc"},"acf":[],"_links":{"self":[{"href":"https:\/\/lexpress-franchise.com\/fr-ca\/wp-json\/wp\/v2\/pages\/148595","targetHints":{"allow":["GET"]}}],"collection":[{"href":"https:\/\/lexpress-franchise.com\/fr-ca\/wp-json\/wp\/v2\/pages"}],"about":[{"href":"https:\/\/lexpress-franchise.com\/fr-ca\/wp-json\/wp\/v2\/types\/page"}],"author":[{"embeddable":true,"href":"https:\/\/lexpress-franchise.com\/fr-ca\/wp-json\/wp\/v2\/users\/24"}],"replies":[{"embeddable":true,"href":"https:\/\/lexpress-franchise.com\/fr-ca\/wp-json\/wp\/v2\/comments?post=148595"}],"version-history":[{"count":0,"href":"https:\/\/lexpress-franchise.com\/fr-ca\/wp-json\/wp\/v2\/pages\/148595\/revisions"}],"wp:featuredmedia":[{"embeddable":true,"href":"https:\/\/lexpress-franchise.com\/fr-ca\/wp-json\/wp\/v2\/media\/97944"}],"wp:attachment":[{"href":"https:\/\/lexpress-franchise.com\/fr-ca\/wp-json\/wp\/v2\/media?parent=148595"}],"wp:term":[{"taxonomy":"category_page","embeddable":true,"href":"https:\/\/lexpress-franchise.com\/fr-ca\/wp-json\/wp\/v2\/category_page?post=148595"}],"curies":[{"name":"wp","href":"https:\/\/api.w.org\/{rel}","templated":true}]}}