{"id":145625,"date":"2022-01-28T10:34:05","date_gmt":"2022-01-28T09:34:05","guid":{"rendered":"https:\/\/lexpress-franchise.com\/fr-ca\/manifeste\/"},"modified":"2024-09-20T11:31:54","modified_gmt":"2024-09-20T09:31:54","slug":"manifeste","status":"publish","type":"page","link":"https:\/\/lexpress-franchise.com\/fr-ca\/manifeste\/","title":{"rendered":"Manifeste"},"content":{"rendered":"\n<p>Entrepreneurs : d\u00e8s le moment o\u00f9 ils ont imagin\u00e9 cr\u00e9er leur propre entreprise, ils ont tous commenc\u00e9 \u00e0 concevoir leur projet. Tous se sont pos\u00e9 des milliards de questions. Tous cherchaient le meilleur mod\u00e8le d\u2019affaires. Mais tr\u00e8s peu ont pens\u00e9 \u00e0 rejoindre un r\u00e9seau de franchises. Et pour cause : encore inconnu, le secteur de la franchise souffre parfois d\u2019un manque de notori\u00e9t\u00e9. Cependant, ce mod\u00e8le r\u00e9pond aux ambitions de nombreux entrepreneurs qui ne l\u2019ignorent pas. Quant aux chefs de projet les plus exp\u00e9riment\u00e9s, qui savent d\u00e9j\u00e0 qu\u2019ils veulent rejoindre un r\u00e9seau, ils ont eux aussi du mal \u00e0 s\u2019y retrouver et \u00e0 trouver le franchiseur parfait. Perdu sur les quelques plateformes sp\u00e9cialis\u00e9es qui ressemblent \u00e0 un annuaire, le candidat \u00e0 la franchise ne s\u2019y retrouve pas, lorsque le franchiseur ne parvient pas \u00e0 se d\u00e9marquer.<\/p>\n\n<p>Face \u00e0 cette r\u00e9alit\u00e9, les fondateurs d\u2019Express Franchise veulent participer au succ\u00e8s d\u2019un secteur extr\u00eamement riche en opportunit\u00e9s et ont commenc\u00e9 \u00e0 chercher de superbes marques pr\u00eates \u00e0 mener une petite r\u00e9volution dans l\u2019exp\u00e9rience de franchise avec eux. Leur ambition : mettre \u00e0 l\u2019honneur l\u2019aspect unique de chaque franchiseur et offrir \u00e0 chaque entrepreneur l\u2019occasion de d\u00e9couvrir cette partie peu connue de son entreprise. Parce que oui, cr\u00e9er une franchise, c\u2019est aussi se lancer dans une grande aventure entrepreneuriale. Pour permettre \u00e0 ces joueurs de naviguer en toute s\u00e9r\u00e9nit\u00e9 dans ce monde pas si obscur du franchisage, la franchise Express propose d\u2019\u00eatre leur guide. En tant que plateforme de r\u00e9seautage, nous rassemblons des franchiseurs et des candidats \u00e0 la franchise. En tant que m\u00e9dia inspirant, nous offrons un contenu d\u00e9di\u00e9 intelligent et percutant autour des th\u00e8mes de l\u2019entrepreneuriat, du franchisage et du monde du travail en g\u00e9n\u00e9ral.<\/p>\n\n<p>Donc, que vous soyez un r\u00e9cent dipl\u00f4m\u00e9, un entrepreneur exp\u00e9riment\u00e9, un cadre en recyclage, un franchiseur, un franchis\u00e9 ou un candidat \u00e0 la franchise&#8230; La franchise Express est l\u00e0 pour vous.<\/p>\n\n<div style=\"height:25px\" aria-hidden=\"true\" class=\"wp-block-spacer\"><\/div>\n","protected":false},"excerpt":{"rendered":"<p>Entrepreneurs : d\u00e8s le moment o\u00f9 ils ont imagin\u00e9 cr\u00e9er leur propre entreprise, ils ont tous commenc\u00e9 \u00e0 concevoir leur projet. Tous se sont pos\u00e9 des milliards de questions. Tous cherchaient le meilleur mod\u00e8le d\u2019affaires. Mais tr\u00e8s peu ont pens\u00e9 \u00e0 rejoindre un r\u00e9seau de franchises. Et pour cause : encore inconnu, le secteur de [&hellip;]<\/p>\n","protected":false},"author":1,"featured_media":0,"parent":0,"menu_order":0,"comment_status":"closed","ping_status":"closed","template":"","meta":{"_acf_changed":false,"_seopress_robots_primary_cat":"","_seopress_titles_title":"","_seopress_titles_desc":"Entrepreneurs\u00a0: \u00e0 partir du moment o\u00f9 ils ont imagin\u00e9 cr\u00e9er leur propre entreprise, ils ont tous cherch\u00e9 le meilleur mod\u00e8le d\u2019affaires. Mais tr\u00e8s peu ont pens\u00e9 \u00e0 rejoindre un r\u00e9seau de franchises. Et pour cause\u00a0!","_seopress_robots_index":"","content-type":"","_relevanssi_hide_post":"","_relevanssi_hide_content":"","_relevanssi_pin_for_all":"","_relevanssi_pin_keywords":"","_relevanssi_unpin_keywords":"","_relevanssi_related_keywords":"","_relevanssi_related_include_ids":"","_relevanssi_related_exclude_ids":"","_relevanssi_related_no_append":"","_relevanssi_related_not_related":"","_relevanssi_related_posts":"140319,132572,94158,133693,78782","_relevanssi_noindex_reason":"","footnotes":""},"category_page":[],"class_list":["post-145625","page","type-page","status-publish"],"acf":[],"_links":{"self":[{"href":"https:\/\/lexpress-franchise.com\/fr-ca\/wp-json\/wp\/v2\/pages\/145625","targetHints":{"allow":["GET"]}}],"collection":[{"href":"https:\/\/lexpress-franchise.com\/fr-ca\/wp-json\/wp\/v2\/pages"}],"about":[{"href":"https:\/\/lexpress-franchise.com\/fr-ca\/wp-json\/wp\/v2\/types\/page"}],"author":[{"embeddable":true,"href":"https:\/\/lexpress-franchise.com\/fr-ca\/wp-json\/wp\/v2\/users\/1"}],"replies":[{"embeddable":true,"href":"https:\/\/lexpress-franchise.com\/fr-ca\/wp-json\/wp\/v2\/comments?post=145625"}],"version-history":[{"count":1,"href":"https:\/\/lexpress-franchise.com\/fr-ca\/wp-json\/wp\/v2\/pages\/145625\/revisions"}],"predecessor-version":[{"id":171848,"href":"https:\/\/lexpress-franchise.com\/fr-ca\/wp-json\/wp\/v2\/pages\/145625\/revisions\/171848"}],"wp:attachment":[{"href":"https:\/\/lexpress-franchise.com\/fr-ca\/wp-json\/wp\/v2\/media?parent=145625"}],"wp:term":[{"taxonomy":"category_page","embeddable":true,"href":"https:\/\/lexpress-franchise.com\/fr-ca\/wp-json\/wp\/v2\/category_page?post=145625"}],"curies":[{"name":"wp","href":"https:\/\/api.w.org\/{rel}","templated":true}]}}