{"id":145623,"date":"2022-01-31T14:29:55","date_gmt":"2022-01-31T13:29:55","guid":{"rendered":"https:\/\/lexpress-franchise.com\/fr-ca\/lequipe-de-la-franchise-lexpress\/"},"modified":"2024-07-16T07:01:33","modified_gmt":"2024-07-16T05:01:33","slug":"lequipe-de-la-franchise-lexpress","status":"publish","type":"page","link":"https:\/\/lexpress-franchise.com\/fr-ca\/lequipe-de-la-franchise-lexpress\/","title":{"rendered":"L\u2019\u00e9quipe de la franchise L\u2019Express"},"content":{"rendered":"\n<div class=\"wp-block-columns gap--m is-layout-flex wp-container-core-columns-is-layout-9d6595d7 wp-block-columns-is-layout-flex\">\n<div class=\"wp-block-column is-layout-flow wp-block-column-is-layout-flow\"><div class=\"wp-block-image\">\n<figure class=\"aligncenter size-square-450\"><img loading=\"lazy\" decoding=\"async\" width=\"450\" height=\"450\" src=\"https:\/\/lexpress-franchise.com\/wp-content\/uploads\/2023\/02\/Capture-decran-2023-02-01-105458-450x450.jpg\" alt=\"\" class=\"wp-image-11365\" srcset=\"https:\/\/lexpress-franchise.com\/wp-content\/uploads\/2023\/02\/Capture-decran-2023-02-01-105458-450x450.jpg 450w, https:\/\/lexpress-franchise.com\/wp-content\/uploads\/2023\/02\/Capture-decran-2023-02-01-105458-150x150.jpg 150w, https:\/\/lexpress-franchise.com\/wp-content\/uploads\/2023\/02\/Capture-decran-2023-02-01-105458-300x300.jpg 300w, https:\/\/lexpress-franchise.com\/wp-content\/uploads\/2023\/02\/Capture-decran-2023-02-01-105458-600x600.jpg 600w\" sizes=\"auto, (max-width: 450px) 100vw, 450px\" \/><\/figure>\n<\/div>\n\n\n<h3 class=\"wp-block-heading has-text-align-center has-black-color has-text-color\"><strong>Alain Weill<\/strong><\/h3>\n\n\n\n<p class=\"has-text-align-center has-black-color has-text-color\">Chef de la direction<\/p>\n\n\n\n<div style=\"height:1px\" aria-hidden=\"true\" class=\"wp-block-spacer\"><\/div>\n\n\n\n<p>Homme de presse, Alain Weill a d\u00e9but\u00e9 sa carri\u00e8re dans des radios libres. En 2000 et apr\u00e8s 8 ans en tant que directeur g\u00e9n\u00e9ral du groupe NRJ, il a achet\u00e9 la radio RMC, alors en d\u00e9clin, et a cr\u00e9\u00e9 NextRadio. En quelques ann\u00e9es seulement, le groupe s\u2019est impos\u00e9 dans le paysage audiovisuel fran\u00e7ais avec des cha\u00eenes de t\u00e9l\u00e9vision devenues incontournables : BFM TV, BFM Business, RMC D\u00e9couverte, RMC Sport, RMC Story ainsi que des cha\u00eenes r\u00e9gionales. Au fil des ans, le groupe a \u00e9largi et diversifi\u00e9 ses activit\u00e9s num\u00e9riques. Parall\u00e8lement, Alain Weill devient l\u2019actionnaire majoritaire du magazine <em>d\u2019information L\u2019Express par l\u2019entremise<\/em> de sa soci\u00e9t\u00e9 News Participation. Il a \u00e9t\u00e9 nomm\u00e9 pr\u00e9sident et r\u00e9dacteur en chef, et a lanc\u00e9 une v\u00e9ritable transformation du titre pour en faire la marque m\u00e9diatique des leaders d\u2019opinion.<br \/>En 2021, il quitte son poste au sein du groupe NextRadioTV, devenu depuis Altice Media, afin de r\u00e9aliser de nouveaux projets dans les m\u00e9dias et le num\u00e9rique.<\/p>\n<\/div>\n\n\n\n<div class=\"wp-block-column is-layout-flow wp-block-column-is-layout-flow\"><div class=\"wp-block-image\">\n<figure class=\"aligncenter size-square-450\"><img loading=\"lazy\" decoding=\"async\" width=\"450\" height=\"450\" src=\"https:\/\/lexpress-franchise.com\/wp-content\/uploads\/2023\/02\/1588058177305-450x450.jpg\" alt=\"\" class=\"wp-image-11493\" srcset=\"https:\/\/lexpress-franchise.com\/wp-content\/uploads\/2023\/02\/1588058177305-450x450.jpg 450w, https:\/\/lexpress-franchise.com\/wp-content\/uploads\/2023\/02\/1588058177305-150x150.jpg 150w, https:\/\/lexpress-franchise.com\/wp-content\/uploads\/2023\/02\/1588058177305-768x768.jpg 768w, https:\/\/lexpress-franchise.com\/wp-content\/uploads\/2023\/02\/1588058177305-300x300.jpg 300w, https:\/\/lexpress-franchise.com\/wp-content\/uploads\/2023\/02\/1588058177305-600x600.jpg 600w, https:\/\/lexpress-franchise.com\/wp-content\/uploads\/2023\/02\/1588058177305-360x360.jpg 360w, https:\/\/lexpress-franchise.com\/wp-content\/uploads\/2023\/02\/1588058177305-480x480.jpg 480w, https:\/\/lexpress-franchise.com\/wp-content\/uploads\/2023\/02\/1588058177305-640x640.jpg 640w, https:\/\/lexpress-franchise.com\/wp-content\/uploads\/2023\/02\/1588058177305.jpg 800w\" sizes=\"auto, (max-width: 450px) 100vw, 450px\" \/><\/figure>\n<\/div>\n\n\n<h3 class=\"wp-block-heading has-text-align-center has-black-color has-text-color\"><strong>Arthur de Choulot<\/strong><\/h3>\n\n\n\n<p class=\"has-text-align-center has-black-color has-text-color\">Chef de la direction adjoint<\/p>\n\n\n\n<div style=\"height:1px\" aria-hidden=\"true\" class=\"wp-block-spacer\"><\/div>\n\n\n\n<p>Multi-entrepreneur dans les secteurs de la r\u00e9alit\u00e9 virtuelle, de l\u2019\u00e9nergie, de l\u2019assurance et de l\u2019immobilier.<\/p>\n\n\n\n<p>En 2018, il a cr\u00e9\u00e9 le leader fran\u00e7ais dans les salles vr DreamAway. Auparavant, il g\u00e9rait les activit\u00e9s commerciales de Voltalis, une soci\u00e9t\u00e9 qui a lev\u00e9 plusieurs centaines de millions d\u2019euros pour introduire une bo\u00eete d\u2019\u00e9conomie d\u2019\u00e9nergie dans les maisons.<\/p>\n\n\n\n<p>Il dirige le d\u00e9veloppement de la franchise Express.<\/p>\n\n\n\n<p>Dipl\u00f4m\u00e9 en 2006 d\u2019Arts et M\u00e9tiers (ENSAM).<\/p>\n<\/div>\n\n\n\n<div class=\"wp-block-column is-layout-flow wp-block-column-is-layout-flow\"><div class=\"wp-block-image\">\n<figure class=\"aligncenter size-square-450\"><img loading=\"lazy\" decoding=\"async\" width=\"450\" height=\"450\" src=\"https:\/\/lexpress-franchise.com\/wp-content\/uploads\/2023\/04\/Portrait-Nicolas-Guillemot-450x450.jpeg\" alt=\"\" class=\"wp-image-15542\" srcset=\"https:\/\/lexpress-franchise.com\/wp-content\/uploads\/2023\/04\/Portrait-Nicolas-Guillemot-450x450.jpeg 450w, https:\/\/lexpress-franchise.com\/wp-content\/uploads\/2023\/04\/Portrait-Nicolas-Guillemot-150x150.jpeg 150w, https:\/\/lexpress-franchise.com\/wp-content\/uploads\/2023\/04\/Portrait-Nicolas-Guillemot-300x300.jpeg 300w, https:\/\/lexpress-franchise.com\/wp-content\/uploads\/2023\/04\/Portrait-Nicolas-Guillemot-600x600.jpeg 600w\" sizes=\"auto, (max-width: 450px) 100vw, 450px\" \/><\/figure>\n<\/div>\n\n\n<h3 class=\"wp-block-heading has-text-align-center has-black-color has-text-color\"><strong>Nicolas Guillemot<\/strong><\/h3>\n\n\n\n<p class=\"has-text-align-center has-black-color has-text-color\">Chef de la direction adjoint<\/p>\n\n\n\n<div style=\"height:1px\" aria-hidden=\"true\" class=\"wp-block-spacer\"><\/div>\n\n\n\n<p>Multi-entrepreneur dans les secteurs des m\u00e9dias, de la communication et de la presse \u00e9crite.<\/p>\n\n\n\n<p>En 2018\u00a0: il a cofond\u00e9 l\u2019agence de communication num\u00e9rique White Mirror, sp\u00e9cialis\u00e9e dans les m\u00e9dias sociaux, les relations avec les m\u00e9dias et l\u2019acquisition. 40 employ\u00e9s en 4 ans et une croissance \u00e0 3 chiffres chaque ann\u00e9e depuis son lancement. Pr\u00e9c\u00e9demment fondateur de Papier fait de la R\u00e9sistance, une excellente marque de papeterie qu\u2019il a vendue au Groupe Albin Michel en 2020 apr\u00e8s 8 ans d\u2019exploitation.<\/p>\n\n\n\n<p>Plus pr\u00e9cis\u00e9ment, il g\u00e8re le num\u00e9rique, le marketing et la communication de la franchise L\u2019Express.<\/p>\n<\/div>\n<\/div>\n","protected":false},"excerpt":{"rendered":"<p>Alain Weill Chef de la direction Homme de presse, Alain Weill a d\u00e9but\u00e9 sa carri\u00e8re dans des radios libres. En 2000 et apr\u00e8s 8 ans en tant que directeur g\u00e9n\u00e9ral du groupe NRJ, il a achet\u00e9 la radio RMC, alors en d\u00e9clin, et a cr\u00e9\u00e9 NextRadio. En quelques ann\u00e9es seulement, le groupe s\u2019est impos\u00e9 dans [&hellip;]<\/p>\n","protected":false},"author":7,"featured_media":0,"parent":0,"menu_order":0,"comment_status":"closed","ping_status":"closed","template":"","meta":{"_acf_changed":false,"_seopress_robots_primary_cat":"","_seopress_titles_title":"L\u2019\u00e9quipe de la franchise L\u2019Express","_seopress_titles_desc":"Qui est derri\u00e8re la franchise Express\u00a0? Rencontrez l\u2019\u00e9quipe derri\u00e8re ce beau concept.","_seopress_robots_index":"","content-type":"","_relevanssi_hide_post":"","_relevanssi_hide_content":"","_relevanssi_pin_for_all":"","_relevanssi_pin_keywords":"","_relevanssi_unpin_keywords":"","_relevanssi_related_keywords":"","_relevanssi_related_include_ids":"","_relevanssi_related_exclude_ids":"","_relevanssi_related_no_append":"","_relevanssi_related_not_related":"","_relevanssi_related_posts":"133693,132572,94158,140319,78782","_relevanssi_noindex_reason":"","footnotes":""},"category_page":[],"class_list":["post-145623","page","type-page","status-publish"],"acf":[],"_links":{"self":[{"href":"https:\/\/lexpress-franchise.com\/fr-ca\/wp-json\/wp\/v2\/pages\/145623","targetHints":{"allow":["GET"]}}],"collection":[{"href":"https:\/\/lexpress-franchise.com\/fr-ca\/wp-json\/wp\/v2\/pages"}],"about":[{"href":"https:\/\/lexpress-franchise.com\/fr-ca\/wp-json\/wp\/v2\/types\/page"}],"author":[{"embeddable":true,"href":"https:\/\/lexpress-franchise.com\/fr-ca\/wp-json\/wp\/v2\/users\/7"}],"replies":[{"embeddable":true,"href":"https:\/\/lexpress-franchise.com\/fr-ca\/wp-json\/wp\/v2\/comments?post=145623"}],"version-history":[{"count":0,"href":"https:\/\/lexpress-franchise.com\/fr-ca\/wp-json\/wp\/v2\/pages\/145623\/revisions"}],"wp:attachment":[{"href":"https:\/\/lexpress-franchise.com\/fr-ca\/wp-json\/wp\/v2\/media?parent=145623"}],"wp:term":[{"taxonomy":"category_page","embeddable":true,"href":"https:\/\/lexpress-franchise.com\/fr-ca\/wp-json\/wp\/v2\/category_page?post=145623"}],"curies":[{"name":"wp","href":"https:\/\/api.w.org\/{rel}","templated":true}]}}