{"id":144445,"date":"2022-02-10T16:13:49","date_gmt":"2022-02-10T15:13:49","guid":{"rendered":"https:\/\/lexpress-franchise.com\/fr-ca\/mentions-legales\/"},"modified":"2024-09-20T11:31:44","modified_gmt":"2024-09-20T09:31:44","slug":"mentions-legales","status":"publish","type":"page","link":"https:\/\/lexpress-franchise.com\/fr-ca\/mentions-legales\/","title":{"rendered":"Mentions l\u00e9gales"},"content":{"rendered":"\n<p><strong>\u00c9diteur de site Web<\/strong> \u00a0:<\/p>\n\n<p><strong>L\u2019EXPRESS CONNECT<\/strong><\/p>\n\n<p>SAS avec un capital de 21.755 \u20ac  <\/p>\n\n<p>RCS Lyon 909 027 526<\/p>\n\n<p>Si\u00e8ge social :  <\/p>\n\n<p>3 quai de la P\u00eacherie<\/p>\n\n<p>69001 Lyon<\/p>\n\n<div style=\"height:30px\" aria-hidden=\"true\" class=\"wp-block-spacer\"><\/div>\n\n<p><strong>Directeur de la publication<\/strong> :<\/p>\n\n<p>Alain Weill<\/p>\n\n<p><a href=\"mailto:franchise@lexpress-connect.com\"><\/a><a href=\"mailto:franchise@lexpress-connect.com\">contact@lexpress-connect.com<\/a><\/p>\n\n<div style=\"height:30px\" aria-hidden=\"true\" class=\"wp-block-spacer\"><\/div>\n\n<p><strong>H\u00f4te du site Web<\/strong> :<\/p>\n\n<p>Netcup GmbH<\/p>\n\n<p>Daimlerstra\u00dfe 25<\/p>\n\n<p>76185 Karlsruhe, Allemagne<\/p>\n\n<p>T\u00e9l. : +49 721 \/ 7540755 &#8211; 0<\/p>\n\n<p>Fax\u00a0: +49 721 \/ 7540755 &#8211; 9<\/p>\n\n<p>Site : www.netcup.de<\/p>\n\n<p>Courrier : mail@netcup.de<\/p>\n\n<p>RCS\u00a0: HRB 705547<\/p>\n\n<div style=\"height:30px\" aria-hidden=\"true\" class=\"wp-block-spacer\"><\/div>\n\n<p><strong>Droit d\u2019auteur \u2013 Liens vers des sites externes<\/strong><\/p>\n\n<p>Le contenu du site Web www.lexpress-franchise.com (en particulier sa structure, sa conception, ses interfaces, ses bases de donn\u00e9es, ses textes, son contenu num\u00e9rique, ses marques de commerce, ses images, ses vid\u00e9os, sa musique, tous les \u00e9l\u00e9ments graphiques qui le composent, ainsi que les balises de r\u00e9f\u00e9rencement HTML (m\u00e9ta-balises), \u00e0 l\u2019exclusion du contenu appartenant \u00e0 des tiers, est la propri\u00e9t\u00e9 de la Soci\u00e9t\u00e9 et est prot\u00e9g\u00e9 par les lois fran\u00e7aises et internationales relatives \u00e0 la propri\u00e9t\u00e9 intellectuelle.<\/p>\n\n<p>Toute reproduction totale ou partielle de ce contenu est strictement interdite et est susceptible de constituer une violation du droit d\u2019auteur, sans l\u2019autorisation \u00e9crite pr\u00e9alable de la Soci\u00e9t\u00e9.<\/p>\n\n<p>La Soci\u00e9t\u00e9 ne peut \u00eatre tenue responsable du contenu des liens apparaissant sur le Site et se r\u00e9f\u00e9rant \u00e0 des sites externes.<\/p>\n\n<div style=\"height:30px\" aria-hidden=\"true\" class=\"wp-block-spacer\"><\/div>\n\n<p><strong>La cr\u00e9ation par des tiers de liens vers la Plateforme<\/strong><\/p>\n\n<p>Le Site autorise la mise en place d\u2019un lien hypertexte pointant vers son contenu, sous r\u00e9serve de :  <\/p>\n\n<ul class=\"wp-block-list\">\n<li>d\u2019informer la Soci\u00e9t\u00e9 \u00e0 l\u2019avance express\u00e9ment par e-mail \u00e0 l\u2019adresse suivante <a href=\"mailto:franchise@lexpress-connect.com\"><\/a> <a href=\"mailto:franchise@lexpress-connect.com\">contact@lexpress-connect.com<\/a>\u00a0; et<\/li>\n\n\n\n<li>pour mentionner la source qui pointera directement vers le contenu cibl\u00e9 via le lien hypertexte.  <\/li>\n<\/ul>\n\n<p>Toutefois, cette autorisation ne s\u2019applique pas aux sites Web diffusant des informations de nature controvers\u00e9e, pornographique, x\u00e9nophobe ou pouvant, dans une plus large mesure, porter atteinte \u00e0 l\u2019ordre public et \u00e0 la moralit\u00e9.<\/p>\n\n<p>Dans tous les cas, la Soci\u00e9t\u00e9 se r\u00e9serve le droit de demander la suppression imm\u00e9diate du lien cr\u00e9\u00e9 vers son site sans avoir \u00e0 indiquer de raison particuli\u00e8re. Il est pr\u00e9cis\u00e9 que cette autorisation n\u2019implique pas l\u2019autorisation de reproduire tout ou partie du contenu du Site, en particulier un titre ou un titre pour la d\u00e9nomination du lien hypertexte.<\/p>\n\n<div style=\"height:30px\" aria-hidden=\"true\" class=\"wp-block-spacer\"><\/div>\n\n<p><strong>Protection des donn\u00e9es personnelles<\/strong><\/p>\n\n<p>Tous les renseignements personnels recueillis ci-dessus par la Soci\u00e9t\u00e9, tels qu\u2019identifi\u00e9s ci-dessus, sont soumis \u00e0 un traitement informatique dans les conditions d\u00e9finies par les dispositions l\u00e9gales applicables dans ce domaine.<\/p>\n\n<p>Il est n\u00e9cessaire que la Soci\u00e9t\u00e9 traite votre demande. Ces donn\u00e9es peuvent \u00eatre communiqu\u00e9es aux chefs de r\u00e9seau afin de leur permettre d\u2019envoyer des sollicitations aux candidats franchis\u00e9s correspondant \u00e0 la demande faite. Les donn\u00e9es des chefs de r\u00e9seau et\/ou des candidats peuvent \u00e9galement \u00eatre utilis\u00e9es par la Soci\u00e9t\u00e9 pour contacter les personnes r\u00e9f\u00e9r\u00e9es dans le but d\u2019am\u00e9liorer le Service.<\/p>\n\n<p>Conform\u00e9ment \u00e0 la loi 78-17 du 6 janvier 1978, telle que modifi\u00e9e, relative aux technologies de l\u2019information, aux fichiers et aux libert\u00e9s, mieux connue sous le nom de loi sur la protection des donn\u00e9es, ainsi qu\u2019au r\u00e8glement g\u00e9n\u00e9ral sur la protection des donn\u00e9es n\u00b0 2016\/679 du 27 avril 2016, les personnes dont les donn\u00e9es personnelles ont \u00e9t\u00e9 collect\u00e9es ont un droit d\u2019acc\u00e8s,  la rectification, la modification et la suppression de toutes les donn\u00e9es les concernant.  <\/p>\n\n<p>Pour exercer ces droits, ils peuvent envoyer leur demande par courriel \u00e0 l\u2019adresse suivante <a href=\"mailto:franchise@lexpress-connect.com\">contact@lexpress-connect.com<\/a>.<br \/><\/p>\n\n<p>Derni\u00e8re r\u00e9vision le <span style=\"text-decoration: underline\">01\/08\/2024<\/span>.<\/p>\n","protected":false},"excerpt":{"rendered":"<p>\u00c9diteur de site Web \u00a0: L\u2019EXPRESS CONNECT SAS avec un capital de 21.755 \u20ac RCS Lyon 909 027 526 Si\u00e8ge social : 3 quai de la P\u00eacherie 69001 Lyon Directeur de la publication : Alain Weill contact@lexpress-connect.com H\u00f4te du site Web : Netcup GmbH Daimlerstra\u00dfe 25 76185 Karlsruhe, Allemagne T\u00e9l. : +49 721 \/ 7540755 [&hellip;]<\/p>\n","protected":false},"author":1,"featured_media":0,"parent":0,"menu_order":0,"comment_status":"closed","ping_status":"closed","template":"","meta":{"_acf_changed":false,"_seopress_robots_primary_cat":"","_seopress_titles_title":"","_seopress_titles_desc":"","_seopress_robots_index":"","content-type":"","_relevanssi_hide_post":"","_relevanssi_hide_content":"","_relevanssi_pin_for_all":"","_relevanssi_pin_keywords":"","_relevanssi_unpin_keywords":"","_relevanssi_related_keywords":"","_relevanssi_related_include_ids":"","_relevanssi_related_exclude_ids":"","_relevanssi_related_no_append":"","_relevanssi_related_not_related":"","_relevanssi_related_posts":"146754,146538,132572,94158,146665,146579","_relevanssi_noindex_reason":"","footnotes":""},"category_page":[],"class_list":["post-144445","page","type-page","status-publish"],"acf":[],"_links":{"self":[{"href":"https:\/\/lexpress-franchise.com\/fr-ca\/wp-json\/wp\/v2\/pages\/144445","targetHints":{"allow":["GET"]}}],"collection":[{"href":"https:\/\/lexpress-franchise.com\/fr-ca\/wp-json\/wp\/v2\/pages"}],"about":[{"href":"https:\/\/lexpress-franchise.com\/fr-ca\/wp-json\/wp\/v2\/types\/page"}],"author":[{"embeddable":true,"href":"https:\/\/lexpress-franchise.com\/fr-ca\/wp-json\/wp\/v2\/users\/1"}],"replies":[{"embeddable":true,"href":"https:\/\/lexpress-franchise.com\/fr-ca\/wp-json\/wp\/v2\/comments?post=144445"}],"version-history":[{"count":1,"href":"https:\/\/lexpress-franchise.com\/fr-ca\/wp-json\/wp\/v2\/pages\/144445\/revisions"}],"predecessor-version":[{"id":171845,"href":"https:\/\/lexpress-franchise.com\/fr-ca\/wp-json\/wp\/v2\/pages\/144445\/revisions\/171845"}],"wp:attachment":[{"href":"https:\/\/lexpress-franchise.com\/fr-ca\/wp-json\/wp\/v2\/media?parent=144445"}],"wp:term":[{"taxonomy":"category_page","embeddable":true,"href":"https:\/\/lexpress-franchise.com\/fr-ca\/wp-json\/wp\/v2\/category_page?post=144445"}],"curies":[{"name":"wp","href":"https:\/\/api.w.org\/{rel}","templated":true}]}}