{"id":144441,"date":"2023-06-13T17:10:12","date_gmt":"2023-06-13T15:10:12","guid":{"rendered":"https:\/\/lexpress-franchise.com\/fr-ca\/blogue\/"},"modified":"2025-05-15T16:41:21","modified_gmt":"2025-05-15T14:41:21","slug":"blogue","status":"publish","type":"page","link":"https:\/\/lexpress-franchise.com\/fr-ca\/blogue\/","title":{"rendered":"Blogue"},"content":{"rendered":"","protected":false},"excerpt":{"rendered":"","protected":false},"author":155,"featured_media":0,"parent":0,"menu_order":0,"comment_status":"closed","ping_status":"closed","template":"","meta":{"_acf_changed":false,"_seopress_robots_primary_cat":"","_seopress_titles_title":"Devenez franchis\u00e9 - Nouvelles, Tendances & Bo\u00eete \u00e0 outils","_seopress_titles_desc":"D\u00e9couvrez comment devenir franchis\u00e9 et r\u00e9ussir dans le monde du franchisage. D\u00e9couvrez les nouvelles, la bo\u00eete \u00e0 outils et les tendances sur la franchise L\u2019Express.","_seopress_robots_index":"","content-type":"","_relevanssi_hide_post":"","_relevanssi_hide_content":"","_relevanssi_pin_for_all":"","_relevanssi_pin_keywords":"","_relevanssi_unpin_keywords":"","_relevanssi_related_keywords":"","_relevanssi_related_include_ids":"","_relevanssi_related_exclude_ids":"","_relevanssi_related_no_append":"","_relevanssi_related_not_related":"","_relevanssi_related_posts":"94158,133693,132572,78782,140319","_relevanssi_noindex_reason":"","footnotes":""},"category_page":[],"class_list":["post-144441","page","type-page","status-publish"],"acf":[],"_links":{"self":[{"href":"https:\/\/lexpress-franchise.com\/fr-ca\/wp-json\/wp\/v2\/pages\/144441","targetHints":{"allow":["GET"]}}],"collection":[{"href":"https:\/\/lexpress-franchise.com\/fr-ca\/wp-json\/wp\/v2\/pages"}],"about":[{"href":"https:\/\/lexpress-franchise.com\/fr-ca\/wp-json\/wp\/v2\/types\/page"}],"author":[{"embeddable":true,"href":"https:\/\/lexpress-franchise.com\/fr-ca\/wp-json\/wp\/v2\/users\/155"}],"replies":[{"embeddable":true,"href":"https:\/\/lexpress-franchise.com\/fr-ca\/wp-json\/wp\/v2\/comments?post=144441"}],"version-history":[{"count":0,"href":"https:\/\/lexpress-franchise.com\/fr-ca\/wp-json\/wp\/v2\/pages\/144441\/revisions"}],"wp:attachment":[{"href":"https:\/\/lexpress-franchise.com\/fr-ca\/wp-json\/wp\/v2\/media?parent=144441"}],"wp:term":[{"taxonomy":"category_page","embeddable":true,"href":"https:\/\/lexpress-franchise.com\/fr-ca\/wp-json\/wp\/v2\/category_page?post=144441"}],"curies":[{"name":"wp","href":"https:\/\/api.w.org\/{rel}","templated":true}]}}