{"id":144229,"date":"2021-12-08T14:47:12","date_gmt":"2021-12-08T13:47:12","guid":{"rendered":"https:\/\/lexpress-franchise.com\/fr-ca\/nos-franchises\/"},"modified":"2026-03-06T17:00:13","modified_gmt":"2026-03-06T16:00:13","slug":"nos-franchises","status":"publish","type":"page","link":"https:\/\/lexpress-franchise.com\/fr-ca\/nos-franchises\/","title":{"rendered":"Nos franchises"},"content":{"rendered":"","protected":false},"excerpt":{"rendered":"","protected":false},"author":1,"featured_media":0,"parent":0,"menu_order":0,"comment_status":"closed","ping_status":"closed","template":"","meta":{"_acf_changed":false,"_seopress_robots_primary_cat":"","_seopress_titles_title":"Liste des franchises les plus rentables en %%currentyear%% - Annuaire Qu\u00e9bec","_seopress_titles_desc":"D\u00e9couvrez les franchises les plus rentables du march\u00e9 qu\u00e9b\u00e9cois. Joignez-vous \u00e0 un r\u00e9seau prosp\u00e8re et b\u00e9n\u00e9ficiez d\u2019un soutien complet. Explorez nos opportunit\u00e9s au Qu\u00e9bec !","_seopress_robots_index":"","content-type":"","_relevanssi_hide_post":"","_relevanssi_hide_content":"","_relevanssi_pin_for_all":"","_relevanssi_pin_keywords":"","_relevanssi_unpin_keywords":"","_relevanssi_related_keywords":"","_relevanssi_related_include_ids":"","_relevanssi_related_exclude_ids":"","_relevanssi_related_no_append":"","_relevanssi_related_not_related":"","_relevanssi_related_posts":"133693,132572,78782,94158,140319","_relevanssi_noindex_reason":"","footnotes":""},"category_page":[],"class_list":["post-144229","page","type-page","status-publish"],"acf":[],"_links":{"self":[{"href":"https:\/\/lexpress-franchise.com\/fr-ca\/wp-json\/wp\/v2\/pages\/144229","targetHints":{"allow":["GET"]}}],"collection":[{"href":"https:\/\/lexpress-franchise.com\/fr-ca\/wp-json\/wp\/v2\/pages"}],"about":[{"href":"https:\/\/lexpress-franchise.com\/fr-ca\/wp-json\/wp\/v2\/types\/page"}],"author":[{"embeddable":true,"href":"https:\/\/lexpress-franchise.com\/fr-ca\/wp-json\/wp\/v2\/users\/1"}],"replies":[{"embeddable":true,"href":"https:\/\/lexpress-franchise.com\/fr-ca\/wp-json\/wp\/v2\/comments?post=144229"}],"version-history":[{"count":10,"href":"https:\/\/lexpress-franchise.com\/fr-ca\/wp-json\/wp\/v2\/pages\/144229\/revisions"}],"predecessor-version":[{"id":1614205,"href":"https:\/\/lexpress-franchise.com\/fr-ca\/wp-json\/wp\/v2\/pages\/144229\/revisions\/1614205"}],"wp:attachment":[{"href":"https:\/\/lexpress-franchise.com\/fr-ca\/wp-json\/wp\/v2\/media?parent=144229"}],"wp:term":[{"taxonomy":"category_page","embeddable":true,"href":"https:\/\/lexpress-franchise.com\/fr-ca\/wp-json\/wp\/v2\/category_page?post=144229"}],"curies":[{"name":"wp","href":"https:\/\/api.w.org\/{rel}","templated":true}]}}