{"id":149209,"date":"2024-07-23T15:05:59","date_gmt":"2024-07-23T13:05:59","guid":{"rendered":"https:\/\/lexpress-franchise.com\/fr-be\/fiches-pratiques\/"},"modified":"2024-09-20T11:30:42","modified_gmt":"2024-09-20T09:30:42","slug":"fiches-pratiques","status":"publish","type":"page","link":"https:\/\/lexpress-franchise.com\/fr-be\/fiches-pratiques\/","title":{"rendered":"Fiches Pratiques"},"content":{"rendered":"","protected":false},"excerpt":{"rendered":"","protected":false},"author":1,"featured_media":0,"parent":0,"menu_order":0,"comment_status":"closed","ping_status":"closed","template":"","meta":{"_acf_changed":false,"_seopress_robots_primary_cat":"","_seopress_titles_title":"Franchise : Fiches pratiques pour r\u00e9ussir votre projet","_seopress_titles_desc":"D\u00e9couvrez les Fiches pratiques de L'Express Franchise : conseils, informations et tout ce qu'il faut savoir pour r\u00e9ussir votre projet de franchise.","_seopress_robots_index":"","content-type":"","_relevanssi_hide_post":"","_relevanssi_hide_content":"","_relevanssi_pin_for_all":"","_relevanssi_pin_keywords":"","_relevanssi_unpin_keywords":"","_relevanssi_related_keywords":"","_relevanssi_related_include_ids":"","_relevanssi_related_exclude_ids":"","_relevanssi_related_no_append":"","_relevanssi_related_not_related":"","_relevanssi_related_posts":"146724,146846,147445,146662,147435,146502","_relevanssi_noindex_reason":"","footnotes":""},"category_page":[],"class_list":["post-149209","page","type-page","status-publish"],"acf":[],"_links":{"self":[{"href":"https:\/\/lexpress-franchise.com\/fr-be\/wp-json\/wp\/v2\/pages\/149209","targetHints":{"allow":["GET"]}}],"collection":[{"href":"https:\/\/lexpress-franchise.com\/fr-be\/wp-json\/wp\/v2\/pages"}],"about":[{"href":"https:\/\/lexpress-franchise.com\/fr-be\/wp-json\/wp\/v2\/types\/page"}],"author":[{"embeddable":true,"href":"https:\/\/lexpress-franchise.com\/fr-be\/wp-json\/wp\/v2\/users\/1"}],"replies":[{"embeddable":true,"href":"https:\/\/lexpress-franchise.com\/fr-be\/wp-json\/wp\/v2\/comments?post=149209"}],"version-history":[{"count":1,"href":"https:\/\/lexpress-franchise.com\/fr-be\/wp-json\/wp\/v2\/pages\/149209\/revisions"}],"predecessor-version":[{"id":1621014,"href":"https:\/\/lexpress-franchise.com\/fr-be\/wp-json\/wp\/v2\/pages\/149209\/revisions\/1621014"}],"wp:attachment":[{"href":"https:\/\/lexpress-franchise.com\/fr-be\/wp-json\/wp\/v2\/media?parent=149209"}],"wp:term":[{"taxonomy":"category_page","embeddable":true,"href":"https:\/\/lexpress-franchise.com\/fr-be\/wp-json\/wp\/v2\/category_page?post=149209"}],"curies":[{"name":"wp","href":"https:\/\/api.w.org\/{rel}","templated":true}]}}