{"id":1489984,"date":"2025-12-05T10:56:18","date_gmt":"2025-12-05T09:56:18","guid":{"rendered":"https:\/\/lexpress-franchise.com\/fr-be\/actualites\/"},"modified":"2025-12-05T10:54:49","modified_gmt":"2025-12-05T08:54:49","slug":"actualites","status":"publish","type":"page","link":"https:\/\/lexpress-franchise.com\/fr-be\/actualites\/","title":{"rendered":"Actualit\u00e9s"},"content":{"rendered":"","protected":false},"excerpt":{"rendered":"","protected":false},"author":1,"featured_media":0,"parent":0,"menu_order":0,"comment_status":"closed","ping_status":"closed","template":"","meta":{"_acf_changed":false,"_seopress_robots_primary_cat":"","_seopress_titles_title":"Les derni\u00e8res actualit\u00e9s de la Franchise - L'Express Franchise","_seopress_titles_desc":"Actus, tendances, d\u00e9veloppement personnel, bo\u00eete \u00e0 outils...Il y a tant \u00e0 apprendre sur le monde de la franchise. Inspirez-vous gr\u00e2ce \u00e0 nos articles.","_seopress_robots_index":"","content-type":"","_relevanssi_hide_post":"","_relevanssi_hide_content":"","_relevanssi_pin_for_all":"","_relevanssi_pin_keywords":"","_relevanssi_unpin_keywords":"","_relevanssi_related_keywords":"","_relevanssi_related_include_ids":"","_relevanssi_related_exclude_ids":"","_relevanssi_related_no_append":"","_relevanssi_related_not_related":"","_relevanssi_related_posts":"146858,149672,184236,81913,151405,146486","_relevanssi_noindex_reason":"","footnotes":""},"category_page":[],"class_list":["post-1489984","page","type-page","status-publish"],"acf":[],"_links":{"self":[{"href":"https:\/\/lexpress-franchise.com\/fr-be\/wp-json\/wp\/v2\/pages\/1489984","targetHints":{"allow":["GET"]}}],"collection":[{"href":"https:\/\/lexpress-franchise.com\/fr-be\/wp-json\/wp\/v2\/pages"}],"about":[{"href":"https:\/\/lexpress-franchise.com\/fr-be\/wp-json\/wp\/v2\/types\/page"}],"author":[{"embeddable":true,"href":"https:\/\/lexpress-franchise.com\/fr-be\/wp-json\/wp\/v2\/users\/1"}],"replies":[{"embeddable":true,"href":"https:\/\/lexpress-franchise.com\/fr-be\/wp-json\/wp\/v2\/comments?post=1489984"}],"version-history":[{"count":1,"href":"https:\/\/lexpress-franchise.com\/fr-be\/wp-json\/wp\/v2\/pages\/1489984\/revisions"}],"predecessor-version":[{"id":1621026,"href":"https:\/\/lexpress-franchise.com\/fr-be\/wp-json\/wp\/v2\/pages\/1489984\/revisions\/1621026"}],"wp:attachment":[{"href":"https:\/\/lexpress-franchise.com\/fr-be\/wp-json\/wp\/v2\/media?parent=1489984"}],"wp:term":[{"taxonomy":"category_page","embeddable":true,"href":"https:\/\/lexpress-franchise.com\/fr-be\/wp-json\/wp\/v2\/category_page?post=1489984"}],"curies":[{"name":"wp","href":"https:\/\/api.w.org\/{rel}","templated":true}]}}