{"id":148594,"date":"2022-04-27T15:43:09","date_gmt":"2022-04-27T13:43:09","guid":{"rendered":"https:\/\/lexpress-franchise.com\/fr-be\/selectionner-une-liste-denseignes-correspondant-a-son-projet\/"},"modified":"2024-07-26T10:20:04","modified_gmt":"2024-07-26T08:20:04","slug":"selectionner-une-liste-denseignes-correspondant-a-son-projet","status":"publish","type":"page","link":"https:\/\/lexpress-franchise.com\/fr-be\/selectionner-une-liste-denseignes-correspondant-a-son-projet\/","title":{"rendered":"S\u00e9lectionner une liste d&#8217;enseignes\u2026 correspondant \u00e0 son projet"},"content":{"rendered":"\n<p><strong>Face \u00e0 l\u2019immensit\u00e9 des possibilit\u00e9s et \u00e0 l\u2019enjeu (professionnel, familial, et m\u00eame personnel) engageant pour 5 \u00e0 7 ans, choisir sa franchise revient \u00e0 d\u00e9terminer d\u2019abord des crit\u00e8res de choix, comme dans le cas d\u2019un achat immobilier.<\/strong><\/p>\n\n\n\n<p><strong>Certains de ces crit\u00e8res sont subjectifs, d\u2019autres objectifs.<\/strong><\/p>\n\n\n\n<p><strong>Des options sous forme de (bonnes) surprises constitueront des \u00e9l\u00e9ments favorables \u00e0 une prise de d\u00e9cision. D\u2019autres \u00e9l\u00e9ments, d\u00e9couverts au fil de votre recherche, vous feront comprendre pourquoi ce travail de s\u00e9lection d\u2019enseignes figure parmi les \u00e9tapes essentielles, et \u00e0 surtout ne pas n\u00e9gliger, pour cr\u00e9er une franchise. <\/strong><\/p>\n\n\n\n<hr class=\"wp-block-separator has-text-color has-css-opacity has-background is-style-dots\" style=\"background-color:#E53B12;color:#E53B12\" \/>\n\n\n\n<h2 class=\"wp-block-heading has-text-color\" style=\"color:#E53B12\">Savoir op\u00e9rer un choix<br>pour la vie (professionnelle)<\/h2>\n\n\n\n<h3 class=\"wp-block-heading\">Parall\u00e8le avec l\u2019acquisition d\u2019un bien immobilier<\/h3>\n\n\n\n<p>En franchise, il existe pr\u00e8s de 2 000 concepts dans quelques 80 grands secteurs d\u2019activit\u00e9.<\/p>\n\n\n\n<p>Face \u00e0 l\u2019immensit\u00e9 des possibilit\u00e9s et \u00e0 l\u2019enjeu (professionnel, familial, et m\u00eame personnel) engageant pour 5 \u00e0 7 ans, vous devrez d\u00e9terminer des crit\u00e8res de choix, comme dans le cas d\u2019un achat immobilier.<\/p>\n\n\n\n<p>Pour acqu\u00e9rir un appartement ou une maison, certains crit\u00e8res sont subjectifs : pr\u00e9sence d\u2019un balcon, logement au dernier \u00e9tage (parce que l\u2019on souhaite ne pas entendre les voisins du dessus), jardin \u00e0 l\u2019abri des regards, une grande pi\u00e8ce de vie principale, etc.<\/p>\n\n\n\n<p>D\u2019autres sont objectifs : budget disponible, temps de trajet domicile\/travail (temps d\u00e9fini \u00e0 ne pas exc\u00e9der), volont\u00e9 de 3 chambres (dont 2 pour les enfants)\u2026<\/p>\n\n\n\n<p>Certaines options, sous forme de (bonnes) surprises, constitueront des \u00e9l\u00e9ments favorables \u00e0 une prise de d\u00e9cision. Exemples : la pr\u00e9sence d\u2019une pi\u00e8ce suppl\u00e9mentaire servant de bureau \u00e0 un ind\u00e9pendant, sans d\u00e9passement de budget. <\/p>\n\n\n\n<p>Enfin, au fil de votre avanc\u00e9e en tant que primo-acc\u00e9dant, vous d\u00e9couvrirez d\u2019autres \u00e9l\u00e9ments importants, selon vos attentes, comme l\u2019orientation du logement pour b\u00e9n\u00e9ficier d\u2019un ensoleillement maximal.<\/p>\n\n\n\n<h3 class=\"wp-block-heading\">Complexe au d\u00e9but pour devenir simple au moment d\u2019une d\u00e9cision cruciale<\/h3>\n\n\n\n<p>De la m\u00eame fa\u00e7on, vous devrez, en amont, op\u00e9rer des choix opter pour un concept\u2026 sans certitude d\u2019\u00eatre accept\u00e9 par le franchiseur, qui par volont\u00e9 de coh\u00e9rence et de performance, choisi ses futurs franchis\u00e9s.<\/p>\n\n\n\n<p>Certains de vos crit\u00e8res seront objectifs, fatalement incontestables, comme votre apport personnel r\u00e9ellement disponible. D\u2019autres resteront subjectifs, pas forc\u00e9ment \u00e9nonc\u00e9s de mani\u00e8re positive, comme le besoin de ne plus avoir du personnel \u00e0 manager. <\/p>\n\n\n\n<p>Certaines options constitueront des \u00e9l\u00e9ments favorables \u00e0 une prise de d\u00e9cision, comme le plaisir \u00e0 pratiquer une activit\u00e9 professionnelle.<\/p>\n\n\n\n<p>Enfin, vous d\u00e9couvrirez d\u2019autres \u00e9l\u00e9ments importants \u00e0 votre future r\u00e9ussite de franchis\u00e9(e), selon vos attentes, comme la solidarit\u00e9 entre franchis\u00e9s.<\/p>\n\n\n\n<p>Cette r\u00e9flexion pr\u00e9alable va tout autant :<\/p>\n\n\n\n<ul class=\"wp-block-list\">\n<li>Vous faciliter la recherche,<\/li>\n\n\n\n<li>Vous \u00e9viter des d\u00e9convenues, source de retard pour le d\u00e9but de votre nouvelle vie professionnelle (\u00e0 financer par vos propres moyens, forc\u00e9ment limit\u00e9s),<\/li>\n\n\n\n<li>Vous aider \u00e0 franchir avec le moins d\u2019h\u00e9sitation possible le pas vers l\u2019entrepreneuriat, sans vous poser trop de questions.<\/li>\n<\/ul>\n\n\n\n<p>Si vous \u00eates d\u2019ailleurs \u00e0 cette question du choix parmi les 2 000 concepts existants\u2026 c\u2019est que vous en avez d\u00e9j\u00e0 op\u00e9r\u00e9 un crucial concernant le mode d\u2019entrepreneuriat ! <em>(Voir chapitre pr\u00e9c\u00e9dent)<\/em><\/p>\n\n\n\n<h2 class=\"wp-block-heading has-text-color\" style=\"color:#E53B12\">Crit\u00e8res subjectifs \/ objectifs<\/h2>\n\n\n\n<h3 class=\"wp-block-heading\">L\u2019imparfait du subjectif<\/h3>\n\n\n\n<p>Pour d\u00e9terminer votre s\u00e9lection de r\u00e9seaux \u00e0 contacter, commen\u00e7ons par quelques crit\u00e8res subjectifs :<\/p>\n\n\n\n<ul class=\"wp-block-list\">\n<li><strong>Travail solo ou en \u00e9quipe\u2026<\/strong> C\u2019est-\u00e0-dire, acquisition d\u2019une grande technicit\u00e9 ou recrutement\/management (parfois \u00e0 distance).<\/li>\n\n\n\n<li><strong>Produits ou services\u2026<\/strong> C\u2019est-\u00e0-dire, gestion d\u2019un stock ou cr\u00e9ation permanente.<\/li>\n\n\n\n<li><strong>R\u00e9seau jeune ou exp\u00e9riment\u00e9\u2026 <\/strong>C\u2019est-\u00e0-dire plus de libert\u00e9 (et d\u2019imagination) dans l\u2019application du concept, ou plus de certitudes (et donc moins de latitudes) dans la r\u00e9ussite de votre projet.<\/li>\n<\/ul>\n\n\n\n<p>Ces facteurs subjectifs peuvent \u00e9voluer une fois le(la) nouvel(le) entrepreneur(-se) install\u00e9(e) dans la franchise. Exemple : retrouver le go\u00fbt du d\u00e9veloppement pour mieux investir sa zone de chalandise alors qu\u2019on ne voulait plus entendre parler de personnel\u2026 <\/p>\n\n\n\n<h3 class=\"wp-block-heading\">Objectif (jamais) Nul, pour gagner en brouzoufs<\/h3>\n\n\n\n<p>Ensuite, certains facteurs objectifs entrent en compte :<\/p>\n\n\n\n<ul class=\"wp-block-list\">\n<li><strong>Votre apport personnel\u2026 effectivement disponible :<\/strong> C\u2019est-\u00e0-dire hors aides financi\u00e8res, pr\u00eats d\u2019honneurs ou familiaux (\u00e0 rembourser, un jour ou l\u2019autre) ou vente d\u2019un bien immobilier.<\/li>\n\n\n\n<li><strong>La disponibilit\u00e9 de la zone de chalandise, imm\u00e9diate ou \u00e0 reprendre sous peu :<\/strong> Seul le franchiseur peut vous renseigner sur cette question, ma\u00eetrisant une carte \u00e0 jour de ses points de vente et connaissant les secteurs g\u00e9ographiques qui vont se lib\u00e9rer.<\/li>\n\n\n\n<li><strong>La correspondance avec le profil-type recherch\u00e9 par le franchiseur : <\/strong>Exemple avec une vraie comp\u00e9tence en mati\u00e8re de management dans le cas des services \u00e0 la personne.<\/li>\n<\/ul>\n\n\n\n<p>Ces facteurs objectifs peuvent se contourner. Exemple pour l\u2019apport personnel : en s\u2019associant avec une personne dont l\u2019on est compl\u00e9mentaire (manageur\/commercial, argent disponible\/contacts dans le secteur\u2026). <\/p>\n\n\n\n<h3 class=\"wp-block-heading\">AC-DC : courants d\u2019alternatives, courants de continuit\u00e9<\/h3>\n\n\n\n<p>Ces facteurs subjectifs et objectifs ne sont pas donn\u00e9s ici en exhaustivit\u00e9. Ils peuvent \u00eatre, par exemple, inh\u00e9rents \u00e0 un secteur. <\/p>\n\n\n\n<p>Typique : ne choisissez pas la restauration rapide (activit\u00e9 le soir et le week-end) si votre vie personnelle est centr\u00e9e sur les moments partag\u00e9s en famille ! Pour demeurer en accord avec vos sensibilit\u00e9s, essayez plut\u00f4t le secteur du travail temporaire : week-ends garantis \u00e0 terme\u2026 avec soir\u00e9es des premi\u00e8res ann\u00e9es toutefois alt\u00e9r\u00e9es ! <\/p>\n\n\n\n<h2 class=\"wp-block-heading has-text-color\" style=\"color:#E53B12\">Surprises et d\u00e9couvertes (souvent) tardives<\/h2>\n\n\n\n<h3 class=\"wp-block-heading\">La surprise du chef (d\u2019entreprise)<\/h3>\n\n\n\n<p>Certaines options constitueront des \u00e9l\u00e9ments favorables \u00e0 une prise de d\u00e9cision :<\/p>\n\n\n\n<ul class=\"wp-block-list\">\n<li><strong>Travailler en famille<\/strong>, et notamment avec ses enfants, parfois en songeant \u00e0 leur transmettre l\u2019entreprise plus tard,<\/li>\n\n\n\n<li><strong>Gagner \u00e9norm\u00e9ment d\u2019argent<\/strong>, comme avec certaines majors du burger ou du poulet, mais en devant savoir g\u00e9rer une \u00e9quipe de jeunes et en acceptant de rentrer chaque soir en sentant la frite\u2026<\/li>\n\n\n\n<li><strong>Pouvoir d\u00e9velopper d\u2019autres points de vente <\/strong>(multi-franchise ou pluri-franchise), pour passer d\u2019homme-orchestre (homme \u00e0 tout faire) \u00e0 chef d\u2019orchestre (homme \u00e0 tout faire\u2026 faire).<\/li>\n\n\n\n<li><strong>Compl\u00e9ter son chiffre d\u2019affaires gr\u00e2ce au site Internet de l\u2019enseigne, <\/strong>par exemple dans la vente de piscines en kit mais en assurant localement le service apr\u00e8s-vente,<\/li>\n\n\n\n<li><strong>Acqu\u00e9rir un statut dans la ville<\/strong>, par exemple en ouvrant un supermarch\u00e9.<\/li>\n<\/ul>\n\n\n\n<h3 class=\"wp-block-heading\">Vendanges tardives<\/h3>\n\n\n\n<p>Enfin, vous d\u00e9couvrirez d\u2019autres \u00e9l\u00e9ments importants, selon vos attentes, au fil de votre enqu\u00eate sur le r\u00e9seau :<\/p>\n\n\n\n<ul class=\"wp-block-list\">\n<li><strong>Le plaisir \u00e0 pratiquer une activit\u00e9 professionnelle :<\/strong> tout travail n\u2019est pas un concept global, mais une somme de petites t\u00e2ches \u00e0 accomplir, dont pas plus de 30% ne doit s\u2019av\u00e9rer co\u00fbteuse pour le chef d\u2019entreprise, le reste devant avant tout mobiliser ses talents naturels.<\/li>\n\n\n\n<li><strong>Une qualit\u00e9 humaine dans les \u00e9changes avec l\u2019\u00e9quipe du franchiseur :<\/strong> que ce soit pour les m\u00e9thodes commerciales, le support informatique ou encore l\u2019apport technique, la puissance de ces soutiens n\u2019est rien sans l\u2019humain pour transmettre leurs solutions.<\/li>\n\n\n\n<li><strong>La solidarit\u00e9 entre franchis\u00e9s :<\/strong> qu\u2019ils soient un voisin g\u00e9ographique, un compagnon de formation initiale ou une personne longuement rencontr\u00e9e \u00e0 la Convention nationale, certains franchis\u00e9s deviennent des soutiens infaillibles, fondamentaux \u00e0 votre r\u00e9ussite. Cette naissance de connivence est souvent favoris\u00e9e par l\u2019\u00e9tat d\u2019esprit du r\u00e9seau, et m\u00eame\u2026 ind\u00e9pendamment du franchiseur ! <\/li>\n<\/ul>\n\n\n\n<p><strong>&lt;&lt; <a rel=\"noreferrer noopener\" href=\"https:\/\/lexpress-franchise.com\/fr-be\/decider-de-se-lancer-en-franchise\/\" target=\"_blank\">Comment cr\u00e9er en franchise : \u00c9tape 1 : D\u00e9cider de se lancer en franchise<\/a><br>&gt;&gt;<a rel=\"noreferrer noopener\" href=\"https:\/\/lexpress-franchise.com\/fr-be\/choisir-lenseigne-par-la-rencontre\/\" target=\"_blank\"> Comment cr\u00e9er en franchise : \u00c9tape 3 : Choisir l&#8217;enseigne par&#8230;la rencontre<\/a><\/strong><\/p>\n","protected":false},"excerpt":{"rendered":"<p>Face \u00e0 l\u2019immensit\u00e9 des possibilit\u00e9s et \u00e0 l\u2019enjeu (professionnel, familial, et m\u00eame personnel) engageant pour 5 \u00e0 7 ans, choisir sa franchise revient \u00e0 d\u00e9terminer d\u2019abord des crit\u00e8res de choix, comme dans le cas d\u2019un achat immobilier. Certains de ces crit\u00e8res sont subjectifs, d\u2019autres objectifs. Des options sous forme de (bonnes) surprises constitueront des \u00e9l\u00e9ments [&hellip;]<\/p>\n","protected":false},"author":24,"featured_media":97943,"parent":0,"menu_order":1,"comment_status":"closed","ping_status":"closed","template":"","meta":{"_acf_changed":false,"_seopress_robots_primary_cat":"","_seopress_titles_title":"S\u00e9lectionner des enseignes correspondant \u00e0 son projet","_seopress_titles_desc":"Face \u00e0 l\u2019immensit\u00e9 des possibilit\u00e9s choisir sa franchise n\u00e9cessite de d\u00e9finir des crit\u00e8res de choix. %%sitetitle%% vous aide \u00e0 faire cette liste.","_seopress_robots_index":"yes","content-type":"","_relevanssi_hide_post":"","_relevanssi_hide_content":"","_relevanssi_pin_for_all":"","_relevanssi_pin_keywords":"","_relevanssi_unpin_keywords":"","_relevanssi_related_keywords":"","_relevanssi_related_include_ids":"","_relevanssi_related_exclude_ids":"","_relevanssi_related_no_append":"","_relevanssi_related_not_related":"","_relevanssi_related_posts":"83021,21145,83319,25052,50868,55846","_relevanssi_noindex_reason":"","footnotes":""},"category_page":[170],"class_list":{"0":"post-148594","1":"page","2":"type-page","3":"status-publish","4":"has-post-thumbnail","6":"category_page-livre-blanc"},"acf":[],"_links":{"self":[{"href":"https:\/\/lexpress-franchise.com\/fr-be\/wp-json\/wp\/v2\/pages\/148594","targetHints":{"allow":["GET"]}}],"collection":[{"href":"https:\/\/lexpress-franchise.com\/fr-be\/wp-json\/wp\/v2\/pages"}],"about":[{"href":"https:\/\/lexpress-franchise.com\/fr-be\/wp-json\/wp\/v2\/types\/page"}],"author":[{"embeddable":true,"href":"https:\/\/lexpress-franchise.com\/fr-be\/wp-json\/wp\/v2\/users\/24"}],"replies":[{"embeddable":true,"href":"https:\/\/lexpress-franchise.com\/fr-be\/wp-json\/wp\/v2\/comments?post=148594"}],"version-history":[{"count":0,"href":"https:\/\/lexpress-franchise.com\/fr-be\/wp-json\/wp\/v2\/pages\/148594\/revisions"}],"wp:featuredmedia":[{"embeddable":true,"href":"https:\/\/lexpress-franchise.com\/fr-be\/wp-json\/wp\/v2\/media\/97943"}],"wp:attachment":[{"href":"https:\/\/lexpress-franchise.com\/fr-be\/wp-json\/wp\/v2\/media?parent=148594"}],"wp:term":[{"taxonomy":"category_page","embeddable":true,"href":"https:\/\/lexpress-franchise.com\/fr-be\/wp-json\/wp\/v2\/category_page?post=148594"}],"curies":[{"name":"wp","href":"https:\/\/api.w.org\/{rel}","templated":true}]}}