{"id":1475744,"date":"2025-11-12T17:56:20","date_gmt":"2025-11-12T16:56:20","guid":{"rendered":"https:\/\/lexpress-franchise.com\/fr-be\/news\/"},"modified":"2025-11-12T17:51:28","modified_gmt":"2025-11-12T15:51:28","slug":"news","status":"publish","type":"page","link":"https:\/\/lexpress-franchise.com\/fr-be\/news\/","title":{"rendered":"L&#8217;actualit\u00e9 r\u00e9cente de nos r\u00e9seaux de franchises partenaires"},"content":{"rendered":"","protected":false},"excerpt":{"rendered":"","protected":false},"author":1,"featured_media":0,"parent":0,"menu_order":0,"comment_status":"closed","ping_status":"closed","template":"","meta":{"_acf_changed":false,"_seopress_robots_primary_cat":"","_seopress_titles_title":"Les derni\u00e8res actualit\u00e9s r\u00e9centes des r\u00e9seaux de franchises","_seopress_titles_desc":"D\u00e9couvrez les actualit\u00e9s du monde de la franchise, des r\u00e9seaux et plus g\u00e9n\u00e9ralement du retail. Tour d'horizon \u00e0 360\u00b0 propos\u00e9 par L'Express.","_seopress_robots_index":"","content-type":"","_relevanssi_hide_post":"","_relevanssi_hide_content":"","_relevanssi_pin_for_all":"","_relevanssi_pin_keywords":"","_relevanssi_unpin_keywords":"","_relevanssi_related_keywords":"","_relevanssi_related_include_ids":"","_relevanssi_related_exclude_ids":"","_relevanssi_related_no_append":"","_relevanssi_related_not_related":"","_relevanssi_related_posts":"95057,146868,190714,170718,81964,138846","_relevanssi_noindex_reason":"","footnotes":""},"category_page":[],"class_list":["post-1475744","page","type-page","status-publish"],"acf":[],"_links":{"self":[{"href":"https:\/\/lexpress-franchise.com\/fr-be\/wp-json\/wp\/v2\/pages\/1475744","targetHints":{"allow":["GET"]}}],"collection":[{"href":"https:\/\/lexpress-franchise.com\/fr-be\/wp-json\/wp\/v2\/pages"}],"about":[{"href":"https:\/\/lexpress-franchise.com\/fr-be\/wp-json\/wp\/v2\/types\/page"}],"author":[{"embeddable":true,"href":"https:\/\/lexpress-franchise.com\/fr-be\/wp-json\/wp\/v2\/users\/1"}],"replies":[{"embeddable":true,"href":"https:\/\/lexpress-franchise.com\/fr-be\/wp-json\/wp\/v2\/comments?post=1475744"}],"version-history":[{"count":1,"href":"https:\/\/lexpress-franchise.com\/fr-be\/wp-json\/wp\/v2\/pages\/1475744\/revisions"}],"predecessor-version":[{"id":1583962,"href":"https:\/\/lexpress-franchise.com\/fr-be\/wp-json\/wp\/v2\/pages\/1475744\/revisions\/1583962"}],"wp:attachment":[{"href":"https:\/\/lexpress-franchise.com\/fr-be\/wp-json\/wp\/v2\/media?parent=1475744"}],"wp:term":[{"taxonomy":"category_page","embeddable":true,"href":"https:\/\/lexpress-franchise.com\/fr-be\/wp-json\/wp\/v2\/category_page?post=1475744"}],"curies":[{"name":"wp","href":"https:\/\/api.w.org\/{rel}","templated":true}]}}