{"id":145620,"date":"2022-01-31T14:29:55","date_gmt":"2022-01-31T13:29:55","guid":{"rendered":"https:\/\/lexpress-franchise.com\/fr-be\/lequipe-lexpress-franchise\/"},"modified":"2024-07-16T07:00:59","modified_gmt":"2024-07-16T05:00:59","slug":"lequipe-lexpress-franchise","status":"publish","type":"page","link":"https:\/\/lexpress-franchise.com\/fr-be\/lequipe-lexpress-franchise\/","title":{"rendered":"L&#8217;\u00e9quipe L&#8217;Express Franchise"},"content":{"rendered":"\n<div class=\"wp-block-columns gap--m is-layout-flex wp-container-core-columns-is-layout-9d6595d7 wp-block-columns-is-layout-flex\">\n<div class=\"wp-block-column is-layout-flow wp-block-column-is-layout-flow\"><div class=\"wp-block-image\">\n<figure class=\"aligncenter size-square-450\"><img loading=\"lazy\" decoding=\"async\" width=\"450\" height=\"450\" src=\"https:\/\/lexpress-franchise.com\/wp-content\/uploads\/2023\/02\/Capture-decran-2023-02-01-105458-450x450.jpg\" alt=\"\" class=\"wp-image-11365\" srcset=\"https:\/\/lexpress-franchise.com\/wp-content\/uploads\/2023\/02\/Capture-decran-2023-02-01-105458-450x450.jpg 450w, https:\/\/lexpress-franchise.com\/wp-content\/uploads\/2023\/02\/Capture-decran-2023-02-01-105458-150x150.jpg 150w, https:\/\/lexpress-franchise.com\/wp-content\/uploads\/2023\/02\/Capture-decran-2023-02-01-105458-300x300.jpg 300w, https:\/\/lexpress-franchise.com\/wp-content\/uploads\/2023\/02\/Capture-decran-2023-02-01-105458-600x600.jpg 600w\" sizes=\"auto, (max-width: 450px) 100vw, 450px\" \/><\/figure>\n<\/div>\n\n\n<h3 class=\"wp-block-heading has-text-align-center has-black-color has-text-color\"><strong>Alain Weill<\/strong><\/h3>\n\n\n\n<p class=\"has-text-align-center has-black-color has-text-color\">PDG<\/p>\n\n\n\n<div style=\"height:1px\" aria-hidden=\"true\" class=\"wp-block-spacer\"><\/div>\n\n\n\n<p>Homme de m\u00e9dias, Alain Weill commence sa carri\u00e8re dans les radios libres. En 2000 et apr\u00e8s 8 ans pass\u00e9s \u00e0 la direction g\u00e9n\u00e9rale de NRJ Group, il rach\u00e8te la radio RMC, alors en d\u00e9clin, et cr\u00e9e NextRadio. En quelques ann\u00e9es, le groupe s\u2019impose dans le paysage audiovisuel fran\u00e7ais avec des cha\u00eenes t\u00e9l\u00e9vis\u00e9es devenues incontournables : BFM TV, BFM Business, RMC D\u00e9couverte, RMC Sport, RMC Story ainsi que des cha\u00eenes r\u00e9gionales. Au fur et \u00e0 mesure des ann\u00e9es, le groupe s\u2019\u00e9tend et diversifie ses activit\u00e9s sur le num\u00e9rique. En parall\u00e8le, Alain Weill devient l\u2019actionnaire majoritaire du newsmagazine <em>L\u2019Express<\/em> \u00e0 travers sa soci\u00e9t\u00e9 News Participation. Il en est nomm\u00e9 pr\u00e9sident et directeur de publication, et a lanc\u00e9 une v\u00e9ritable transformation du titre pour en faire la marque m\u00e9dia des leaders d\u2019opinion.<br \/>En 2021, il quitte ses fonctions au sein du groupe NextRadioTV, devenu depuis Altice M\u00e9dia, afin de concr\u00e9tiser des nouveaux projets dans les m\u00e9dias et le digital.<\/p>\n<\/div>\n\n\n\n<div class=\"wp-block-column is-layout-flow wp-block-column-is-layout-flow\"><div class=\"wp-block-image\">\n<figure class=\"aligncenter size-square-450\"><img loading=\"lazy\" decoding=\"async\" width=\"450\" height=\"450\" src=\"https:\/\/lexpress-franchise.com\/wp-content\/uploads\/2023\/02\/1588058177305-450x450.jpg\" alt=\"\" class=\"wp-image-11493\" srcset=\"https:\/\/lexpress-franchise.com\/wp-content\/uploads\/2023\/02\/1588058177305-450x450.jpg 450w, https:\/\/lexpress-franchise.com\/wp-content\/uploads\/2023\/02\/1588058177305-150x150.jpg 150w, https:\/\/lexpress-franchise.com\/wp-content\/uploads\/2023\/02\/1588058177305-768x768.jpg 768w, https:\/\/lexpress-franchise.com\/wp-content\/uploads\/2023\/02\/1588058177305-300x300.jpg 300w, https:\/\/lexpress-franchise.com\/wp-content\/uploads\/2023\/02\/1588058177305-600x600.jpg 600w, https:\/\/lexpress-franchise.com\/wp-content\/uploads\/2023\/02\/1588058177305-360x360.jpg 360w, https:\/\/lexpress-franchise.com\/wp-content\/uploads\/2023\/02\/1588058177305-480x480.jpg 480w, https:\/\/lexpress-franchise.com\/wp-content\/uploads\/2023\/02\/1588058177305-640x640.jpg 640w, https:\/\/lexpress-franchise.com\/wp-content\/uploads\/2023\/02\/1588058177305.jpg 800w\" sizes=\"auto, (max-width: 450px) 100vw, 450px\" \/><\/figure>\n<\/div>\n\n\n<h3 class=\"wp-block-heading has-text-align-center has-black-color has-text-color\"><strong>Arthur de Choulot<\/strong><\/h3>\n\n\n\n<p class=\"has-text-align-center has-black-color has-text-color\">Directeur G\u00e9n\u00e9ral d\u00e9l\u00e9gu\u00e9<\/p>\n\n\n\n<div style=\"height:1px\" aria-hidden=\"true\" class=\"wp-block-spacer\"><\/div>\n\n\n\n<p>Multi-entrepreneur dans le secteur de la r\u00e9alit\u00e9 virtuelle, l&#8217;\u00e9nergie, l&#8217;assurance et l&#8217;immobilier.<\/p>\n\n\n\n<p>En 2018, il cr\u00e9e le leader fran\u00e7ais des salles VR DreamAway. Auparavant, il dirige les activit\u00e9s commerciales de Voltalis, soci\u00e9t\u00e9 ayant lev\u00e9 plusieurs centaines de millions d&#8217;euros pour introduire dans les foyers un boitier d&#8217;\u00e9conomie d&#8217;\u00e9nergie.<\/p>\n\n\n\n<p>Il pilote le d\u00e9veloppement de l&#8217;Express Franchise.<\/p>\n\n\n\n<p>Ing\u00e9nieur dipl\u00f4m\u00e9 en 2006 des Arts et M\u00e9tiers (ENSAM).<\/p>\n<\/div>\n\n\n\n<div class=\"wp-block-column is-layout-flow wp-block-column-is-layout-flow\"><div class=\"wp-block-image\">\n<figure class=\"aligncenter size-square-450\"><img loading=\"lazy\" decoding=\"async\" width=\"450\" height=\"450\" src=\"https:\/\/lexpress-franchise.com\/wp-content\/uploads\/2023\/04\/Portrait-Nicolas-Guillemot-450x450.jpeg\" alt=\"\" class=\"wp-image-15542\" srcset=\"https:\/\/lexpress-franchise.com\/wp-content\/uploads\/2023\/04\/Portrait-Nicolas-Guillemot-450x450.jpeg 450w, https:\/\/lexpress-franchise.com\/wp-content\/uploads\/2023\/04\/Portrait-Nicolas-Guillemot-150x150.jpeg 150w, https:\/\/lexpress-franchise.com\/wp-content\/uploads\/2023\/04\/Portrait-Nicolas-Guillemot-300x300.jpeg 300w, https:\/\/lexpress-franchise.com\/wp-content\/uploads\/2023\/04\/Portrait-Nicolas-Guillemot-600x600.jpeg 600w\" sizes=\"auto, (max-width: 450px) 100vw, 450px\" \/><\/figure>\n<\/div>\n\n\n<h3 class=\"wp-block-heading has-text-align-center has-black-color has-text-color\"><strong>Nicolas Guillemot<\/strong><\/h3>\n\n\n\n<p class=\"has-text-align-center has-black-color has-text-color\">Directeur G\u00e9n\u00e9ral d\u00e9l\u00e9gu\u00e9<\/p>\n\n\n\n<div style=\"height:1px\" aria-hidden=\"true\" class=\"wp-block-spacer\"><\/div>\n\n\n\n<p>Multi-entrepreneur dans les secteurs des m\u00e9dias, de la communication et du print.<\/p>\n\n\n\n<p>En 2018 : il co-fonde l&#8217;agence de communication digitale White Mirror, sp\u00e9cialis\u00e9e en Social Media, Relations Medias et en acquisition. 40 collaborateurs en 4 ans et croissance \u00e0 3 chiffres chaque ann\u00e9e depuis son lancement. Auparavant fondateur du Papier fait de la R\u00e9sistance, une marque de papeterie d\u2019excellente facture qu&#8217;il c\u00e8de au Groupe Albin Michel en 2020 apr\u00e8s 8 ann\u00e9es d\u2019exercice.<\/p>\n\n\n\n<p>Il pilote plus particuli\u00e8rement le digital, le marketing et la communication de L&#8217;Express Franchise.<\/p>\n<\/div>\n<\/div>\n","protected":false},"excerpt":{"rendered":"<p>Alain Weill PDG Homme de m\u00e9dias, Alain Weill commence sa carri\u00e8re dans les radios libres. En 2000 et apr\u00e8s 8 ans pass\u00e9s \u00e0 la direction g\u00e9n\u00e9rale de NRJ Group, il rach\u00e8te la radio RMC, alors en d\u00e9clin, et cr\u00e9e NextRadio. En quelques ann\u00e9es, le groupe s\u2019impose dans le paysage audiovisuel fran\u00e7ais avec des cha\u00eenes t\u00e9l\u00e9vis\u00e9es [&hellip;]<\/p>\n","protected":false},"author":7,"featured_media":0,"parent":0,"menu_order":0,"comment_status":"closed","ping_status":"closed","template":"","meta":{"_acf_changed":false,"_seopress_robots_primary_cat":"","_seopress_titles_title":"L'\u00e9quipe L'Express Franchise","_seopress_titles_desc":"Qui se cache derri\u00e8re l'Express Franchise ? Rencontrez l'\u00e9quipe qui se cache derri\u00e8re ce beau concept.","_seopress_robots_index":"","content-type":"","_relevanssi_hide_post":"","_relevanssi_hide_content":"","_relevanssi_pin_for_all":"","_relevanssi_pin_keywords":"","_relevanssi_unpin_keywords":"","_relevanssi_related_keywords":"","_relevanssi_related_include_ids":"","_relevanssi_related_exclude_ids":"","_relevanssi_related_no_append":"","_relevanssi_related_not_related":"","_relevanssi_related_posts":"83051,133942,140314,81964,140329","_relevanssi_noindex_reason":"","footnotes":""},"category_page":[],"class_list":["post-145620","page","type-page","status-publish"],"acf":[],"_links":{"self":[{"href":"https:\/\/lexpress-franchise.com\/fr-be\/wp-json\/wp\/v2\/pages\/145620","targetHints":{"allow":["GET"]}}],"collection":[{"href":"https:\/\/lexpress-franchise.com\/fr-be\/wp-json\/wp\/v2\/pages"}],"about":[{"href":"https:\/\/lexpress-franchise.com\/fr-be\/wp-json\/wp\/v2\/types\/page"}],"author":[{"embeddable":true,"href":"https:\/\/lexpress-franchise.com\/fr-be\/wp-json\/wp\/v2\/users\/7"}],"replies":[{"embeddable":true,"href":"https:\/\/lexpress-franchise.com\/fr-be\/wp-json\/wp\/v2\/comments?post=145620"}],"version-history":[{"count":0,"href":"https:\/\/lexpress-franchise.com\/fr-be\/wp-json\/wp\/v2\/pages\/145620\/revisions"}],"wp:attachment":[{"href":"https:\/\/lexpress-franchise.com\/fr-be\/wp-json\/wp\/v2\/media?parent=145620"}],"wp:term":[{"taxonomy":"category_page","embeddable":true,"href":"https:\/\/lexpress-franchise.com\/fr-be\/wp-json\/wp\/v2\/category_page?post=145620"}],"curies":[{"name":"wp","href":"https:\/\/api.w.org\/{rel}","templated":true}]}}