{"id":145617,"date":"2022-01-28T10:34:05","date_gmt":"2022-01-28T09:34:05","guid":{"rendered":"https:\/\/lexpress-franchise.com\/fr-be\/manifesto\/"},"modified":"2024-09-20T11:31:05","modified_gmt":"2024-09-20T09:31:05","slug":"manifesto","status":"publish","type":"page","link":"https:\/\/lexpress-franchise.com\/fr-be\/manifesto\/","title":{"rendered":"Manifesto"},"content":{"rendered":"\n<p>Entrepreneurs : d\u00e8s l\u2019instant o\u00f9 ils ont imagin\u00e9 se mettre \u00e0 leur compte, tous ont commenc\u00e9 \u00e0 concevoir leur projet. Tous se sont pos\u00e9 des milliards de questions. Tous ont cherch\u00e9 le meilleur business model. Mais tr\u00e8s peu ont pens\u00e9 int\u00e9grer un r\u00e9seau de franchise. Et pour cause : encore m\u00e9connu, le secteur de la franchise souffre parfois d\u2019un manque de notori\u00e9t\u00e9. Pourtant, ce mod\u00e8le r\u00e9pond aux ambitions de nombreux entrepreneurs qui l\u2019ignorent. Quant aux porteurs de projets les plus avertis, qui savent d\u00e9j\u00e0 qu\u2019ils souhaitent int\u00e9grer un r\u00e9seau, eux aussi peinent \u00e0 s\u2019orienter et \u00e0 trouver le parfait franchiseur. \u00c9gar\u00e9s sur les quelques plateformes sp\u00e9cialis\u00e9es aux allures de bottin, le candidat \u00e0 la franchise ne s\u2019y retrouve pas, quand le franchiseur ne parvient pas \u00e0 se d\u00e9marquer.<\/p>\n\n<p>Face \u00e0 cette r\u00e9alit\u00e9, les fondateurs de l\u2019Express Franchise souhaitent participer \u00e0 la r\u00e9ussite d\u2019un secteur extr\u00eamement riche en opportunit\u00e9s et se sont mis en qu\u00eate de superbes enseignes pr\u00eates \u00e0 mener avec eux une petite r\u00e9volution de l\u2019exp\u00e9rience de la franchise. Leur ambition : mettre l\u2019aspect unique de chaque franchiseur sous le feu des projecteurs et offrir \u00e0 chaque entrepreneur la possibilit\u00e9 de d\u00e9couvrir ce pan m\u00e9connu de leur activit\u00e9. Car oui, s\u2019installer en franchise c\u2019est aussi se lancer dans une belle aventure entrepreneuriale. Pour permettre \u00e0 ces acteurs de naviguer en toute s\u00e9r\u00e9nit\u00e9 dans ce monde, pas si obscure, de la franchise, l\u2019Express Franchise se propose d\u2019\u00eatre leur guide. Plateforme de mise en relation, nous faisons se rencontrer des franchiseurs et des candidats \u00e0 la franchise. M\u00e9dia inspirant, nous proposons des contenus d\u00e9di\u00e9s intelligents et percutants autour des th\u00e9matiques de l\u2019entrepreneuriat, de la franchise et du monde du travail en g\u00e9n\u00e9ral.<\/p>\n\n<p>Alors, que vous soyez tout juste dipl\u00f4m\u00e9, entrepreneur averti, cadre en reconversion, franchiseur, franchis\u00e9 ou candidat \u00e0 la franchise\u2026 L&#8217;Express Franchise est l\u00e0 pour vous.<\/p>\n\n<div style=\"height:25px\" aria-hidden=\"true\" class=\"wp-block-spacer\"><\/div>\n","protected":false},"excerpt":{"rendered":"<p>Entrepreneurs : d\u00e8s l\u2019instant o\u00f9 ils ont imagin\u00e9 se mettre \u00e0 leur compte, tous ont commenc\u00e9 \u00e0 concevoir leur projet. Tous se sont pos\u00e9 des milliards de questions. Tous ont cherch\u00e9 le meilleur business model. Mais tr\u00e8s peu ont pens\u00e9 int\u00e9grer un r\u00e9seau de franchise. Et pour cause : encore m\u00e9connu, le secteur de la [&hellip;]<\/p>\n","protected":false},"author":1,"featured_media":0,"parent":0,"menu_order":0,"comment_status":"closed","ping_status":"closed","template":"","meta":{"_acf_changed":false,"_seopress_robots_primary_cat":"","_seopress_titles_title":"","_seopress_titles_desc":"Entrepreneurs : d\u00e8s l\u2019instant o\u00f9 ils ont imagin\u00e9 se mettre \u00e0 leur compte, tous ont cherch\u00e9 le meilleur business model. Mais tr\u00e8s peu ont pens\u00e9 int\u00e9grer un r\u00e9seau de franchise. Et pour cause !","_seopress_robots_index":"","content-type":"","_relevanssi_hide_post":"","_relevanssi_hide_content":"","_relevanssi_pin_for_all":"","_relevanssi_pin_keywords":"","_relevanssi_unpin_keywords":"","_relevanssi_related_keywords":"","_relevanssi_related_include_ids":"","_relevanssi_related_exclude_ids":"","_relevanssi_related_no_append":"","_relevanssi_related_not_related":"","_relevanssi_related_posts":"140329,83051,140314,133942,81964","_relevanssi_noindex_reason":"","footnotes":""},"category_page":[],"class_list":["post-145617","page","type-page","status-publish"],"acf":[],"_links":{"self":[{"href":"https:\/\/lexpress-franchise.com\/fr-be\/wp-json\/wp\/v2\/pages\/145617","targetHints":{"allow":["GET"]}}],"collection":[{"href":"https:\/\/lexpress-franchise.com\/fr-be\/wp-json\/wp\/v2\/pages"}],"about":[{"href":"https:\/\/lexpress-franchise.com\/fr-be\/wp-json\/wp\/v2\/types\/page"}],"author":[{"embeddable":true,"href":"https:\/\/lexpress-franchise.com\/fr-be\/wp-json\/wp\/v2\/users\/1"}],"replies":[{"embeddable":true,"href":"https:\/\/lexpress-franchise.com\/fr-be\/wp-json\/wp\/v2\/comments?post=145617"}],"version-history":[{"count":1,"href":"https:\/\/lexpress-franchise.com\/fr-be\/wp-json\/wp\/v2\/pages\/145617\/revisions"}],"predecessor-version":[{"id":171841,"href":"https:\/\/lexpress-franchise.com\/fr-be\/wp-json\/wp\/v2\/pages\/145617\/revisions\/171841"}],"wp:attachment":[{"href":"https:\/\/lexpress-franchise.com\/fr-be\/wp-json\/wp\/v2\/media?parent=145617"}],"wp:term":[{"taxonomy":"category_page","embeddable":true,"href":"https:\/\/lexpress-franchise.com\/fr-be\/wp-json\/wp\/v2\/category_page?post=145617"}],"curies":[{"name":"wp","href":"https:\/\/api.w.org\/{rel}","templated":true}]}}