{"id":144442,"date":"2022-02-10T16:13:49","date_gmt":"2022-02-10T15:13:49","guid":{"rendered":"https:\/\/lexpress-franchise.com\/fr-be\/mentions-legales\/"},"modified":"2024-09-20T11:30:49","modified_gmt":"2024-09-20T09:30:49","slug":"mentions-legales","status":"publish","type":"page","link":"https:\/\/lexpress-franchise.com\/fr-be\/mentions-legales\/","title":{"rendered":"Mentions L\u00e9gales"},"content":{"rendered":"\n<p><strong>\u00c9diteur du Site<\/strong> :<\/p>\n\n<p><strong>L&#8217;EXPRESS CONNECT<\/strong><\/p>\n\n<p>SAS au capital de 21 755 \u20ac <\/p>\n\n<p>RCS Lyon 909 027 526<\/p>\n\n<p>Si\u00e8ge social : <\/p>\n\n<p>3 quai de la P\u00eacherie<\/p>\n\n<p>69001 Lyon<\/p>\n\n<div style=\"height:30px\" aria-hidden=\"true\" class=\"wp-block-spacer\"><\/div>\n\n<p><strong>Directeur de la Publication<\/strong> :<\/p>\n\n<p>Alain Weill<\/p>\n\n<p><a href=\"mailto:franchise@lexpress-connect.com\"><\/a><a href=\"mailto:franchise@lexpress-connect.com\">contact@lexpress-connect.com<\/a><\/p>\n\n<div style=\"height:30px\" aria-hidden=\"true\" class=\"wp-block-spacer\"><\/div>\n\n<p><strong>H\u00e9bergeur du Site<\/strong> :<\/p>\n\n<p>Netcup GmbH<\/p>\n\n<p>Daimlerstra\u00dfe 25<\/p>\n\n<p>76185 Karlsruhe, Allemagne<\/p>\n\n<p>T\u00e9l : +49 721 \/ 7540755 &#8211; 0<\/p>\n\n<p>Faxe : +49 721 \/ 7540755 &#8211; 9<\/p>\n\n<p>Site : www.netcup.de<\/p>\n\n<p>Mail : mail@netcup.de<\/p>\n\n<p>RCS : HRB 705547<\/p>\n\n<div style=\"height:30px\" aria-hidden=\"true\" class=\"wp-block-spacer\"><\/div>\n\n<p><strong>Droits d\u2019auteur \u2013 Liens vers des sites externes<\/strong><\/p>\n\n<p>Le contenu du Site internet www.lexpress-franchise.com (notamment sa structure, son design, ses interfaces, les bases de donn\u00e9es, les textes, les contenus num\u00e9riques, les marques, les images, les vid\u00e9os, les musiques, tous \u00e9l\u00e9ments graphiques qui le composent, ainsi que les balises HTML de r\u00e9f\u00e9rencement (m\u00e9ta-tags), \u00e0 l\u2019exclusion du contenu appartenant aux tiers, est la propri\u00e9t\u00e9 de la Soci\u00e9t\u00e9 et est prot\u00e9g\u00e9 par les lois fran\u00e7aises et internationales relatives \u00e0 la propri\u00e9t\u00e9 intellectuelle.<\/p>\n\n<p>Toute reproduction totale ou partielle de ce contenu est strictement interdite et est susceptible de constituer un d\u00e9lit de contrefa\u00e7on, sauf autorisation pr\u00e9alable et \u00e9crite de la Soci\u00e9t\u00e9.<\/p>\n\n<p>La Soci\u00e9t\u00e9 ne saurait \u00eatre tenue pour responsable du contenu des \u00e9ventuels liens figurant dans le Site et renvoyant vers des sites externes.<\/p>\n\n<div style=\"height:30px\" aria-hidden=\"true\" class=\"wp-block-spacer\"><\/div>\n\n<p><strong>La cr\u00e9ation par des tiers de liens vers la Plateforme<\/strong><\/p>\n\n<p>Le Site autorise la mise en place d&#8217;un lien hypertexte pointant vers son contenu, sous r\u00e9serve : <\/p>\n\n<ul class=\"wp-block-list\">\n<li>d\u2019informer pr\u00e9alablement la Soci\u00e9t\u00e9 de mani\u00e8re expresse par un courriel \u00e0 l\u2019adresse suivante <a href=\"mailto:franchise@lexpress-connect.com\"><\/a><a href=\"mailto:franchise@lexpress-connect.com\">contact@lexpress-connect.com<\/a> ; et<\/li>\n\n\n\n<li>de mentionner la source qui pointera gr\u00e2ce au lien hypertexte directement sur le contenu vis\u00e9. <\/li>\n<\/ul>\n\n<p>Cependant, cette autorisation ne s&#8217;applique pas aux sites internet diffusant des informations \u00e0 caract\u00e8re pol\u00e9mique, pornographique, x\u00e9nophobe ou pouvant, dans une plus large mesure portant atteinte \u00e0 l\u2019ordre public et aux bonnes m\u0153urs.<\/p>\n\n<p>En tout \u00e9tat de cause, la Soci\u00e9t\u00e9 se r\u00e9serve le droit de demander la suppression imm\u00e9diate du lien cr\u00e9\u00e9 vers son site sans avoir \u00e0 indiquer de raison particuli\u00e8re. Il est pr\u00e9cis\u00e9 que cette autorisation n\u2019emporte autorisation de reproduction de tout ou partie du contenu du Site, notamment d\u2019un titre ou d\u2019un chapeau pour le nommage du lien hypertexte.<\/p>\n\n<div style=\"height:30px\" aria-hidden=\"true\" class=\"wp-block-spacer\"><\/div>\n\n<p><strong>Protection des donn\u00e9es personnelles<\/strong><\/p>\n\n<p>Les \u00e9ventuelles informations \u00e0 caract\u00e8re personnel recueillies ci-dessus par la Soci\u00e9t\u00e9 telle qu\u2019identifi\u00e9e ci-avant, font l\u2019objet d\u2019un traitement informatique dans les conditions d\u00e9finies par les dispositions l\u00e9gales applicables en la mati\u00e8re.<\/p>\n\n<p>Elles sont n\u00e9cessaires \u00e0 la Soci\u00e9t\u00e9 pour traiter votre demande. Ces donn\u00e9es pourront \u00eatre communiqu\u00e9es \u00e0 des T\u00eates de r\u00e9seau afin de leur permettre d\u2019envoyer \u00e9ventuellement aux Candidats \u00e0 la franchise des sollicitations correspondant \u00e0 la demande formul\u00e9e. Les donn\u00e9es des T\u00eates de r\u00e9seau et\/ou des Candidats peuvent \u00e9galement \u00eatre utilis\u00e9es par la Soci\u00e9t\u00e9 pour contacter les personnes r\u00e9f\u00e9renc\u00e9es dans un but d\u2019am\u00e9lioration du Service.<\/p>\n\n<p>Conform\u00e9ment \u00e0 la loi 78-17 du 6 janvier 1978 modifi\u00e9e relative \u00e0 l&#8217;informatique, aux fichiers et aux libert\u00e9s, plus connue sous le nom de loi informatique et libert\u00e9s, ainsi que le R\u00e8glement G\u00e9n\u00e9ral sur la Protection des Donn\u00e9es n\u00b0 2016\/679 du 27 avril 2016, les personnes dont les donn\u00e9es \u00e0 caract\u00e8re personnel ont \u00e9t\u00e9 recueillies disposent d&#8217;un droit d&#8217;acc\u00e8s, de rectification, de modification et de suppression sur l&#8217;ensemble des donn\u00e9es les concernant. <\/p>\n\n<p>Pour exercer ces droits, elles pourront adresser leur demande par courriel \u00e0 l\u2019adresse suivante <a href=\"mailto:franchise@lexpress-connect.com\">contact@lexpress-connect.com<\/a>.<br \/><\/p>\n\n<p>Derni\u00e8re mise \u00e0 jour le <span style=\"text-decoration: underline\">01\/08\/2024<\/span>.<\/p>\n","protected":false},"excerpt":{"rendered":"<p>\u00c9diteur du Site : L&#8217;EXPRESS CONNECT SAS au capital de 21 755 \u20ac RCS Lyon 909 027 526 Si\u00e8ge social : 3 quai de la P\u00eacherie 69001 Lyon Directeur de la Publication : Alain Weill contact@lexpress-connect.com H\u00e9bergeur du Site : Netcup GmbH Daimlerstra\u00dfe 25 76185 Karlsruhe, Allemagne T\u00e9l : +49 721 \/ 7540755 &#8211; 0 [&hellip;]<\/p>\n","protected":false},"author":1,"featured_media":0,"parent":0,"menu_order":0,"comment_status":"closed","ping_status":"closed","template":"","meta":{"_acf_changed":false,"_seopress_robots_primary_cat":"","_seopress_titles_title":"","_seopress_titles_desc":"","_seopress_robots_index":"","content-type":"","_relevanssi_hide_post":"","_relevanssi_hide_content":"","_relevanssi_pin_for_all":"","_relevanssi_pin_keywords":"","_relevanssi_unpin_keywords":"","_relevanssi_related_keywords":"","_relevanssi_related_include_ids":"","_relevanssi_related_exclude_ids":"","_relevanssi_related_no_append":"","_relevanssi_related_not_related":"","_relevanssi_related_posts":"146550,146500,146577,146855,146597,146486","_relevanssi_noindex_reason":"","footnotes":""},"category_page":[],"class_list":["post-144442","page","type-page","status-publish"],"acf":[],"_links":{"self":[{"href":"https:\/\/lexpress-franchise.com\/fr-be\/wp-json\/wp\/v2\/pages\/144442","targetHints":{"allow":["GET"]}}],"collection":[{"href":"https:\/\/lexpress-franchise.com\/fr-be\/wp-json\/wp\/v2\/pages"}],"about":[{"href":"https:\/\/lexpress-franchise.com\/fr-be\/wp-json\/wp\/v2\/types\/page"}],"author":[{"embeddable":true,"href":"https:\/\/lexpress-franchise.com\/fr-be\/wp-json\/wp\/v2\/users\/1"}],"replies":[{"embeddable":true,"href":"https:\/\/lexpress-franchise.com\/fr-be\/wp-json\/wp\/v2\/comments?post=144442"}],"version-history":[{"count":1,"href":"https:\/\/lexpress-franchise.com\/fr-be\/wp-json\/wp\/v2\/pages\/144442\/revisions"}],"predecessor-version":[{"id":171838,"href":"https:\/\/lexpress-franchise.com\/fr-be\/wp-json\/wp\/v2\/pages\/144442\/revisions\/171838"}],"wp:attachment":[{"href":"https:\/\/lexpress-franchise.com\/fr-be\/wp-json\/wp\/v2\/media?parent=144442"}],"wp:term":[{"taxonomy":"category_page","embeddable":true,"href":"https:\/\/lexpress-franchise.com\/fr-be\/wp-json\/wp\/v2\/category_page?post=144442"}],"curies":[{"name":"wp","href":"https:\/\/api.w.org\/{rel}","templated":true}]}}