{"id":143939,"date":"2022-01-13T19:23:55","date_gmt":"2022-01-13T18:23:55","guid":{"rendered":"https:\/\/lexpress-franchise.com\/fr-be\/"},"modified":"2025-06-18T18:28:19","modified_gmt":"2025-06-18T16:28:19","slug":"lexpress-franchise","status":"publish","type":"page","link":"https:\/\/lexpress-franchise.com\/fr-be\/","title":{"rendered":"L&#8217;Express Franchise"},"content":{"rendered":"","protected":false},"excerpt":{"rendered":"","protected":false},"author":1,"featured_media":0,"parent":0,"menu_order":0,"comment_status":"closed","ping_status":"closed","template":"","meta":{"_acf_changed":false,"_seopress_robots_primary_cat":"","_seopress_titles_title":"Franchise %%currentyear%% : Trouvez le meilleur r\u00e9seau et devenez franchis\u00e9 !","_seopress_titles_desc":"D\u00e9couvrez les meilleures franchises du moment. Trouvez l'enseigne qui correspond \u00e0 vos objectifs gr\u00e2ce \u00e0 nos r\u00e9seaux partenaires.","_seopress_robots_index":"","content-type":"","_relevanssi_hide_post":"","_relevanssi_hide_content":"","_relevanssi_pin_for_all":"","_relevanssi_pin_keywords":"","_relevanssi_unpin_keywords":"","_relevanssi_related_keywords":"","_relevanssi_related_include_ids":"","_relevanssi_related_exclude_ids":"","_relevanssi_related_no_append":"","_relevanssi_related_not_related":"","_relevanssi_related_posts":"140314,83051,140329","_relevanssi_noindex_reason":"SEOPress Exclusion de l\u2019index de Relevanssi","footnotes":""},"category_page":[],"class_list":["post-143939","page","type-page","status-publish"],"acf":[],"_links":{"self":[{"href":"https:\/\/lexpress-franchise.com\/fr-be\/wp-json\/wp\/v2\/pages\/143939","targetHints":{"allow":["GET"]}}],"collection":[{"href":"https:\/\/lexpress-franchise.com\/fr-be\/wp-json\/wp\/v2\/pages"}],"about":[{"href":"https:\/\/lexpress-franchise.com\/fr-be\/wp-json\/wp\/v2\/types\/page"}],"author":[{"embeddable":true,"href":"https:\/\/lexpress-franchise.com\/fr-be\/wp-json\/wp\/v2\/users\/1"}],"replies":[{"embeddable":true,"href":"https:\/\/lexpress-franchise.com\/fr-be\/wp-json\/wp\/v2\/comments?post=143939"}],"version-history":[{"count":10,"href":"https:\/\/lexpress-franchise.com\/fr-be\/wp-json\/wp\/v2\/pages\/143939\/revisions"}],"predecessor-version":[{"id":1501331,"href":"https:\/\/lexpress-franchise.com\/fr-be\/wp-json\/wp\/v2\/pages\/143939\/revisions\/1501331"}],"wp:attachment":[{"href":"https:\/\/lexpress-franchise.com\/fr-be\/wp-json\/wp\/v2\/media?parent=143939"}],"wp:term":[{"taxonomy":"category_page","embeddable":true,"href":"https:\/\/lexpress-franchise.com\/fr-be\/wp-json\/wp\/v2\/category_page?post=143939"}],"curies":[{"name":"wp","href":"https:\/\/api.w.org\/{rel}","templated":true}]}}