{"id":81952,"date":"2022-02-10T15:51:04","date_gmt":"2022-02-10T14:51:04","guid":{"rendered":"https:\/\/lexpress-franchise.com\/es\/politica-de-privacidad\/"},"modified":"2025-05-28T12:01:14","modified_gmt":"2025-05-28T10:01:14","slug":"politica-de-privacidad","status":"publish","type":"page","link":"https:\/\/lexpress-franchise.com\/es\/politica-de-privacidad\/","title":{"rendered":"Pol\u00edtica de privacidad"},"content":{"rendered":"\n<p>El acceso y uso del Servicio de B\u00fasqueda de Candidatos\/L\u00edderes de Red de Franquicias implica la recogida de datos personales relativos al Candidato\/L\u00edder de Red potencial. En particular, al cumplimentar el cuestionario, los Candidatos transmiten informaci\u00f3n sobre s\u00ed mismos. Lo mismo ocurre con los Jefes y responsables de Red cuando env\u00edan la Hoja de Informaci\u00f3n. Si el interesado no consiente en facilitar sus datos personales, no podr\u00e1 acceder al servicio ni utilizarlo.<\/p>\n\n\n\n<p>La Empresa, como Responsable del Tratamiento, es sensible a la protecci\u00f3n de sus datos personales. Como tal, el objetivo de esta pol\u00edtica de confidencialidad es informar a los Solicitantes de Franquicia y a los Jefes y responsables de Red sobre la forma en que se procesan sus datos y asegurarles el cumplimiento de las normas establecidas, en particular, por el Reglamento Europeo EU2016\/679 de 27 de abril de 2016, as\u00ed como por la Ley espa\u00f1ola correspondiente, esto es, la Ley Org\u00e1nica3\/2018, de 5 de diciembre, de Protecci\u00f3n de Datos Personales y garant\u00eda de los derechos digitales.<\/p>\n\n\n\n<p>Esta pol\u00edtica de privacidad se aplica a toda la Plataforma. Dado que esta pol\u00edtica est\u00e1 obligada a actualizarse en funci\u00f3n de las disposiciones legales y de los servicios ofrecidos por la Empresa, se invita a los Solicitantes de Franquicia y a los Responsables de Red a consultarla con la mayor frecuencia posible.<\/p>\n\n\n\n<p><strong>1. \u00bfQu\u00e9 datos personales se recogen?<\/strong><\/p>\n\n\n\n<p>En el sitio web y otras soluciones digitales pueden recogerse varios tipos de datos personales, en particular<\/p>\n\n\n\n<ul class=\"wp-block-list\">\n<li>su nombre y datos de contacto, incluidas las direcciones de correo electr\u00f3nico y postal<\/li>\n\n\n\n<li>su cargo<\/li>\n\n\n\n<li>sus n\u00fameros de tel\u00e9fono y fax.<\/li>\n<\/ul>\n\n\n\n<p><strong>2. \u00bfPor qu\u00e9 se recogen algunos de mis datos?<\/strong><\/p>\n\n\n\n<p>Sus datos personales nos permiten tramitar sus solicitudes para ponerle en contacto con un Candidato o Jefe de Red, seg\u00fan corresponda.<\/p>\n\n\n\n<p><strong>3. \u00bfDurante cu\u00e1nto tiempo se conservar\u00e1n mis datos?<\/strong><\/p>\n\n\n\n<p>Los datos recogidos se tratar\u00e1n y conservar\u00e1n durante el tiempo necesario para los fines para los que se tratan, de conformidad con las normas, reglamentos y textos vigentes.<\/p>\n\n\n\n<p>No obstante, y de conformidad con el art\u00edculo 5 del RGPD, determinados datos personales podr\u00e1n \u00abconservarse durante per\u00edodos m\u00e1s largos en la medida en que se traten exclusivamente con fines de archivo en inter\u00e9s p\u00fablico, fines de investigaci\u00f3n cient\u00edfica o hist\u00f3rica o fines estad\u00edsticos\u00bb.<\/p>\n\n\n\n<p><strong>4. \u00bfQu\u00e9 pasa con el uso de cookies?<\/strong><\/p>\n\n\n\n<p>Una cookie es una cadena de informaci\u00f3n enviada por un servidor a un visitante. En forma de archivo inform\u00e1tico, se coloca en el disco duro a trav\u00e9s del navegador del visitante con el fin de recopilar informaci\u00f3n.<\/p>\n\n\n\n<p>Existen varios tipos de cookies:<\/p>\n\n\n\n<p><strong>Cookies t\u00e9cnicas y estrictamente necesarias<\/strong>: Estas cookies se utilizan para registrar la informaci\u00f3n introducida por el visitante, seguir su navegaci\u00f3n para garantizar la calidad de las p\u00e1ginas visitadas, aplicar determinadas medidas de seguridad y acceder a su espacio personal. El sitio no puede funcionar correctamente sin estas cookies.<\/p>\n\n\n\n<p><strong>Cookies de medici\u00f3n de audiencia y estad\u00edsticas<\/strong>: Estas cookies nos permiten obtener datos relativos al uso de nuestras p\u00e1ginas web y mejorar determinados aspectos t\u00e9cnicos y ergon\u00f3micos. No utilizamos cookies para medir la audiencia ni con fines estad\u00edsticos.<\/p>\n\n\n\n<p><strong>Cookies publicitarias<\/strong>: Estas cookies se utilizan para mostrar publicidad personalizada en los espacios reservados en nuestra Plataforma, contabilizar el n\u00famero de veces que se muestran los anuncios y reconocer su navegador en futuras visitas a nuestra Plataforma. Estas cookies pueden ser instaladas por nosotros o por nuestros socios publicitarios. Permiten establecer un perfil de visitante \u00fanico.<\/p>\n\n\n\n<p><strong>Cookies de redes sociales<\/strong>: Las cookies de redes sociales le permiten compartir el contenido de nuestro sitio con otras personas o compartir su opini\u00f3n sobre el contenido del sitio con terceros. Estas cookies de terceros tienen por objeto mejorar la interactividad del sitio y su contenido multimedia.<\/p>\n\n\n\n<p>Cu\u00e1nto tiempo se conservan las cookies:<\/p>\n\n\n\n<p>Las cookies se conservan durante un m\u00e1ximo de 13 meses a partir de la primera vez que se colocan en los terminales de los visitantes. Se solicitar\u00e1 un nuevo consentimiento al final de este periodo.<\/p>\n\n\n\n<p>Algunas cookies t\u00e9cnicas y funcionales son esenciales y no requieren el consentimiento del usuario. Otras cookies requieren el consentimiento del usuario, que puede retirarlo en cualquier momento.<\/p>\n\n\n\n<p>El usuario puede eliminar las cookies en cualquier momento configurando las preferencias de su navegador en las opciones del mismo. Tambi\u00e9n puede oponerse a todas o algunas cookies ajustando las preferencias de su navegador en el formulario de consentimiento de cookies.<\/p>\n\n\n\n<p><strong>5. Gestiona tus cookies<\/strong><\/p>\n\n\n\n<p>Las cookies son peque\u00f1os archivos de texto que los sitios web pueden utilizar para hacer m\u00e1s eficiente la experiencia del usuario.<\/p>\n\n\n\n<p>La ley estipula que s\u00f3lo podemos almacenar cookies en su dispositivo si son estrictamente necesarias para el funcionamiento de este sitio. Para todos los dem\u00e1s tipos de cookies, necesitamos su permiso.<\/p>\n\n\n\n<p>Este sitio utiliza diferentes tipos de cookies. Algunas cookies son colocadas por servicios de terceros que aparecen en nuestras p\u00e1ginas.<\/p>\n\n\n\n<p>Puede cambiar o retirar su consentimiento en cualquier momento en la Declaraci\u00f3n sobre cookies de nuestro sitio web.<\/p>\n\n\n\n<p>Para obtener m\u00e1s informaci\u00f3n sobre qui\u00e9nes somos, c\u00f3mo puede ponerse en contacto con nosotros y c\u00f3mo procesamos los datos personales, consulte nuestra Pol\u00edtica de privacidad.<\/p>\n\n\n\n<p>Indique el identificador de su consentimiento y la fecha en la que se puso en contacto con nosotros en relaci\u00f3n con su consentimiento.<\/p>\n\n\n\n<p>Su consentimiento se aplica a las siguientes \u00e1reas: lexpress-franchise.com<\/p>\n\n\n\n<p>Su estado actual: Todo permitido.<\/p>\n\n\n\n<p><strong>6. \u00bfCu\u00e1l es la base jur\u00eddica para el tratamiento de mis datos?<\/strong><\/p>\n\n\n\n<p>La base jur\u00eddica para el tratamiento de sus datos recogidos es el inter\u00e9s leg\u00edtimo vinculado a nuestras actividades, de conformidad con lo dispuesto en el RGPD.<\/p>\n\n\n\n<p><strong>7. \u00bfQui\u00e9n recibir\u00e1 mis datos?<\/strong><\/p>\n\n\n\n<p>Sus datos personales solo ser\u00e1n utilizados por los departamentos y personas de<\/p>\n\n\n\n<p>L&#8217;EXPRESS CONNECT que est\u00e9n autorizados a tratarlos, de conformidad con los fines especificados.<\/p>\n\n\n\n<p>Estos datos tambi\u00e9n podr\u00e1n ser comunicados a los Jefes y responsables de Red que hayan suscrito una suscripci\u00f3n con la empresa L&#8217;EXPRESS CONNECT, en el marco de su relaci\u00f3n con los Candidatos que hayan rellenado un formulario de informaci\u00f3n al crear su cuenta<\/p>\n\n\n\n<p><strong>8. \u00bfSaldr\u00e1n mis datos de la Uni\u00f3n Europea?<\/strong><\/p>\n\n\n\n<p>Determinados datos podr\u00e1n ser transferidos a Jefes o responsables de Red o personas de referencia establecidas fuera de la Uni\u00f3n Europea a condici\u00f3n de que presenten garant\u00edas suficientes con respecto a los requisitos del GDPR, en particular si los pa\u00edses presentan un nivel de protecci\u00f3n adecuado, de conformidad con los art\u00edculos 44 y siguientes del Reglamento Europeo EU2016\/679 de 27 de abril de 2016.<\/p>\n\n\n\n<p><strong>9. \u00bfEst\u00e1n seguros mis datos durante su tratamiento?<\/strong><\/p>\n\n\n\n<p>Todas las personas con acceso a tus datos est\u00e1n autorizadas y sujetas a una obligaci\u00f3n de confidencialidad.<\/p>\n\n\n\n<p>En este sentido y de conformidad con el art\u00edculo 32 del RGPD, la Plataforma y todas las personas indicadas se comprometen a aplicar todas las medidas t\u00e9cnicas y organizativas necesarias para garantizar la seguridad y confidencialidad de los datos tratados.<\/p>\n\n\n\n<p><strong>10. Tengo varios derechos, \u00bfc\u00f3mo puedo ejercerlos?<\/strong><\/p>\n\n\n\n<p>El responsable del tratamiento de datos es la empresa L&#8217;EXPRESS CONNECT &#8211; 3 rue Gabriel Rivir\u00e8re, 69002 LYON, Tel\u00e9fono: 07 56 93 17 73<\/p>\n\n\n\n<p>El responsable de la protecci\u00f3n de datos es el Sr. Arthur de Choulot, con quien puede ponerse en contacto en la siguiente direcci\u00f3n de correo electr\u00f3nico: <strong>franchise@lexpress-connect.com<\/strong><\/p>\n\n\n\n<p>En virtud de lo dispuesto en la Ley Org\u00e1nica 3\/2018, de 5 de diciembre, de Protecci\u00f3n de Datos Personales y garant\u00eda de los derechos digitales, as\u00ed como el RGPD (UE) 2016\/679, en cualquier momento el titular de los datos personales podr\u00e1 ejercer sus derechos de acceso, rectificaci\u00f3n, cancelaci\u00f3n, oposici\u00f3n, limitaci\u00f3n, portabilidad y derecho al olvido, remitiendo un correo electr\u00f3nico a la direcci\u00f3n: <strong>contact@lexpress-connect.com.<\/strong><\/p>\n\n\n\n<p>Si considera que no se han respetado sus derechos, tambi\u00e9n puede presentar una reclamaci\u00f3n ante la autoridad de control competente en Espa\u00f1a: Agencia Espa\u00f1ola de Protecci\u00f3n de Datos, <a href=\"https:\/\/www.aepd.es\/\">https:\/\/www.aepd.es\/<\/a><\/p>\n\n\n\n<p>\u00daltima actualizaci\u00f3n <strong>20 de mayo de 2025.<\/strong><\/p>\n\n\n\n<p><\/p>\n","protected":false},"excerpt":{"rendered":"<p>El acceso y uso del Servicio de B\u00fasqueda de Candidatos\/L\u00edderes de Red de Franquicias implica la recogida de datos personales relativos al Candidato\/L\u00edder de Red potencial. En particular, al cumplimentar el cuestionario, los Candidatos transmiten informaci\u00f3n sobre s\u00ed mismos. Lo mismo ocurre con los Jefes y responsables de Red cuando env\u00edan la Hoja de Informaci\u00f3n. [&hellip;]<\/p>\n","protected":false},"author":1,"featured_media":0,"parent":0,"menu_order":0,"comment_status":"closed","ping_status":"closed","template":"","meta":{"_acf_changed":false,"_seopress_robots_primary_cat":"","_seopress_titles_title":"","_seopress_titles_desc":"","_seopress_robots_index":"","content-type":"","_relevanssi_hide_post":"","_relevanssi_hide_content":"","_relevanssi_pin_for_all":"","_relevanssi_pin_keywords":"","_relevanssi_unpin_keywords":"","_relevanssi_related_keywords":"","_relevanssi_related_include_ids":"","_relevanssi_related_exclude_ids":"","_relevanssi_related_no_append":"","_relevanssi_related_not_related":"","_relevanssi_related_posts":"90733,84125,84437,90795,90675,90664","_relevanssi_noindex_reason":"","footnotes":""},"category_page":[],"class_list":["post-81952","page","type-page","status-publish"],"acf":[],"_links":{"self":[{"href":"https:\/\/lexpress-franchise.com\/es\/wp-json\/wp\/v2\/pages\/81952","targetHints":{"allow":["GET"]}}],"collection":[{"href":"https:\/\/lexpress-franchise.com\/es\/wp-json\/wp\/v2\/pages"}],"about":[{"href":"https:\/\/lexpress-franchise.com\/es\/wp-json\/wp\/v2\/types\/page"}],"author":[{"embeddable":true,"href":"https:\/\/lexpress-franchise.com\/es\/wp-json\/wp\/v2\/users\/1"}],"replies":[{"embeddable":true,"href":"https:\/\/lexpress-franchise.com\/es\/wp-json\/wp\/v2\/comments?post=81952"}],"version-history":[{"count":2,"href":"https:\/\/lexpress-franchise.com\/es\/wp-json\/wp\/v2\/pages\/81952\/revisions"}],"predecessor-version":[{"id":303153,"href":"https:\/\/lexpress-franchise.com\/es\/wp-json\/wp\/v2\/pages\/81952\/revisions\/303153"}],"wp:attachment":[{"href":"https:\/\/lexpress-franchise.com\/es\/wp-json\/wp\/v2\/media?parent=81952"}],"wp:term":[{"taxonomy":"category_page","embeddable":true,"href":"https:\/\/lexpress-franchise.com\/es\/wp-json\/wp\/v2\/category_page?post=81952"}],"curies":[{"name":"wp","href":"https:\/\/api.w.org\/{rel}","templated":true}]}}