{"id":80617,"date":"2022-02-10T16:02:14","date_gmt":"2022-02-10T15:02:14","guid":{"rendered":"https:\/\/lexpress-franchise.com\/es\/condiciones-generales-de-uso-del-servicio-prestado-por-la-franquicia-lexpress\/"},"modified":"2025-05-28T11:23:17","modified_gmt":"2025-05-28T09:23:17","slug":"condiciones-generales-de-uso-del-servicio-prestado-por-la-franquicia-lexpress","status":"publish","type":"page","link":"https:\/\/lexpress-franchise.com\/es\/condiciones-generales-de-uso-del-servicio-prestado-por-la-franquicia-lexpress\/","title":{"rendered":"Condiciones Generales de Uso del Servicio prestado por la Franquicia L&#8217;Express"},"content":{"rendered":"\n<p><strong><br>ENTRE<\/strong> L&#8217;EXPRESS CONNECT, sociedad por acciones simplificada con capital de 21.755 euros, inscrita en el Registro Mercantil y de Sociedades de Lyon con el n\u00famero 909 027 526, con domicilio social en 3 quai de la P\u00eacherie 69001 Lyon,<\/p>\n\n\n\n<p>En lo sucesivo, la <strong>&#8220;Empresa <\/strong>&#8220;.<\/p>\n\n\n\n<p><strong>Y, CONJUNTAMENTE :<\/strong><\/p>\n\n\n\n<p>Los <strong>&#8220;Jefes de Red<\/strong> &#8221; y los <strong>&#8220;Candidatos&#8221;<\/strong>, designados de la siguiente manera:<\/p>\n\n\n\n<ul class=\"wp-block-list\">\n<li>Cualquier Profesional que se haya suscrito a la Sociedad L&#8217;EXPRESS CONNECT, lo que le permite publicar informaci\u00f3n en el sitio web de la Sociedad L&#8217;EXPRESS CONNECT con vistas a desarrollar su red, y como tal, es susceptible de recibir solicitudes de contacto de Candidatos en las condiciones que se especifican a continuaci\u00f3n;<\/li>\n<\/ul>\n\n\n\n<p>  En lo sucesivo, <strong>&#8220;Responsable de la Red<\/strong> &#8220;,<\/p>\n\n\n\n<ul class=\"wp-block-list\">\n<li>Cualquier persona que visite el sitio web de L&#8217;EXPRESS CONNECT, sea cual sea su perfil (particular, profesional, Franquiciado, Franquiciador, Licenciatario, Licenciante, etc.), tenga o no la intenci\u00f3n de consultar la informaci\u00f3n relativa a los Responsables de Red con el posible objetivo de presentar su candidatura.<\/li>\n<\/ul>\n\n\n\n<p>  En lo sucesivo, el <strong>&#8220;Candidato<\/strong> &#8220;,<\/p>\n\n\n\n<p>Los Jefes de Red y los Candidatos se denominan colectivamente <strong>&#8220;Usuarios<\/strong> &#8220;.<\/p>\n\n\n\n<p>La Empresa L&#8217;EXPRESS CONNECT y los Usuarios ser\u00e1n denominados colectivamente en lo sucesivo <strong>las &#8220;Partes<\/strong> &#8220;.<\/p>\n\n\n\n<p class=\"has-text-align-center\"><strong>******<\/strong><\/p>\n\n\n\n<p>Hay que tener en cuenta los siguientes puntos;<\/p>\n\n\n\n<h2 class=\"wp-block-heading\"><strong>PRE\u00c1MBULO<\/strong><\/h2>\n\n\n\n<p>1. Las presentes Condiciones Generales de Uso (en adelante, las<strong> &#8220;CGC<\/strong> &#8220;) regulan las condiciones de uso del sitio web www.lexpress-franchise.com (la <strong>&#8220;Plataforma&#8221;)<\/strong>, publicado por la Empresa.\nSe consideran aceptadas para cualquier uso del sitio por cualquier persona, por el mero hecho de navegar por el sitio. <\/p>\n\n\n\n<p>Los usuarios se comprometen plenamente, sin restricci\u00f3n ni reserva alguna, a respetar las presentes CGU y a someterse a las sanciones previstas en caso de incumplimiento de sus disposiciones.<\/p>\n\n\n\n<p>2. La Empresa se reserva el derecho a modificar estas CGU en cualquier momento.\nLas Condiciones Generales de Uso modificadas se publicar\u00e1n en el sitio. <\/p>\n\n\n\n<p>Los Usuarios declaran que aceptan todas las modificaciones posteriores, que entrar\u00e1n en vigor en cuanto se indiquen en una ventana emergente que aparece cuando se conectan a la Plataforma.<\/p>\n\n\n\n<div style=\"height:30px\" aria-hidden=\"true\" class=\"wp-block-spacer\"><\/div>\n\n\n\n<p><strong>ART\u00cdCULO 1 &#8211; Objeto<\/strong><\/p>\n\n\n\n<p>La Empresa proporciona un servicio de emparejamiento en l\u00ednea entre Jefes de Red y Candidatos que han creado una cuenta, previa celebraci\u00f3n de un contrato, lo que les permite acceder a dicha red (el<strong> &#8220;Servicio <\/strong>&#8220;).<\/p>\n\n\n\n<p>Estos contactos se realizan proporcionando una interfaz interactiva y un motor de b\u00fasqueda, dando acceso a los Candidatos a escaparates y ofertas publicadas por los Jefes de Red, y dando acceso a los Jefes de Red a los perfiles de los Candidatos que han creado una cuenta en la Plataforma.<\/p>\n\n\n\n<p>El objetivo de estas Condiciones Generales de Uso es definir las condiciones de uso del Servicio.<\/p>\n\n\n\n<p><strong>ART\u00cdCULO 2 &#8211; Condiciones de acceso al servicio por parte de los Usuarios<\/strong><\/p>\n\n\n\n<p>El Servicio, accesible a trav\u00e9s de la Plataforma, permite a los Candidatos acceder a los escaparates dedicados a las marcas de los Jefes de Red y presentar su candidatura directamente ante ellos.\nA continuaci\u00f3n, los Jefes de Red pueden enviar su respuesta. <\/p>\n\n\n\n<p>Para beneficiarse del Servicio y ponerse en contacto con los Jefes de Red de forma gratuita, los Candidatos deben crear una cuenta en la Plataforma, rellenando un cuestionario relativo a sus datos de contacto y requisitos.<\/p>\n\n\n\n<p>A diferencia de los Candidatos, para quienes el Servicio es gratuito, el Jefe de Red tiene acceso al Servicio mediante la contrataci\u00f3n de una suscripci\u00f3n anual, tal y como se establece en los T\u00e9rminos y Condiciones.\nLa suscripci\u00f3n del Jefe de Red incluye la creaci\u00f3n de v\u00eddeos y fotos tomados por la Empresa durante el rodaje, y la integraci\u00f3n de este contenido en un escaparate personalizado, que se pone en l\u00ednea en la Plataforma.\nEste escaparate es accesible a los Candidatos, que pueden enviar sus candidaturas directamente a los Jefes de Red tras crear su cuenta.  <\/p>\n\n\n\n<p>La Empresa se reserva el derecho de modificar y optimizar constantemente el Servicio.<\/p>\n\n\n\n<p><strong>ART\u00cdCULO 3 &#8211; Condiciones de uso del Servicio<\/strong><\/p>\n\n\n\n<p><strong>ART\u00cdCULO 3.1 &#8211; Utilizaci\u00f3n del Servicio por el Responsable de la Red<\/strong><\/p>\n\n\n\n<p>La creaci\u00f3n y publicaci\u00f3n en l\u00ednea de un escaparate de Jefe de Red, cuyo contenido ser\u00e1 accesible para los Candidatos, permite al Jefe de Red presentar las ofertas que realiza y el p\u00fablico al que se dirige.\nLos Jefes de Red pueden acceder a los perfiles de los Candidatos que hayan creado una cuenta a trav\u00e9s del formulario en l\u00ednea y responder directamente a las Candidaturas que se les env\u00eden. <\/p>\n\n\n\n<p><strong>ART\u00cdCULO 3.2 &#8211; Utilizaci\u00f3n del Servicio por el Candidato<\/strong><\/p>\n\n\n\n<p>Cualquier Candidato que haya rellenado y enviado el cuestionario propuesto a la Empresa, permiti\u00e9ndole crear su cuenta de usuario, tiene la posibilidad de solicitar ofertas puestas en l\u00ednea por los Jefes de Red.\nLos Jefes de Red pueden entonces enviar al Candidato una respuesta directa, o entrar en una discusi\u00f3n sobre los t\u00e9rminos y condiciones de la solicitud y la oferta.\nEl Candidato es entonces libre de decidir si responde o no a las respuestas recibidas de los Jefes de Red.  <\/p>\n\n\n\n<p>Los candidatos reconocen que las candidaturas que env\u00eden a los Jefes de Red a trav\u00e9s de la Plataforma est\u00e1n sujetas a moderaci\u00f3n antes de su transmisi\u00f3n.\nAceptan que su candidatura puede no ser transmitida al Jefe de Red si la Empresa detecta alg\u00fan incumplimiento de sus obligaciones en virtud del presente contrato. <\/p>\n\n\n\n<p>Los candidatos pueden eliminar su cuenta de usuario en cualquier momento.\nNo obstante, sus datos podr\u00e1n conservarse, de acuerdo con la Pol\u00edtica de Confidencialidad de la Plataforma. <\/p>\n\n\n\n<p><strong>ART\u00cdCULO 4 &#8211; Obligaciones de los usuarios<\/strong><\/p>\n\n\n\n<p>El usuario se compromete a facilitar informaci\u00f3n exacta, actualizada y completa sobre s\u00ed mismo y sus necesidades.\nCertifica que los documentos que presenta en apoyo de su solicitud son aut\u00e9nticos y reflejan su situaci\u00f3n con toda sinceridad y veracidad. <\/p>\n\n\n\n<p>Se comprometen a no falsear ning\u00fan dato o informaci\u00f3n, ni a usurpar ninguna cualidad, atributo o identificador de naturaleza tal que induzca a error o confusi\u00f3n sobre su identidad o cualificaci\u00f3n.<\/p>\n\n\n\n<p>El Usuario se compromete a no obstaculizar o interrumpir el acceso o el funcionamiento del Servicio.<\/p>\n\n\n\n<p>Se compromete a no utilizar la Plataforma para divulgar informaci\u00f3n sobre terceros sin su consentimiento, para difundir contenidos prohibidos por la ley (comentarios difamatorios, insultantes, obscenos, inmorales, violentos, racistas, sexistas, incitaci\u00f3n al odio, etc.) o por los c\u00f3digos deontol\u00f3gicos profesionales, o para difundir enlaces de hipertexto a sitios web il\u00edcitos u ofensivos, o a otras actividades que desee promover.\nTambi\u00e9n est\u00e1 prohibido enviar mensajes masivos no solicitados.\nEn general, y esta lista no es exhaustiva, el Usuario se compromete a no difundir ning\u00fan contenido contrario a la finalidad del servicio y a expresarse en t\u00e9rminos adecuados.  <\/p>\n\n\n\n<p>El Usuario se compromete a no tomar y utilizar los datos y la informaci\u00f3n del sitio con fines il\u00edcitos o contrarios a la finalidad del servicio, ni a utilizar cualquier informaci\u00f3n o emplear procedimientos con el fin de desviar la clientela de T\u00eates de r\u00e9seau.<\/p>\n\n\n\n<p><strong>ART\u00cdCULO 5 &#8211; Sanciones por incumplimiento de obligaciones<\/strong><\/p>\n\n\n\n<p>El Usuario es el \u00fanico responsable del uso que haga de la informaci\u00f3n y los datos de cualquier tipo puestos a disposici\u00f3n a trav\u00e9s del Servicio.\nSe compromete a utilizar estos datos sin infringir los derechos de terceros y en condiciones compatibles con el Servicio. <\/p>\n\n\n\n<p>En caso de que el Usuario contravenga lo dispuesto en estas CGU, la Empresa se reserva el derecho a tomar todas las medidas necesarias para poner fin a la infracci\u00f3n (eliminaci\u00f3n del contenido publicado, eliminaci\u00f3n de la cuenta, etc.), as\u00ed como a cortar inmediatamente el acceso a la Plataforma y prohibir el acceso a la misma en el futuro.<\/p>\n\n\n\n<p><strong>ART\u00cdCULO 6 &#8211; Pago por el Servicio de Plataforma<\/strong><\/p>\n\n\n\n<p>El acceso a la Plataforma y al Servicio de B\u00fasqueda de Parejas proporcionado por la Empresa es gratuito para los Candidatos.\nEst\u00e1 sujeto a una suscripci\u00f3n anual para los Jefes de Red, en las condiciones estipuladas en las Condiciones Generales. <\/p>\n\n\n\n<p><strong>ART\u00cdCULO 7 &#8211; Limitaci\u00f3n de responsabilidad<\/strong><\/p>\n\n\n\n<p>1. La Empresa no garantiza la integridad ni la exactitud de la informaci\u00f3n transmitida por los Usuarios y en ning\u00fan caso ser\u00e1 responsable de ello.\nLa Empresa no podr\u00e1 ser considerada responsable como consecuencia de modificaciones de la informaci\u00f3n o de las bases de datos de los Usuarios.\nTampoco ser\u00e1 responsable de los mensajes, informaciones, enlaces de hipertexto o contenidos que no haya creado o elaborado directamente, ni de su exactitud, pertinencia y, en general, de los errores u omisiones que pudieran contener.\nNo tiene ning\u00fan control sobre la capacidad o la calidad de los Jefes de Red o de los Candidatos.   <\/p>\n\n\n\n<p>2. La Empresa no es responsable de los intercambios entre Candidatos y Jefes de Red, ni de su car\u00e1cter y cumplimiento de los requisitos legales.<\/p>\n\n\n\n<p>3. La Empresa no es en ning\u00fan caso responsable del contenido de los sitios web, incluso legales, a los que se haga referencia mediante enlaces de hipertexto publicados en la Plataforma, por s\u00ed misma o por los Usuarios.<\/p>\n\n\n\n<p>4. La Empresa no podr\u00e1 ser considerada responsable de ninguna aver\u00eda o interrupci\u00f3n de la Plataforma, p\u00e9rdida de datos, deterioro del ordenador o de sus componentes, y m\u00e1s en general de ning\u00fan da\u00f1o sufrido por los Usuarios como consecuencia de su acceso a la Plataforma.\nLa Empresa no ser\u00e1 responsable de la imposibilidad del Usuario de acceder a la Plataforma, de cualquier interrupci\u00f3n de la red de Internet o de cualquier intervenci\u00f3n malintencionada de terceros (ciberataque, virus inform\u00e1tico, etc.).\nLa Empresa no es responsable de la adquisici\u00f3n, recepci\u00f3n o descarga de informaci\u00f3n cuando el Usuario utiliza el Servicio.  <\/p>\n\n\n\n<p>5. No asume ninguna responsabilidad derivada del cierre voluntario y justificado del acceso a la Plataforma a un Usuario.  <\/p>\n\n\n\n<p>6. La Empresa s\u00f3lo interviene en la fase de establecimiento de contacto entre el Jefe de Red y el Candidato.\nNo ser\u00e1 responsable de ning\u00fan litigio derivado de las negociaciones entre el Responsable de la Red y el Candidato, ni del contrato celebrado entre ellos. <\/p>\n\n\n\n<p><strong>ART\u00cdCULO 8 &#8211; Datos personales<\/strong><\/p>\n\n\n\n<p>De conformidad con la Ley n\u00ba 78-17 de 6 de enero de 1978 modificada y el Reglamento General de Protecci\u00f3n de Datos n\u00ba 2016\/679 de 27 de abril de 2016, se recuerda a los Usuarios que la recogida de datos de Usuario por parte de la Plataforma es necesaria para garantizarles el acceso al Servicio.<\/p>\n\n\n\n<p>Los datos del Candidato que ha rellenado el formulario son accesibles para todos los Jefes de Red, y los escaparates de los Jefes de Red son visibles para los visitantes de la Plataforma.  <\/p>\n\n\n\n<p>La informaci\u00f3n facilitada por los Jefes de Red podr\u00e1 ser utilizada por la Empresa para ponerse en contacto con las personas indicadas con el fin de mejorar el Servicio.\nLa Empresa est\u00e1 autorizada a enviar comunicaciones y campa\u00f1as de marketing al Miembro de la Red.\nNo obstante, el Jefe de Red podr\u00e1 darse de baja de todas las comunicaciones enviando un correo electr\u00f3nico a la siguiente direcci\u00f3n: <a href=\"mailto:franchise@lexpress-connect.com\">franchise@lexpress-connect.com.<\/a>  <\/p>\n\n\n\n<p>La Empresa se compromete a garantizar la seguridad de los datos personales que posea para la realizaci\u00f3n y seguimiento del proceso de emparejamiento, y a cumplir con la normativa vigente en materia de protecci\u00f3n de datos de car\u00e1cter personal, de acuerdo con su Pol\u00edtica de Privacidad.<\/p>\n\n\n\n<p>De acuerdo con la normativa nacional y europea vigente, los Usuarios tienen derecho de acceso permanente, modificaci\u00f3n, rectificaci\u00f3n, supresi\u00f3n, oposici\u00f3n, portabilidad y limitaci\u00f3n del tratamiento de sus datos personales.\nPueden ejercer este derecho enviando un correo electr\u00f3nico a la siguiente direcci\u00f3n: <a href=\"mailto:franchise@lexpress-connect.com\">franchise@lexpress-connect.com.<\/a> <\/p>\n\n\n\n<p><strong>ART\u00cdCULO 9 &#8211; Derechos de propiedad intelectual<\/strong><\/p>\n\n\n\n<p>El contenido de la Plataforma www.lexpress-franchise.com, en particular su estructura, dise\u00f1o, interfaces, bases de datos, textos, contenidos digitales, marcas, im\u00e1genes, v\u00eddeos, m\u00fasica y cualesquiera elementos gr\u00e1ficos que la componen, as\u00ed como las etiquetas HTML de referenciaci\u00f3n (meta-tags), excluyendo los contenidos pertenecientes a terceros, son propiedad exclusiva de la Empresa, sin que esta enumeraci\u00f3n tenga car\u00e1cter exhaustivo.<\/p>\n\n\n\n<p>Los v\u00eddeos y fotos tomados por la empresa L&#8217;EXPRESS CONNECT como parte del contenido de la suscripci\u00f3n siguen siendo de su propiedad exclusiva y s\u00f3lo pueden utilizarse en la Plataforma, a menos que el Responsable de la Red recompre los derechos de acuerdo con las CGV.<\/p>\n\n\n\n<p>Este contenido est\u00e1 protegido por las leyes francesas e internacionales de propiedad intelectual.<\/p>\n\n\n\n<p>Cualquier reproducci\u00f3n total o parcial no autorizada de este contenido est\u00e1 estrictamente prohibida y puede constituir una infracci\u00f3n de los derechos de autor y una falsificaci\u00f3n, sancionable seg\u00fan el C\u00f3digo de la Propiedad Intelectual franc\u00e9s.<\/p>\n\n\n\n<p><strong>ART\u00cdCULO 10 &#8211; Contrato de licencia  <\/strong><\/p>\n\n\n\n<p>El Usuario conserva la propiedad de los derechos sobre el contenido que publica (texto, im\u00e1genes, v\u00eddeos, cartas de presentaci\u00f3n, etc.).\nSin embargo, concede a la Empresa una licencia no exclusiva para utilizar gratuitamente el contenido que publica. <\/p>\n\n\n\n<p>Esta licencia permite a la Empresa utilizar el contenido y conceder sublicencias de uso a efectos de la ejecuci\u00f3n del contrato.\nLa licencia de uso entra en vigor en el momento de la publicaci\u00f3n del contenido y permanece vigente durante la duraci\u00f3n del contrato. <\/p>\n\n\n\n<p><strong>ART\u00cdCULO 11 &#8211; Divisibilidad de las cl\u00e1usulas<\/strong><\/p>\n\n\n\n<p>Si una o varias de las estipulaciones de estas CGU fueran consideradas inv\u00e1lidas o declaradas como tales en virtud de una disposici\u00f3n legislativa o reglamentaria o tras una decisi\u00f3n judicial firme, las dem\u00e1s estipulaciones de estas CGU conservar\u00e1n toda su fuerza y alcance, y las CGU se interpretar\u00e1n y ejecutar\u00e1n de forma que se haga efectiva la intenci\u00f3n de las Partes expresada originalmente.<\/p>\n\n\n\n<p><strong>ART\u00cdCULO 12 &#8211; Ley aplicable, prescripci\u00f3n y jurisdicci\u00f3n<\/strong><\/p>\n\n\n\n<p>1. Cualquier litigio relativo a las presentes CGU y, en general, a la sociedad L&#8217;EXPRESS CONNECT, se rige por el derecho franc\u00e9s.<\/p>\n\n\n\n<p>2. En caso de litigio, las partes intentar\u00e1n, antes de cualquier otro procedimiento, resolver el litigio de forma amistosa.\nPara ello, enviar\u00e1n una carta certificada con acuse de recibo en la que expondr\u00e1n sus diferencias.\nNo se admitir\u00e1 ninguna acci\u00f3n ante los tribunales dentro de los treinta (30) d\u00edas siguientes a la recepci\u00f3n de la carta certificada por la otra parte.  <\/p>\n\n\n\n<p>3. De conformidad con el art\u00edculo 2254 del C\u00f3digo Civil, las partes fijan el plazo de prescripci\u00f3n de los derechos y acciones de responsabilidad contra la empresa L&#8217;EXPRESS CONNECT en un (1) a\u00f1o, a partir de la recepci\u00f3n de la carta mencionada en el p\u00e1rrafo anterior.<\/p>\n\n\n\n<p>4. En caso de no resolverse el litigio de forma amistosa, todo litigio relativo al presente contrato, en cualquiera de sus formas, ya sea sobre su aplicabilidad, su ejecuci\u00f3n o su resoluci\u00f3n, sin que esta enumeraci\u00f3n sea exhaustiva, se someter\u00e1 al Tribunal de Comercio de LYON, incluso en caso de pluralidad de demandados.<\/p>\n","protected":false},"excerpt":{"rendered":"<p>ENTRE L&#8217;EXPRESS CONNECT, sociedad por acciones simplificada con capital de 21.755 euros, inscrita en el Registro Mercantil y de Sociedades de Lyon con el n\u00famero 909 027 526, con domicilio social en 3 quai de la P\u00eacherie 69001 Lyon, En lo sucesivo, la &#8220;Empresa &#8220;. Y, CONJUNTAMENTE : Los &#8220;Jefes de Red &#8221; y los [&hellip;]<\/p>\n","protected":false},"author":1,"featured_media":0,"parent":0,"menu_order":0,"comment_status":"closed","ping_status":"closed","template":"","meta":{"_acf_changed":false,"_seopress_robots_primary_cat":"","_seopress_titles_title":"Condiciones de uso","_seopress_titles_desc":"","_seopress_robots_index":"","content-type":"","_relevanssi_hide_post":"","_relevanssi_hide_content":"","_relevanssi_pin_for_all":"","_relevanssi_pin_keywords":"","_relevanssi_unpin_keywords":"","_relevanssi_related_keywords":"","_relevanssi_related_include_ids":"","_relevanssi_related_exclude_ids":"","_relevanssi_related_no_append":"","_relevanssi_related_not_related":"","_relevanssi_related_posts":"84032,90540,90552,84437,84000,83956","_relevanssi_noindex_reason":"","footnotes":""},"category_page":[],"class_list":["post-80617","page","type-page","status-publish"],"acf":[],"_links":{"self":[{"href":"https:\/\/lexpress-franchise.com\/es\/wp-json\/wp\/v2\/pages\/80617","targetHints":{"allow":["GET"]}}],"collection":[{"href":"https:\/\/lexpress-franchise.com\/es\/wp-json\/wp\/v2\/pages"}],"about":[{"href":"https:\/\/lexpress-franchise.com\/es\/wp-json\/wp\/v2\/types\/page"}],"author":[{"embeddable":true,"href":"https:\/\/lexpress-franchise.com\/es\/wp-json\/wp\/v2\/users\/1"}],"replies":[{"embeddable":true,"href":"https:\/\/lexpress-franchise.com\/es\/wp-json\/wp\/v2\/comments?post=80617"}],"version-history":[{"count":2,"href":"https:\/\/lexpress-franchise.com\/es\/wp-json\/wp\/v2\/pages\/80617\/revisions"}],"predecessor-version":[{"id":303036,"href":"https:\/\/lexpress-franchise.com\/es\/wp-json\/wp\/v2\/pages\/80617\/revisions\/303036"}],"wp:attachment":[{"href":"https:\/\/lexpress-franchise.com\/es\/wp-json\/wp\/v2\/media?parent=80617"}],"wp:term":[{"taxonomy":"category_page","embeddable":true,"href":"https:\/\/lexpress-franchise.com\/es\/wp-json\/wp\/v2\/category_page?post=80617"}],"curies":[{"name":"wp","href":"https:\/\/api.w.org\/{rel}","templated":true}]}}