{"id":80604,"date":"2022-02-10T16:13:49","date_gmt":"2022-02-10T15:13:49","guid":{"rendered":"https:\/\/lexpress-franchise.com\/es\/informacion-legal\/"},"modified":"2025-05-28T11:50:29","modified_gmt":"2025-05-28T09:50:29","slug":"informacion-legal","status":"publish","type":"page","link":"https:\/\/lexpress-franchise.com\/es\/informacion-legal\/","title":{"rendered":"Informaci\u00f3n legal"},"content":{"rendered":"\n<p><strong>Editor del sitio<\/strong>:<\/p>\n\n\n\n<p><strong>L&#8217;EXPRESS CONNECT<\/strong><\/p>\n\n\n\n<p>SAS con un capital de 21.755  <\/p>\n\n\n\n<p>RCS Lyon 909 027 526<\/p>\n\n\n\n<p>Domicilio social:  <\/p>\n\n\n\n<p>3 rue Marcel Gabriel Rivi\u00e8re<\/p>\n\n\n\n<p>69002 Lyon<\/p>\n\n\n\n<div style=\"height:30px\" aria-hidden=\"true\" class=\"wp-block-spacer\"><\/div>\n\n\n\n<p><strong>Director de la publicaci\u00f3n<\/strong>:<\/p>\n\n\n\n<p>Alain Weill<\/p>\n\n\n\n<p><a href=\"mailto:franchise@lexpress-connect.com\"><\/a><a href=\"mailto:franchise@lexpress-connect.com\">contact@lexpress-connect.com<\/a><\/p>\n\n\n\n<div style=\"height:30px\" aria-hidden=\"true\" class=\"wp-block-spacer\"><\/div>\n\n\n\n<p><strong>Anfitri\u00f3n del sitio<\/strong>:<\/p>\n\n\n\n<p>Netcup GmbH<\/p>\n\n\n\n<p>Daimlerstra\u00dfe 25<\/p>\n\n\n\n<p>76185 Karlsruhe, Alemania<\/p>\n\n\n\n<p>Tel: +49 721 \/ 7540755 &#8211; 0<\/p>\n\n\n\n<p>Fax: +49 721 \/ 7540755 &#8211; 9<\/p>\n\n\n\n<p>P\u00e1gina web: www.netcup.de<\/p>\n\n\n\n<p>Correo electr\u00f3nico: mail@netcup.de<\/p>\n\n\n\n<p>RCS : HRB 705547<\/p>\n\n\n\n<div style=\"height:30px\" aria-hidden=\"true\" class=\"wp-block-spacer\"><\/div>\n\n\n\n<p><strong>Copyright &#8211; Enlaces a sitios externos<\/strong><\/p>\n\n\n\n<p>El contenido del sitio web www.lexpress-franchise.com (en particular su estructura, dise\u00f1o, interfaces, bases de datos, textos, contenidos digitales, marcas, im\u00e1genes, v\u00eddeos, m\u00fasica y todos los elementos gr\u00e1ficos que lo componen, as\u00ed como las etiquetas HTML de referenciaci\u00f3n (meta-tags)), con exclusi\u00f3n de los contenidos pertenecientes a terceros, es propiedad de la Empresa y est\u00e1 protegido por las leyes francesas e internacionales relativas a la propiedad intelectual.<\/p>\n\n\n\n<p>Cualquier reproducci\u00f3n total o parcial de este contenido est\u00e1 estrictamente prohibida y puede constituir una infracci\u00f3n de los derechos de autor, salvo autorizaci\u00f3n previa por escrito de la Empresa.<\/p>\n\n\n\n<p>La Empresa no podr\u00e1 ser considerada responsable del contenido de los enlaces que aparezcan en el Sitio y que remitan a sitios externos.<\/p>\n\n\n\n<p>Creaci\u00f3n por terceros de enlaces a la Plataforma<\/p>\n\n\n\n<p>El Sitio autoriza la creaci\u00f3n de un enlace de hipertexto que dirija hacia a su contenido, siempre que:<\/p>\n\n\n\n<ul class=\"wp-block-list\">\n<li>Se informe previamente de forma expresa a la Empresa por correo electr\u00f3nico a contact@lexpress-connect.com; y<\/li>\n\n\n\n<li>Se mencione la fuente y el enlace de hipertexto se dirija directamente al contenido en cuesti\u00f3n.\u00a0<\/li>\n<\/ul>\n\n\n\n<p>No obstante, esta autorizaci\u00f3n no se aplicar\u00e1 a los sitios web que difundan informaci\u00f3n de car\u00e1cter pol\u00e9mico, pornogr\u00e1fico, xen\u00f3fobo o que, en mayor medida, pueda ser contraria al orden p\u00fablico y a las buenas costumbres.<\/p>\n\n\n\n<p>En cualquier caso, la Empresa se reserva el derecho de solicitar la supresi\u00f3n inmediata del enlace creado hacia su sitio sin tener que dar ninguna raz\u00f3n en particular. Cabe se\u00f1alar que esta autorizaci\u00f3n no implica la autorizaci\u00f3n para reproducir total o parcialmente el contenido del Sitio, en particular un t\u00edtulo o encabezamiento para el enlace hipertexto.<\/p>\n\n\n\n<p><strong>PROTECCI\u00d3N DE DATOS PERSONALES<\/strong><\/p>\n\n\n\n<p>Los datos personales recogidos por la Empresa, tal y como se han identificado anteriormente, son objeto de un tratamiento inform\u00e1tico en las condiciones definidas por las disposiciones legales aplicables.<\/p>\n\n\n\n<p>Son necesarios para que la Empresa pueda tramitar su solicitud.&nbsp; Estos datos podr\u00e1n ser comunicados a los responsables de Red para permitirles enviar a los Candidatos a la Franquicia las solicitudes correspondientes a la petici\u00f3n realizada. Los datos de los responsables de Red y\/o de los Candidatos tambi\u00e9n podr\u00e1n ser utilizados por la Empresa para ponerse en contacto con las personas mencionadas con el fin de mejorar el Servicio.<\/p>\n\n\n\n<p>En virtud de lo dispuesto en la Ley Org\u00e1nica 3\/2018, de 5 de diciembre, de Protecci\u00f3n de Datos Personales y garant\u00eda de los derechos digitales, as\u00ed como el RGPD (UE) 2016\/679, en cualquier momento el titular de los datos personales podr\u00e1 ejercer sus derechos de acceso, rectificaci\u00f3n, cancelaci\u00f3n, oposici\u00f3n, limitaci\u00f3n, portabilidad y derecho al olvido, remitiendo un correo electr\u00f3nico a la direcci\u00f3n: <strong>contact@lexpress-connect.com.<\/strong><\/p>\n\n\n\n<p>\u00daltima actualizaci\u00f3n 20 de mayo de 2025.<\/p>\n\n\n\n<p><\/p>\n","protected":false},"excerpt":{"rendered":"<p>Editor del sitio: L&#8217;EXPRESS CONNECT SAS con un capital de 21.755 RCS Lyon 909 027 526 Domicilio social: 3 rue Marcel Gabriel Rivi\u00e8re 69002 Lyon Director de la publicaci\u00f3n: Alain Weill contact@lexpress-connect.com Anfitri\u00f3n del sitio: Netcup GmbH Daimlerstra\u00dfe 25 76185 Karlsruhe, Alemania Tel: +49 721 \/ 7540755 &#8211; 0 Fax: +49 721 \/ 7540755 &#8211; [&hellip;]<\/p>\n","protected":false},"author":1,"featured_media":0,"parent":0,"menu_order":0,"comment_status":"closed","ping_status":"closed","template":"","meta":{"_acf_changed":false,"_seopress_robots_primary_cat":"","_seopress_titles_title":"","_seopress_titles_desc":"","_seopress_robots_index":"","content-type":"","_relevanssi_hide_post":"","_relevanssi_hide_content":"","_relevanssi_pin_for_all":"","_relevanssi_pin_keywords":"","_relevanssi_unpin_keywords":"","_relevanssi_related_keywords":"","_relevanssi_related_include_ids":"","_relevanssi_related_exclude_ids":"","_relevanssi_related_no_append":"","_relevanssi_related_not_related":"","_relevanssi_related_posts":"90593,84125,83956,84437,90540,90795","_relevanssi_noindex_reason":"","footnotes":""},"category_page":[],"class_list":["post-80604","page","type-page","status-publish"],"acf":[],"_links":{"self":[{"href":"https:\/\/lexpress-franchise.com\/es\/wp-json\/wp\/v2\/pages\/80604","targetHints":{"allow":["GET"]}}],"collection":[{"href":"https:\/\/lexpress-franchise.com\/es\/wp-json\/wp\/v2\/pages"}],"about":[{"href":"https:\/\/lexpress-franchise.com\/es\/wp-json\/wp\/v2\/types\/page"}],"author":[{"embeddable":true,"href":"https:\/\/lexpress-franchise.com\/es\/wp-json\/wp\/v2\/users\/1"}],"replies":[{"embeddable":true,"href":"https:\/\/lexpress-franchise.com\/es\/wp-json\/wp\/v2\/comments?post=80604"}],"version-history":[{"count":3,"href":"https:\/\/lexpress-franchise.com\/es\/wp-json\/wp\/v2\/pages\/80604\/revisions"}],"predecessor-version":[{"id":303110,"href":"https:\/\/lexpress-franchise.com\/es\/wp-json\/wp\/v2\/pages\/80604\/revisions\/303110"}],"wp:attachment":[{"href":"https:\/\/lexpress-franchise.com\/es\/wp-json\/wp\/v2\/media?parent=80604"}],"wp:term":[{"taxonomy":"category_page","embeddable":true,"href":"https:\/\/lexpress-franchise.com\/es\/wp-json\/wp\/v2\/category_page?post=80604"}],"curies":[{"name":"wp","href":"https:\/\/api.w.org\/{rel}","templated":true}]}}