{"id":80571,"date":"2022-01-31T14:29:55","date_gmt":"2022-01-31T13:29:55","guid":{"rendered":"https:\/\/lexpress-franchise.com\/es\/el-equipo-de-la-franquicia-lexpress\/"},"modified":"2024-06-24T11:28:33","modified_gmt":"2024-06-24T09:28:33","slug":"el-equipo-de-la-franquicia-lexpress","status":"publish","type":"page","link":"https:\/\/lexpress-franchise.com\/es\/el-equipo-de-la-franquicia-lexpress\/","title":{"rendered":"El equipo de la franquicia L&#8217;Express"},"content":{"rendered":"\n<div class=\"wp-block-columns gap--m is-layout-flex wp-container-core-columns-is-layout-9d6595d7 wp-block-columns-is-layout-flex\">\n<div class=\"wp-block-column is-layout-flow wp-block-column-is-layout-flow\"><div class=\"wp-block-image\">\n<figure class=\"aligncenter size-square-450\"><img loading=\"lazy\" decoding=\"async\" width=\"450\" height=\"450\" src=\"https:\/\/lexpress-franchise.com\/wp-content\/uploads\/2023\/02\/Capture-decran-2023-02-01-105458-450x450.jpg\" alt=\"\" class=\"wp-image-11365\" srcset=\"https:\/\/lexpress-franchise.com\/wp-content\/uploads\/2023\/02\/Capture-decran-2023-02-01-105458-450x450.jpg 450w, https:\/\/lexpress-franchise.com\/wp-content\/uploads\/2023\/02\/Capture-decran-2023-02-01-105458-150x150.jpg 150w, https:\/\/lexpress-franchise.com\/wp-content\/uploads\/2023\/02\/Capture-decran-2023-02-01-105458-300x300.jpg 300w, https:\/\/lexpress-franchise.com\/wp-content\/uploads\/2023\/02\/Capture-decran-2023-02-01-105458-600x600.jpg 600w\" sizes=\"auto, (max-width: 450px) 100vw, 450px\" \/><\/figure>\n<\/div>\n\n\n<h3 class=\"wp-block-heading has-text-align-center has-black-color has-text-color\"><strong>Alain Weill<\/strong><\/h3>\n\n\n\n<p class=\"has-text-align-center has-black-color has-text-color\">CEO<\/p>\n\n\n\n<div style=\"height:1px\" aria-hidden=\"true\" class=\"wp-block-spacer\"><\/div>\n\n\n\n<p>Hombre de medios de comunicaci\u00f3n, Alain Weill comenz\u00f3 su carrera en la radio libre. En 2000, tras 8 a\u00f1os como Consejero Delegado del Grupo NRJ, compr\u00f3 RMC, entonces en declive, y cre\u00f3 NextRadio. En pocos a\u00f1os, el grupo se ha convertido en un actor clave de la radiodifusi\u00f3n francesa, con canales de televisi\u00f3n que se han hecho imprescindibles: BFM TV, BFM Business, RMC D\u00e9couverte, RMC Sport, RMC Story y canales regionales. A lo largo de los a\u00f1os, el grupo ha ampliado y diversificado sus actividades digitales. Al mismo tiempo, Alain Weill se convirti\u00f3 en accionista mayoritario de la revista de noticias <em>L&#8217;<\/em> Express a trav\u00e9s de su empresa News Participation. Fue nombrado presidente y director editorial, y puso en marcha una gran transformaci\u00f3n del t\u00edtulo para convertirlo en la marca medi\u00e1tica de los l\u00edderes de opini\u00f3n.<br>En 2021, dejar\u00e1 su puesto en NextRadioTV, que desde entonces se ha convertido en Altice M\u00e9dia, para dedicarse a nuevos proyectos en medios de comunicaci\u00f3n y digitales.<\/p>\n<\/div>\n\n\n\n<div class=\"wp-block-column is-layout-flow wp-block-column-is-layout-flow\"><div class=\"wp-block-image\">\n<figure class=\"aligncenter size-square-450\"><img loading=\"lazy\" decoding=\"async\" width=\"450\" height=\"450\" src=\"https:\/\/lexpress-franchise.com\/wp-content\/uploads\/2023\/02\/1588058177305-450x450.jpg\" alt=\"\" class=\"wp-image-11493\" srcset=\"https:\/\/lexpress-franchise.com\/wp-content\/uploads\/2023\/02\/1588058177305-450x450.jpg 450w, https:\/\/lexpress-franchise.com\/wp-content\/uploads\/2023\/02\/1588058177305-150x150.jpg 150w, https:\/\/lexpress-franchise.com\/wp-content\/uploads\/2023\/02\/1588058177305-768x768.jpg 768w, https:\/\/lexpress-franchise.com\/wp-content\/uploads\/2023\/02\/1588058177305-300x300.jpg 300w, https:\/\/lexpress-franchise.com\/wp-content\/uploads\/2023\/02\/1588058177305-600x600.jpg 600w, https:\/\/lexpress-franchise.com\/wp-content\/uploads\/2023\/02\/1588058177305-360x360.jpg 360w, https:\/\/lexpress-franchise.com\/wp-content\/uploads\/2023\/02\/1588058177305-480x480.jpg 480w, https:\/\/lexpress-franchise.com\/wp-content\/uploads\/2023\/02\/1588058177305-640x640.jpg 640w, https:\/\/lexpress-franchise.com\/wp-content\/uploads\/2023\/02\/1588058177305.jpg 800w\" sizes=\"auto, (max-width: 450px) 100vw, 450px\" \/><\/figure>\n<\/div>\n\n\n<h3 class=\"wp-block-heading has-text-align-center has-black-color has-text-color\"><strong>Arthur de Choulot<\/strong><\/h3>\n\n\n\n<p class=\"has-text-align-center has-black-color has-text-color\">Director de Operaciones<\/p>\n\n\n\n<div style=\"height:1px\" aria-hidden=\"true\" class=\"wp-block-spacer\"><\/div>\n\n\n\n<p>Multiempresario en los sectores de la realidad virtual, la energ\u00eda, los seguros y el sector inmobiliario.<\/p>\n\n\n\n<p>En 2018, cre\u00f3 el l\u00edder franc\u00e9s en salas de RV DreamAway. Anteriormente, fue jefe de actividades comerciales de Voltalis, empresa que recaud\u00f3 varios cientos de millones de euros para introducir en los hogares una caja de ahorro energ\u00e9tico.<\/p>\n\n\n\n<p>Supervisa el desarrollo de la Franquicia Express.<\/p>\n\n\n\n<p>Licenciada en 2006 en Artes y Oficios (ENSAM).<\/p>\n<\/div>\n\n\n\n<div class=\"wp-block-column is-layout-flow wp-block-column-is-layout-flow\"><div class=\"wp-block-image\">\n<figure class=\"aligncenter size-square-450\"><img loading=\"lazy\" decoding=\"async\" width=\"450\" height=\"450\" src=\"https:\/\/lexpress-franchise.com\/wp-content\/uploads\/2023\/04\/Portrait-Nicolas-Guillemot-450x450.jpeg\" alt=\"\" class=\"wp-image-15542\" srcset=\"https:\/\/lexpress-franchise.com\/wp-content\/uploads\/2023\/04\/Portrait-Nicolas-Guillemot-450x450.jpeg 450w, https:\/\/lexpress-franchise.com\/wp-content\/uploads\/2023\/04\/Portrait-Nicolas-Guillemot-150x150.jpeg 150w, https:\/\/lexpress-franchise.com\/wp-content\/uploads\/2023\/04\/Portrait-Nicolas-Guillemot-300x300.jpeg 300w, https:\/\/lexpress-franchise.com\/wp-content\/uploads\/2023\/04\/Portrait-Nicolas-Guillemot-600x600.jpeg 600w\" sizes=\"auto, (max-width: 450px) 100vw, 450px\" \/><\/figure>\n<\/div>\n\n\n<h3 class=\"wp-block-heading has-text-align-center has-black-color has-text-color\"><strong>Nicolas Guillemot<\/strong><\/h3>\n\n\n\n<p class=\"has-text-align-center has-black-color has-text-color\">Director de Operaciones<\/p>\n\n\n\n<div style=\"height:1px\" aria-hidden=\"true\" class=\"wp-block-spacer\"><\/div>\n\n\n\n<p>Multiempresario en los sectores de los medios de comunicaci\u00f3n, la comunicaci\u00f3n y la impresi\u00f3n.<\/p>\n\n\n\n<p>En 2018: cofund\u00f3 la agencia de comunicaci\u00f3n digital White Mirror, especializada en Medios Sociales, Relaciones con los Medios y Adquisici\u00f3n. 40 empleados en 4 a\u00f1os y un crecimiento de 3 d\u00edgitos cada a\u00f1o desde su lanzamiento. Anteriormente fue fundador de Papier fait de la R\u00e9sistance, una excelente marca de papeler\u00eda que vendi\u00f3 al Grupo Albin Michel en 2020, tras 8 a\u00f1os de actividad.<\/p>\n\n\n\n<p>M\u00e1s concretamente, es el responsable de digital, marketing y comunicaci\u00f3n de la franquicia L&#8217;Express.<\/p>\n<\/div>\n<\/div>\n","protected":false},"excerpt":{"rendered":"<p>Alain Weill CEO Hombre de medios de comunicaci\u00f3n, Alain Weill comenz\u00f3 su carrera en la radio libre. En 2000, tras 8 a\u00f1os como Consejero Delegado del Grupo NRJ, compr\u00f3 RMC, entonces en declive, y cre\u00f3 NextRadio. En pocos a\u00f1os, el grupo se ha convertido en un actor clave de la radiodifusi\u00f3n francesa, con canales de [&hellip;]<\/p>\n","protected":false},"author":7,"featured_media":0,"parent":0,"menu_order":0,"comment_status":"closed","ping_status":"closed","template":"","meta":{"_acf_changed":false,"_seopress_robots_primary_cat":"","_seopress_titles_title":"El equipo de la franquicia L'Express","_seopress_titles_desc":"\u00bfQui\u00e9n est\u00e1 detr\u00e1s de Franquicia Express? Conoce al equipo que hay detr\u00e1s de este gran concepto.","_seopress_robots_index":"","content-type":"","_relevanssi_hide_post":"","_relevanssi_hide_content":"","_relevanssi_pin_for_all":"","_relevanssi_pin_keywords":"","_relevanssi_unpin_keywords":"","_relevanssi_related_keywords":"","_relevanssi_related_include_ids":"","_relevanssi_related_exclude_ids":"","_relevanssi_related_no_append":"","_relevanssi_related_not_related":"","_relevanssi_related_posts":"83609,84032,90713,84437,84053,90689","_relevanssi_noindex_reason":"","footnotes":""},"category_page":[],"class_list":["post-80571","page","type-page","status-publish"],"acf":[],"_links":{"self":[{"href":"https:\/\/lexpress-franchise.com\/es\/wp-json\/wp\/v2\/pages\/80571","targetHints":{"allow":["GET"]}}],"collection":[{"href":"https:\/\/lexpress-franchise.com\/es\/wp-json\/wp\/v2\/pages"}],"about":[{"href":"https:\/\/lexpress-franchise.com\/es\/wp-json\/wp\/v2\/types\/page"}],"author":[{"embeddable":true,"href":"https:\/\/lexpress-franchise.com\/es\/wp-json\/wp\/v2\/users\/7"}],"replies":[{"embeddable":true,"href":"https:\/\/lexpress-franchise.com\/es\/wp-json\/wp\/v2\/comments?post=80571"}],"version-history":[{"count":0,"href":"https:\/\/lexpress-franchise.com\/es\/wp-json\/wp\/v2\/pages\/80571\/revisions"}],"wp:attachment":[{"href":"https:\/\/lexpress-franchise.com\/es\/wp-json\/wp\/v2\/media?parent=80571"}],"wp:term":[{"taxonomy":"category_page","embeddable":true,"href":"https:\/\/lexpress-franchise.com\/es\/wp-json\/wp\/v2\/category_page?post=80571"}],"curies":[{"name":"wp","href":"https:\/\/api.w.org\/{rel}","templated":true}]}}