{"id":80537,"date":"2022-01-28T10:34:05","date_gmt":"2022-01-28T09:34:05","guid":{"rendered":"https:\/\/lexpress-franchise.com\/es\/manifiesto\/"},"modified":"2025-04-18T14:59:50","modified_gmt":"2025-04-18T12:59:50","slug":"manifiesto","status":"publish","type":"page","link":"https:\/\/lexpress-franchise.com\/es\/manifiesto\/","title":{"rendered":"Manifiesto"},"content":{"rendered":"\n<p>Emprendedores: desde el momento en que imaginaron crear su propia empresa, todos empezaron a dise\u00f1ar su proyecto. Todo el mundo se hac\u00eda miles de millones de preguntas. Todos han estado buscando el mejor modelo de negocio. Pero muy pocos han pensado en unirse a una red de franquicias. Y con raz\u00f3n: el sector de la franquicia sigue siendo poco conocido. Y, sin embargo, este modelo satisface las ambiciones de muchos empresarios que lo desconocen. En cuanto a los empresarios m\u00e1s experimentados, que ya saben que quieren unirse a una red, tambi\u00e9n tienen dificultades para orientarse y encontrar al franquiciador perfecto. Los solicitantes de franquicias no pueden orientarse en un pu\u00f1ado de plataformas especializadas que parecen gu\u00edas telef\u00f3nicas, y los franquiciadores no pueden destacar entre la multitud.<\/p>\n\n\n\n<p>Ante esta realidad, los fundadores de L&#8217;Express Franchise quisieron aportar su granito de arena al \u00e9xito de un sector extremadamente rico en oportunidades, y se lanzaron a la b\u00fasqueda de magn\u00edficas marcas dispuestas a unirse a ellos en una peque\u00f1a revoluci\u00f3n de la experiencia de la franquicia. Su ambici\u00f3n: poner en primer plano el aspecto \u00fanico de cada franquiciador y ofrecer a cada empresario la posibilidad de descubrir este aspecto poco conocido de su negocio. S\u00ed, montar una franquicia tambi\u00e9n es embarcarse en una gran aventura empresarial. Para ayudar a estos jugadores a navegar por el no tan oscuro mundo de la franquicia con total tranquilidad, L&#8217;Express Franchise ha decidido actuar como su gu\u00eda. Como plataforma, ponemos en contacto a franquiciadores y posibles franquiciados. Como medio de inspiraci\u00f3n, ofrecemos contenidos inteligentes y contundentes sobre emprendimiento, franquicias y el mundo econ\u00f3mico en general.<\/p>\n\n\n\n<p>As\u00ed que, tanto si eres un emprendedor novato, un empresario experimentado, un ejecutivo que cambia de profesi\u00f3n, un franquiciador, un franquiciado o un futuro franquiciado&#8230; L&#8217;Express Franchise est\u00e1 ah\u00ed para ti.<\/p>\n\n\n\n<div style=\"height:25px\" aria-hidden=\"true\" class=\"wp-block-spacer\"><\/div>\n","protected":false},"excerpt":{"rendered":"<p>Emprendedores: desde el momento en que imaginaron crear su propia empresa, todos empezaron a dise\u00f1ar su proyecto. Todo el mundo se hac\u00eda miles de millones de preguntas. Todos han estado buscando el mejor modelo de negocio. Pero muy pocos han pensado en unirse a una red de franquicias. Y con raz\u00f3n: el sector de la [&hellip;]<\/p>\n","protected":false},"author":1,"featured_media":0,"parent":0,"menu_order":0,"comment_status":"closed","ping_status":"closed","template":"","meta":{"_acf_changed":false,"_seopress_robots_primary_cat":"","_seopress_titles_title":"Manifiesto L\u2019Express Franchise","_seopress_titles_desc":"Emprendedores: desde el momento en que imaginaron crear su propia empresa, todos empezaron a dise\u00f1ar su proyecto.","_seopress_robots_index":"","content-type":"","_relevanssi_hide_post":"","_relevanssi_hide_content":"","_relevanssi_pin_for_all":"","_relevanssi_pin_keywords":"","_relevanssi_unpin_keywords":"","_relevanssi_related_keywords":"","_relevanssi_related_include_ids":"","_relevanssi_related_exclude_ids":"","_relevanssi_related_no_append":"","_relevanssi_related_not_related":"","_relevanssi_related_posts":"84089,90644,90568,84407,84000,90552","_relevanssi_noindex_reason":"","footnotes":""},"category_page":[],"class_list":["post-80537","page","type-page","status-publish"],"acf":[],"_links":{"self":[{"href":"https:\/\/lexpress-franchise.com\/es\/wp-json\/wp\/v2\/pages\/80537","targetHints":{"allow":["GET"]}}],"collection":[{"href":"https:\/\/lexpress-franchise.com\/es\/wp-json\/wp\/v2\/pages"}],"about":[{"href":"https:\/\/lexpress-franchise.com\/es\/wp-json\/wp\/v2\/types\/page"}],"author":[{"embeddable":true,"href":"https:\/\/lexpress-franchise.com\/es\/wp-json\/wp\/v2\/users\/1"}],"replies":[{"embeddable":true,"href":"https:\/\/lexpress-franchise.com\/es\/wp-json\/wp\/v2\/comments?post=80537"}],"version-history":[{"count":5,"href":"https:\/\/lexpress-franchise.com\/es\/wp-json\/wp\/v2\/pages\/80537\/revisions"}],"predecessor-version":[{"id":1568177,"href":"https:\/\/lexpress-franchise.com\/es\/wp-json\/wp\/v2\/pages\/80537\/revisions\/1568177"}],"wp:attachment":[{"href":"https:\/\/lexpress-franchise.com\/es\/wp-json\/wp\/v2\/media?parent=80537"}],"wp:term":[{"taxonomy":"category_page","embeddable":true,"href":"https:\/\/lexpress-franchise.com\/es\/wp-json\/wp\/v2\/category_page?post=80537"}],"curies":[{"name":"wp","href":"https:\/\/api.w.org\/{rel}","templated":true}]}}