{"id":80446,"date":"2021-12-08T14:47:12","date_gmt":"2021-12-08T13:47:12","guid":{"rendered":"https:\/\/lexpress-franchise.com\/es\/nuestras-franquicias\/"},"modified":"2025-06-02T15:59:44","modified_gmt":"2025-06-02T13:59:44","slug":"nuestras-franquicias","status":"publish","type":"page","link":"https:\/\/lexpress-franchise.com\/es\/nuestras-franquicias\/","title":{"rendered":"Nuestras franquicias"},"content":{"rendered":"","protected":false},"excerpt":{"rendered":"","protected":false},"author":1,"featured_media":0,"parent":0,"menu_order":0,"comment_status":"closed","ping_status":"closed","template":"","meta":{"_acf_changed":false,"_seopress_robots_primary_cat":"","_seopress_titles_title":"Lista de las franquicias m\u00e1s rentables en %%currentyear%% - Directorio Espa\u00f1a","_seopress_titles_desc":"Descubre las franquicias m\u00e1s rentables del mercado. \u00danete a una red de \u00e9xito y benef\u00edciate de un apoyo integral. \u00a1Explora nuestras oportunidades!","_seopress_robots_index":"","content-type":"","_relevanssi_hide_post":"","_relevanssi_hide_content":"","_relevanssi_pin_for_all":"","_relevanssi_pin_keywords":"","_relevanssi_unpin_keywords":"","_relevanssi_related_keywords":"","_relevanssi_related_include_ids":"","_relevanssi_related_exclude_ids":"","_relevanssi_related_no_append":"","_relevanssi_related_not_related":"","_relevanssi_related_posts":"90795,84019,90620,84089,90530,90689","_relevanssi_noindex_reason":"","footnotes":""},"category_page":[],"class_list":["post-80446","page","type-page","status-publish"],"acf":[],"_links":{"self":[{"href":"https:\/\/lexpress-franchise.com\/es\/wp-json\/wp\/v2\/pages\/80446","targetHints":{"allow":["GET"]}}],"collection":[{"href":"https:\/\/lexpress-franchise.com\/es\/wp-json\/wp\/v2\/pages"}],"about":[{"href":"https:\/\/lexpress-franchise.com\/es\/wp-json\/wp\/v2\/types\/page"}],"author":[{"embeddable":true,"href":"https:\/\/lexpress-franchise.com\/es\/wp-json\/wp\/v2\/users\/1"}],"replies":[{"embeddable":true,"href":"https:\/\/lexpress-franchise.com\/es\/wp-json\/wp\/v2\/comments?post=80446"}],"version-history":[{"count":10,"href":"https:\/\/lexpress-franchise.com\/es\/wp-json\/wp\/v2\/pages\/80446\/revisions"}],"predecessor-version":[{"id":1478451,"href":"https:\/\/lexpress-franchise.com\/es\/wp-json\/wp\/v2\/pages\/80446\/revisions\/1478451"}],"wp:attachment":[{"href":"https:\/\/lexpress-franchise.com\/es\/wp-json\/wp\/v2\/media?parent=80446"}],"wp:term":[{"taxonomy":"category_page","embeddable":true,"href":"https:\/\/lexpress-franchise.com\/es\/wp-json\/wp\/v2\/category_page?post=80446"}],"curies":[{"name":"wp","href":"https:\/\/api.w.org\/{rel}","templated":true}]}}