{"id":80436,"date":"2024-03-04T15:09:19","date_gmt":"2024-03-04T14:09:19","guid":{"rendered":"https:\/\/lexpress-franchise.com\/es\/programacion-de-eventos\/"},"modified":"2025-06-06T15:14:29","modified_gmt":"2025-06-06T13:14:29","slug":"programacion-de-eventos","status":"publish","type":"page","link":"https:\/\/lexpress-franchise.com\/es\/programacion-de-eventos\/","title":{"rendered":"Programaci\u00f3n de eventos"},"content":{"rendered":"","protected":false},"excerpt":{"rendered":"","protected":false},"author":1,"featured_media":0,"parent":0,"menu_order":0,"comment_status":"closed","ping_status":"closed","template":"","meta":{"_acf_changed":false,"_seopress_robots_primary_cat":"","_seopress_titles_title":"La programmation %%currentyear%% des \u00e9v\u00e8nements de L'Express Franchise","_seopress_titles_desc":"D\u00e9couvrez tous nos lives, webinaires, colloques et rencontres pour ne rien louper de l'actualit\u00e9 brulante de la franchise. A retrouver sur L'Express Franchise.","_seopress_robots_index":"","content-type":"","_relevanssi_hide_post":"","_relevanssi_hide_content":"","_relevanssi_pin_for_all":"","_relevanssi_pin_keywords":"","_relevanssi_unpin_keywords":"","_relevanssi_related_keywords":"","_relevanssi_related_include_ids":"","_relevanssi_related_exclude_ids":"","_relevanssi_related_no_append":"","_relevanssi_related_not_related":"","_relevanssi_related_posts":"239622,83660,78484,225557,75854,236094","_relevanssi_noindex_reason":"","footnotes":""},"category_page":[],"class_list":["post-80436","page","type-page","status-publish"],"acf":[],"_links":{"self":[{"href":"https:\/\/lexpress-franchise.com\/es\/wp-json\/wp\/v2\/pages\/80436","targetHints":{"allow":["GET"]}}],"collection":[{"href":"https:\/\/lexpress-franchise.com\/es\/wp-json\/wp\/v2\/pages"}],"about":[{"href":"https:\/\/lexpress-franchise.com\/es\/wp-json\/wp\/v2\/types\/page"}],"author":[{"embeddable":true,"href":"https:\/\/lexpress-franchise.com\/es\/wp-json\/wp\/v2\/users\/1"}],"replies":[{"embeddable":true,"href":"https:\/\/lexpress-franchise.com\/es\/wp-json\/wp\/v2\/comments?post=80436"}],"version-history":[{"count":11,"href":"https:\/\/lexpress-franchise.com\/es\/wp-json\/wp\/v2\/pages\/80436\/revisions"}],"predecessor-version":[{"id":1479349,"href":"https:\/\/lexpress-franchise.com\/es\/wp-json\/wp\/v2\/pages\/80436\/revisions\/1479349"}],"wp:attachment":[{"href":"https:\/\/lexpress-franchise.com\/es\/wp-json\/wp\/v2\/media?parent=80436"}],"wp:term":[{"taxonomy":"category_page","embeddable":true,"href":"https:\/\/lexpress-franchise.com\/es\/wp-json\/wp\/v2\/category_page?post=80436"}],"curies":[{"name":"wp","href":"https:\/\/api.w.org\/{rel}","templated":true}]}}