{"id":149201,"date":"2024-07-23T15:05:59","date_gmt":"2024-07-23T13:05:59","guid":{"rendered":"https:\/\/lexpress-franchise.com\/es\/fichas-practicas\/"},"modified":"2025-04-18T14:36:42","modified_gmt":"2025-04-18T12:36:42","slug":"fichas-practicas","status":"publish","type":"page","link":"https:\/\/lexpress-franchise.com\/es\/fichas-practicas\/","title":{"rendered":"Fichas pr\u00e1cticas"},"content":{"rendered":"","protected":false},"excerpt":{"rendered":"","protected":false},"author":1,"featured_media":0,"parent":0,"menu_order":0,"comment_status":"closed","ping_status":"closed","template":"","meta":{"_acf_changed":false,"_seopress_robots_primary_cat":"","_seopress_titles_title":"Franquicia: Informaci\u00f3n pr\u00e1ctica para que tu proyecto sea un \u00e9xito","_seopress_titles_desc":"Descubre los Expedientes Pr\u00e1cticos de la Franquicia L'Express: consejos, informaci\u00f3n y todo lo que necesitas saber para que tu proyecto de franquicia sea un \u00e9xito.","_seopress_robots_index":"","content-type":"","_relevanssi_hide_post":"","_relevanssi_hide_content":"","_relevanssi_pin_for_all":"","_relevanssi_pin_keywords":"","_relevanssi_unpin_keywords":"","_relevanssi_related_keywords":"","_relevanssi_related_include_ids":"","_relevanssi_related_exclude_ids":"","_relevanssi_related_no_append":"","_relevanssi_related_not_related":"","_relevanssi_related_posts":"84053,90593,78486,82568,83761,77918","_relevanssi_noindex_reason":"","footnotes":""},"category_page":[],"class_list":["post-149201","page","type-page","status-publish"],"acf":[],"_links":{"self":[{"href":"https:\/\/lexpress-franchise.com\/es\/wp-json\/wp\/v2\/pages\/149201","targetHints":{"allow":["GET"]}}],"collection":[{"href":"https:\/\/lexpress-franchise.com\/es\/wp-json\/wp\/v2\/pages"}],"about":[{"href":"https:\/\/lexpress-franchise.com\/es\/wp-json\/wp\/v2\/types\/page"}],"author":[{"embeddable":true,"href":"https:\/\/lexpress-franchise.com\/es\/wp-json\/wp\/v2\/users\/1"}],"replies":[{"embeddable":true,"href":"https:\/\/lexpress-franchise.com\/es\/wp-json\/wp\/v2\/comments?post=149201"}],"version-history":[{"count":1,"href":"https:\/\/lexpress-franchise.com\/es\/wp-json\/wp\/v2\/pages\/149201\/revisions"}],"predecessor-version":[{"id":1621015,"href":"https:\/\/lexpress-franchise.com\/es\/wp-json\/wp\/v2\/pages\/149201\/revisions\/1621015"}],"wp:attachment":[{"href":"https:\/\/lexpress-franchise.com\/es\/wp-json\/wp\/v2\/media?parent=149201"}],"wp:term":[{"taxonomy":"category_page","embeddable":true,"href":"https:\/\/lexpress-franchise.com\/es\/wp-json\/wp\/v2\/category_page?post=149201"}],"curies":[{"name":"wp","href":"https:\/\/api.w.org\/{rel}","templated":true}]}}