{"id":149130,"date":"2022-04-27T15:43:09","date_gmt":"2022-04-27T13:43:09","guid":{"rendered":"https:\/\/lexpress-franchise.com\/es\/selectionner-une-liste-denseignes-correspondant-a-son-projet\/"},"modified":"2025-06-13T17:31:30","modified_gmt":"2025-06-13T15:31:30","slug":"selectionner-une-liste-denseignes-correspondant-a-son-projet","status":"publish","type":"page","link":"https:\/\/lexpress-franchise.com\/es\/selectionner-une-liste-denseignes-correspondant-a-son-projet\/","title":{"rendered":"Selecciona una lista de signos&#8230; que se adapte a tu proyecto"},"content":{"rendered":"\n<p><strong>Dado el amplio abanico de posibilidades y lo que est\u00e1 en juego (profesional, familiar e incluso personal) durante los pr\u00f3ximos 5 a 7 a\u00f1os, elegir una franquicia significa determinar primero los criterios de tu elecci\u00f3n, igual que har\u00edas al comprar una propiedad.<\/strong><\/p>\n\n\n\n<p><strong>Algunos de estos criterios son subjetivos, otros objetivos.<\/strong><\/p>\n\n\n\n<p><strong>Las opciones en forma de (agradables) sorpresas te ayudar\u00e1n a tomar la decisi\u00f3n correcta.\nOtros elementos, descubiertos en el curso de tu investigaci\u00f3n, te ayudar\u00e1n a comprender por qu\u00e9 la tarea de seleccionar marcas es una de las etapas esenciales en la creaci\u00f3n de una franquicia, y una que no debe descuidarse. <\/strong><\/p>\n\n\n\n<hr class=\"wp-block-separator has-text-color has-css-opacity has-background is-style-dots\" style=\"background-color:#E53B12;color:#E53B12\"\/>\n\n\n\n<h2 class=\"wp-block-heading has-text-color\" style=\"color:#E53B12\"><br>Elegir para toda la vida (profesionalmente)<\/h2>\n\n\n\n<h3 class=\"wp-block-heading\">Paralelismos con la compra de una vivienda<\/h3>\n\n\n\n<p>Existen casi 2.000 conceptos de franquicia en unos 80 grandes sectores empresariales.<\/p>\n\n\n\n<p>Dado el amplio abanico de posibilidades y lo que est\u00e1 en juego (profesional, familiar e incluso personal) durante los pr\u00f3ximos 5 a 7 a\u00f1os, tendr\u00e1s que determinar los criterios de tu elecci\u00f3n, como har\u00edas al comprar una propiedad.<\/p>\n\n\n\n<p>A la hora de comprar un piso o una casa, algunos criterios son subjetivos: la presencia de un balc\u00f3n, el alojamiento en el piso superior (porque no quieres o\u00edr a los vecinos de arriba), un jard\u00edn que no est\u00e9 a la vista, una gran sala de estar principal, etc.<\/p>\n\n\n\n<p>Otros son objetivos: presupuesto disponible, tiempo de desplazamiento casa\/trabajo (tiempo establecido que no debe superarse), deseo de 3 dormitorios (incluidos 2 para los ni\u00f1os), etc.<\/p>\n\n\n\n<p>Algunas opciones, en forma de (agradables) sorpresas, ser\u00e1n factores favorables a la hora de tomar una decisi\u00f3n.\nPor ejemplo, una habitaci\u00f3n extra para que un aut\u00f3nomo la utilice como despacho, sin exceder el presupuesto. <\/p>\n\n\n\n<p>Por \u00faltimo, a medida que avances como primer comprador, descubrir\u00e1s otros factores importantes, en funci\u00f3n de tus expectativas, como la orientaci\u00f3n del inmueble para garantizar la m\u00e1xima luz solar.<\/p>\n\n\n\n<h3 class=\"wp-block-heading\">Complejo al principio, luego sencillo cuando hay que tomar una decisi\u00f3n crucial<\/h3>\n\n\n\n<p>Del mismo modo, tendr\u00e1s que hacer elecciones a contracorriente, optando por un concepto&#8230; sin ninguna certeza de ser aceptado por el franquiciador, que, por un deseo de coherencia y rendimiento, elige a sus futuros franquiciados.<\/p>\n\n\n\n<p>Algunos de tus criterios ser\u00e1n objetivos, e inevitablemente indiscutibles, como tu contribuci\u00f3n personal real disponible.\nOtros ser\u00e1n subjetivos, no necesariamente enunciados de forma positiva, como la necesidad de dejar de tener personal que dirigir. <\/p>\n\n\n\n<p>Ciertas opciones ser\u00e1n factores favorables en la decisi\u00f3n, como el placer de ejercer una actividad profesional.<\/p>\n\n\n\n<p>Por \u00faltimo, descubrir\u00e1s otros elementos que ser\u00e1n importantes para tu futuro \u00e9xito como franquiciado, como la solidaridad entre franquiciados.<\/p>\n\n\n\n<p>Esta reflexi\u00f3n previa es igual de importante :<\/p>\n\n\n\n<ul class=\"wp-block-list\">\n<li>Para que te resulte m\u00e1s f\u00e1cil encontrar lo que buscas,<\/li>\n\n\n\n<li>Evita contratiempos que puedan retrasar el inicio de tu nueva vida profesional (que deber\u00e1s financiar con tus propios y limitados recursos),<\/li>\n\n\n\n<li>Para ayudarte a dar el paso hacia la iniciativa empresarial con las menores dudas posibles, sin hacerte demasiadas preguntas.<\/li>\n<\/ul>\n\n\n\n<p>Si te preguntas c\u00f3mo elegir entre los 2.000 conceptos existentes&#8230; \u00a1es porque ya has tomado una decisi\u00f3n empresarial crucial!  <em>(Ver cap\u00edtulo anterior)<\/em><\/p>\n\n\n\n<h2 class=\"wp-block-heading has-text-color\" style=\"color:#E53B12\">Criterios subjetivos \/ objetivos<\/h2>\n\n\n\n<h3 class=\"wp-block-heading\">El pret\u00e9rito imperfecto del subjetivo<\/h3>\n\n\n\n<p>Para determinar con qu\u00e9 redes contactar, empecemos con algunos criterios subjetivos:<\/p>\n\n\n\n<ul class=\"wp-block-list\">\n<li><strong>Trabajar solo o<\/strong> en equipo, es decir, adquirir conocimientos muy t\u00e9cnicos o contratar\/dirigir (a veces a distancia).<\/li>\n\n\n\n<li><strong>Productos o servicios<\/strong>&#8230; En otras palabras, gesti\u00f3n de existencias o creaci\u00f3n permanente.<\/li>\n\n\n\n<li><strong>Red joven o experimentada <\/strong>&#8230; Eso significa m\u00e1s libertad (e imaginaci\u00f3n) en la aplicaci\u00f3n del concepto, o m\u00e1s certeza (y por tanto menos latitud) en el \u00e9xito de tu proyecto.<\/li>\n<\/ul>\n\n\n\n<p>Estos factores subjetivos pueden cambiar una vez que el nuevo empresario se haya asentado en la franquicia.\nPor ejemplo, redescubrir el gusto por el desarrollo, para poder invertir m\u00e1s en tu \u00e1rea comercial cuando ya no quer\u00edas o\u00edr hablar del personal&#8230; <\/p>\n\n\n\n<h3 class=\"wp-block-heading\">Objetivo (nunca) Corbata, ganar algo de dinero<\/h3>\n\n\n\n<p>Luego hay una serie de factores objetivos:<\/p>\n\n\n\n<ul class=\"wp-block-list\">\n<li><strong>Tu aportaci\u00f3n personal&#8230; realmente disponible:<\/strong> es decir, excluyendo ayudas econ\u00f3micas, pr\u00e9stamos de amigos o familiares (que se devolver\u00e1n un d\u00eda u otro) o la venta de una propiedad.<\/li>\n\n\n\n<li><strong>La disponibilidad de la zona de captaci\u00f3n, ya sea inmediata o que se vaya a ocupar en breve:<\/strong> s\u00f3lo el franquiciador puede darte informaci\u00f3n sobre esta cuesti\u00f3n, ya que dispone de un mapa actualizado de sus puntos de venta y sabe qu\u00e9 sectores geogr\u00e1ficos estar\u00e1n disponibles.<\/li>\n\n\n\n<li><strong>Coincidir con el perfil t\u00edpico buscado por el franquiciador: <\/strong>Por ejemplo, con aptitudes reales de gesti\u00f3n en el caso de los servicios personales.<\/li>\n<\/ul>\n\n\n\n<p>Estos factores objetivos pueden eludirse.\nPor ejemplo, en lo que se refiere a la contribuci\u00f3n personal, puedes unirte a alguien que te complemente (gerente\/persona de ventas, dinero disponible\/contactos en el sector, etc.). <\/p>\n\n\n\n<h3 class=\"wp-block-heading\">AC-DC: corrientes alternas, corrientes de continuidad<\/h3>\n\n\n\n<p>Estos factores subjetivos y objetivos no son exhaustivos.\nPor ejemplo, pueden ser inherentes a un sector. <\/p>\n\n\n\n<p>T\u00edpico: \u00a1no elijas la comida r\u00e1pida (actividad nocturna y de fin de semana) si tu vida personal se centra en pasar tiempo con tu familia!\nSi quieres mantenerte en sinton\u00eda con tus sensibilidades, prueba en cambio el sector del trabajo temporal: los fines de semana est\u00e1n garantizados a largo plazo&#8230; \u00a1aunque las tardes de los primeros a\u00f1os se ver\u00e1n alteradas! <\/p>\n\n\n\n<h2 class=\"wp-block-heading has-text-color\" style=\"color:#E53B12\">Sorpresas y descubrimientos (a menudo) tard\u00edos<\/h2>\n\n\n\n<h3 class=\"wp-block-heading\">La sorpresa del jefe (de la empresa)<\/h3>\n\n\n\n<p>Algunas opciones te ayudar\u00e1n a tomar la decisi\u00f3n correcta:<\/p>\n\n\n\n<ul class=\"wp-block-list\">\n<li><strong>Trabajar en familia<\/strong>, y en particular con tus hijos, a veces con la idea de cederles el negocio m\u00e1s adelante,<\/li>\n\n\n\n<li><strong>Ganar mucho dinero<\/strong>, como algunas de las grandes empresas de hamburguesas o pollos, pero tener que dirigir a un equipo de j\u00f3venes y volver a casa todas las noches oliendo a patatas fritas&#8230;<\/li>\n\n\n\n<li><strong>Poder desarrollar otros puntos de venta <\/strong>(multifranquicia o multifranquiciado), pasar de one-man band (manitas) a director de orquesta (manitas&#8230;).<\/li>\n\n\n\n<li><strong>Complementar las ventas a trav\u00e9s del sitio web de la empresa, <\/strong>por ejemplo vendiendo kits de piscina pero prestando el servicio posventa localmente,<\/li>\n\n\n\n<li><strong>Adquiere estatus en la ciudad<\/strong>, por ejemplo abriendo un supermercado.<\/li>\n<\/ul>\n\n\n\n<h3 class=\"wp-block-heading\">Cosecha tard\u00eda<\/h3>\n\n\n\n<p>Por \u00faltimo, descubrir\u00e1s otros elementos importantes, seg\u00fan tus expectativas, a medida que investigues la red:<\/p>\n\n\n\n<ul class=\"wp-block-list\">\n<li><strong>Disfrutar de una actividad profesional:<\/strong> todo trabajo no es un concepto global, sino una suma de peque\u00f1as tareas a realizar, de las cuales no m\u00e1s del 30% deben resultar costosas para el empresario, y el resto debe servir sobre todo para movilizar sus talentos naturales.<\/li>\n\n\n\n<li><strong>Una calidad humana en el trato con el equipo del franquiciador:<\/strong> ya se trate de m\u00e9todos de venta, soporte inform\u00e1tico o aportaci\u00f3n t\u00e9cnica, la potencia de estos soportes no es nada sin el toque humano para transmitir sus soluciones.<\/li>\n\n\n\n<li><strong>Solidaridad entre franquiciados:<\/strong> ya se trate de un vecino geogr\u00e1fico, de un compa\u00f1ero de su formaci\u00f3n inicial o de alguien a quien conoci\u00f3 hace tiempo en la Convenci\u00f3n Nacional, algunos franquiciados se convierten en apoyos infalibles, fundamentales para tu \u00e9xito.<br>El esp\u00edritu de la red, e incluso&#8230; \u00a1la independencia del franquiciador, fomentan a menudo este tipo de complicidad!<\/li>\n<\/ul>\n","protected":false},"excerpt":{"rendered":"<p>Dado el amplio abanico de posibilidades y lo que est\u00e1 en juego (profesional, familiar e incluso personal) durante los pr\u00f3ximos 5 a 7 a\u00f1os, elegir una franquicia significa determinar primero los criterios de tu elecci\u00f3n, igual que har\u00edas al comprar una propiedad. Algunos de estos criterios son subjetivos, otros objetivos. Las opciones en forma de [&hellip;]<\/p>\n","protected":false},"author":24,"featured_media":59890,"parent":0,"menu_order":1,"comment_status":"closed","ping_status":"closed","template":"","meta":{"_acf_changed":false,"_seopress_robots_primary_cat":"","_seopress_titles_title":"Seleccionar los r\u00f3tulos adecuados para tu proyecto","_seopress_titles_desc":"Ante tantas posibilidades, elegir tu franquicia requiere que definas tus criterios.\r\n%%sitetitle%% puede ayudarte a hacer esa lista.","_seopress_robots_index":"","content-type":"","_relevanssi_hide_post":"","_relevanssi_hide_content":"","_relevanssi_pin_for_all":"","_relevanssi_pin_keywords":"","_relevanssi_unpin_keywords":"","_relevanssi_related_keywords":"","_relevanssi_related_include_ids":"","_relevanssi_related_exclude_ids":"","_relevanssi_related_no_append":"","_relevanssi_related_not_related":"","_relevanssi_related_posts":"132557,78359,80909,77918,90644,78488","_relevanssi_noindex_reason":"","footnotes":""},"category_page":[170],"class_list":{"0":"post-149130","1":"page","2":"type-page","3":"status-publish","4":"has-post-thumbnail","6":"category_page-livre-blanc"},"acf":[],"_links":{"self":[{"href":"https:\/\/lexpress-franchise.com\/es\/wp-json\/wp\/v2\/pages\/149130","targetHints":{"allow":["GET"]}}],"collection":[{"href":"https:\/\/lexpress-franchise.com\/es\/wp-json\/wp\/v2\/pages"}],"about":[{"href":"https:\/\/lexpress-franchise.com\/es\/wp-json\/wp\/v2\/types\/page"}],"author":[{"embeddable":true,"href":"https:\/\/lexpress-franchise.com\/es\/wp-json\/wp\/v2\/users\/24"}],"replies":[{"embeddable":true,"href":"https:\/\/lexpress-franchise.com\/es\/wp-json\/wp\/v2\/comments?post=149130"}],"version-history":[{"count":1,"href":"https:\/\/lexpress-franchise.com\/es\/wp-json\/wp\/v2\/pages\/149130\/revisions"}],"predecessor-version":[{"id":315493,"href":"https:\/\/lexpress-franchise.com\/es\/wp-json\/wp\/v2\/pages\/149130\/revisions\/315493"}],"wp:featuredmedia":[{"embeddable":true,"href":"https:\/\/lexpress-franchise.com\/es\/wp-json\/wp\/v2\/media\/59890"}],"wp:attachment":[{"href":"https:\/\/lexpress-franchise.com\/es\/wp-json\/wp\/v2\/media?parent=149130"}],"wp:term":[{"taxonomy":"category_page","embeddable":true,"href":"https:\/\/lexpress-franchise.com\/es\/wp-json\/wp\/v2\/category_page?post=149130"}],"curies":[{"name":"wp","href":"https:\/\/api.w.org\/{rel}","templated":true}]}}