{"id":1491294,"date":"2025-12-08T12:37:52","date_gmt":"2025-12-08T11:37:52","guid":{"rendered":"https:\/\/lexpress-franchise.com\/es\/anuncios-traspasos\/"},"modified":"2025-12-08T12:37:20","modified_gmt":"2025-12-08T10:37:20","slug":"venta-del-fondo-de-comercio","status":"publish","type":"page","link":"https:\/\/lexpress-franchise.com\/es\/anuncios-traspasos\/","title":{"rendered":"Venta del fondo de comercio"},"content":{"rendered":"","protected":false},"excerpt":{"rendered":"","protected":false},"author":529,"featured_media":0,"parent":0,"menu_order":0,"comment_status":"closed","ping_status":"closed","template":"","meta":{"_acf_changed":false,"_seopress_robots_primary_cat":"","_seopress_titles_title":"Compra, venta y traspaso de empresas - Anuncios de adquisici\u00f3n","_seopress_titles_desc":"Traspaso de negocio, franquicia, empresa. Adquisici\u00f3n de una franquicia. Vender tu empresa. Una selecci\u00f3n de anuncios de traspaso de L'Express Franquicia.","_seopress_robots_index":"","content-type":"","_relevanssi_hide_post":"","_relevanssi_hide_content":"","_relevanssi_pin_for_all":"","_relevanssi_pin_keywords":"","_relevanssi_unpin_keywords":"","_relevanssi_related_keywords":"","_relevanssi_related_include_ids":"","_relevanssi_related_exclude_ids":"","_relevanssi_related_no_append":"","_relevanssi_related_not_related":"","_relevanssi_related_posts":"304646,264857,232576,266629,226767,228181","_relevanssi_noindex_reason":"","footnotes":""},"category_page":[],"class_list":["post-1491294","page","type-page","status-publish"],"acf":[],"_links":{"self":[{"href":"https:\/\/lexpress-franchise.com\/es\/wp-json\/wp\/v2\/pages\/1491294","targetHints":{"allow":["GET"]}}],"collection":[{"href":"https:\/\/lexpress-franchise.com\/es\/wp-json\/wp\/v2\/pages"}],"about":[{"href":"https:\/\/lexpress-franchise.com\/es\/wp-json\/wp\/v2\/types\/page"}],"author":[{"embeddable":true,"href":"https:\/\/lexpress-franchise.com\/es\/wp-json\/wp\/v2\/users\/529"}],"replies":[{"embeddable":true,"href":"https:\/\/lexpress-franchise.com\/es\/wp-json\/wp\/v2\/comments?post=1491294"}],"version-history":[{"count":4,"href":"https:\/\/lexpress-franchise.com\/es\/wp-json\/wp\/v2\/pages\/1491294\/revisions"}],"predecessor-version":[{"id":1633707,"href":"https:\/\/lexpress-franchise.com\/es\/wp-json\/wp\/v2\/pages\/1491294\/revisions\/1633707"}],"wp:attachment":[{"href":"https:\/\/lexpress-franchise.com\/es\/wp-json\/wp\/v2\/media?parent=1491294"}],"wp:term":[{"taxonomy":"category_page","embeddable":true,"href":"https:\/\/lexpress-franchise.com\/es\/wp-json\/wp\/v2\/category_page?post=1491294"}],"curies":[{"name":"wp","href":"https:\/\/api.w.org\/{rel}","templated":true}]}}