{"id":149111,"date":"2022-04-29T12:49:36","date_gmt":"2022-04-29T10:49:36","guid":{"rendered":"https:\/\/lexpress-franchise.com\/es\/decider-de-se-lancer-en-franchise\/"},"modified":"2024-07-26T10:08:18","modified_gmt":"2024-07-26T08:08:18","slug":"decider-de-se-lancer-en-franchise","status":"publish","type":"page","link":"https:\/\/lexpress-franchise.com\/es\/decider-de-se-lancer-en-franchise\/","title":{"rendered":"Decidir entrar en la franquicia"},"content":{"rendered":"\n<p><strong>Cambiar de vida, en primer lugar profesionalmente, con fuertes repercusiones en tu vida personal y familiar, requiere una comprensi\u00f3n clara de lo que implica convertirse en administrador de una empresa.<\/strong><\/p>\n\n\n\n<p><strong>A continuaci\u00f3n, debes determinar si otras v\u00edas podr\u00edan ser m\u00e1s adecuadas (como la creaci\u00f3n de redes externas) y, por \u00faltimo, elegir el sistema de franquicia exigente y codificado s\u00f3lo con pleno conocimiento de sus ventajas y limitaciones. <\/strong><\/p>\n\n\n\n<hr class=\"wp-block-separator has-text-color has-css-opacity has-background is-style-dots\" style=\"background-color:#E53B12;color:#E53B12\" \/>\n\n\n\n<h2 class=\"wp-block-heading has-text-color\" style=\"color:#E53B12\">Crear tu propia empresa&#8230; o no<\/h2>\n\n\n\n<h3 class=\"wp-block-heading\">Dilema: \u00bfm\u00e1s llama (interior) que pereza?<\/h3>\n\n\n\n<p>C\u00f3modamente instalado en tu sof\u00e1, buscando otro futuro en tu ordenador, surge la pregunta, brutal o salvavidas, seg\u00fan la situaci\u00f3n: \u00bfAceptar\u00e1s asumir riesgos todo el tiempo, para ganarte la vida con una nueva l\u00f3gica financiera (prestaciones en especie, capitalizaci\u00f3n del negocio&#8230;)?<\/p>\n\n\n\n<p>\u00bfO no preferir\u00edas aprovechar al m\u00e1ximo tu vida laboral, volviendo a un puesto m\u00e1s cercano a tus preferencias?\nPor ejemplo, cuando tus responsabilidades directivas te han alejado de tus deseos t\u00e9cnicos. <\/p>\n\n\n\n<h3 class=\"wp-block-heading\">Empezar de cero (coma cero)  <\/h3>\n\n\n\n<p>Este dilema, a veces desencadenado por el despido o por la constataci\u00f3n de que tus pr\u00f3ximos veinte a\u00f1os de vida laboral los pasar\u00e1s en un armario dorado, es el primer paso que hay que dar.\nA ello puede contribuir una evaluaci\u00f3n de competencias, o incluso el apoyo de un coach. <\/p>\n\n\n\n<p>Si te sientes lo suficientemente humilde como para empezar de cero, como cualquier creador de empresas, ya deber\u00edas estar planeando quedarte 6 meses, o incluso un a\u00f1o, sin tener que pagarte a ti mismo a trav\u00e9s de la empresa (indemnizaci\u00f3n por despido o P\u00f4le Emploi&#8230;), el tiempo suficiente para establecer tu empresa en la mente de los consumidores potenciales.<\/p>\n\n\n\n<h3 class=\"wp-block-heading\">Apoyo familiar, o incluso neutralidad (de lo contrario se producir\u00e1 un da\u00f1o irreparable)  <\/h3>\n\n\n\n<p>Por tanto, el apoyo del entorno familiar cercano, o en su defecto su neutralidad, es esencial.<\/p>\n\n\n\n<p>Crear una nueva empresa supone hacer sacrificios en el seno de la familia, lo que se traduce en un nivel de vida considerablemente m\u00e1s bajo al principio, menos presencia f\u00edsica y menos disponibilidad para el empresario.<\/p>\n\n\n\n<p>Esta inc\u00f3moda situaci\u00f3n no debe durar (imperativamente) a\u00f1os.<\/p>\n\n\n\n<h2 class=\"wp-block-heading has-text-color\" style=\"color:#E53B12\"><br>Elige entre otros 4 tipos de iniciativa empresarial&#8230; con libertad graduada<\/h2>\n\n\n\n<h3 class=\"wp-block-heading\">Solo: Independencia total&#8230; pero a partir de una hoja en blanco<\/h3>\n\n\n\n<p>La empresa se crea bas\u00e1ndose en su propia experiencia en un campo concreto -catering, comunicaci\u00f3n, etc.- o lanzando un producto o servicio inexistente (idea descubierta en el extranjero&#8230;).\n&#8211; o lanzando un producto o servicio inexistente (idea descubierta en el extranjero, etc.).\nTomando en conjunto todos los tipos de empresas (artesan\u00eda, etc.), en 2021 se crearon en Francia casi un mill\u00f3n de empresas.  <\/p>\n\n\n\n<p>Hay que hacerlo todo para dar vida comercial a tu idea, desde encontrar el precio adecuado hasta las t\u00e9cnicas de venta.\nPor supuesto.\nPero el m\u00e1ximo riesgo significa el m\u00e1ximo rendimiento de la inversi\u00f3n.  <\/p>\n\n\n\n<h3 class=\"wp-block-heading\">Artesan\u00eda: estatus definido legalmente para oficios que a veces tienen siglos de antig\u00fcedad<\/h3>\n\n\n\n<p>Los 250 oficios artesanos, divididos en 500 especialidades, se agrupan en cuatro grandes familias: alimentaci\u00f3n (carnicero, hostelero, heladero, etc.), construcci\u00f3n (fontanero, electricista, t\u00e9cnico de calefacci\u00f3n, etc.), producci\u00f3n (ceramista, impresor, joyero, etc.) y servicios (taxista, esteticista, fot\u00f3grafo, etc.).\nLa mitad de los titulados en artesan\u00eda (un mill\u00f3n de empresas) se convierten en sus propios jefes a los diez a\u00f1os de empezar a trabajar. <\/p>\n\n\n\n<p>Hay que tener cierta inteligencia&#8230; en las manos.\nSin embargo, estas profesiones, algunas de las cuales tienen cientos de a\u00f1os, no est\u00e1n sujetas a los efectos de la moda, ya que se han adaptado a la evoluci\u00f3n tecnol\u00f3gica y social. <\/p>\n\n\n\n<h3 class=\"wp-block-heading\">Comercio asociado: aceptar el principio de gobernanza &#8220;1 hombre = 1 voto&#8221;.<\/h3>\n\n\n\n<p>Los cerca de 31.300 miembros (que representan a unos 50.000 puntos de venta \/ fuente: F\u00e9d\u00e9ration du Commerce Associ\u00e9) del centenar de redes comerciales asociadas se han agrupado en torno a una estructura central, poniendo en com\u00fan sus recursos.\nEstas agrupaciones, que representar\u00e1n el 30% del sector minorista en 2020, han pasado progresivamente de un papel de central de compras a un papel de central de servicios (comunicaci\u00f3n, back office, etc.). <\/p>\n\n\n\n<p>Sin embargo, todas las decisiones se toman seg\u00fan el principio &#8220;1 hombre = 1 voto&#8221; del modelo cooperativo, ya que cada miembro tiene una participaci\u00f3n en la sede de la red.\nCon una media de casi 300 miembros por red&#8230; Sin embargo, los miembros pueden participar en la pol\u00edtica comercial y estrat\u00e9gica de la red (llegando a ser miembros o incluso presidentes del consejo de administraci\u00f3n). <\/p>\n\n\n\n<h3 class=\"wp-block-heading\">Hacerse cargo de una empresa: intentar reproducirla&#8230; de una forma (mucho) mejor<\/h3>\n\n\n\n<p>La transmisi\u00f3n de una empresa puede hacerse fuera de la red, pero tambi\u00e9n en el sector artesanal, en franquicia o en el comercio asociado.\nCada a\u00f1o, en Francia hay m\u00e1s de 185.000 empresas susceptibles de ser traspasadas, pero s\u00f3lo 51.000 cambian realmente de manos (fuente: BPCE L&#8217;Observatoire). <\/p>\n\n\n\n<p>Adquirir una empresa es m\u00e1s caro que crearla, se tarda entre 12 y 18 meses en encontrar la empresa adecuada y conlleva una gesti\u00f3n m\u00e1s compleja de los recursos humanos (\u00a1y no hay tiempo para adaptarse!).\nNo obstante, ofrece cierto grado de comodidad para el empresario: reputaci\u00f3n y conocimientos existentes, equipos ya formados, base de clientes existente, etc. <\/p>\n\n\n\n<h2 class=\"wp-block-heading has-text-color\" style=\"color:#E53B12\">Decidir si franquiciar, considerando las ventajas y las limitaciones  <\/h2>\n\n\n\n<h3 class=\"wp-block-heading\">3 pilares del tim\u00f3n (para mantener un rumbo de \u00e9xito)<\/h3>\n\n\n\n<p>El sistema de franquicia, que se desarroll\u00f3 en Francia a partir de los a\u00f1os 70 y cuenta actualmente con 80.000 puntos de venta franquiciados, se basa en tres pilares:<\/p>\n\n\n\n<ul class=\"wp-block-list\">\n<li><br>L<strong>a marca:<\/strong> Su reputaci\u00f3n genera tr\u00e1fico de clientes en el punto de venta, aporta credibilidad a la b\u00fasqueda de financiaci\u00f3n para locales comerciales y te permite beneficiarte de las asociaciones nacionales establecidas por el franquiciador (censores jurados de cuentas, etc.). Ofrece al empresario candidato competente la oportunidad de ser considerado desde el principio como un especialista en su sector.<br><\/li>\n\n\n\n<li>Conocimientos <strong>empresariales diferenciados: <\/strong>Han sido probados en una configuraci\u00f3n id\u00e9ntica a la que se ofrece al franquiciado durante un periodo de tiempo significativo.\n<br>Este conjunto de conocimientos es espec\u00edfico de la marca y se transmite a trav\u00e9s de la formaci\u00f3n inicial Y continua. El franquiciado debe ser capaz de ganarse la vida significativamente mejor que un aut\u00f3nomo en el mismo negocio, y debe mejorar constantemente a trav\u00e9s de innovaciones que hayan sido validadas en las unidades piloto.  <br><\/li>\n\n\n\n<li><strong>Apoyo t\u00e9cnico y comercial continuo:<\/strong> Este paquete de servicios incluye asistencia para la puesta en marcha del punto de venta, apoyo del equipo del franquiciador a trav\u00e9s de una l\u00ednea telef\u00f3nica directa o in situ durante todo el contrato, y una central de compras o de referencias para beneficiarse de condiciones preferentes de suministro.\nEn particular, combate tres distorsiones bien conocidas en la percepci\u00f3n que tiene la gente de la profesi\u00f3n de empresario: el sentimiento de aislamiento, el miedo a lo desconocido y la soledad del empresario. <\/li>\n<\/ul>\n\n\n\n<p>El atractivo del sistema sigue siendo el mismo: mientras que el 28% de los franceses se plantea crear su propia empresa, el 43% quiere hacerlo en r\u00e9gimen de franquicia.<\/p>\n\n\n\n<p>Adem\u00e1s, seg\u00fan la encuesta anual de Banque Populaire, el 89% de los franquiciados recomendar\u00edan el modelo de franquicia a un empresario.<\/p>\n\n\n\n<h3 class=\"wp-block-heading\">Una (buena) idea de negocio&#8230; ni gratis ni sin obligaciones<\/h3>\n\n\n\n<p>Adem\u00e1s de estas ventajas, hay dos inconvenientes en cualquier contrato de franquicia:<\/p>\n\n\n\n<ul class=\"wp-block-list\">\n<li>El franquiciado <strong>debe aplicar estrictamente el concepto<\/strong>, identificado y codificado en manuales operativos a los que se puede acceder en l\u00ednea.\nLos franquiciados son responsables de sus propios riesgos e inversiones, y en particular de : <br>\n<ul class=\"wp-block-list\">\n<li>Propietario de la empresa,<\/li>\n\n\n\n<li>Responsable de la prospecci\u00f3n de clientes y de la venta de los productos y servicios de la empresa,<\/li>\n\n\n\n<li>Encargado de la comunicaci\u00f3n local en la zona de prospecci\u00f3n asignada a su punto de venta.<br><\/li>\n<\/ul>\n<\/li>\n\n\n\n<li><strong>El franquiciado paga estos servicios mediante una serie de c\u00e1nones:<\/strong><br>\n<ul class=\"wp-block-list\">\n<li>El canon inicial, que corresponde a la inversi\u00f3n y a los costes del franquiciador, en particular los relativos al desarrollo y al apoyo,<\/li>\n\n\n\n<li>El canon anual, destinado a remunerar al franquiciado por utilizar el concepto y al franquiciador por sus servicios,<\/li>\n\n\n\n<li>Y, por \u00faltimo, la tasa de comunicaci\u00f3n (o publicidad), es decir, las campa\u00f1as publicitarias destinadas a generar tr\u00e1fico de clientes en todos o algunos de los puntos de venta de la red.<\/li>\n<\/ul>\n<\/li>\n<\/ul>\n\n\n\n<p><strong>&gt;&gt; <\/strong><a rel=\"noreferrer noopener\" href=\"https:\/\/lexpress-franchise.com\/es\/selectionner-une-liste-denseignes-correspondant-a-son-projet\/\" target=\"_blank\"><strong>\u00bfC\u00f3mo se crea una franquicia?<\/strong> <strong>Paso 2: Selecciona una lista de signos&#8230; que se ajusten a tu proyecto.<\/strong><\/a><\/p>\n","protected":false},"excerpt":{"rendered":"<p>Cambiar de vida, en primer lugar profesionalmente, con fuertes repercusiones en tu vida personal y familiar, requiere una comprensi\u00f3n clara de lo que implica convertirse en administrador de una empresa. A continuaci\u00f3n, debes determinar si otras v\u00edas podr\u00edan ser m\u00e1s adecuadas (como la creaci\u00f3n de redes externas) y, por \u00faltimo, elegir el sistema de franquicia [&hellip;]<\/p>\n","protected":false},"author":24,"featured_media":59888,"parent":0,"menu_order":0,"comment_status":"closed","ping_status":"closed","template":"","meta":{"_acf_changed":false,"_seopress_robots_primary_cat":"","_seopress_titles_title":"%%post_title%% %%sep%% %%sitetitle%%","_seopress_titles_desc":"Para cambiar tu vida profesional, tienes que entender lo que significa convertirse en director de empresa.\r\n%%sitetitle%% te cuenta m\u00e1s.","_seopress_robots_index":"","content-type":"","_relevanssi_hide_post":"","_relevanssi_hide_content":"","_relevanssi_pin_for_all":"","_relevanssi_pin_keywords":"","_relevanssi_unpin_keywords":"","_relevanssi_related_keywords":"","_relevanssi_related_include_ids":"","_relevanssi_related_exclude_ids":"","_relevanssi_related_no_append":"","_relevanssi_related_not_related":"","_relevanssi_related_posts":"133997,83761,78304,90758,84463,90795","_relevanssi_noindex_reason":"","footnotes":""},"category_page":[170],"class_list":{"0":"post-149111","1":"page","2":"type-page","3":"status-publish","4":"has-post-thumbnail","6":"category_page-livre-blanc"},"acf":[],"_links":{"self":[{"href":"https:\/\/lexpress-franchise.com\/es\/wp-json\/wp\/v2\/pages\/149111","targetHints":{"allow":["GET"]}}],"collection":[{"href":"https:\/\/lexpress-franchise.com\/es\/wp-json\/wp\/v2\/pages"}],"about":[{"href":"https:\/\/lexpress-franchise.com\/es\/wp-json\/wp\/v2\/types\/page"}],"author":[{"embeddable":true,"href":"https:\/\/lexpress-franchise.com\/es\/wp-json\/wp\/v2\/users\/24"}],"replies":[{"embeddable":true,"href":"https:\/\/lexpress-franchise.com\/es\/wp-json\/wp\/v2\/comments?post=149111"}],"version-history":[{"count":0,"href":"https:\/\/lexpress-franchise.com\/es\/wp-json\/wp\/v2\/pages\/149111\/revisions"}],"wp:featuredmedia":[{"embeddable":true,"href":"https:\/\/lexpress-franchise.com\/es\/wp-json\/wp\/v2\/media\/59888"}],"wp:attachment":[{"href":"https:\/\/lexpress-franchise.com\/es\/wp-json\/wp\/v2\/media?parent=149111"}],"wp:term":[{"taxonomy":"category_page","embeddable":true,"href":"https:\/\/lexpress-franchise.com\/es\/wp-json\/wp\/v2\/category_page?post=149111"}],"curies":[{"name":"wp","href":"https:\/\/api.w.org\/{rel}","templated":true}]}}