{"id":148628,"date":"2022-05-02T11:57:50","date_gmt":"2022-05-02T09:57:50","guid":{"rendered":"https:\/\/lexpress-franchise.com\/es\/deux-difficultes-majeures-a-anticiper-au-demarrage\/"},"modified":"2024-07-26T10:37:54","modified_gmt":"2024-07-26T08:37:54","slug":"deux-difficultes-majeures-a-anticiper-au-demarrage","status":"publish","type":"page","link":"https:\/\/lexpress-franchise.com\/es\/deux-difficultes-majeures-a-anticiper-au-demarrage\/","title":{"rendered":"Dos grandes dificultades que hay que prever al empezar"},"content":{"rendered":"\n<p><strong>\u00bfC\u00f3mo puedo abrir una franquicia sin un pago inicial?  Esto es ciertamente posible, pero los servicios de la empresa ser\u00e1n proporcionales a esta inversi\u00f3n inicial para la creaci\u00f3n de tu franquicia&#8230;<\/strong><\/p>\n\n\n\n<hr class=\"wp-block-separator has-text-color has-css-opacity has-background is-style-dots\" style=\"background-color:#E53B12;color:#E53B12\" \/>\n\n\n\n<p>As\u00ed que es mejor asumir un riesgo financiero, a veces grande, para montar una franquicia, con la esperanza de recuperar m\u00e1s r\u00e1pidamente la inversi\u00f3n.<\/p>\n\n\n\n<p>A pesar de que el franquiciador haya aceptado incluirte en la red, hay dos factores que pueden dificultar el lanzamiento de tu negocio: obtener financiaci\u00f3n para tu proyecto y encontrar un local que cumpla los requisitos del franquiciador en una buena ubicaci\u00f3n.\nA continuaci\u00f3n te explicamos c\u00f3mo anticiparte mejor a estas dos etapas cruciales para el \u00e9xito comercial de tu proyecto. <\/p>\n\n\n\n<h2 class=\"wp-block-heading has-text-color\" style=\"color:#E53B12\">Financiaci\u00f3n : \u00bfEs la plata demasiado cara?<\/h2>\n\n\n\n<h3 class=\"wp-block-heading\">Hacerte bromas a ti mismo&#8230; \u00a1m\u00e1s de las que puedas contar!<\/h3>\n\n\n\n<p>Un plan de empresa mal elaborado, falta de estudio de mercado o de estrategia de ventas&#8230; Las dificultades para obtener un pr\u00e9stamo empresarial se deben generalmente a la falta de preparaci\u00f3n del aspirante a empresario, que simplemente tiene que demostrar que es cre\u00edble para llevar a cabo el proyecto.<\/p>\n\n\n\n<p>Otros motivos de rechazo est\u00e1n relacionados con los criterios de selecci\u00f3n del banco.\nAlgunos sectores, por ejemplo, presentan incertidumbres o dependen de normativas fluctuantes.\nSiempre es mejor elegir una empresa que responda a las expectativas de los consumidores, preferiblemente en un mercado en desarrollo.  <\/p>\n\n\n\n<h3 class=\"wp-block-heading\">Una visi\u00f3n general, para evitar la doble incriminaci\u00f3n<\/h3>\n\n\n\n<p>Independientemente de su historial, los aspirantes a empresarios deben &#8220;comparar precios&#8221;.<\/p>\n\n\n\n<p>Por un lado, <strong>para comparar<\/strong> las distintas redes bancarias, en las que el enfoque de tu caso y los criterios de validaci\u00f3n var\u00edan.<\/p>\n\n\n\n<p>En segundo lugar, <strong>porque la implicaci\u00f3n y relevancia del asesor profesional o gestor empresarial de la sucursal<\/strong> bancaria depende de la persona con la que trates para defender tu futuro.\nO bien esta persona resulta ser un hombre (o mujer) en la materia, que sabe al menos interpretar las cuentas y balances de una empresa, y que es capaz de tomar una decisi\u00f3n (en relaci\u00f3n con la delegaci\u00f3n de poderes a la sucursal) o, a su vez, de poner tu caso en conocimiento de sus superiores. <\/p>\n\n\n\n<h3 class=\"wp-block-heading\">Ninguna proeza de fuerza, ning\u00fan truco de magia<\/h3>\n\n\n\n<p>Al presentar tu solicitud de financiaci\u00f3n, tres par\u00e1metros ser\u00e1n decisivos:<\/p>\n\n\n\n<ul class=\"wp-block-list\">\n<li><strong>El perfil del candidato:<\/strong> Nunca (nunca, nunca) una elecci\u00f3n de iniciativa empresarial por defecto, cualidades intr\u00ednsecas del candidato coherentes y consistentes con la actividad prevista&#8230;<\/li>\n\n\n\n<li>La <strong>coherencia de la solicitud:<\/strong> plan de empresa -parte escrita y cuadros-, concepto que encaje bien en la zona de captaci\u00f3n en relaci\u00f3n con la competencia (estudio de mercado), etc.<\/li>\n\n\n\n<li>La <strong>credibilidad de las cifras presentadas para el proyecto: <\/strong>ubicaci\u00f3n de calidad capaz de generar un flujo de clientes acorde con las ventas previstas, crecimiento de las ventas construido en lugar de anuncios exagerados.<\/li>\n<\/ul>\n\n\n\n<p>Si vas a comprar una vivienda, no hace falta que te recordemos lo dif\u00edcil que es encontrar el pr\u00e9stamo adecuado, y naturalmente acudir\u00e1s a tu banquero, a otras instituciones o incluso a un agente de cr\u00e9dito.\nHaz lo mismo para convertirte en franquiciado: recurre a la competencia para obtener unas cuotas mensuales razonables en relaci\u00f3n con tu estilo de vida. <\/p>\n\n\n\n<h2 class=\"wp-block-heading has-text-color\" style=\"color:#E53B12\">Local: l\u00edmite duro<\/h2>\n\n\n\n<h3 class=\"wp-block-heading\">\u00a1Alerta general!<\/h3>\n\n\n\n<p>En el comercio minorista, la ubicaci\u00f3n sigue siendo la virtud cardinal, y la afluencia de clientes es la clave para elegir el mejor local.  <\/p>\n\n\n\n<p>Sin embargo, encontrar un local comercial sigue siendo la principal dificultad (junto con la financiaci\u00f3n del proyecto) a la que se enfrentan los franquiciados hasta el lanzamiento de su negocio.  <strong>Todas las cadenas compiten ferozmente por las mejores ubicaciones, a menudo en superficies similares.<\/strong><\/p>\n\n\n\n<p>Adem\u00e1s, el local debe cumplir los requisitos espec\u00edficos de la marca, por ejemplo en cuanto a espacio de escaparate o tama\u00f1o del almac\u00e9n.\nDebe ser aprobado por el franquiciador. <\/p>\n\n\n\n<h3 class=\"wp-block-heading\">Organizaci\u00f3n casi militar para un acto estrat\u00e9gico<\/h3>\n\n\n\n<p>Por eso es buena idea planificar con antelaci\u00f3n la b\u00fasqueda de tu futuro local comercial, adoptando una organizaci\u00f3n estricta:<\/p>\n\n\n\n<ul class=\"wp-block-list\">\n<li>El primer paso es <strong>conocer<\/strong> las sutilezas de la propiedad comercial, empezando por las cl\u00e1usulas de un contrato de arrendamiento (cargas, actividad, traspaso, rescisi\u00f3n, etc.).<\/li>\n\n\n\n<li>A continuaci\u00f3n, <strong>explora<\/strong> todas las v\u00edas publicitarias disponibles, sin olvidar a las personas cercanas y el boca a boca.<\/li>\n\n\n\n<li>Por \u00faltimo, <strong>adopta <\/strong>una metodolog\u00eda m\u00ednima, que incluya visitas al lugar y conversaciones con los residentes locales y los comerciantes de los alrededores.<\/li>\n<\/ul>\n\n\n\n<p><strong>Necesitas posicionarte en varios locales<\/strong> al mismo tiempo, para gestionar mejor el estr\u00e9s y la decepci\u00f3n en caso de fracaso, y para que sea m\u00e1s f\u00e1cil negociar con el propietario.<\/p>\n\n\n\n<p>Por \u00faltimo, pero no por ello menos importante, considera la posibilidad de trabajar con un gestor de centros urbanos. Este experto conoce a los agentes p\u00fablicos y privados de la zona, los proyectos urban\u00edsticos y comerciales, el coste de los solares y, por supuesto, los locales disponibles o a punto de estarlo, as\u00ed como las nuevas unidades comerciales.<\/p>\n\n\n\n<p>Tienes que pensar de la misma manera que cuando compras una vivienda: \u00bfc\u00f3mo voy a sentirme bien dentro de mi casa si el entorno no contribuye a que disfrute del traslado a un nuevo lugar?\nCuanto m\u00e1s dif\u00edcil sea llegar a los servicios (a los clientes de un negocio), menos disfrutar\u00e9 de mi nueva situaci\u00f3n. <\/p>\n\n\n\n<p><strong>&lt;&lt; <a href=\"https:\/\/lexpress-franchise.com\/es\/reussir-le-parcours-de-selection-reciproque-et-contractualiser\/\">\u00bfC\u00f3mo se crea una franquicia?\nPaso 4: Completa con \u00e9xito el proceso de selecci\u00f3n mutua&#8230; \u00a1y firma el contrato! <\/a><\/strong><\/p>\n","protected":false},"excerpt":{"rendered":"<p>\u00bfC\u00f3mo puedo abrir una franquicia sin un pago inicial? Esto es ciertamente posible, pero los servicios de la empresa ser\u00e1n proporcionales a esta inversi\u00f3n inicial para la creaci\u00f3n de tu franquicia&#8230; As\u00ed que es mejor asumir un riesgo financiero, a veces grande, para montar una franquicia, con la esperanza de recuperar m\u00e1s r\u00e1pidamente la inversi\u00f3n. [&hellip;]<\/p>\n","protected":false},"author":24,"featured_media":59950,"parent":0,"menu_order":4,"comment_status":"closed","ping_status":"closed","template":"","meta":{"_acf_changed":false,"_seopress_robots_primary_cat":"","_seopress_titles_title":"Dos grandes dificultades que hay que prever al iniciar %%sep%% %%sitetitle%%","_seopress_titles_desc":"Todav\u00eda hay dos cosas que dificultan el lanzamiento de una empresa: obtener financiaci\u00f3n y encontrar un local.\r\n %%sitetitle%% lo explica.","_seopress_robots_index":"","content-type":"","_relevanssi_hide_post":"","_relevanssi_hide_content":"","_relevanssi_pin_for_all":"","_relevanssi_pin_keywords":"","_relevanssi_unpin_keywords":"","_relevanssi_related_keywords":"","_relevanssi_related_include_ids":"","_relevanssi_related_exclude_ids":"","_relevanssi_related_no_append":"","_relevanssi_related_not_related":"","_relevanssi_related_posts":"84053,90689,90593,90620,83090,146640","_relevanssi_noindex_reason":"","footnotes":""},"category_page":[170],"class_list":{"0":"post-148628","1":"page","2":"type-page","3":"status-publish","4":"has-post-thumbnail","6":"category_page-livre-blanc"},"acf":[],"_links":{"self":[{"href":"https:\/\/lexpress-franchise.com\/es\/wp-json\/wp\/v2\/pages\/148628","targetHints":{"allow":["GET"]}}],"collection":[{"href":"https:\/\/lexpress-franchise.com\/es\/wp-json\/wp\/v2\/pages"}],"about":[{"href":"https:\/\/lexpress-franchise.com\/es\/wp-json\/wp\/v2\/types\/page"}],"author":[{"embeddable":true,"href":"https:\/\/lexpress-franchise.com\/es\/wp-json\/wp\/v2\/users\/24"}],"replies":[{"embeddable":true,"href":"https:\/\/lexpress-franchise.com\/es\/wp-json\/wp\/v2\/comments?post=148628"}],"version-history":[{"count":0,"href":"https:\/\/lexpress-franchise.com\/es\/wp-json\/wp\/v2\/pages\/148628\/revisions"}],"wp:featuredmedia":[{"embeddable":true,"href":"https:\/\/lexpress-franchise.com\/es\/wp-json\/wp\/v2\/media\/59950"}],"wp:attachment":[{"href":"https:\/\/lexpress-franchise.com\/es\/wp-json\/wp\/v2\/media?parent=148628"}],"wp:term":[{"taxonomy":"category_page","embeddable":true,"href":"https:\/\/lexpress-franchise.com\/es\/wp-json\/wp\/v2\/category_page?post=148628"}],"curies":[{"name":"wp","href":"https:\/\/api.w.org\/{rel}","templated":true}]}}