{"id":1635430,"date":"2026-04-15T11:22:07","date_gmt":"2026-04-15T09:22:07","guid":{"rendered":"https:\/\/lexpress-franchise.com\/de\/eintrag-franchisegeber\/"},"modified":"2026-04-15T10:53:31","modified_gmt":"2026-04-15T08:53:31","slug":"eintrag-franchisegeber","status":"publish","type":"page","link":"https:\/\/lexpress-franchise.com\/de\/eintrag-franchisegeber\/","title":{"rendered":"Franchise-Referenzierung"},"content":{"rendered":"","protected":false},"excerpt":{"rendered":"","protected":false},"author":1,"featured_media":0,"parent":0,"menu_order":0,"comment_status":"closed","ping_status":"closed","template":"","meta":{"_acf_changed":false,"_seopress_robots_primary_cat":"","_seopress_titles_title":"L'Express Franchise bietet Ihnen die M\u00f6glichkeit, Ihr Franchise zu vermarkten.","_seopress_titles_desc":"Werben Sie mit L'Express Franchise f\u00fcr Ihr Franchise: Ziehen Sie qualifizierte Kandidaten an, indem Sie unsere Medienpr\u00e4senz und unsere leistungsstarken Marketinginstrumente nutzen.","_seopress_robots_index":"","content-type":"","_relevanssi_hide_post":"","_relevanssi_hide_content":"","_relevanssi_pin_for_all":"","_relevanssi_pin_keywords":"","_relevanssi_unpin_keywords":"","_relevanssi_related_keywords":"","_relevanssi_related_include_ids":"","_relevanssi_related_exclude_ids":"","_relevanssi_related_no_append":"","_relevanssi_related_not_related":"","_relevanssi_related_posts":"1605598,1626648,1611509,1587034,1629321,1540738","_relevanssi_noindex_reason":"","footnotes":""},"category_page":[],"class_list":["post-1635430","page","type-page","status-publish"],"acf":[],"_links":{"self":[{"href":"https:\/\/lexpress-franchise.com\/de\/wp-json\/wp\/v2\/pages\/1635430","targetHints":{"allow":["GET"]}}],"collection":[{"href":"https:\/\/lexpress-franchise.com\/de\/wp-json\/wp\/v2\/pages"}],"about":[{"href":"https:\/\/lexpress-franchise.com\/de\/wp-json\/wp\/v2\/types\/page"}],"author":[{"embeddable":true,"href":"https:\/\/lexpress-franchise.com\/de\/wp-json\/wp\/v2\/users\/1"}],"replies":[{"embeddable":true,"href":"https:\/\/lexpress-franchise.com\/de\/wp-json\/wp\/v2\/comments?post=1635430"}],"version-history":[{"count":1,"href":"https:\/\/lexpress-franchise.com\/de\/wp-json\/wp\/v2\/pages\/1635430\/revisions"}],"predecessor-version":[{"id":1635476,"href":"https:\/\/lexpress-franchise.com\/de\/wp-json\/wp\/v2\/pages\/1635430\/revisions\/1635476"}],"wp:attachment":[{"href":"https:\/\/lexpress-franchise.com\/de\/wp-json\/wp\/v2\/media?parent=1635430"}],"wp:term":[{"taxonomy":"category_page","embeddable":true,"href":"https:\/\/lexpress-franchise.com\/de\/wp-json\/wp\/v2\/category_page?post=1635430"}],"curies":[{"name":"wp","href":"https:\/\/api.w.org\/{rel}","templated":true}]}}