{"id":1491125,"date":"2025-12-08T08:50:32","date_gmt":"2025-12-08T07:50:32","guid":{"rendered":"https:\/\/lexpress-franchise.com\/de\/rechtliche-hinweise\/"},"modified":"2025-12-08T08:44:35","modified_gmt":"2025-12-08T06:44:35","slug":"rechtliche-hinweise","status":"publish","type":"page","link":"https:\/\/lexpress-franchise.com\/de\/rechtliche-hinweise\/","title":{"rendered":"Rechtliche Hinweise"},"content":{"rendered":"\n<p><strong>Herausgeber der Website<\/strong>:<\/p>\n\n\n\n<p><strong>L&#8217;EXPRESS CONNECT<\/strong><\/p>\n\n\n\n<p>SAS mit einem Kapital von 21.755 \u20ac\u00a0<\/p>\n\n\n\n<p>Handelsregister Lyon 909 027 526<\/p>\n\n\n\n<p>Firmensitz:\u00a0<\/p>\n\n\n\n<p>3 Rue Gabriel Rivi\u00e8re<\/p>\n\n\n\n<p>69002 Lyon<\/p>\n\n\n\n<div style=\"height:30px\" aria-hidden=\"true\" class=\"wp-block-spacer\"><\/div>\n\n\n\n<p>Verantwortlicher Herausgeber:<\/p>\n\n\n\n<p>Alain Weill<\/p>\n\n\n\n<p><a href=\"mailto:franchise@lexpress-connect.com\">contact@lexpress-connect.com<\/a><\/p>\n\n\n\n<div style=\"height:30px\" aria-hidden=\"true\" class=\"wp-block-spacer\"><\/div>\n\n\n\n<p><strong>Hosting der Website<\/strong>:<\/p>\n\n\n\n<p>Netcup GmbH<\/p>\n\n\n\n<p>Daimlerstra\u00dfe 25<\/p>\n\n\n\n<p>76185 Karlsruhe, Deutschland<\/p>\n\n\n\n<p>Tel: +49 721 \/ 7540755 &#8211; 0<\/p>\n\n\n\n<p>Fax: +49 721 \/ 7540755 &#8211; 9<\/p>\n\n\n\n<p>Website: www.netcup.de<\/p>\n\n\n\n<p>Mail: mail@netcup.de<\/p>\n\n\n\n<p>Handelsregister: HRB 705547<\/p>\n\n\n\n<div style=\"height:30px\" aria-hidden=\"true\" class=\"wp-block-spacer\"><\/div>\n\n\n\n<p><strong>Urheberrecht \u2013 Links zu externen Websites<\/strong><\/p>\n\n\n\n<p>Der Inhalt der Website&nbsp;<a href=\"http:\/\/www.lexpress-franchise.com\/\">www.lexpress-franchise.com<\/a>&nbsp;insbesondere ihre Struktur, ihr Design, ihre Benutzeroberfl\u00e4chen, Datenbanken, Texte, digitalen Inhalte, Marken, Bilder, Videos, Musik, alle darin enthaltenen grafischen Elemente sowie die HTML-Referenzierungs-Tags (Meta-Tags), mit Ausnahme der Inhalte Dritter, sind Eigentum des Unternehmens und durch franz\u00f6sische und internationale Gesetze zum Schutz des geistigen Eigentums gesch\u00fctzt.<\/p>\n\n\n\n<p>Jede vollst\u00e4ndige oder teilweise Vervielf\u00e4ltigung dieses Inhalts ohne vorherige schriftliche Genehmigung des Unternehmens ist strengstens untersagt und kann eine strafbare F\u00e4lschung darstellen.<br><br>Das Unternehmen haftet nicht f\u00fcr den Inhalt eventueller Links auf der Website, die zu externen Websites f\u00fchren.<\/p>\n\n\n\n<div style=\"height:30px\" aria-hidden=\"true\" class=\"wp-block-spacer\"><\/div>\n\n\n\n<p><strong>Die Einrichtung von Links zur Plattform durch Dritte<\/strong><\/p>\n\n\n\n<p>Die Website gestattet die Einrichtung eines Hypertext-Links zu ihren Inhalten unter folgenden Voraussetzungen:&nbsp;<\/p>\n\n\n\n<p><br>Die Gesellschaft muss zuvor ausdr\u00fccklich per E-Mail an folgende Adresse informiert werden: contact@lexpress-connect.com; und die Quelle, die \u00fcber den Hyperlink direkt auf den betreffenden Inhalt verweist, muss angegeben werden.&nbsp;<br>Diese Genehmigung gilt jedoch nicht f\u00fcr Websites, die polemische, pornografische oder fremdenfeindliche Informationen verbreiten oder in gr\u00f6\u00dferem Umfang gegen die \u00f6ffentliche Ordnung und die guten Sitten versto\u00dfen.<\/p>\n\n\n\n<p>In jedem Fall beh\u00e4lt sich das Unternehmen das Recht vor, die sofortige L\u00f6schung des auf seine Website f\u00fchrenden Links zu verlangen, ohne daf\u00fcr einen besonderen Grund angeben zu m\u00fcssen. Es wird darauf hingewiesen, dass diese Genehmigung keine Genehmigung zur Vervielf\u00e4ltigung des gesamten oder eines Teils des Inhalts der Website beinhaltet, insbesondere nicht zur \u00dcbernahme eines Titels oder einer \u00dcberschrift f\u00fcr die Benennung des Hyperlinks.<\/p>\n\n\n\n<div style=\"height:30px\" aria-hidden=\"true\" class=\"wp-block-spacer\"><\/div>\n\n\n\n<p><strong>Schutz personenbezogener Daten<\/strong><\/p>\n\n\n\n<p>Die oben genannten pers\u00f6nlichen Daten, die von der Gesellschaft gesammelt werden, werden gem\u00e4\u00df den geltenden gesetzlichen Bestimmungen verarbeitet.<\/p>\n\n\n\n<p>Alle oben genannten personenbezogenen Daten, die vom Unternehmen wie oben angegeben erfasst werden, werden gem\u00e4\u00df den geltenden gesetzlichen Bestimmungen elektronisch verarbeitet.<\/p>\n\n\n\n<p>Sie werden vom Unternehmen ben\u00f6tigt, um Ihre Anfrage zu bearbeiten. &nbsp;Diese Daten k\u00f6nnen an Netzwerkleiter weitergegeben werden, damit diese den Franchise-Bewerbern gegebenenfalls Angebote zusenden k\u00f6nnen, die der gestellten Anfrage entsprechen. Die Daten der Netzwerkleiter und\/oder Bewerber k\u00f6nnen vom Unternehmen auch verwendet werden, um die genannten Personen zu kontaktieren, um die Dienstleistung zu verbessern.<\/p>\n\n\n\n<p>Gem\u00e4\u00df dem franz\u00f6sischen Datenschutzgesetz Nr. 78-17 vom 6. Januar 1978 in seiner ge\u00e4nderten Fassung, besser bekannt unter dem Namen \u201eLoi Informatique et Libert\u00e9s\u201d (Informatik- und Freiheitsgesetz), sowie der Datenschutz-Grundverordnung Nr. 2016\/679 vom 27. April 2016 haben Personen, deren personenbezogene Daten erfasst wurden, ein Recht auf Zugang, Berichtigung, \u00c4nderung und L\u00f6schung aller sie betreffenden Daten.&nbsp;<br><br>Um diese Rechte auszu\u00fcben, k\u00f6nnen sie ihre Anfrage per E-Mail an folgende Adresse richtencontact@lexpress-connect.com.<br><br>Zuletzt aktualisiert am 01.08.2024.<\/p>\n","protected":false},"excerpt":{"rendered":"<p>Herausgeber der Website: L&#8217;EXPRESS CONNECT SAS mit einem Kapital von 21.755 \u20ac\u00a0 Handelsregister Lyon 909 027 526 Firmensitz:\u00a0 3 Rue Gabriel Rivi\u00e8re 69002 Lyon Verantwortlicher Herausgeber: Alain Weill contact@lexpress-connect.com Hosting der Website: Netcup GmbH Daimlerstra\u00dfe 25 76185 Karlsruhe, Deutschland Tel: +49 721 \/ 7540755 &#8211; 0 Fax: +49 721 \/ 7540755 &#8211; 9 Website: www.netcup.de [&hellip;]<\/p>\n","protected":false},"author":1,"featured_media":0,"parent":0,"menu_order":0,"comment_status":"closed","ping_status":"closed","template":"","meta":{"_acf_changed":false,"_seopress_robots_primary_cat":"","_seopress_titles_title":"","_seopress_titles_desc":"","_seopress_robots_index":"","content-type":"","_relevanssi_hide_post":"","_relevanssi_hide_content":"","_relevanssi_pin_for_all":"","_relevanssi_pin_keywords":"","_relevanssi_unpin_keywords":"","_relevanssi_related_keywords":"","_relevanssi_related_include_ids":"","_relevanssi_related_exclude_ids":"","_relevanssi_related_no_append":"","_relevanssi_related_not_related":"","_relevanssi_related_posts":"","_relevanssi_noindex_reason":"","footnotes":""},"category_page":[],"class_list":["post-1491125","page","type-page","status-publish"],"acf":[],"_links":{"self":[{"href":"https:\/\/lexpress-franchise.com\/de\/wp-json\/wp\/v2\/pages\/1491125","targetHints":{"allow":["GET"]}}],"collection":[{"href":"https:\/\/lexpress-franchise.com\/de\/wp-json\/wp\/v2\/pages"}],"about":[{"href":"https:\/\/lexpress-franchise.com\/de\/wp-json\/wp\/v2\/types\/page"}],"author":[{"embeddable":true,"href":"https:\/\/lexpress-franchise.com\/de\/wp-json\/wp\/v2\/users\/1"}],"replies":[{"embeddable":true,"href":"https:\/\/lexpress-franchise.com\/de\/wp-json\/wp\/v2\/comments?post=1491125"}],"version-history":[{"count":0,"href":"https:\/\/lexpress-franchise.com\/de\/wp-json\/wp\/v2\/pages\/1491125\/revisions"}],"wp:attachment":[{"href":"https:\/\/lexpress-franchise.com\/de\/wp-json\/wp\/v2\/media?parent=1491125"}],"wp:term":[{"taxonomy":"category_page","embeddable":true,"href":"https:\/\/lexpress-franchise.com\/de\/wp-json\/wp\/v2\/category_page?post=1491125"}],"curies":[{"name":"wp","href":"https:\/\/api.w.org\/{rel}","templated":true}]}}