{"id":1491117,"date":"2025-12-08T08:31:44","date_gmt":"2025-12-08T07:31:44","guid":{"rendered":"https:\/\/lexpress-franchise.com\/de\/datenschutzrichtlinie\/"},"modified":"2025-12-08T08:29:20","modified_gmt":"2025-12-08T06:29:20","slug":"datenschutzrichtlinie","status":"publish","type":"page","link":"https:\/\/lexpress-franchise.com\/de\/datenschutzrichtlinie\/","title":{"rendered":"Datenschutzrichtlinie"},"content":{"rendered":"\n<p>Zugriff und Nutzung des Vermittlungsdienstes zwischen dem Franchise-Bewerber und dem Netzwerkleiter erfordern die Erhebung personenbezogener Daten \u00fcber den potenziellen Bewerber und den Netzwerkleiter. Im konkreten Fall \u00fcbermitteln die Bewerber beim Ausf\u00fcllen des Fragebogens Informationen \u00fcber sich selbst. Gleiches gilt f\u00fcr die Netzwerkleiter bei der \u00dcbermittlung des Informationsblatts. Wenn die betroffene Person der Bereitstellung ihrer personenbezogenen Daten nicht zustimmt, kann sie nicht auf die Dienstleistung zugreifen und diese nutzen.<\/p>\n\n\n\n<p>Das Unternehmen ist als Verantwortlicher f\u00fcr die Datenverarbeitung dem Schutz Ihrer personenbezogenen Daten verpflichtet. In diesem Zusammenhang soll diese Datenschutzerkl\u00e4rung Franchisenehmer und Netzwerkleiter dar\u00fcber informieren, wie ihre Daten verarbeitet werden, und ihnen die Einhaltung der geltenden Vorschriften, insbesondere der Europ\u00e4ischen Verordnung EU2016\/679 vom 27. April 2016 sowie des franz\u00f6sischen Datenschutzgesetzes 78-17 vom 6. Januar 1978 in seiner ge\u00e4nderten Fassung, garantieren.<\/p>\n\n\n\n<p>Diese Datenschutzerkl\u00e4rung gilt f\u00fcr die gesamte Plattform. Da diese Erkl\u00e4rung entsprechend den gesetzlichen Bestimmungen und den vom Unternehmen angebotenen Dienstleistungen aktualisiert wird, werden Franchisenehmer und Netzwerkleiter gebeten, sie so oft wie m\u00f6glich zu Rate zu ziehen.<\/p>\n\n\n\n<h2 class=\"wp-block-heading\">1. Welche personenbezogenen Daten werden erfasst?<\/h2>\n\n\n\n<p>Auf der Website und anderen digitalen L\u00f6sungen k\u00f6nnen verschiedene Arten von personenbezogenen Daten erfasst werden, darunter insbesondere:<\/p>\n\n\n\n<ul class=\"wp-block-list\">\n<li>Ihren Namen und Ihre Kontaktdaten, einschlie\u00dflich Ihrer E-Mail-Adresse und Postanschrift,<\/li>\n\n\n\n<li>Ihre Berufsbezeichnung,<\/li>\n\n\n\n<li>Ihre Telefon- und Faxnummern.<\/li>\n<\/ul>\n\n\n\n<h2 class=\"wp-block-heading\">2. Warum werden bestimmte Daten von mir erfasst?<\/h2>\n\n\n\n<p>Ihre pers\u00f6nlichen Daten erm\u00f6glichen es uns, Ihre Anfragen zur Vermittlung von Kandidaten\/Netzwerkk\u00f6pfen zu bearbeiten.<\/p>\n\n\n\n<h2 class=\"wp-block-heading\">3. Wie lange werden meine Daten gespeichert?<\/h2>\n\n\n\n<p>Die erhobenen Daten werden unter Einhaltung der geltenden Normen, Vorschriften und Texte so lange verarbeitet und gespeichert, wie es f\u00fcr die Zwecke, f\u00fcr die sie verarbeitet werden, erforderlich ist.<br><br>Gem\u00e4\u00df Artikel 5 der DSGVO k\u00f6nnen bestimmte personenbezogene Daten jedoch l\u00e4nger gespeichert werden, sofern sie ausschlie\u00dflich zu Archivierungszwecken im \u00f6ffentlichen Interesse, zu wissenschaftlichen oder historischen Forschungszwecken oder zu statistischen Zwecken verarbeitet werden.<\/p>\n\n\n\n<h2 class=\"wp-block-heading\">4. Wie sieht es mit der Verwendung von Cookies aus?<\/h2>\n\n\n\n<p>Ein Cookie ist eine Abfolge von Informationen, die von einem Server an einen Besucher gesendet wird. In Form einer Computerdatei wird es \u00fcber den Browser des Besuchers auf der Festplatte abgelegt, um dort Informationen zu sammeln.<\/p>\n\n\n\n<p>Es gibt verschiedene Arten von Cookies:<br><br>Technische und unbedingt erforderliche Cookies: Diese Cookies erm\u00f6glichen es, die vom Besucher eingegebenen Informationen zu speichern, das Surfverhalten eines Besuchers zu verfolgen, um eine hohe Qualit\u00e4t der besuchten Seiten zu gew\u00e4hrleisten, bestimmte Sicherheitsma\u00dfnahmen umzusetzen und auf Ihren pers\u00f6nlichen Bereich zuzugreifen. Ohne diese Cookies kann die Website nicht ordnungsgem\u00e4\u00df funktionieren.<br>Cookies zur Messung der Besucherzahlen und zur Erstellung von Statistiken: Diese Cookies erm\u00f6glichen es uns, Daten \u00fcber die Nutzung unserer Webseiten zu erhalten und bestimmte technische und ergonomische Aspekte zu verbessern. Wir verwenden keine Cookies zur Messung der Besucherzahlen und zur Erstellung von Statistiken.<br>Werbe-Cookies: Diese Cookies erm\u00f6glichen es uns, personalisierte Werbung in den daf\u00fcr vorgesehenen Bereichen unserer Plattform anzuzeigen, die Anzahl der Werbeeinblendungen zu z\u00e4hlen und Ihren Browser bei zuk\u00fcnftigen Besuchen unserer Plattform wiederzuerkennen. Diese Cookies k\u00f6nnen von uns oder unseren Werbepartnern eingesetzt werden. Sie erm\u00f6glichen es, ein individuelles Besucherprofil zu erstellen.<br>Cookies von sozialen Netzwerken: Cookies von sozialen Netzwerken erm\u00f6glichen es Ihnen, die Inhalte unserer Website mit anderen Personen zu teilen oder Ihre Meinung zu einem Inhalt der Website an Dritte weiterzugeben. Diese Cookies von Drittanbietern dienen dazu, die Interaktivit\u00e4t der Website und ihre multimedialen Inhalte zu verbessern.<br>Dauer der Speicherung von Cookies:<\/p>\n\n\n\n<p>Die Speicherdauer der Cookies betr\u00e4gt maximal 13 Monate nach ihrer ersten Speicherung auf dem Endger\u00e4t der Besucher. Nach Ablauf dieser Frist wird eine neue Einwilligung eingeholt.<br><br>Bestimmte technische und funktionale Cookies sind unerl\u00e4sslich und bed\u00fcrfen keiner Einwilligung des Nutzers. F\u00fcr alle anderen Cookies ist die Einwilligung des Nutzers erforderlich, die er jederzeit widerrufen kann.<br><br>Sie k\u00f6nnen Cookies jederzeit l\u00f6schen, indem Sie die Einstellungen Ihres Browsers \u00fcber dessen Optionen anpassen. Sie k\u00f6nnen auch alle oder bestimmte Cookies ablehnen, indem Sie Ihre Browsereinstellungen im Banner zur Einholung der Zustimmung zu Cookies anpassen.<\/p>\n\n\n\n<h2 class=\"wp-block-heading\">5. Verwaltung Ihrer Cookies<\/h2>\n\n\n<script\n\t\ttype=\"text\/javascript\"\n\t\tid=\"CookieDeclaration\"\n\t\tsrc=\"https:\/\/consent.cookiebot.com\/a117ca0c-f6b9-4821-a945-0462d6f4cae4\/cd.js\"\n\t\t\tdata-culture=\"DE\"\n\t\tasync><\/script>\n\n\n\n\n<h2 class=\"wp-block-heading\">6. Auf welcher Rechtsgrundlage erfolgt die Verarbeitung meiner Daten?<\/h2>\n\n\n\n<p>Die Verarbeitung Ihrer erhobenen Daten erfolgt auf der Rechtsgrundlage des berechtigten Interesses im Zusammenhang mit unseren Aktivit\u00e4ten gem\u00e4\u00df den Bestimmungen der DSGVO.<strong><br><\/strong><\/p>\n\n\n\n<h2 class=\"wp-block-heading\">7. An wen werden meine Daten weitergegeben?<\/h2>\n\n\n\n<p>Ihre personenbezogenen Daten werden ausschlie\u00dflich an die Dienste und Personen des Unternehmens L\u2019EXPRESS CONNECT weitergegeben, die gem\u00e4\u00df den festgelegten Zwecken zu ihrer Verarbeitung berechtigt sind.<br>Diese Daten k\u00f6nnen auch an Personen weitergegeben werden, die mit der Umsetzung der Verarbeitungszwecke betraut sind. Au\u00dferdem werden sie an die Netzwerkleiter weitergeleitet, die ein Abonnement bei der Firma L\u2019EXPRESS CONNECT abgeschlossen haben, um sie mit den Bewerbern in Kontakt zu bringen, die bei der Erstellung ihres Kontos ein Formular ausgef\u00fcllt haben.<\/p>\n\n\n\n<h2 class=\"wp-block-heading\">8. Werden meine Daten au\u00dferhalb der Europ\u00e4ischen Union gespeichert?<\/h2>\n\n\n\n<p>Bestimmte Daten k\u00f6nnen an Netzwerkleiter oder Referenzpersonen au\u00dferhalb der Europ\u00e4ischen Union weitergegeben werden, sofern diese ausreichende Sicherheitsgarantien im Sinne der DSGVO bieten, insbesondere wenn die L\u00e4nder gem\u00e4\u00df Artikel 44 ff. der Europ\u00e4ischen Verordnung EU2016\/679 vom 27. April 2016 ein angemessenes Schutzniveau bieten.<br><\/p>\n\n\n\n<h2 class=\"wp-block-heading\">9. Sind meine Daten w\u00e4hrend ihrer Verarbeitung sicher?<\/h2>\n\n\n\n<p>Alle Personen, die Zugriff auf Ihre Daten haben, sind dazu befugt und zur Vertraulichkeit verpflichtet.<br>In diesem Zusammenhang und gem\u00e4\u00df Artikel 32 der DSGVO verpflichten sich die Plattform sowie alle genannten Personen, alle erforderlichen technischen und organisatorischen Ma\u00dfnahmen zu ergreifen, um die Sicherheit und Vertraulichkeit der verarbeiteten Daten zu gew\u00e4hrleisten.<\/p>\n\n\n\n<h2 class=\"wp-block-heading\">10. Ich habe verschiedene Rechte, wie kann ich diese aus\u00fcben?wie kann ich sie aus\u00fcben?<\/h2>\n\n\n\n<p>Verantwortlich f\u00fcr die Datenverarbeitung ist das Unternehmen L\u2019EXPRESS CONNECT \u2013 3 quai de la P\u00eacherie, 69001 LYON.<br>Telefon: 0033 756931773<br>Der Datenschutzbeauftragte ist Herr Arthur de Choulot, den Sie unter der E-Mail-Adresse \u201efranchise@lexpress-connect.com\u201d erreichen k\u00f6nnen.<br><br>Gem\u00e4\u00df dem franz\u00f6sischen Datenschutzgesetz vom 6. Januar 1978 in seiner ge\u00e4nderten Fassungen und der Datenschutz-Grundverordnung 2016\/679 vom 27. April 2016 haben Sie das Recht auf Zugang, Berichtigung, L\u00f6schung (vorbehaltlich eines der in Artikel 17 der DSGVO aufgef\u00fchrten Gr\u00fcnde) und \u00dcbertragbarkeit Ihrer personenbezogenen Daten. Sie k\u00f6nnen auch die Einschr\u00e4nkung der Verarbeitung Ihrer Daten verlangen oder deren Verarbeitung aus einem berechtigten Grund widersprechen.<br>Sie k\u00f6nnen Ihre Rechte per E-Mail an folgende Adresse aus\u00fcben: <a href=\"mailto:franchise@lexpress-connect.com\">franchise@lexpress-connect.com.<\/a><\/p>\n\n\n\n<p>Wenn Sie der Meinung sind, dass Ihre Rechte nicht gewahrt werden, haben Sie auch die M\u00f6glichkeit, eine Beschwerde bei der zust\u00e4ndigen Aufsichtsbeh\u00f6rde unter folgender Adresse einzureichen: <a href=\"https:\/\/www.cnil.fr\/plaintes\">ps:\/\/www.cnil.fr\/plaintes<\/a><\/p>\n\n\n\n<p>Zuletzt aktualisiert am 02.02.2023.<\/p>\n\n\n\n<p><\/p>\n","protected":false},"excerpt":{"rendered":"<p>Zugriff und Nutzung des Vermittlungsdienstes zwischen dem Franchise-Bewerber und dem Netzwerkleiter erfordern die Erhebung personenbezogener Daten \u00fcber den potenziellen Bewerber und den Netzwerkleiter. Im konkreten Fall \u00fcbermitteln die Bewerber beim Ausf\u00fcllen des Fragebogens Informationen \u00fcber sich selbst. Gleiches gilt f\u00fcr die Netzwerkleiter bei der \u00dcbermittlung des Informationsblatts. Wenn die betroffene Person der Bereitstellung ihrer personenbezogenen [&hellip;]<\/p>\n","protected":false},"author":1,"featured_media":0,"parent":0,"menu_order":0,"comment_status":"closed","ping_status":"closed","template":"","meta":{"_acf_changed":false,"_seopress_robots_primary_cat":"","_seopress_titles_title":"","_seopress_titles_desc":"","_seopress_robots_index":"","content-type":"","_relevanssi_hide_post":"","_relevanssi_hide_content":"","_relevanssi_pin_for_all":"","_relevanssi_pin_keywords":"","_relevanssi_unpin_keywords":"","_relevanssi_related_keywords":"","_relevanssi_related_include_ids":"","_relevanssi_related_exclude_ids":"","_relevanssi_related_no_append":"","_relevanssi_related_not_related":"","_relevanssi_related_posts":"","_relevanssi_noindex_reason":"","footnotes":""},"category_page":[],"class_list":["post-1491117","page","type-page","status-publish"],"acf":[],"_links":{"self":[{"href":"https:\/\/lexpress-franchise.com\/de\/wp-json\/wp\/v2\/pages\/1491117","targetHints":{"allow":["GET"]}}],"collection":[{"href":"https:\/\/lexpress-franchise.com\/de\/wp-json\/wp\/v2\/pages"}],"about":[{"href":"https:\/\/lexpress-franchise.com\/de\/wp-json\/wp\/v2\/types\/page"}],"author":[{"embeddable":true,"href":"https:\/\/lexpress-franchise.com\/de\/wp-json\/wp\/v2\/users\/1"}],"replies":[{"embeddable":true,"href":"https:\/\/lexpress-franchise.com\/de\/wp-json\/wp\/v2\/comments?post=1491117"}],"version-history":[{"count":0,"href":"https:\/\/lexpress-franchise.com\/de\/wp-json\/wp\/v2\/pages\/1491117\/revisions"}],"wp:attachment":[{"href":"https:\/\/lexpress-franchise.com\/de\/wp-json\/wp\/v2\/media?parent=1491117"}],"wp:term":[{"taxonomy":"category_page","embeddable":true,"href":"https:\/\/lexpress-franchise.com\/de\/wp-json\/wp\/v2\/category_page?post=1491117"}],"curies":[{"name":"wp","href":"https:\/\/api.w.org\/{rel}","templated":true}]}}