{"id":1491111,"date":"2025-12-08T08:17:04","date_gmt":"2025-12-08T07:17:04","guid":{"rendered":"https:\/\/lexpress-franchise.com\/de\/allgemeine-nutzungsbedingungen-fuer-den-service-von-lexpress-franchise\/"},"modified":"2025-12-08T08:16:10","modified_gmt":"2025-12-08T06:16:10","slug":"allgemeine-nutzungsbedingungen-fuer-den-service-von-lexpress-franchise","status":"publish","type":"page","link":"https:\/\/lexpress-franchise.com\/de\/allgemeine-nutzungsbedingungen-fuer-den-service-von-lexpress-franchise\/","title":{"rendered":"Allgemeine Nutzungsbedingungen f\u00fcr den Service von L&#8217;Express Franchise"},"content":{"rendered":"\n<p><strong>VEREINBARUNG<br>zwischen dem Unternehmen L&#8217;EXPRESS CONNECT, vereinfachte Aktiengesellschaft mit einem Kapital von 21.755 \u20ac, eingetragen im Handelsregister von Lyon unter der Nummer 909 027 526, mit Sitz in 3 quai de la P\u00eacherie, 69001 Lyon,<br><br>im Folgenden als \u201eUnternehmen\u201d bezeichnet.<br><br>UND:<br><br>den sogenannten \u201eNetzwerkleitern\u201d und \u201eBewerbern\u201d, die wie folgt bezeichnet werden:<br><br>Jeder Gewerbetreibende, der ein Abonnement bei dem Unternehmen L&#8217;EXPRESS CONNECT abgeschlossen hat, das es ihm erm\u00f6glicht, Informationen auf der Website des Unternehmens L&#8217;EXPRESS CONNECT zu ver\u00f6ffentlichen, um sein Netzwerk auszubauen, und der in dieser Eigenschaft unter den nachstehend genannten Bedingungen Kontaktanfragen von Bewerbern erhalten kann;<br><br>Im Folgenden als \u201eNetzwerkleiter\u201d bezeichnet.<br><br>Jede Person, die die Website des Unternehmens L&#8217;EXPRESS CONNECT besucht, unabh\u00e4ngig von ihrem Profil (Privatperson, Fachmann, Franchisenehmer, Franchisegeber, Lizenznehmer, Lizenzgeber usw.), unabh\u00e4ngig davon, ob diese Person beabsichtigt, die Informationen \u00fcber die Netzwerkleiter einzusehen, um sich m\u00f6glicherweise zu bewerben.<br><br>Im Folgenden als \u201eBewerber\u201d bezeichnet,<br><br>Netzwerkleiter und Bewerber werden gemeinsam als \u201eNutzer\u201d bezeichnet.<br><br>Das Unternehmen L&#8217;EXPRESS CONNECT und die Nutzer werden im Folgenden gemeinsam als \u201eParteien\u201d bezeichnet.<br><br>******<br><br>Zuvor wurde auf Folgendes hingewiesen:<\/strong><br><\/p>\n\n\n\n<h2 class=\"wp-block-heading\"><strong>PR\u00c4AMBEL<\/strong><\/h2>\n\n\n\n<p>1. Die vorliegenden Allgemeinen Nutzungsbedingungen (nachfolgend \u201eNB\u201d genannt) legen die Nutzungsbedingungen f\u00fcr die Website www.lexpress-franchise.com (die \u201ePlattform\u201d) fest, die vom Unternehmen herausgegeben wird. Sie gelten als durch jede Person, die die Website nutzt, allein durch das Surfen auf der Website als akzeptiert.<br><br>Die Nutzer erkl\u00e4ren sich ohne Einschr\u00e4nkung und Vorbehalt damit einverstanden, die vorliegenden NB einzuhalten und die im Falle eines Versto\u00dfens gegen deren Bestimmungen vorgesehenen Sanktionen zu akzeptieren.<br><br>2. Das Unternehmen beh\u00e4lt sich das Recht vor, die vorliegenden NB jederzeit zu \u00e4ndern. Die ge\u00e4nderten Allgemeinen Nutzungsbedingungen werden auf der Website ver\u00f6ffentlicht.<br><br>Die Nutzer erkl\u00e4ren sich mit allen sp\u00e4teren \u00c4nderungen einverstanden, die mit ihrer Bekanntgabe in einem Pop-up-Fenster, das bei der Anmeldung auf der Plattform erscheint, in Kraft treten.<\/p>\n\n\n\n<p><strong>ARTIKEL 1 \u2013 Gegenstand<\/strong><\/p>\n\n\n\n<p>Das Unternehmen bietet einen Online-Vermittlungsdienst zwischen Netzwerkleitern und Bewerbern, die ein Konto erstellt haben, um einen Vertrag abzuschlie\u00dfen, wodurch sie Zugang zu dem genannten Netzwerk erhalten (die \u201eDienstleistung\u201c)<br><br>Diese Vermittlung erfolgt durch die Bereitstellung einer interaktiven Schnittstelle und einer Suchmaschine, durch den Zugang der Bewerber zu den von den Netzwerkleitern ver\u00f6ffentlichten Pr\u00e4sentationen und Angeboten sowie durch den Zugang der Netzwerkleiter zu den Profilen der Bewerber, die ein Konto auf der Plattform erstellt haben.<\/p>\n\n\n\n<p>Die vorliegenden Allgemeinen Gesch\u00e4ftsbedingungen dienen dazu, die Bedingungen f\u00fcr die Nutzung der Dienstleistung festzulegen.<\/p>\n\n\n\n<p>ARTIKEL 2 \u2013 Bedingungen f\u00fcr den Zugang zur Dienstleistung durch die Nutzer<br><br>Die \u00fcber die Plattform zug\u00e4ngliche Dienstleistung bietet den Bewerbern die M\u00f6glichkeit, auf die Pr\u00e4sentationsseiten der Netzwerkleiter zuzugreifen und sich direkt bei diesen zu bewerben. Die Netzwerkleiter k\u00f6nnen dann ihre Antwort \u00fcbermitteln.<br><br>Um den Dienst in Anspruch nehmen zu k\u00f6nnen und kostenlos mit den Netzwerkleitern in Kontakt zu treten, m\u00fcssen die Bewerber ein Konto auf der Plattform erstellen und einen Fragebogen zu ihren Kontaktdaten und Bed\u00fcrfnissen ausf\u00fcllen.<br><br>Im Gegensatz zu den Bewerbern, f\u00fcr die der Dienst kostenlos ist, hat der Netzwerkleiter gegen Zahlung einer Jahresgeb\u00fchr, wie in den AGB vorgesehen, Zugang zur Dienstleistung. Das Abonnement durch den Netzwerkleiter umfasst die Erstellung von Videos und Fotos, die vom Unternehmen w\u00e4hrend eines Drehs aufgenommen werden, sowie die Integration dieser Inhalte in eine personalisierte Pr\u00e4sentationsseite, die auf der Plattform online gestellt wird. Diese Pr\u00e4sentationsseite ist dann f\u00fcr die Bewerber zug\u00e4nglich, die nach der Erstellung ihres Kontos ihre Bewerbungen direkt an die Netzwerkleiter senden k\u00f6nnen.<br><br>Das Unternehmen beh\u00e4lt sich das Recht vor, die Dienstleistung st\u00e4ndig zu \u00e4ndern und zu optimieren.<br><br>ARTIKEL 3 \u2013 Nutzungsbedingungen der Dienstleistung<br><br>ARTIKEL 3.1 \u2013 Nutzung der Dienstleistung durch den Netzwerkleiter<\/p>\n\n\n\n<p>Die Erstellung und die Online-Ver\u00f6ffentlichung einer Pr\u00e4sentation des Netzwerks, deren Inhalt f\u00fcr die Bewerber zug\u00e4nglich ist, erm\u00f6glicht es, das Netzwerk, seine Angebote und die Zielgruppe vorzustellen. Die Netzwerkleiter k\u00f6nnen auf die Profile der Bewerber zugreifen, die \u00fcber das Online-Formular ein Konto erstellt haben, und direkt auf die ihnen zugesandten Bewerbungen antworten.<\/p>\n\n\n\n<p>ARTIKEL 3.2 \u2013 Nutzung der Dienstleistung durch den Bewerber<br><br>Jeder Bewerber, der den Fragebogen ausgef\u00fcllt und an das Unternehmen \u00fcbermittelt hat, um sein Benutzerkonto zu erstellen, hat die M\u00f6glichkeit, sich auf die von den Netzwerkleitern online gestellten Anzeigen zu bewerben. Diese k\u00f6nnen ihm dann direkt antworten oder eine Diskussion \u00fcber die Einzelheiten der Bewerbung und des Angebots beginnen. Der Bewerber kann dann frei entscheiden, ob er auf die Antworten der Netzwerkleiter reagieren m\u00f6chte oder nicht.<br><br>Der Bewerber erkennt an, dass die Bewerbungen, die er \u00fcber die Plattform an die Netzwerkleiter sendet, bevor sie weitergeleitet werden, einer Pr\u00fcfung unterzogen werden. Er akzeptiert, dass seine Bewerbung m\u00f6glicherweise nicht an den Netzwerkleiter weitergeleitet wird, wenn das Unternehmen einen Versto\u00df gegen die Verpflichtungen aus diesem Vertrag feststellt.<br><br>Der Bewerber hat die M\u00f6glichkeit, sein Benutzerkonto jederzeit zu l\u00f6schen. Seine Daten k\u00f6nnen jedoch gem\u00e4\u00df der Datenschutzerkl\u00e4rung der Plattform gespeichert bleiben.<\/p>\n\n\n\n<p>ARTIKEL 4 \u2013 Pflichten der Nutzer<br><br>Der Nutzer verpflichtet sich, wahrheitsgem\u00e4\u00dfe, aktuelle und vollst\u00e4ndige Angaben zu seiner Identit\u00e4t und seinen Bed\u00fcrfnissen zu machen. Er best\u00e4tigt, dass die Unterlagen, die er zur Unterst\u00fctzung seiner Bewerbung einreicht, echt sind und seine Situation wahrheitsgem\u00e4\u00df und vollst\u00e4ndig wiedergeben.<br><br>Er verpflichtet sich, keine Daten oder Informationen zu verf\u00e4lschen und keine Eigenschaften, Attribute oder Identifikationsmerkmale vorzut\u00e4uschen, die irref\u00fchrend sind oder zu Verwechslungen hinsichtlich seiner Identit\u00e4t oder Qualifikationen f\u00fchren k\u00f6nnten.<br><br>Der Nutzer verpflichtet sich, den Zugang und den Betrieb der Dienstleistung nicht zu behindern oder zu st\u00f6ren.<\/p>\n\n\n\n<p>Er verpflichtet sich, die Plattform nicht zu nutzen, um ohne Zustimmung Dritter Informationen \u00fcber diese zu verbreiten, gesetzlich verbotene Inhalte zu verbreiten (diffamierende, beleidigende, obsz\u00f6ne, unmoralische, gewaltt\u00e4tige, rassistische, sexistische, zum Hass aufrufende \u00c4u\u00dferungen &#8230;) oder durch berufliche Verhaltenskodizes verbotene Inhalte zu verbreiten oder Hypertext-Links zu illegalen oder beleidigenden Websites oder zu anderen Aktivit\u00e4ten, f\u00fcr die er werben m\u00f6chte, zu verbreiten. Es ist ihm ebenfalls untersagt, unaufgefordert Nachrichten in gro\u00dfer Zahl zu versenden. Da diese Liste nicht vollst\u00e4ndig ist, verpflichtet sich der Nutzer generell, keine Inhalte zu verbreiten, die dem Zweck der Dienstleistung zuwiderlaufen, und sich in angemessener Form auszudr\u00fccken.<\/p>\n\n\n\n<p>Der Nutzer verpflichtet sich, die Daten und Informationen der Website nicht f\u00fcr illegale Zwecke oder zur Erreichung von Zielen, die dem Zweck der Dienstleistung zuwiderlaufen, zu sammeln und zu verwenden und keine Informationen oder Verfahren zu nutzen, um Kunden von den Netzwerkleitern abzuwerben.<br><br>ARTIKEL 5 \u2013 Sanktionen bei Verst\u00f6\u00dfen gegen die Verpflichtungen<br><br>Der Nutzer ist allein verantwortlich f\u00fcr die Verwendung der Informationen und Daten jeglicher Art, die ihm \u00fcber die Dienstleistung zur Verf\u00fcgung gestellt werden. Er verpflichtet sich, diese Daten ohne Verletzung der Rechte Dritter und unter Bedingungen zu verwenden, die mit der Dienstleistung vereinbar sind.<\/p>\n\n\n\n<p>F\u00fcr den Fall, dass der Nutzer gegen die Bestimmungen dieser Nutzungsbedingungen verst\u00f6\u00dft, beh\u00e4lt sich das Unternehmen das Recht vor, alle erforderlichen Ma\u00dfnahmen zu ergreifen, um den Versto\u00df zu unterbinden (L\u00f6schung der ver\u00f6ffentlichten Inhalte, L\u00f6schung des Kontos usw.), sowie ihm unverz\u00fcglich den Zugang zur Plattform zu sperren und ihm den Zugang f\u00fcr die Zukunft zu untersagen.<br><br>ARTIKEL 6 \u2013 Verg\u00fctung f\u00fcr die Dienstleistungen der Plattform<br><br>Der Zugang zur Plattform und die von dem Unternehmen angebotenen Vermittlungsdienstleistungen sind f\u00fcr Bewerber kostenlos. F\u00fcr Netzwerkleiter ist ein Jahresabonnement zu den in den AGB festgelegten Bedingungen erforderlich.<br><br>ARTIKEL 7 \u2013 Haftungsbeschr\u00e4nkung<br><br>1. Das Unternehmen \u00fcbernimmt keine Gew\u00e4hr f\u00fcr die Vollst\u00e4ndigkeit und Richtigkeit der von den Nutzern \u00fcbermittelten Informationen und haftet unter keinen Umst\u00e4nden daf\u00fcr. Das Unternehmen kann nicht f\u00fcr \u00c4nderungen der Informationen oder Datenbanken der Nutzer haftbar gemacht werden. Sie kann nicht f\u00fcr Nachrichten, Informationen, Hypertext-Links oder Inhalte haftbar gemacht werden, die sie nicht direkt erstellt oder produziert hat, und \u00fcbernimmt keine Gew\u00e4hr f\u00fcr deren Richtigkeit, Relevanz und generell f\u00fcr etwaige Fehler oder Auslassungen, die sie enthalten k\u00f6nnten. Sie \u00fcbt keine Kontrolle \u00fcber die F\u00e4higkeiten oder die Qualit\u00e4t der Netzwerkleiter oder Bewerber aus.<br><\/p>\n\n\n\n<p>2. Das Unternehmen ist weder f\u00fcr den Austausch zwischen den Bewerbern und den Netzwerkleitern noch f\u00fcr deren Art und die Einhaltung der gesetzlichen Vorschriften verantwortlich.<br><br>3. Das Unternehmen ist in keiner Weise f\u00fcr den Inhalt von Websites verantwortlich, auch wenn diese rechtm\u00e4\u00dfig sind, auf die \u00fcber Hypertext-Links auf der Plattform, die vom Unternehmen selbst oder von den Nutzern erstellt wurden, verwiesen wird.<\/p>\n\n\n\n<p>4. Das Unternehmen haftet nicht f\u00fcr Ausf\u00e4lle oder Unterbrechungen der Plattform, Datenverluste, Sch\u00e4den am Computer oder dessen Bestandteilen und ganz allgemein f\u00fcr Sch\u00e4den, die den Nutzern durch den Zugriff auf die Plattform entstehen. Das Unternehmen haftet nicht f\u00fcr die Unm\u00f6glichkeit des Zugriffs auf die Plattform durch den Nutzer, f\u00fcr Ausf\u00e4lle des Internets oder f\u00fcr b\u00f6swillige Eingriffe Dritter (Cyberangriffe, Computerviren usw.). Das Unternehmen haftet nicht f\u00fcr den Erwerb, den Empfang oder das Herunterladen von Informationen w\u00e4hrend der Nutzung des Dienstes durch den Nutzer.<br><br>5. Es \u00fcbernimmt keine Haftung f\u00fcr die freiwillige und gerechtfertigte Sperrung des Zugangs zur Plattform f\u00fcr einen Nutzer.&nbsp;&nbsp;<\/p>\n\n\n\n<p>6. Das Unternehmen wird nur in der Phase der Kontaktaufnahme zwischen dem Netzwerkleiter und dem Bewerber t\u00e4tig. Es haftet nicht f\u00fcr Streitigkeiten im Zusammenhang mit den Verhandlungen zwischen dem Netzwerkleiter und dem Bewerber oder dem zwischen ihnen geschlossenen Vertrag.<br><br>ARTIKEL 8 \u2013 Personenbezogene Daten<\/p>\n\n\n\n<p>In \u00dcbereinstimmung mit dem franz\u00f6sischen Gesetz Nr. 78-17 vom 6. Januar 1978 in seiner ge\u00e4nderten Fassung und der Datenschutz-Grundverordnung Nr. 2016\/679 vom 27. April 2016 wird darauf hingewiesen, dass die Erhebung von Nutzerdaten durch die Plattform erforderlich ist, um den Nutzern den Zugang zum Dienst zu gew\u00e4hrleisten.<br><br>Die Daten der Bewerber, die das Formular ausgef\u00fcllt haben, sind f\u00fcr alle Netzwerkleiter zug\u00e4nglich, und die Pr\u00e4sentationen der Netzwerkleiter sind f\u00fcr die Besucher der Plattform sichtbar.<br><br>Die von den Netzwerkleitern bereitgestellten Informationen k\u00f6nnen vom Unternehmen verwendet werden, um die genannten Personen zu kontaktieren, um den Dienst zu verbessern. Das Unternehmen ist berechtigt, Mitteilungen und Marketingkampagnen an den Netzwerkleiter zu senden. Der Netzwerkleiter kann sich jedoch von allen Mitteilungen abmelden, indem er eine E-Mail an folgende Adresse sendet: <a href=\"mailto:franchise@lexpress-connect.com\">franchise@lexpress-connect.com<\/a>.<\/p>\n\n\n\n<p>Das Unternehmen verpflichtet sich, die Sicherheit der personenbezogenen Daten, die es f\u00fcr die Herstellung und Nachverfolgung der Kontaktaufnahme speichert, zu gew\u00e4hrleisten und die geltenden Vorschriften zum Schutz personenbezogener Daten gem\u00e4\u00df seiner Datenschutzerkl\u00e4rung einzuhalten.<br><br>Die Nutzer haben gem\u00e4\u00df den geltenden nationalen und europ\u00e4ischen Vorschriften ein Recht auf unbefristeten Zugang, \u00c4nderung, Berichtigung, L\u00f6schung, Widerspruch, \u00dcbertragbarkeit und Einschr\u00e4nkung der Verarbeitung ihrer personenbezogenen Daten. Sie k\u00f6nnen dieses Recht aus\u00fcben, indem sie eine E-Mail an folgende Adresse senden: <a href=\"mailto:franchise@lexpress-connect.com\">franchise@lexpress-connect.com<\/a>.<\/p>\n\n\n\n<p>ARTIKEL 9 \u2013 Urheberrecht<br><br>Der Inhalt der Plattform www.lexpress-franchise.com, insbesondere ihre Struktur, ihr Design, ihre Schnittstellen, Datenbanken, Texte, digitalen Inhalte, Marken, Bilder, Videos, Musik, alle grafischen Elemente, aus denen sie besteht, sowie die HTML-Referenzierungs-Tags (Meta-Tags), mit Ausnahme der Inhalte, die Dritten geh\u00f6ren, sind das ausschlie\u00dfliche Eigentum des Unternehmens, wobei diese Liste nicht ersch\u00f6pfend ist.<\/p>\n\n\n\n<p>Die von der Firma L&#8217;EXPRESS CONNECT im Rahmen des Inhalts des Abonnements aufgenommenen Videos und Fotos bleiben ihr ausschlie\u00dfliches Eigentum und d\u00fcrfen nur auf der Plattform genutzt werden, es sei denn, die Rechte werden vom Netzbetreiber gem\u00e4\u00df den AGB zur\u00fcckgekauft.<br><br>Diese Inhalte sind durch franz\u00f6sische und internationale Gesetze zum Schutz geistigen Eigentums gesch\u00fctzt.<br><br>Jede unbefugte vollst\u00e4ndige oder teilweise Vervielf\u00e4ltigung dieser Inhalte ist strengstens untersagt und kann eine Verletzung des Urheberrechts und eine F\u00e4lschung darstellen, die gem\u00e4\u00df dem Gesetz zum Schutz geistigen Eigentums strafbar sind.<\/p>\n\n\n\n<p>ARTIKEL 10 \u2013 Lizenzvereinbarung<br><br>Der Nutzer bleibt Inhaber der Rechte an den von ihm verbreiteten Inhalten (Texte, Bilder, Videos, Anschreiben usw.). Er gew\u00e4hrt dem Unternehmen jedoch eine nicht exklusive und kostenlose Lizenz zur Nutzung der von ihm ver\u00f6ffentlichten Inhalte.<br><br>Diese Lizenz erm\u00f6glicht es dem Unternehmen, die Inhalte zu nutzen und Unterlizenzen f\u00fcr die Zwecke der Vertragserf\u00fcllung zu vergeben. Die Nutzungslizenz tritt mit der Ver\u00f6ffentlichung der Inhalte in Kraft und bleibt w\u00e4hrend der gesamten Vertragslaufzeit g\u00fcltig.<\/p>\n\n\n\n<p>ARTIKEL 11 \u2013 Salvatorische Klausel<br><br>Sollten eine oder mehrere Bestimmungen dieser Nutzungsbedingungen aufgrund einer gesetzlichen oder beh\u00f6rdlichen Vorschrift oder aufgrund einer rechtskr\u00e4ftigen gerichtlichen Entscheidung f\u00fcr ung\u00fcltig erkl\u00e4rt werden, bleiben die \u00fcbrigen Bestimmungen dieser Nutzungsbedingungen in vollem Umfang wirksam und g\u00fcltig, und die Nutzungsbedingungen werden so ausgelegt und umgesetzt, dass sie der urspr\u00fcnglich von den Parteien beabsichtigten Wirkung entsprechen.<\/p>\n\n\n\n<p>ARTIKEL 12 \u2013 Geltendes Recht, Verj\u00e4hrung und Gerichtsbarkeit<br><br>1. Alle Streitigkeiten im Zusammenhang mit den vorliegenden ANB und generell mit dem Unternehmen L&#8217;EXPRESS CONNECT unterliegen franz\u00f6sischem Recht.<br><br>2. Im Falle einer Streitigkeit versuchen die Parteien vor Einleitung weiterer Schritte, die Streitigkeit g\u00fctlich beizulegen. Dazu senden sie ein Einschreiben mit Empfangsbest\u00e4tigung, in dem sie ihre Einw\u00e4nde darlegen. Jede Klage, die innerhalb von drei\u00dfig (30) Tagen nach Erhalt des Einschreibens durch die andere Partei vor Gericht eingereicht wird, ist unzul\u00e4ssig.<\/p>\n\n\n\n<p>3. Gem\u00e4\u00df Artikel 2254 des franz\u00f6sischen Zivilgesetzbuchs legen die Parteien die Verj\u00e4hrungsfrist f\u00fcr Anspr\u00fcche und Klagen gegen das Unternehmen L&#8217;EXPRESS CONNECT auf ein (1) Jahr ab Erhalt des im vorstehenden Absatz genannten Schreibens fest.<\/p>\n\n\n\n<p>4. Kann keine g\u00fctliche Einigung erzielt werden, wird jeder Rechtsstreit, der in jeglicher Weise mit dem vorliegenden Vertrag in Zusammenhang steht, sei es hinsichtlich seiner Anwendbarkeit, seiner Ausf\u00fchrung oder seiner K\u00fcndigung, wobei diese Aufz\u00e4hlung nicht ersch\u00f6pfend ist, vor das Handelsgericht von LYON gebracht, und zwar auch im Falle einer Vielzahl von Antragsgegnern<\/p>\n","protected":false},"excerpt":{"rendered":"<p>VEREINBARUNGzwischen dem Unternehmen L&#8217;EXPRESS CONNECT, vereinfachte Aktiengesellschaft mit einem Kapital von 21.755 \u20ac, eingetragen im Handelsregister von Lyon unter der Nummer 909 027 526, mit Sitz in 3 quai de la P\u00eacherie, 69001 Lyon, im Folgenden als \u201eUnternehmen\u201d bezeichnet. UND: den sogenannten \u201eNetzwerkleitern\u201d und \u201eBewerbern\u201d, die wie folgt bezeichnet werden: Jeder Gewerbetreibende, der ein Abonnement [&hellip;]<\/p>\n","protected":false},"author":1,"featured_media":0,"parent":0,"menu_order":0,"comment_status":"closed","ping_status":"closed","template":"","meta":{"_acf_changed":false,"_seopress_robots_primary_cat":"","_seopress_titles_title":"Allgemeine Nutzungsbedingungen","_seopress_titles_desc":"","_seopress_robots_index":"","content-type":"","_relevanssi_hide_post":"","_relevanssi_hide_content":"","_relevanssi_pin_for_all":"","_relevanssi_pin_keywords":"","_relevanssi_unpin_keywords":"","_relevanssi_related_keywords":"","_relevanssi_related_include_ids":"","_relevanssi_related_exclude_ids":"","_relevanssi_related_no_append":"","_relevanssi_related_not_related":"","_relevanssi_related_posts":"","_relevanssi_noindex_reason":"","footnotes":""},"category_page":[],"class_list":["post-1491111","page","type-page","status-publish"],"acf":[],"_links":{"self":[{"href":"https:\/\/lexpress-franchise.com\/de\/wp-json\/wp\/v2\/pages\/1491111","targetHints":{"allow":["GET"]}}],"collection":[{"href":"https:\/\/lexpress-franchise.com\/de\/wp-json\/wp\/v2\/pages"}],"about":[{"href":"https:\/\/lexpress-franchise.com\/de\/wp-json\/wp\/v2\/types\/page"}],"author":[{"embeddable":true,"href":"https:\/\/lexpress-franchise.com\/de\/wp-json\/wp\/v2\/users\/1"}],"replies":[{"embeddable":true,"href":"https:\/\/lexpress-franchise.com\/de\/wp-json\/wp\/v2\/comments?post=1491111"}],"version-history":[{"count":0,"href":"https:\/\/lexpress-franchise.com\/de\/wp-json\/wp\/v2\/pages\/1491111\/revisions"}],"wp:attachment":[{"href":"https:\/\/lexpress-franchise.com\/de\/wp-json\/wp\/v2\/media?parent=1491111"}],"wp:term":[{"taxonomy":"category_page","embeddable":true,"href":"https:\/\/lexpress-franchise.com\/de\/wp-json\/wp\/v2\/category_page?post=1491111"}],"curies":[{"name":"wp","href":"https:\/\/api.w.org\/{rel}","templated":true}]}}